{"id":44979,"date":"2026-01-04T19:51:09","date_gmt":"2026-01-05T03:51:09","guid":{"rendered":"https:\/\/tangooled.com\/?post_type=product&#038;p=44979"},"modified":"2026-01-21T23:55:22","modified_gmt":"2026-01-22T07:55:22","slug":"22x10mm-led-profile-light-channel-for-15mm-flexible-led-strips","status":"publish","type":"product","link":"https:\/\/tangooled.com\/de\/product\/22x10mm-led-profile-light-channel-for-15mm-flexible-led-strips\/","title":{"rendered":"22x10mm LED-Profillichtkanal f\u00fcr 15mm flexible LED-Streifen"},"content":{"rendered":"<div class=\"wp-block-group\" style=\"padding-top:var(--wp--preset--spacing--80);padding-bottom:var(--wp--preset--spacing--80)\"><div class=\"wp-block-group__inner-container is-layout-constrained wp-block-group-is-layout-constrained\">\n<p>Unser LED-Profilkanal 22x10mm ist ein hervorragendes Geh\u00e4use f\u00fcr Ihre 15mm flexiblen LED-Streifen. Mit einer \u00e4u\u00dferen Breite von 22mm und einer H\u00f6he von 10mm bietet es starken Schutz, bessere W\u00e4rmeableitung und eine gleichm\u00e4\u00dfige, punktfreie Lichtstreuung. Dieser LED-Profilkanal l\u00e4sst Ihre LED-Streifen sauber und professionell aussehen und sorgt daf\u00fcr, dass sie besser funktionieren und l\u00e4nger halten.<\/p>\n<\/div><\/div>\n\n\n\n<div class=\"wp-block-group has-background\" style=\"background-color:#f2f2f2f2;padding-top:var(--wp--preset--spacing--80);padding-bottom:var(--wp--preset--spacing--80)\"><div class=\"wp-block-group__inner-container is-layout-constrained wp-block-group-is-layout-constrained\">\n<div class=\"wp-block-group is-vertical is-layout-flex wp-container-core-group-is-layout-8cf370e7 wp-block-group-is-layout-flex\">\n<h2 class=\"wp-block-heading\" style=\"padding-top:var(--wp--preset--spacing--40);padding-bottom:var(--wp--preset--spacing--40);font-size:25px;font-style:normal;font-weight:600;text-transform:capitalize\">Warum unser LED-Profil-Lichtkanal 22x10mm w\u00e4hlen?<\/h2>\n\n\n\n<ul class=\"wp-block-list\">\n<li>Kompatibel mit LED-Streifen, die 15mm breit sind, wie Philips Hue, COB, SMD, RGBW und mehr.<\/li>\n\n\n\n<li>Hergestellt aus eloxiertem Aluminium 6063-T5 f\u00fcr hervorragende W\u00e4rmeableitung.<\/li>\n\n\n\n<li>Ausgestattet mit mattierten oder klaren Polycarbonat-Diffusoren, die das Licht gleichm\u00e4\u00dfig streuen.<\/li>\n\n\n\n<li>Einfache Montage mit Metallbefestigungsclips f\u00fcr die Oberfl\u00e4chenmontage.<\/li>\n\n\n\n<li>Erh\u00e4ltlich in Silber, Schwarz und Wei\u00df.<\/li>\n\n\n\n<li>Erh\u00e4ltlich in L\u00e4ngen von 1m, 2m und 3m f\u00fcr flexible Projektgr\u00f6\u00dfen.<\/li>\n<\/ul>\n<\/div>\n<\/div><\/div>\n\n\n\n<div class=\"wp-block-group\" style=\"padding-top:var(--wp--preset--spacing--80);padding-bottom:var(--wp--preset--spacing--80)\"><div class=\"wp-block-group__inner-container is-layout-constrained wp-block-group-is-layout-constrained\">\n<div class=\"wp-block-media-text has-media-on-the-right is-stacked-on-mobile\" style=\"padding-top:0;padding-bottom:0;grid-template-columns:auto 40%\"><div class=\"wp-block-media-text__content\">\n<h2 class=\"wp-block-heading\" style=\"padding-top:var(--wp--preset--spacing--40);padding-bottom:var(--wp--preset--spacing--40);font-size:25px;font-style:normal;font-weight:600;text-transform:capitalize\">Was ist im Paket enthalten<\/h2>\n\n\n\n<p>Jedes Set enth\u00e4lt einen Aluminiumkanal 22x10mm und einen Polycarbonat-Diffusor in der von Ihnen gew\u00e4hlten Ausf\u00fchrung (opal, matt oder klar).<\/p>\n\n\n\n<ul class=\"wp-block-list\">\n<li>2 Metallbefestigungsclips f\u00fcr jeden Meter.&nbsp;<\/li>\n\n\n\n<li>2 Endkappen (eine mit einer \u00d6ffnung f\u00fcr das Kabel und eine solide f\u00fcr ein sauberes Aussehen).<\/li>\n<\/ul>\n<\/div><figure class=\"wp-block-media-text__media\"><img loading=\"lazy\" decoding=\"async\" width=\"500\" height=\"500\" src=\"https:\/\/tangooled.com\/wp-content\/uploads\/2026\/01\/fp20a-ins.webp\" alt=\"22x10mm led profile light channel for 15mm flexible led strips\" class=\"wp-image-45228 size-full\" srcset=\"https:\/\/tangooled.com\/wp-content\/uploads\/2026\/01\/fp20a-ins.webp 500w, https:\/\/tangooled.com\/wp-content\/uploads\/2026\/01\/fp20a-ins-300x300.webp 300w, https:\/\/tangooled.com\/wp-content\/uploads\/2026\/01\/fp20a-ins-150x150.webp 150w\" sizes=\"auto, (max-width: 500px) 100vw, 500px\" \/><\/figure><\/div>\n<\/div><\/div>\n\n\n\n<div class=\"wp-block-group has-background\" style=\"background-color:#f2f2f2;padding-top:var(--wp--preset--spacing--80);padding-bottom:var(--wp--preset--spacing--80)\"><div class=\"wp-block-group__inner-container is-layout-constrained wp-block-group-is-layout-constrained\">\n<h2 class=\"wp-block-heading\" style=\"padding-top:var(--wp--preset--spacing--40);padding-bottom:var(--wp--preset--spacing--40);font-size:25px;font-style:normal;font-weight:600;text-transform:capitalize\">So verwenden Sie den LED-Profil-Lichtkanal 22x10mm<\/h2>\n\n\n\n<p>Dieser Lichtkanal 22x10mm eignet sich hervorragend f\u00fcr viele Beleuchtungsprojekte:<\/p>\n\n\n\n<ul class=\"wp-block-list\">\n<li>Unterbauleuchten: beleuchten Sie Arbeitsfl\u00e4chen gleichm\u00e4\u00dfig und hell, ohne Schatten oder Blendung.<\/li>\n\n\n\n<li>Cove- und Wandbeleuchtung f\u00fcr die Architektur: F\u00fcgen Sie moderne Linien und Akzente in H\u00e4usern oder B\u00fcros hinzu.<\/li>\n\n\n\n<li>Einzelhandelsregale: Verwenden Sie saubere, gleichm\u00e4\u00dfige Beleuchtung, um die Aufmerksamkeit auf Waren zu lenken.<\/li>\n\n\n\n<li>Allgemeine Arbeitsbeleuchtung: Ideal f\u00fcr Lichtleisten auf Theken, Arbeitspl\u00e4tzen und Arbeitsbereichen.<\/li>\n<\/ul>\n<\/div><\/div>\n\n\n\n<div class=\"wp-block-group\" style=\"padding-top:var(--wp--preset--spacing--80);padding-bottom:var(--wp--preset--spacing--80)\"><div class=\"wp-block-group__inner-container is-layout-constrained wp-block-group-is-layout-constrained\">\n<h2 class=\"wp-block-heading\" style=\"padding-top:var(--wp--preset--spacing--40);padding-bottom:var(--wp--preset--spacing--40);font-size:25px;font-style:normal;font-weight:600;text-transform:capitalize\">Sehen Sie sich andere kompatible Profile an<\/h2>\n\n\n\n<ul class=\"wp-block-list\">\n<li><a href=\"https:\/\/tangooled.com\/de\/product\/black-led-profile-with-black-diffuser-for-10mm-led-strip-light\/\"><mark style=\"background-color:rgba(0, 0, 0, 0)\" class=\"has-inline-color has-vivid-red-color\">Schwarzes LED-Profil mit schwarzem Diffusor f\u00fcr 10mm LED-Streifen<\/mark><\/a><\/li>\n\n\n\n<li><a href=\"https:\/\/tangooled.com\/de\/product\/led-strip-light-channel-aluminum-profile-with-diffused-cover-6mm-height\/\"><mark style=\"background-color:rgba(0, 0, 0, 0)\" class=\"has-inline-color has-vivid-red-color\">Aluminiumprofil f\u00fcr LED-Streifen mit diffundierender Abdeckung, H\u00f6he 6 mm<\/mark><\/a><\/li>\n\n\n\n<li><a href=\"https:\/\/tangooled.com\/de\/product\/surface-mount-led-profile-with-frosted-diffuser-for-10mm-rope-lights\/\"><mark style=\"background-color:rgba(0, 0, 0, 0)\" class=\"has-inline-color has-vivid-red-color\">Oberfl\u00e4chenmontierter LED-Profil mit mattiertem Diffusor f\u00fcr 10 mm LED-Lichterketten<\/mark><\/a><\/li>\n<\/ul>\n<\/div><\/div>\n\n\n\n<div class=\"wp-block-group has-background\" style=\"background-color:#f2f2f2f2;padding-top:var(--wp--preset--spacing--80);padding-bottom:var(--wp--preset--spacing--80)\"><div class=\"wp-block-group__inner-container is-layout-constrained wp-block-group-is-layout-constrained\">\n<h2 class=\"wp-block-heading\" style=\"padding-top:var(--wp--preset--spacing--40);padding-bottom:var(--wp--preset--spacing--40);font-size:25px;font-style:normal;font-weight:600;text-transform:capitalize\">Zusammenfassung<\/h2>\n\n\n\n<p style=\"padding-right:var(--wp--preset--spacing--50);padding-left:var(--wp--preset--spacing--50)\">Der 22x10mm LED-Profil-Lichtkanal f\u00fcr 15mm flexible LED-Streifen ist eine smarte und n\u00fctzliche Alternative f\u00fcr alle, die ein professionelles, langlebiges LED-Geh\u00e4use ben\u00f6tigen. Dieses Aluminiumprofil verwandelt einen LED-Streifen in eine sch\u00f6ne, langlebige Lichtquelle. Es sch\u00fctzt vor Staub und W\u00e4rme.<\/p>\n<\/div><\/div>\n\n\n\n<p><\/p>","protected":false},"featured_media":13990,"template":"","meta":{"_acf_changed":true,"_seopress_robots_primary_cat":"none","_seopress_titles_title":"Aluminum 22x10mm LED Profile Light Channel | TANGOOLED","_seopress_titles_desc":"Source the 22x10mm LED profile light channel. Designed for 15mm wide flexible LED strips, this aluminum housing offers superior heat dissipation for high-output lighting.","_seopress_robots_index":""},"pcb-width":[229],"product-cat":[192],"class_list":{"0":"post-44979","1":"product","2":"type-product","3":"status-publish","4":"has-post-thumbnail","6":"pcb-width-15-20mm","7":"product-cat-surface-led-profile"},"acf":[],"_links":{"self":[{"href":"https:\/\/tangooled.com\/de\/wp-json\/wp\/v2\/product\/44979","targetHints":{"allow":["GET"]}}],"collection":[{"href":"https:\/\/tangooled.com\/de\/wp-json\/wp\/v2\/product"}],"about":[{"href":"https:\/\/tangooled.com\/de\/wp-json\/wp\/v2\/types\/product"}],"wp:featuredmedia":[{"embeddable":true,"href":"https:\/\/tangooled.com\/de\/wp-json\/wp\/v2\/media\/13990"}],"wp:attachment":[{"href":"https:\/\/tangooled.com\/de\/wp-json\/wp\/v2\/media?parent=44979"}],"wp:term":[{"taxonomy":"pcb-width","embeddable":true,"href":"https:\/\/tangooled.com\/de\/wp-json\/wp\/v2\/pcb-width?post=44979"},{"taxonomy":"product-cat","embeddable":true,"href":"https:\/\/tangooled.com\/de\/wp-json\/wp\/v2\/product-cat?post=44979"}],"curies":[{"name":"wp","href":"https:\/\/api.w.org\/{rel}","templated":true}]}}