{"id":44710,"date":"2026-01-03T02:26:39","date_gmt":"2026-01-03T10:26:39","guid":{"rendered":"https:\/\/tangooled.com\/?post_type=product&#038;p=44710"},"modified":"2026-01-29T18:02:42","modified_gmt":"2026-01-30T02:02:42","slug":"10mm-led-profile-aluminum-channel-for-8mm-led-tape-lights","status":"publish","type":"product","link":"https:\/\/tangooled.com\/de\/product\/10mm-led-profile-aluminum-channel-for-8mm-led-tape-lights\/","title":{"rendered":"10 mm Aluminiumprofilkanal f\u00fcr 8 mm LED-Bandlichter"},"content":{"rendered":"<div class=\"wp-block-group\" style=\"padding-top:var(--wp--preset--spacing--80);padding-bottom:var(--wp--preset--spacing--80)\"><div class=\"wp-block-group__inner-container is-layout-constrained wp-block-group-is-layout-constrained\">\n<p>Our 10mm LED profile aluminum channel will give your 8mm LED tape lights a professional look. This anodized aluminum extrusion is of high quality and is made to be easy to place on a surface with secure mounting clips and neat end caps. The inside width is 8.2mm, so it fits 6mm or 8mm wide LED strips well. This slim channel, along with its diffuser, makes sure that any project has a smooth, gorgeous glow, whether it&#8217;s for under-cabinet or wall&nbsp;lighting.<\/p>\n<\/div><\/div>\n\n\n\n<div class=\"wp-block-group has-background\" style=\"background-color:#f2f2f2f2;padding-top:var(--wp--preset--spacing--80);padding-bottom:var(--wp--preset--spacing--80)\"><div class=\"wp-block-group__inner-container is-layout-constrained wp-block-group-is-layout-constrained\">\n<div class=\"wp-block-group is-vertical is-layout-flex wp-container-core-group-is-layout-8cf370e7 wp-block-group-is-layout-flex\">\n<h2 class=\"wp-block-heading\" style=\"padding-top:var(--wp--preset--spacing--40);padding-bottom:var(--wp--preset--spacing--40);font-size:25px;font-style:normal;font-weight:600;text-transform:capitalize\">Warum unser 10 mm LED-Profil w\u00e4hlen?<\/h2>\n\n\n\n<ul class=\"wp-block-list\">\n<li>Passt perfekt zu 6 mm und 8 mm LED-Streifen.<\/li>\n\n\n\n<li>Hergestellt aus starkem, anodisiertem Aluminium 6063-T5, um Ihre LEDs k\u00fchl zu halten.<\/li>\n\n\n\n<li>Kommt mit einem opalen Diffusor, der das Licht sanft und weich macht, ohne Flecken.<\/li>\n\n\n\n<li>Vollst\u00e4ndiges Kit mit Endkappen, Montageklammern und Diffusor.<\/li>\n\n\n\n<li>Einfach zu schneiden und an jeder Oberfl\u00e4che anzubringen, sogar an verputzten oder eingelassenen.<\/li>\n<\/ul>\n<\/div>\n<\/div><\/div>\n\n\n\n<div class=\"wp-block-group\" style=\"padding-top:var(--wp--preset--spacing--80);padding-bottom:var(--wp--preset--spacing--80)\"><div class=\"wp-block-group__inner-container is-layout-constrained wp-block-group-is-layout-constrained\">\n<div class=\"wp-block-media-text has-media-on-the-right is-stacked-on-mobile\" style=\"padding-top:0;padding-bottom:0;grid-template-columns:auto 40%\"><div class=\"wp-block-media-text__content\">\n<h2 class=\"wp-block-heading\" style=\"font-size:25px;font-style:normal;font-weight:600;text-transform:capitalize\">Schritte f\u00fcr eine einfache Installation<\/h2>\n\n\n\n<ul class=\"wp-block-list\">\n<li>Setzen Sie die Montageklammern dort, wo Sie den LED-Kanal m\u00f6chten, und schrauben Sie sie fest.<\/li>\n\n\n\n<li>Kleben Sie Ihr 6 mm oder 8 mm LED-Bandlicht in den Aluminiumschienenkanal.<\/li>\n\n\n\n<li>Setzen Sie die Diffusorabdeckung oben auf, um das Licht sanft zu machen.<\/li>\n\n\n\n<li>Um das Aussehen zu finalisieren und die Kabel sicher zu halten, dr\u00fccken Sie die Endkappen ein.<\/li>\n<\/ul>\n<\/div><figure class=\"wp-block-media-text__media\"><img loading=\"lazy\" decoding=\"async\" width=\"500\" height=\"500\" src=\"https:\/\/tangooled.com\/wp-content\/uploads\/2026\/01\/fp10-ins.webp\" alt=\"10 mm Aluminiumprofilkanal f\u00fcr 8 mm LED-Bandlichter\" class=\"wp-image-44711 size-full\" srcset=\"https:\/\/tangooled.com\/wp-content\/uploads\/2026\/01\/fp10-ins.webp 500w, https:\/\/tangooled.com\/wp-content\/uploads\/2026\/01\/fp10-ins-300x300.webp 300w, https:\/\/tangooled.com\/wp-content\/uploads\/2026\/01\/fp10-ins-150x150.webp 150w\" sizes=\"auto, (max-width: 500px) 100vw, 500px\" \/><\/figure><\/div>\n<\/div><\/div>\n\n\n\n<div class=\"wp-block-group has-background\" style=\"background-color:#f2f2f2;padding-top:var(--wp--preset--spacing--80);padding-bottom:var(--wp--preset--spacing--80)\"><div class=\"wp-block-group__inner-container is-layout-constrained wp-block-group-is-layout-constrained\">\n<h2 class=\"wp-block-heading\" style=\"padding-top:var(--wp--preset--spacing--40);padding-bottom:var(--wp--preset--spacing--40);font-size:25px;font-style:normal;font-weight:600;text-transform:capitalize\">Was ist im Lieferumfang enthalten?<\/h2>\n\n\n\n<ul class=\"wp-block-list\">\n<li>1 Meter Aluminium-LED-Profilkanal<\/li>\n\n\n\n<li>1 Meter opale Diffusorabdeckung<\/li>\n\n\n\n<li>2 Endkappen (eine mit einem Loch f\u00fcr ein Kabel und eine solide)<\/li>\n<\/ul>\n<\/div><\/div>\n\n\n\n<div class=\"wp-block-group\" style=\"padding-top:var(--wp--preset--spacing--80);padding-bottom:var(--wp--preset--spacing--80)\"><div class=\"wp-block-group__inner-container is-layout-constrained wp-block-group-is-layout-constrained\">\n<h2 class=\"wp-block-heading\" style=\"padding-top:var(--wp--preset--spacing--60);padding-bottom:var(--wp--preset--spacing--60);font-size:25px;font-style:normal;font-weight:600;text-transform:capitalize\">Verwandte interne Links<\/h2>\n\n\n\n<ul class=\"wp-block-list\">\n<li>\u00dcberpr\u00fcfen Sie unsere <a href=\"https:\/\/tangooled.com\/de\/product\/15x16mm-led-channel-with-half-round-diffuser-for-10mm-led-strips\/\"><mark style=\"background-color:rgba(0, 0, 0, 0)\" class=\"has-inline-color has-vivid-red-color\">15x16mm LED Kanal mit halbrundem Diffusor f\u00fcr 10mm LED-Streifen<\/mark><\/a> f\u00fcr eine breitere Profiloption.<\/li>\n\n\n\n<li>F\u00fcr kleinere LED-Streifen, siehe die <a href=\"https:\/\/tangooled.com\/de\/product\/8x9mm-led-profile-aluminum-channel-rigid-bar-for-5mm-led-strips\/\"><mark style=\"background-color:rgba(0, 0, 0, 0)\" class=\"has-inline-color has-vivid-red-color\">8x9 mm Aluminiumprofilkanal f\u00fcr 5 mm LED-Streifen<\/mark><\/a>.<\/li>\n\n\n\n<li>Wenn Sie ein gebogenes Profil w\u00fcnschen, erkunden Sie das <a href=\"https:\/\/tangooled.com\/de\/product\/curved-diffuser-led-corner-extrusion-16x16mm-for-10mm-led-strips\/\"><mark style=\"background-color:rgba(0, 0, 0, 0)\" class=\"has-inline-color has-vivid-red-color\">gebogene Diffusor-LED-Eckausf\u00fchrung 16x16 mm f\u00fcr 10 mm LED-Streifen<\/mark><\/a> f\u00fcr kreative Ecken.<\/li>\n\n\n\n<li>F\u00fcr zus\u00e4tzliche Montageunterst\u00fctzung besuchen Sie die <a href=\"https:\/\/tangooled.com\/de\/product\/black-aluminum-u-channel-profile-for-10mm-led-strips\/\"><mark style=\"background-color:rgba(0, 0, 0, 0)\" class=\"has-inline-color has-vivid-red-color\">schwarzes Aluminium-U-Profil f\u00fcr 10 mm LED-Streifen<\/mark><\/a> f\u00fcr einen robusten Kanal.<\/li>\n\n\n\n<li>Ben\u00f6tigen Sie einen Kanal mit Linse? Unser <a href=\"https:\/\/tangooled.com\/de\/product\/aluminum-profile-with-60-degree-lens-led-diffuser\/\"><mark style=\"background-color:rgba(0, 0, 0, 0)\" class=\"has-inline-color has-vivid-red-color\">Aluminiumprofil mit 60-Grad-Linse LED-Diffusor<\/mark><\/a> verbessert die Lichtverteilung und die Blendkontrolle.<\/li>\n<\/ul>\n<\/div><\/div>\n\n\n\n<div class=\"wp-block-group has-background\" style=\"background-color:#f2f2f2f2;padding-top:var(--wp--preset--spacing--80);padding-bottom:var(--wp--preset--spacing--80)\"><div class=\"wp-block-group__inner-container is-layout-constrained wp-block-group-is-layout-constrained\">\n<h2 class=\"wp-block-heading\" style=\"padding-top:var(--wp--preset--spacing--40);padding-bottom:var(--wp--preset--spacing--40);font-size:25px;font-style:normal;font-weight:600;text-transform:capitalize\">Zusammenfassung<\/h2>\n\n\n\n<p style=\"padding-right:var(--wp--preset--spacing--50);padding-left:var(--wp--preset--spacing--50)\">Unser 10 mm LED-Profil-Aluminiumschienenkanal f\u00fcr 8 mm LED-Bandlichter ist eine robuste, langlebige Option, die es dem Licht erm\u00f6glicht, ohne Blendung durchzuleuchten. Das vollst\u00e4ndige Kit enth\u00e4lt alles, was Sie ben\u00f6tigen, um es schnell und professionell zu installieren. Es eignet sich gut f\u00fcr viele Anwendungen, wie z.B. Beleuchtung unter Schr\u00e4nken und Vitrinen.<\/p>\n<\/div><\/div>\n\n\n\n<p><\/p>","protected":false},"featured_media":13356,"template":"","meta":{"_acf_changed":true,"_seopress_robots_primary_cat":"none","_seopress_titles_title":"Aluminum 10mm LED Profile For 8mm Tape Lights | TANGOOLED","_seopress_titles_desc":"TANGOO's 10mm LED profile is a slim aluminum channel designed for 8mm tape lights, providing a sleek, integrated look for furniture and cabinet lighting.","_seopress_robots_index":""},"pcb-width":[228],"product-cat":[192],"class_list":{"0":"post-44710","1":"product","2":"type-product","3":"status-publish","4":"has-post-thumbnail","6":"pcb-width-6-12mm","7":"product-cat-surface-led-profile"},"acf":[],"_links":{"self":[{"href":"https:\/\/tangooled.com\/de\/wp-json\/wp\/v2\/product\/44710","targetHints":{"allow":["GET"]}}],"collection":[{"href":"https:\/\/tangooled.com\/de\/wp-json\/wp\/v2\/product"}],"about":[{"href":"https:\/\/tangooled.com\/de\/wp-json\/wp\/v2\/types\/product"}],"wp:featuredmedia":[{"embeddable":true,"href":"https:\/\/tangooled.com\/de\/wp-json\/wp\/v2\/media\/13356"}],"wp:attachment":[{"href":"https:\/\/tangooled.com\/de\/wp-json\/wp\/v2\/media?parent=44710"}],"wp:term":[{"taxonomy":"pcb-width","embeddable":true,"href":"https:\/\/tangooled.com\/de\/wp-json\/wp\/v2\/pcb-width?post=44710"},{"taxonomy":"product-cat","embeddable":true,"href":"https:\/\/tangooled.com\/de\/wp-json\/wp\/v2\/product-cat?post=44710"}],"curies":[{"name":"wp","href":"https:\/\/api.w.org\/{rel}","templated":true}]}}