{"id":44702,"date":"2026-01-03T02:17:12","date_gmt":"2026-01-03T10:17:12","guid":{"rendered":"https:\/\/tangooled.com\/?post_type=product&#038;p=44702"},"modified":"2026-02-02T22:33:55","modified_gmt":"2026-02-03T06:33:55","slug":"aluminum-profile-with-60-degree-lens-led-diffuser","status":"publish","type":"product","link":"https:\/\/tangooled.com\/de\/product\/aluminum-profile-with-60-degree-lens-led-diffuser\/","title":{"rendered":"Aluminiumprofil mit 60-Grad-Linse LED-Diffusor"},"content":{"rendered":"<div class=\"wp-block-group\" style=\"padding-top:var(--wp--preset--spacing--80);padding-bottom:var(--wp--preset--spacing--80)\"><div class=\"wp-block-group__inner-container is-layout-constrained wp-block-group-is-layout-constrained\">\n<p>Unser Aluminiumprofil mit 60-Grad-Linsen-LED-Diffusor eignet sich hervorragend, um Ihre LED-Streifenlichter ordentlich aussehen zu lassen und besser zu funktionieren. Es sorgt daf\u00fcr, dass Ihr Licht in den richtigen Bereichen mit einem konzentrierten 60-Grad-Strahl leuchtet. Dieses Produkt ist stark, sicher und einfach an W\u00e4nden, Decken oder Schr\u00e4nken zu verwenden. Sie k\u00f6nnen es in Wohnungen, B\u00fcros, Gesch\u00e4ften und mehr verwenden!<\/p>\n<\/div><\/div>\n\n\n\n<div class=\"wp-block-group has-background\" style=\"background-color:#f2f2f2f2;padding-top:var(--wp--preset--spacing--80);padding-bottom:var(--wp--preset--spacing--80)\"><div class=\"wp-block-group__inner-container is-layout-constrained wp-block-group-is-layout-constrained\">\n<div class=\"wp-block-group is-vertical is-layout-flex wp-container-core-group-is-layout-8cf370e7 wp-block-group-is-layout-flex\">\n<h2 class=\"wp-block-heading\" style=\"padding-top:var(--wp--preset--spacing--40);padding-bottom:var(--wp--preset--spacing--40);font-size:25px;font-style:normal;font-weight:600;text-transform:capitalize\">Warum unser 60-Grad-Linsen-Diffusor-LED-Profil w\u00e4hlen?<\/h2>\n\n\n\n<ul class=\"wp-block-list\">\n<li>Fokussierte Lichtstrahlung: Die spezielle 60-Grad-Linse sorgt daf\u00fcr, dass das Licht klar und gleichm\u00e4\u00dfig verteilt wird. Kein hartes oder ungleichm\u00e4\u00dfiges Licht mehr.<\/li>\n\n\n\n<li>Starker Aluminiumk\u00f6rper: Hergestellt aus 6063-T5-Aluminium, das Ihre LED-Streifen k\u00fchl und sicher h\u00e4lt.<\/li>\n\n\n\n<li>Klare und weiche Diffusoren: W\u00e4hlen Sie zwischen matten oder klaren Diffusorabdeckungen. Sie k\u00f6nnen je nach Bedarf zwischen weichem Licht oder klarem Licht w\u00e4hlen.<\/li>\n\n\n\n<li>Passt zu vielen LED-Streifen: Funktioniert mit LED-Streifen, die bis zu 12 mm breit sind, und vielen anderen Typen.<\/li>\n\n\n\n<li>Einfach zu montieren: Kann an W\u00e4nden, Decken oder eingelassenen Fl\u00e4chen angebracht werden.<\/li>\n\n\n\n<li>Sch\u00fctzt Ihre LEDs: H\u00e4lt Ihre LEDs vor Staub und Sch\u00e4den gesch\u00fctzt.<\/li>\n<\/ul>\n<\/div>\n<\/div><\/div>\n\n\n\n<div class=\"wp-block-group\" style=\"padding-top:var(--wp--preset--spacing--80);padding-bottom:var(--wp--preset--spacing--80)\"><div class=\"wp-block-group__inner-container is-layout-constrained wp-block-group-is-layout-constrained\">\n<div class=\"wp-block-media-text has-media-on-the-right is-stacked-on-mobile\" style=\"padding-top:0;padding-bottom:0;grid-template-columns:auto 40%\"><div class=\"wp-block-media-text__content\">\n<h2 class=\"wp-block-heading\" style=\"font-size:25px;font-style:normal;font-weight:600;text-transform:capitalize\">Wie benutzt man dieses 60-Grad-Linsen-LED-Profil?<\/h2>\n\n\n\n<ul class=\"wp-block-list\">\n<li>Verwenden Sie eine Hands\u00e4ge oder einen Metallschneider, um den Aluminiumkanal und den Diffusor auf die richtige L\u00e4nge zu schneiden.<\/li>\n\n\n\n<li>Installieren Sie den LED-Streifen sicher im Kanal, schlie\u00dfen Sie die Dr\u00e4hte an und \u00fcberpr\u00fcfen Sie das Licht, um sicherzustellen, dass es funktioniert.<\/li>\n\n\n\n<li>Verwenden Sie die Montageclips, um den Kanal an Ihrer Wand oder Decke zu befestigen.<\/li>\n\n\n\n<li>Beenden Sie die Installation, indem Sie den Diffusor aufstecken und die Endkappen anbringen.<\/li>\n<\/ul>\n<\/div><figure class=\"wp-block-media-text__media\"><img loading=\"lazy\" decoding=\"async\" width=\"500\" height=\"500\" src=\"https:\/\/tangooled.com\/wp-content\/uploads\/2026\/01\/fp08-ins.webp\" alt=\"aluminum profile with 60 degree lens led diffuser\" class=\"wp-image-44704 size-full\" srcset=\"https:\/\/tangooled.com\/wp-content\/uploads\/2026\/01\/fp08-ins.webp 500w, https:\/\/tangooled.com\/wp-content\/uploads\/2026\/01\/fp08-ins-300x300.webp 300w, https:\/\/tangooled.com\/wp-content\/uploads\/2026\/01\/fp08-ins-150x150.webp 150w\" sizes=\"auto, (max-width: 500px) 100vw, 500px\" \/><\/figure><\/div>\n<\/div><\/div>\n\n\n\n<div class=\"wp-block-group has-background\" style=\"background-color:#f2f2f2;padding-top:var(--wp--preset--spacing--80);padding-bottom:var(--wp--preset--spacing--80)\"><div class=\"wp-block-group__inner-container is-layout-constrained wp-block-group-is-layout-constrained\">\n<h2 class=\"wp-block-heading\" style=\"padding-top:var(--wp--preset--spacing--40);padding-bottom:var(--wp--preset--spacing--40);font-size:25px;font-style:normal;font-weight:600;text-transform:capitalize\">M\u00f6glichkeiten f\u00fcr Ihre Beleuchtungsbed\u00fcrfnisse<\/h2>\n\n\n\n<ul class=\"wp-block-list\">\n<li>Akzentbeleuchtung kann verwendet werden, um Aufmerksamkeit auf Tische, Fotografien oder B\u00fccherregale zu lenken.<\/li>\n\n\n\n<li>Wandstreuung: Verwenden Sie es, um W\u00e4nde gleichm\u00e4\u00dfig zu beleuchten, ohne dass sie zu hell aussehen.<\/li>\n\n\n\n<li>Decken: Verwenden Sie das eingelassene Montagesystem f\u00fcr ein elegantes Aussehen.<\/li>\n\n\n\n<li>Verwenden Sie es in Gesch\u00e4ften, Arbeitspl\u00e4tzen und Vitrinen, um die Beleuchtung professionell aussehen zu lassen.<\/li>\n<\/ul>\n<\/div><\/div>\n\n\n\n<div class=\"wp-block-group\" style=\"padding-top:var(--wp--preset--spacing--80);padding-bottom:var(--wp--preset--spacing--80)\"><div class=\"wp-block-group__inner-container is-layout-constrained wp-block-group-is-layout-constrained\">\n<h2 class=\"wp-block-heading\" style=\"padding-top:var(--wp--preset--spacing--60);padding-bottom:var(--wp--preset--spacing--60);font-size:25px;font-style:normal;font-weight:600;text-transform:capitalize\">Was macht dieses Produkt besonders?<\/h2>\n\n\n\n<h3 class=\"wp-block-heading\" style=\"padding-top:var(--wp--preset--spacing--40);padding-bottom:var(--wp--preset--spacing--40);font-size:20px;font-style:normal;font-weight:600;text-transform:capitalize\">60-Grad-Linse f\u00fcr besseres Licht<\/h3>\n\n\n\n<p>The special 60 degree lens diffuser keeps the light beam bright but concentrated. It gives a wide and soft look, which is great for many uses \u2013 like showing off art on walls or lighting up shelves.<\/p>\n\n\n\n<h3 class=\"wp-block-heading\" style=\"font-size:20px;font-style:normal;font-weight:600;text-transform:capitalize\">Verschiedene Diffusoroptionen<\/h3>\n\n\n\n<ul class=\"wp-block-list\">\n<li>PC opal matte Diffusoren: z.B. zur Beleuchtung eines B\u00fccherregals oder zur Pr\u00e4sentation von Kunst an W\u00e4nden.<\/li>\n\n\n\n<li>PC halbtransparente Diffusoren: F\u00fcr klareres Licht mit weniger Blendung<\/li>\n\n\n\n<li>Klare Linse: Ideal f\u00fcr scharfe, fokussierte Lichtstrahlen.<\/li>\n<\/ul>\n<\/div><\/div>\n\n\n\n<div class=\"wp-block-group has-background\" style=\"background-color:#f2f2f2f2;padding-top:var(--wp--preset--spacing--80);padding-bottom:var(--wp--preset--spacing--80)\"><div class=\"wp-block-group__inner-container is-layout-constrained wp-block-group-is-layout-constrained\">\n<h2 class=\"wp-block-heading\" style=\"font-size:25px;font-style:normal;font-weight:600\">\u00c4hnliche Produkte pr\u00fcfen<\/h2>\n\n\n\n<ul class=\"wp-block-list\">\n<li>F\u00fcr schwarze Versionen, siehe <a href=\"https:\/\/tangooled.com\/de\/product\/black-led-profile-with-black-diffuser-for-10mm-led-strip-light\/\"><mark style=\"background-color:rgba(0, 0, 0, 0)\" class=\"has-inline-color has-vivid-red-color\">Schwarzes LED-Profil mit schwarzem Diffusor<\/mark><\/a> f\u00fcr kleinere Streifen<\/li>\n\n\n\n<li>F\u00fcr kleinere Streifen, probieren Sie <a href=\"https:\/\/tangooled.com\/de\/product\/led-strip-light-channel-aluminum-profile-with-diffused-cover-6mm-height\/\"><mark style=\"background-color:rgba(0, 0, 0, 0)\" class=\"has-inline-color has-vivid-red-color\">Aluminiumprofil f\u00fcr LED-Streifenlichtkanal 6mm H\u00f6he<\/mark><\/a><\/li>\n\n\n\n<li>F\u00fcr Oberfl\u00e4chenmontagen mit matten Abdeckungen, pr\u00fcfen Sie<a href=\"https:\/\/tangooled.com\/de\/product\/surface-mount-led-profile-with-frosted-diffuser-for-10mm-rope-lights\/\"><mark style=\"background-color:rgba(0, 0, 0, 0)\" class=\"has-inline-color has-vivid-red-color\"> Oberfl\u00e4chenmontage LED-Profil mit mattem Diffusor<\/mark><\/a><\/li>\n<\/ul>\n<\/div><\/div>\n\n\n\n<div class=\"wp-block-group\" style=\"padding-top:var(--wp--preset--spacing--80);padding-bottom:var(--wp--preset--spacing--80)\"><div class=\"wp-block-group__inner-container is-layout-constrained wp-block-group-is-layout-constrained\">\n<h2 class=\"wp-block-heading\" style=\"padding-top:var(--wp--preset--spacing--40);padding-bottom:var(--wp--preset--spacing--40);font-size:25px;font-style:normal;font-weight:600\">Zusammenfassung<\/h2>\n\n\n\n<p>Wenn Sie ein sch\u00f6nes, kraftvolles und fokussiertes Licht f\u00fcr LED-Streifen ben\u00f6tigen, ist unser Aluminiumprofil mit einem 60-Grad-Linsen-LED-Diffusor die beste L\u00f6sung. Es h\u00e4lt die LEDs k\u00fchl, verteilt das Licht gleichm\u00e4\u00dfig und kann auf viele verschiedene Arten verwendet werden. Holen Sie es sich noch heute, um Ihr Lichtprojekt sch\u00f6n aussehen und gut funktionieren zu lassen!<\/p>\n<\/div><\/div>\n\n\n\n<p><\/p>","protected":false},"featured_media":14217,"template":"","meta":{"_acf_changed":true,"_seopress_robots_primary_cat":"none","_seopress_titles_title":"60 Degree Lens Diffuser LED Profile Aluminum Channel | TANGOOLED","_seopress_titles_desc":"Source the FP08 60 degree lens diffuser LED aluminum profile. Designed for focused wall washing and accent lighting with precision beam control.","_seopress_robots_index":""},"pcb-width":[228],"product-cat":[201],"class_list":{"0":"post-44702","1":"product","2":"type-product","3":"status-publish","4":"has-post-thumbnail","6":"pcb-width-6-12mm","7":"product-cat-optic-lens-profile"},"acf":[],"_links":{"self":[{"href":"https:\/\/tangooled.com\/de\/wp-json\/wp\/v2\/product\/44702","targetHints":{"allow":["GET"]}}],"collection":[{"href":"https:\/\/tangooled.com\/de\/wp-json\/wp\/v2\/product"}],"about":[{"href":"https:\/\/tangooled.com\/de\/wp-json\/wp\/v2\/types\/product"}],"wp:featuredmedia":[{"embeddable":true,"href":"https:\/\/tangooled.com\/de\/wp-json\/wp\/v2\/media\/14217"}],"wp:attachment":[{"href":"https:\/\/tangooled.com\/de\/wp-json\/wp\/v2\/media?parent=44702"}],"wp:term":[{"taxonomy":"pcb-width","embeddable":true,"href":"https:\/\/tangooled.com\/de\/wp-json\/wp\/v2\/pcb-width?post=44702"},{"taxonomy":"product-cat","embeddable":true,"href":"https:\/\/tangooled.com\/de\/wp-json\/wp\/v2\/product-cat?post=44702"}],"curies":[{"name":"wp","href":"https:\/\/api.w.org\/{rel}","templated":true}]}}