{"id":44700,"date":"2026-01-03T02:13:17","date_gmt":"2026-01-03T10:13:17","guid":{"rendered":"https:\/\/tangooled.com\/?post_type=product&#038;p=44700"},"modified":"2026-01-21T02:14:32","modified_gmt":"2026-01-21T10:14:32","slug":"25x14m-surface-mounted-led-light-aluminum-profile","status":"publish","type":"product","link":"https:\/\/tangooled.com\/de\/product\/25x14m-surface-mounted-led-light-aluminum-profile\/","title":{"rendered":"25x14m Oberfl\u00e4che montiertes LED-Licht Aluminiumprofil"},"content":{"rendered":"<div class=\"wp-block-group\" style=\"padding-top:var(--wp--preset--spacing--80);padding-bottom:var(--wp--preset--spacing--80)\"><div class=\"wp-block-group__inner-container is-layout-constrained wp-block-group-is-layout-constrained\">\n<p>Verbessern Sie Ihre Beleuchtungsprojekte mit diesem 25x14m Oberfl\u00e4che montierten LED-Profil, das speziell f\u00fcr saubere Oberfl\u00e4chenmontageanwendungen entwickelt wurde. Sein abgerundetes und geriffeltes \u00c4u\u00dferes hat eine Breite von 25,8 mm und eine H\u00f6he von 13,9 mm, was ein robustes und gleichzeitig stilvolles Geh\u00e4use f\u00fcr Ihre Lichter bietet. Der 12,2 mm breite innere Kanal bietet ausreichend Platz, damit die Standardstreifen gesch\u00fctzt und k\u00fchl bleiben. Die Installation ist einfach und sicher mit den speziellen Montagespangen, die es Ihnen erm\u00f6glichen, das Profil direkt an Decken oder W\u00e4nden f\u00fcr ein professionelles Finish anzubringen. Es ist die perfekte Wahl, um glatte, punktfreie Beleuchtung in jedem modernen Raum zu erzielen.<\/p>\n<\/div><\/div>\n\n\n\n<div class=\"wp-block-group has-background\" style=\"background-color:#f2f2f2f2;padding-top:var(--wp--preset--spacing--80);padding-bottom:var(--wp--preset--spacing--80)\"><div class=\"wp-block-group__inner-container is-layout-constrained wp-block-group-is-layout-constrained\">\n<div class=\"wp-block-group is-vertical is-layout-flex wp-container-core-group-is-layout-8cf370e7 wp-block-group-is-layout-flex\">\n<h2 class=\"wp-block-heading\" style=\"padding-top:var(--wp--preset--spacing--40);padding-bottom:var(--wp--preset--spacing--40);font-size:25px;font-style:normal;font-weight:600;text-transform:capitalize\">Warum sollten Sie unser 25x14m Oberfl\u00e4che montiertes LED-Profil w\u00e4hlen?<\/h2>\n\n\n\n<ul class=\"wp-block-list\">\n<li>Hergestellt aus hochwertigem 6063-T5 Aluminium. Das macht es stark und hilft, die W\u00e4rme von den LED-Streifen abzuleiten.<\/li>\n\n\n\n<li>Kommen Sie mit einem snap-in matten Diffusor, um das Licht weich, glatt und ohne Punkte zu machen.<\/li>\n\n\n\n<li>Einfache Oberfl\u00e4chenmontage mit Clips und Endkappen f\u00fcr ein sauberes Finish.<\/li>\n\n\n\n<li>Langlebig und stilvoll: Die anodisierte Oberfl\u00e4chenbehandlung verhindert Rost und sieht elegant in Silber, Schwarz oder Wei\u00df aus.<\/li>\n\n\n\n<li>Sch\u00fctzen Sie Ihre LEDs: H\u00e4lt die Streifen vor Schmutz, Staub und St\u00f6\u00dfen gesch\u00fctzt.<\/li>\n\n\n\n<li>Perfect for different uses \u2014 from kitchens to shops, offices, and furniture.<\/li>\n<\/ul>\n<\/div>\n<\/div><\/div>\n\n\n\n<div class=\"wp-block-group\" style=\"padding-top:var(--wp--preset--spacing--80);padding-bottom:var(--wp--preset--spacing--80)\"><div class=\"wp-block-group__inner-container is-layout-constrained wp-block-group-is-layout-constrained\">\n<div class=\"wp-block-media-text has-media-on-the-right is-stacked-on-mobile\" style=\"padding-top:0;padding-bottom:0;grid-template-columns:auto 40%\"><div class=\"wp-block-media-text__content\">\n<h2 class=\"wp-block-heading\" style=\"font-size:25px;font-style:normal;font-weight:600;text-transform:capitalize\">Einfache 4-Schritte-Installation<\/h2>\n\n\n\n<ul class=\"wp-block-list\">\n<li>Befestigen Sie die Clips mit Schrauben an Ihrer Wand oder Oberfl\u00e4che.<\/li>\n\n\n\n<li>Stecken Sie Ihren LED-Streifen in den Aluminiumkanal.<\/li>\n\n\n\n<li>Snappen Sie das Profil in die Clips.<\/li>\n\n\n\n<li>Platzieren Sie den Diffusor, indem Sie ihn oben aufstecken f\u00fcr helles, gleichm\u00e4\u00dfiges Licht.<\/li>\n<\/ul>\n<\/div><figure class=\"wp-block-media-text__media\"><img loading=\"lazy\" decoding=\"async\" width=\"500\" height=\"500\" src=\"https:\/\/tangooled.com\/wp-content\/uploads\/2026\/01\/fp07-ins.webp\" alt=\"25x14m Oberfl\u00e4che montiertes LED-Licht Aluminiumprofil\" class=\"wp-image-44701 size-full\" srcset=\"https:\/\/tangooled.com\/wp-content\/uploads\/2026\/01\/fp07-ins.webp 500w, https:\/\/tangooled.com\/wp-content\/uploads\/2026\/01\/fp07-ins-300x300.webp 300w, https:\/\/tangooled.com\/wp-content\/uploads\/2026\/01\/fp07-ins-150x150.webp 150w\" sizes=\"auto, (max-width: 500px) 100vw, 500px\" \/><\/figure><\/div>\n<\/div><\/div>\n\n\n\n<div class=\"wp-block-group has-background\" style=\"background-color:#f2f2f2;padding-top:var(--wp--preset--spacing--80);padding-bottom:var(--wp--preset--spacing--80)\"><div class=\"wp-block-group__inner-container is-layout-constrained wp-block-group-is-layout-constrained\">\n<h2 class=\"wp-block-heading\" style=\"padding-top:var(--wp--preset--spacing--40);padding-bottom:var(--wp--preset--spacing--40);font-size:25px;font-style:normal;font-weight:600;text-transform:capitalize\">Wo k\u00f6nnen Sie dieses 25x14m Oberfl\u00e4che montierte LED-Profil verwenden?<\/h2>\n\n\n\n<p>Hier sind einige Top-Ideen, die zeigen, wie gut es funktioniert:<\/p>\n\n\n\n<ul class=\"wp-block-list\">\n<li>Unterbau-Beleuchtung: Bietet klares, helles Licht f\u00fcr K\u00fcchentheken oder Arbeitsfl\u00e4chen.<\/li>\n\n\n\n<li>Decken-Einbaubeleuchtung: Verwenden Sie es entlang von Kanten, um einen sanften Glanz in Wohnzimmern oder B\u00fcros zu erzeugen.<\/li>\n\n\n\n<li>Einzelhandelsanzeigen: Beleuchten Sie Regale oder Produkte mit perfekten Lichtlinien.<\/li>\n\n\n\n<li>B\u00fcrobeleuchtung: Helles, fokussiertes Licht \u00fcber Schreibtischen oder in Fluren.<\/li>\n\n\n\n<li>Kleiderschr\u00e4nke und M\u00f6bel: Integrieren Sie es in Kleiderschr\u00e4nke, Regale oder Schr\u00e4nke f\u00fcr eine ordentliche Beleuchtung.<\/li>\n\n\n\n<li>Architektonische Akzente: Heben Sie W\u00e4nde, Ecken oder Nischen mit einem ordentlichen Streifenlicht hervor.<\/li>\n<\/ul>\n<\/div><\/div>\n\n\n\n<div class=\"wp-block-group\" style=\"padding-top:var(--wp--preset--spacing--80);padding-bottom:var(--wp--preset--spacing--80)\"><div class=\"wp-block-group__inner-container is-layout-constrained wp-block-group-is-layout-constrained\">\n<h2 class=\"wp-block-heading\" style=\"padding-top:var(--wp--preset--spacing--40);padding-bottom:var(--wp--preset--spacing--40);font-size:25px;font-style:normal;font-weight:600;text-transform:capitalize\">Verwandte Produkte, die Sie \u00fcberpr\u00fcfen sollten<\/h2>\n\n\n\n<ul class=\"wp-block-list\">\n<li><a href=\"https:\/\/tangooled.com\/de\/product\/black-led-profile-with-black-diffuser-for-10mm-led-strip-light\/\"><mark style=\"background-color:rgba(0, 0, 0, 0)\" class=\"has-inline-color has-vivid-red-color\">Schwarzes LED-Profil mit schwarzem Diffusor f\u00fcr 10mm LED-Streifen<\/mark><\/a> &#8211; A sleek choice for slim strips. <\/li>\n\n\n\n<li><a href=\"https:\/\/tangooled.com\/de\/product\/led-strip-light-channel-aluminum-profile-with-diffused-cover-6mm-height\/\"><mark style=\"background-color:rgba(0, 0, 0, 0)\" class=\"has-inline-color has-vivid-red-color\">Aluminiumprofil f\u00fcr LED-Streifen mit diffundierender Abdeckung, H\u00f6he 6 mm<\/mark><\/a> \u2013 Another profile for tight spaces.<\/li>\n\n\n\n<li><a href=\"https:\/\/tangooled.com\/de\/product\/25x6mm-low-profile-led-strip-channel-for-10mm-led-strip-light\/\"><mark style=\"background-color:rgba(0, 0, 0, 0)\" class=\"has-inline-color has-vivid-red-color\">25x6mm Niedrigprofil-LED-Streifenkanal f\u00fcr 10mm LED-Streifenlicht<\/mark><\/a> \u2013 Slim, perfect for narrow spots.<\/li>\n<\/ul>\n\n\n\n<p>Bring your LED lighting to life with our reliable 25x14m surface mounted LED profile! It\u2019s the easy, smart way to make LED strip lighting look professional and work better.<\/p>\n<\/div><\/div>\n\n\n\n<p><\/p>","protected":false},"featured_media":13333,"template":"","meta":{"_acf_changed":true,"_seopress_robots_primary_cat":"none","_seopress_titles_title":"Aluminum 25x14mm Surface Mounted LED Profile | TANGOOLED","_seopress_titles_desc":"Source the FP07 25x14mm surface mounted LED profile. This large aluminum channel is perfect for wide strips, providing superior heat dissipation and dot-free lighting.","_seopress_robots_index":""},"pcb-width":[228],"product-cat":[192],"class_list":{"0":"post-44700","1":"product","2":"type-product","3":"status-publish","4":"has-post-thumbnail","6":"pcb-width-6-12mm","7":"product-cat-surface-led-profile"},"acf":[],"_links":{"self":[{"href":"https:\/\/tangooled.com\/de\/wp-json\/wp\/v2\/product\/44700","targetHints":{"allow":["GET"]}}],"collection":[{"href":"https:\/\/tangooled.com\/de\/wp-json\/wp\/v2\/product"}],"about":[{"href":"https:\/\/tangooled.com\/de\/wp-json\/wp\/v2\/types\/product"}],"wp:featuredmedia":[{"embeddable":true,"href":"https:\/\/tangooled.com\/de\/wp-json\/wp\/v2\/media\/13333"}],"wp:attachment":[{"href":"https:\/\/tangooled.com\/de\/wp-json\/wp\/v2\/media?parent=44700"}],"wp:term":[{"taxonomy":"pcb-width","embeddable":true,"href":"https:\/\/tangooled.com\/de\/wp-json\/wp\/v2\/pcb-width?post=44700"},{"taxonomy":"product-cat","embeddable":true,"href":"https:\/\/tangooled.com\/de\/wp-json\/wp\/v2\/product-cat?post=44700"}],"curies":[{"name":"wp","href":"https:\/\/api.w.org\/{rel}","templated":true}]}}