{"id":44697,"date":"2026-01-03T02:02:47","date_gmt":"2026-01-03T10:02:47","guid":{"rendered":"https:\/\/tangooled.com\/?post_type=product&#038;p=44697"},"modified":"2026-01-29T17:53:46","modified_gmt":"2026-01-30T01:53:46","slug":"18x9mm-led-tape-light-profile-for-surface-installation","status":"publish","type":"product","link":"https:\/\/tangooled.com\/de\/product\/18x9mm-led-tape-light-profile-for-surface-installation\/","title":{"rendered":"18x9mm LED-Bandprofil f\u00fcr die Oberfl\u00e4chenmontage"},"content":{"rendered":"<div class=\"wp-block-group\" style=\"padding-top:var(--wp--preset--spacing--80);padding-bottom:var(--wp--preset--spacing--80)\"><div class=\"wp-block-group__inner-container is-layout-constrained wp-block-group-is-layout-constrained\">\n<p>This 18x9mm LED tape light profile is built particularly for surface mounting, so it&#8217;s easy to light up your space. Made of high-quality 6063-T5 anodized aluminum, it has a base width of 18.6mm and a slim&nbsp;height of 9mm, making it a stylish accent to any flat surface. The 12.2mm inner width is just right for standard LED strips, which keeps them cool, clean, and safe. The mounting clip system is straightforward to use, so installation is quick and safe. It&#8217;s the ideal option for professionals to make smooth, pretty lighting in kitchens, offices, or store displays.<\/p>\n<\/div><\/div>\n\n\n\n<div class=\"wp-block-group has-background\" style=\"background-color:#f2f2f2f2;padding-top:var(--wp--preset--spacing--80);padding-bottom:var(--wp--preset--spacing--80)\"><div class=\"wp-block-group__inner-container is-layout-constrained wp-block-group-is-layout-constrained\">\n<div class=\"wp-block-group is-vertical is-layout-flex wp-container-core-group-is-layout-8cf370e7 wp-block-group-is-layout-flex\">\n<h2 class=\"wp-block-heading\" style=\"padding-top:var(--wp--preset--spacing--40);padding-bottom:var(--wp--preset--spacing--40);font-size:25px;font-style:normal;font-weight:600;text-transform:capitalize\">Warum unsere 18x9mm LED-Bandlichter w\u00e4hlen?<\/h2>\n\n\n\n<ul class=\"wp-block-list\">\n<li>Perfekte Lichtstreuung: Der opal-matte Diffusor sorgt f\u00fcr ein weiches und gleichm\u00e4\u00dfiges Licht, das LED-Hotspots verbirgt und professionell wirkt.<\/li>\n\n\n\n<li>Strong Heat Dissipation: This profile is made of aluminum and functions as a heatsink, drawing heat away from your LED lights so they don&#8217;t fade or change color.<\/li>\n\n\n\n<li>Robuste Schutzma\u00dfnahmen: Sch\u00fctzt Ihr LED-Band vor Feuchtigkeit, Staub und Besch\u00e4digungen.<\/li>\n\n\n\n<li>Modernes und schlankes Design: Der K\u00f6rper mit 18x9 mm ist flach, sodass er sich gut in W\u00e4nde, Decken oder M\u00f6bel einf\u00fcgt und alle Hardware f\u00fcr einen sauberen Look verbirgt.<\/li>\n\n\n\n<li>Einfach auf jeder Oberfl\u00e4che zu installieren: Verwenden Sie die bereitgestellten Montagesclips, um das Profil an jeder Oberfl\u00e4che zu befestigen. Einfach an Ort und Stelle schnappen und Ihr LED-Band hinzuf\u00fcgen.<\/li>\n<\/ul>\n<\/div>\n<\/div><\/div>\n\n\n\n<div class=\"wp-block-group\" style=\"padding-top:var(--wp--preset--spacing--80);padding-bottom:var(--wp--preset--spacing--80)\"><div class=\"wp-block-group__inner-container is-layout-constrained wp-block-group-is-layout-constrained\">\n<div class=\"wp-block-media-text has-media-on-the-right is-stacked-on-mobile\" style=\"padding-top:0;padding-bottom:0;grid-template-columns:auto 40%\"><div class=\"wp-block-media-text__content\">\n<h2 class=\"wp-block-heading\" style=\"font-size:25px;font-style:normal;font-weight:600;text-transform:capitalize\">Vier einfache Schritte zur Installation<\/h2>\n\n\n\n<ul class=\"wp-block-list\">\n<li>Befestigen Sie die Montagesclips mit Schrauben an Ihrer Oberfl\u00e4che.<\/li>\n\n\n\n<li>Legen Sie den Aluminiumkanal in die Clips.<\/li>\n\n\n\n<li>Legen Sie Ihr LED-Band in den Kanal.<\/li>\n\n\n\n<li>F\u00fcr ein sauberes Finish den Diffusorabdeckung aufsnapen und die Endkappen anbringen.<\/li>\n<\/ul>\n<\/div><figure class=\"wp-block-media-text__media\"><img loading=\"lazy\" decoding=\"async\" width=\"500\" height=\"500\" src=\"https:\/\/tangooled.com\/wp-content\/uploads\/2026\/01\/fp06-ins.webp\" alt=\"18x9mm led tape light profile for surface installation\" class=\"wp-image-44698 size-full\" srcset=\"https:\/\/tangooled.com\/wp-content\/uploads\/2026\/01\/fp06-ins.webp 500w, https:\/\/tangooled.com\/wp-content\/uploads\/2026\/01\/fp06-ins-300x300.webp 300w, https:\/\/tangooled.com\/wp-content\/uploads\/2026\/01\/fp06-ins-150x150.webp 150w\" sizes=\"auto, (max-width: 500px) 100vw, 500px\" \/><\/figure><\/div>\n<\/div><\/div>\n\n\n\n<div class=\"wp-block-group has-background\" style=\"background-color:#f2f2f2;padding-top:var(--wp--preset--spacing--80);padding-bottom:var(--wp--preset--spacing--80)\"><div class=\"wp-block-group__inner-container is-layout-constrained wp-block-group-is-layout-constrained\">\n<h2 class=\"wp-block-heading\" style=\"padding-top:var(--wp--preset--spacing--40);padding-bottom:var(--wp--preset--spacing--40);font-size:25px;font-style:normal;font-weight:600;text-transform:capitalize\">Wo das 18x9mm LED-Bandprofil plaziert werden kann<\/h2>\n\n\n\n<p>Diese LED-Streifenextrusion eignet sich hervorragend f\u00fcr Wohnh\u00e4user und Unternehmen. Es kann verwendet werden f\u00fcr:&nbsp;<\/p>\n\n\n\n<ul class=\"wp-block-list\">\n<li>Arbeitsbeleuchtung unter Schr\u00e4nken und Arbeitsplatten in K\u00fcchen und Werkst\u00e4tten<\/li>\n\n\n\n<li>Cove-Beleuchtung in Wohnzimmern und Fluren<\/li>\n\n\n\n<li>Stilvolle und sichere Beleuchtung f\u00fcr Treppen und Flure&nbsp;<\/li>\n\n\n\n<li>Stilvolle und sichere Beleuchtung f\u00fcr Schr\u00e4nke, Kleiderschr\u00e4nke und B\u00fccherregale<br><\/li>\n<\/ul>\n<\/div><\/div>\n\n\n\n<div class=\"wp-block-group\" style=\"padding-top:var(--wp--preset--spacing--80);padding-bottom:var(--wp--preset--spacing--80)\"><div class=\"wp-block-group__inner-container is-layout-constrained wp-block-group-is-layout-constrained\">\n<h2 class=\"wp-block-heading\" style=\"padding-top:var(--wp--preset--spacing--40);padding-bottom:var(--wp--preset--spacing--40);font-size:25px;font-style:normal;font-weight:600;text-transform:capitalize\">Verwandte Produkte, die Ihnen gefallen k\u00f6nnten<\/h2>\n\n\n\n<ul class=\"wp-block-list\">\n<li>Schwarzes LED-Profil mit schwarzem Diffusor f\u00fcr 10mm LED-Streifenlicht: <a href=\"https:\/\/tangooled.com\/de\/product\/black-led-profile-with-black-diffuser-for-10mm-led-strip-light\/\"><mark style=\"background-color:rgba(0, 0, 0, 0)\" class=\"has-inline-color has-vivid-red-color\">Hier erkunden<\/mark><\/a><\/li>\n\n\n\n<li>Schwarzer LED-Diffusor-Aluminiumkanal f\u00fcr 12mm-Bandlichter:<a href=\"https:\/\/tangooled.com\/de\/product\/black-led-diffuser-aluminum-channel-for-12mm-tape-lights\/\"> <mark style=\"background-color:rgba(0, 0, 0, 0)\" class=\"has-inline-color has-vivid-red-color\">Das sollten Sie sich ansehen<\/mark><\/a><\/li>\n\n\n\n<li>Oberfl\u00e4chenmontage-LED-Profil mit mattem Diffusor f\u00fcr 10mm-Seillichter: <a href=\"https:\/\/tangooled.com\/de\/product\/surface-mount-led-profile-with-frosted-diffuser-for-10mm-rope-lights\/\"><mark style=\"background-color:rgba(0, 0, 0, 0)\" class=\"has-inline-color has-vivid-red-color\">Produkt ansehen<\/mark><\/a><\/li>\n<\/ul>\n<\/div><\/div>\n\n\n\n<div class=\"wp-block-group has-background\" style=\"background-color:#f2f2f2f2;padding-top:var(--wp--preset--spacing--80);padding-bottom:var(--wp--preset--spacing--80)\"><div class=\"wp-block-group__inner-container is-layout-constrained wp-block-group-is-layout-constrained\">\n<p style=\"padding-right:var(--wp--preset--spacing--50);padding-left:var(--wp--preset--spacing--50)\">Wenn Sie einen professionellen LED-Streiflichtkanal suchen, der einfach zu installieren ist, Ihr LED-Bandlicht k\u00fchl, sauber und hell h\u00e4lt und ein schlankes flaches Design hat, ist dies die beste Wahl. Es passt zu verschiedenen LED-Streifen und Anwendungen, ohne sperrige Geh\u00e4use oder komplizierte Montagen.<br>Vertrauen Sie unserem 18x9mm LED-Bandprofil f\u00fcr die Oberfl\u00e4chenmontage, um Ihre Beleuchtungsprojekte einfach, klug und eindrucksvoll zu gestalten.<\/p>\n<\/div><\/div>\n\n\n\n<p><\/p>","protected":false},"featured_media":13307,"template":"","meta":{"_acf_changed":true,"_seopress_robots_primary_cat":"none","_seopress_titles_title":"Aluminum 18x9mm LED Tape Light Profile Surface Mount | TANGOOLED","_seopress_titles_desc":"Source FP06 18x9mm LED tape light profile. This sleek aluminum channel is ideal for surface installation, providing professional heat dissipation and a clean finish.","_seopress_robots_index":""},"pcb-width":[228],"product-cat":[192],"class_list":{"0":"post-44697","1":"product","2":"type-product","3":"status-publish","4":"has-post-thumbnail","6":"pcb-width-6-12mm","7":"product-cat-surface-led-profile"},"acf":[],"_links":{"self":[{"href":"https:\/\/tangooled.com\/de\/wp-json\/wp\/v2\/product\/44697","targetHints":{"allow":["GET"]}}],"collection":[{"href":"https:\/\/tangooled.com\/de\/wp-json\/wp\/v2\/product"}],"about":[{"href":"https:\/\/tangooled.com\/de\/wp-json\/wp\/v2\/types\/product"}],"wp:featuredmedia":[{"embeddable":true,"href":"https:\/\/tangooled.com\/de\/wp-json\/wp\/v2\/media\/13307"}],"wp:attachment":[{"href":"https:\/\/tangooled.com\/de\/wp-json\/wp\/v2\/media?parent=44697"}],"wp:term":[{"taxonomy":"pcb-width","embeddable":true,"href":"https:\/\/tangooled.com\/de\/wp-json\/wp\/v2\/pcb-width?post=44697"},{"taxonomy":"product-cat","embeddable":true,"href":"https:\/\/tangooled.com\/de\/wp-json\/wp\/v2\/product-cat?post=44697"}],"curies":[{"name":"wp","href":"https:\/\/api.w.org\/{rel}","templated":true}]}}