{"id":44692,"date":"2026-01-03T02:00:39","date_gmt":"2026-01-03T10:00:39","guid":{"rendered":"https:\/\/tangooled.com\/?post_type=product&#038;p=44692"},"modified":"2026-01-29T17:50:45","modified_gmt":"2026-01-30T01:50:45","slug":"25x6mm-low-profile-led-strip-channel-for-10mm-led-strip-light","status":"publish","type":"product","link":"https:\/\/tangooled.com\/de\/product\/25x6mm-low-profile-led-strip-channel-for-10mm-led-strip-light\/","title":{"rendered":"25x6mm LED-Kanal mit flachem Profil f\u00fcr 10mm LED-Streifen"},"content":{"rendered":"<div class=\"wp-block-group\" style=\"padding-top:var(--wp--preset--spacing--80);padding-bottom:var(--wp--preset--spacing--80)\"><div class=\"wp-block-group__inner-container is-layout-constrained wp-block-group-is-layout-constrained\">\n<p>Ihre Lichter sehen sauber und professionell aus mit dem 25x6mm flachen LED-Kanal. Diese d\u00fcnne Aluminium-Extrusion besteht aus eloxiertem Aluminium, das ein robuster K\u00fchlk\u00f6rper ist, der Ihre LED-Streifen k\u00fchl h\u00e4lt und deren Lebensdauer verl\u00e4ngert. Der Kanal ist die richtige Gr\u00f6\u00dfe f\u00fcr kleine R\u00e4ume wie Regale und K\u00fcchenschr\u00e4nke. Er kann LED-Streifen bis zu 10 mm Breite halten, wie SMD 5050, 2835 und COB. Er sch\u00fctzt die Streifen, verbirgt die Verkabelung und verf\u00fcgt \u00fcber einen opalen Diffusor, der das Licht gleichm\u00e4\u00dfig streut und es glatt und professionell aussehen l\u00e4sst. Diese Oberfl\u00e4chenmontage-LED-Extrusion wird mit einem Diffusorabdeckung, Montageschnallen und Endkappen geliefert, sodass Sie sie einfach installieren und schnell einen professionellen Look erzielen k\u00f6nnen.<\/p>\n<\/div><\/div>\n\n\n\n<div class=\"wp-block-group has-background\" style=\"background-color:#f2f2f2f2;padding-top:var(--wp--preset--spacing--80);padding-bottom:var(--wp--preset--spacing--80)\"><div class=\"wp-block-group__inner-container is-layout-constrained wp-block-group-is-layout-constrained\">\n<div class=\"wp-block-group is-vertical is-layout-flex wp-container-core-group-is-layout-8cf370e7 wp-block-group-is-layout-flex\">\n<h2 class=\"wp-block-heading\" style=\"padding-top:var(--wp--preset--spacing--40);padding-bottom:var(--wp--preset--spacing--40);font-size:25px;font-style:normal;font-weight:600;text-transform:capitalize\">Hauptmerkmale<\/h2>\n\n\n\n<ul class=\"wp-block-list\">\n<li>Sehr d\u00fcnnes Design: Es ist nur 25 mm breit und 6 mm hoch, sodass es in kleine R\u00e4ume passt.<\/li>\n\n\n\n<li>Funktioniert mit 10 mm LED-Streifen, wie dem 5050, 2835 und Philips Hue Tape.<\/li>\n\n\n\n<li>Verf\u00fcgt \u00fcber einen Aluminium-K\u00fchlk\u00f6rper, um zu verhindern, dass die LEDs zu hei\u00df werden.&nbsp;<\/li>\n\n\n\n<li>Besitzt einen opalen Diffusor, um eine gleichm\u00e4\u00dfige Lichtlinie ohne Blendeffekt zu erzeugen.<\/li>\n\n\n\n<li>Wird mit Clips, Diffusorabdeckungen und Endkappen f\u00fcr eine einfache Installation geliefert.<\/li>\n<\/ul>\n<\/div>\n<\/div><\/div>\n\n\n\n<div class=\"wp-block-group\" style=\"padding-top:var(--wp--preset--spacing--80);padding-bottom:var(--wp--preset--spacing--80)\"><div class=\"wp-block-group__inner-container is-layout-constrained wp-block-group-is-layout-constrained\">\n<div class=\"wp-block-media-text has-media-on-the-right is-stacked-on-mobile\" style=\"padding-top:0;padding-bottom:0;grid-template-columns:auto 40%\"><div class=\"wp-block-media-text__content\">\n<h2 class=\"wp-block-heading\" style=\"font-size:25px;font-style:normal;font-weight:600;text-transform:capitalize\">Wie man es benutzt<\/h2>\n\n\n\n<ul class=\"wp-block-list\">\n<li>Bringen Sie die metallischen Montageschnallen auf der Oberfl\u00e4che an.<\/li>\n\n\n\n<li>Setzen Sie den Aluminiumkanal in die Clips ein.<\/li>\n\n\n\n<li>Legen Sie Ihren 10 mm LED-Streifen in den Kanal.<\/li>\n\n\n\n<li>Dr\u00fccken Sie die opale Diffusorabdeckung auf.<\/li>\n\n\n\n<li>Verwenden Sie Endkappen, um die Kanten zu beenden und sie ansehnlich zu machen.<\/li>\n<\/ul>\n<\/div><figure class=\"wp-block-media-text__media\"><img loading=\"lazy\" decoding=\"async\" width=\"500\" height=\"500\" src=\"https:\/\/tangooled.com\/wp-content\/uploads\/2026\/01\/fp05-ins.webp\" alt=\"25x6mm Low-Profile-LED-Streifenkanal f\u00fcr 10mm LED-Streifenlicht\" class=\"wp-image-44693 size-full\" srcset=\"https:\/\/tangooled.com\/wp-content\/uploads\/2026\/01\/fp05-ins.webp 500w, https:\/\/tangooled.com\/wp-content\/uploads\/2026\/01\/fp05-ins-300x300.webp 300w, https:\/\/tangooled.com\/wp-content\/uploads\/2026\/01\/fp05-ins-150x150.webp 150w\" sizes=\"auto, (max-width: 500px) 100vw, 500px\" \/><\/figure><\/div>\n<\/div><\/div>\n\n\n\n<div class=\"wp-block-group has-background\" style=\"background-color:#f2f2f2;padding-top:var(--wp--preset--spacing--80);padding-bottom:var(--wp--preset--spacing--80)\"><div class=\"wp-block-group__inner-container is-layout-constrained wp-block-group-is-layout-constrained\">\n<h2 class=\"wp-block-heading\" style=\"padding-top:var(--wp--preset--spacing--40);padding-bottom:var(--wp--preset--spacing--40);font-size:25px;font-style:normal;font-weight:600;text-transform:capitalize\">Was ist in Ihrem Kit enthalten?<\/h2>\n\n\n\n<ul class=\"wp-block-list\">\n<li>Ein St\u00fcck Aluminium-Flachprofilkan\u00e4le&nbsp;<\/li>\n\n\n\n<li>Ein St\u00fcck opale Diffusorabdeckungen<\/li>\n\n\n\n<li>Zwei metallische Montageschnallen&nbsp;<\/li>\n\n\n\n<li>Zwei Endkappen (eine mit Loch und eine massiven)<\/li>\n<\/ul>\n\n\n\n<p>Dieses Komplettset enth\u00e4lt alles, was Sie ben\u00f6tigen, um schnell zu installieren und ein glattes Finish ohne zus\u00e4tzliche Teile zu erstellen.<\/p>\n<\/div><\/div>\n\n\n\n<div class=\"wp-block-group\" style=\"padding-top:var(--wp--preset--spacing--80);padding-bottom:var(--wp--preset--spacing--80)\"><div class=\"wp-block-group__inner-container is-layout-constrained wp-block-group-is-layout-constrained\">\n<h2 class=\"wp-block-heading\" style=\"padding-top:var(--wp--preset--spacing--40);padding-bottom:var(--wp--preset--spacing--40);font-size:25px;font-style:normal;font-weight:600;text-transform:capitalize\">Installationsideen f\u00fcr Ihr Projekt<\/h2>\n\n\n\n<p>Unser flacher LED-Streifen-Kanal eignet sich gut an vielen Orten:<\/p>\n\n\n\n<ul class=\"wp-block-list\">\n<li>Unter K\u00fcchenschr\u00e4nken: Gibt kontinuierliches, starkes Licht zum Kochen ab.<\/li>\n\n\n\n<li>In Schr\u00e4nken und Kleiderschr\u00e4nken: Licht, das leicht zu erreichen und zu reinigen ist f\u00fcr schwer zug\u00e4ngliche Orte.<\/li>\n\n\n\n<li>Vitrinen und Regale: Ideal, um Gesch\u00e4fte oder H\u00e4user auszuleuchten.<\/li>\n\n\n\n<li>Vouten- und architektonische Beleuchtung: Macht Decken und W\u00e4nde modern.<\/li>\n<\/ul>\n<\/div><\/div>\n\n\n\n<div class=\"wp-block-group has-background\" style=\"background-color:#f2f2f2f2;padding-top:var(--wp--preset--spacing--80);padding-bottom:var(--wp--preset--spacing--80)\"><div class=\"wp-block-group__inner-container is-layout-constrained wp-block-group-is-layout-constrained\">\n<h2 class=\"wp-block-heading\" style=\"font-size:25px;font-style:normal;font-weight:600\">Verwandte Produkte, die Ihnen gefallen k\u00f6nnten<\/h2>\n\n\n\n<ul class=\"wp-block-list\">\n<li>F\u00fcr einen dunkleren Look, schauen Sie sich unser <a href=\"https:\/\/tangooled.com\/de\/product\/black-led-profile-with-black-diffuser-for-10mm-led-strip-light\/\"><mark style=\"background-color:rgba(0, 0, 0, 0)\" class=\"has-inline-color has-vivid-red-color\">schwarzes LED-Profil mit schwarzem Diffusor f\u00fcr 10mm LED-Streifen<\/mark><\/a>.<\/li>\n\n\n\n<li>Brauchen Sie einen Kanal f\u00fcr breitere Streifen? Sehen Sie <a href=\"https:\/\/tangooled.com\/de\/product\/black-led-diffuser-aluminum-channel-for-12mm-tape-lights\/\"><mark style=\"background-color:rgba(0, 0, 0, 0)\" class=\"has-inline-color has-vivid-red-color\">schwarzes LED-Diffusor-Aluminiumprofil f\u00fcr 12mm LED-B\u00e4nder<\/mark><\/a>.<\/li>\n\n\n\n<li>Probieren Sie unseren <a href=\"https:\/\/tangooled.com\/de\/product\/surface-mount-led-profile-with-frosted-diffuser-for-10mm-rope-lights\/\"><mark style=\"background-color:rgba(0, 0, 0, 0)\" class=\"has-inline-color has-vivid-red-color\">Oberfl\u00e4chenmontage LED-Profil mit satiniertem Diffusor f\u00fcr 10mm Seilschn\u00fcre <\/mark><\/a>f\u00fcr einen \u00e4hnlichen Stil und Gr\u00f6\u00dfe<\/li>\n<\/ul>\n<\/div><\/div>\n\n\n\n<p><\/p>","protected":false},"featured_media":13304,"template":"","meta":{"_acf_changed":true,"_seopress_robots_primary_cat":"none","_seopress_titles_title":"25x6mm Aluminum Low Profile LED Channel for 10mm Strips | TANGOOLED","_seopress_titles_desc":"The FP05 is a 25x6mm low profile LED channel designed for 10mm LED strips. Its ultra-slim aluminum design is perfect for surface-mounted lighting with a minimalist look.","_seopress_robots_index":""},"pcb-width":[228],"product-cat":[192],"class_list":{"0":"post-44692","1":"product","2":"type-product","3":"status-publish","4":"has-post-thumbnail","6":"pcb-width-6-12mm","7":"product-cat-surface-led-profile"},"acf":[],"_links":{"self":[{"href":"https:\/\/tangooled.com\/de\/wp-json\/wp\/v2\/product\/44692","targetHints":{"allow":["GET"]}}],"collection":[{"href":"https:\/\/tangooled.com\/de\/wp-json\/wp\/v2\/product"}],"about":[{"href":"https:\/\/tangooled.com\/de\/wp-json\/wp\/v2\/types\/product"}],"wp:featuredmedia":[{"embeddable":true,"href":"https:\/\/tangooled.com\/de\/wp-json\/wp\/v2\/media\/13304"}],"wp:attachment":[{"href":"https:\/\/tangooled.com\/de\/wp-json\/wp\/v2\/media?parent=44692"}],"wp:term":[{"taxonomy":"pcb-width","embeddable":true,"href":"https:\/\/tangooled.com\/de\/wp-json\/wp\/v2\/pcb-width?post=44692"},{"taxonomy":"product-cat","embeddable":true,"href":"https:\/\/tangooled.com\/de\/wp-json\/wp\/v2\/product-cat?post=44692"}],"curies":[{"name":"wp","href":"https:\/\/api.w.org\/{rel}","templated":true}]}}