{"id":44689,"date":"2026-01-03T01:56:11","date_gmt":"2026-01-03T09:56:11","guid":{"rendered":"https:\/\/tangooled.com\/?post_type=product&#038;p=44689"},"modified":"2026-01-29T17:46:02","modified_gmt":"2026-01-30T01:46:02","slug":"led-light-diffuser-channel-aluminum-15x12mm-for-10mm-led-strips","status":"publish","type":"product","link":"https:\/\/tangooled.com\/de\/product\/led-light-diffuser-channel-aluminum-15x12mm-for-10mm-led-strips\/","title":{"rendered":"LED Lichtdiffusor Kanal Aluminium 15x12mm f\u00fcr 10mm LED-Streifen"},"content":{"rendered":"<div class=\"wp-block-group\" style=\"padding-top:var(--wp--preset--spacing--80);padding-bottom:var(--wp--preset--spacing--80)\"><div class=\"wp-block-group__inner-container is-layout-constrained wp-block-group-is-layout-constrained\">\n<p>Wenn Sie eine saubere und punktfreie LED-Beleuchtung w\u00fcnschen, ist unser 15x12mm LED-Lichtdiffusor-Kanal die ideale Wahl. Dieser Kanal besteht aus starkem eloxiertem Aluminium und wird mit einem polycarbonat opalen Diffusor geliefert. Er bietet ein professionelles Aussehen und eine gleichm\u00e4\u00dfige Lichtabgabe ohne LED-Punkte. Die meisten typischen LED-Streifen bis zu 10mm Breite, wie SMD2835 und COB-LED-Streifen, passen gut in diesen LED-Lichtdiffusor-Kanal 15x12mm.&nbsp;<\/p>\n<\/div><\/div>\n\n\n\n<div class=\"wp-block-group has-background\" style=\"background-color:#f2f2f2f2;padding-top:var(--wp--preset--spacing--80);padding-bottom:var(--wp--preset--spacing--80)\"><div class=\"wp-block-group__inner-container is-layout-constrained wp-block-group-is-layout-constrained\">\n<div class=\"wp-block-group is-vertical is-layout-flex wp-container-core-group-is-layout-8cf370e7 wp-block-group-is-layout-flex\">\n<h2 class=\"wp-block-heading\" style=\"padding-top:var(--wp--preset--spacing--40);padding-bottom:var(--wp--preset--spacing--40);font-size:25px;font-style:normal;font-weight:600;text-transform:capitalize\">Warum sollten Sie unseren 15x12mm LED-Lichtdiffusor-Kanal w\u00e4hlen?<\/h2>\n\n\n\n<ul class=\"wp-block-list\">\n<li>Punktfreie Beleuchtung: Der opale Diffusor deckt das Licht ab und versteckt die LED-Chips, wodurch Sie einen sanften, gleichm\u00e4\u00dfigen Glanz erhalten.<\/li>\n\n\n\n<li>Ausgezeichnete W\u00e4rmeableitung: Hergestellt aus eloxiertem Aluminium 6063-T5, leitet er die W\u00e4rme von Ihrem LED-Streifen ab, um ihn k\u00fchl zu halten und seine Lebensdauer zu verl\u00e4ngern.<\/li>\n\n\n\n<li>Schutz f\u00fcr Ihren LED-Streifen: Sch\u00fctzt die Lichter vor Staub, Feuchtigkeit und physikalischen Sch\u00e4den.<\/li>\n\n\n\n<li>Einfach zu installieren: Wird mit Endkappen, Montageclips und einem Deckel geliefert, der f\u00fcr eine einfache Einrichtung aufgesteckt werden kann.<\/li>\n\n\n\n<li>Elegantes Profil: Das schlanke Aluminiumprofil von 15x12mm passt perfekt in enge Bereiche, ohne die Lichtqualit\u00e4t zu beeintr\u00e4chtigen.<\/li>\n\n\n\n<li>Flexible Montage: Sie k\u00f6nnen es auf einer Oberfl\u00e4che oder in einer Wand oder einem M\u00f6belst\u00fcck installieren, was ideal f\u00fcr moderne, schlichte Designs ist.<\/li>\n<\/ul>\n<\/div>\n<\/div><\/div>\n\n\n\n<div class=\"wp-block-group\" style=\"padding-top:var(--wp--preset--spacing--80);padding-bottom:var(--wp--preset--spacing--80)\"><div class=\"wp-block-group__inner-container is-layout-constrained wp-block-group-is-layout-constrained\">\n<div class=\"wp-block-media-text has-media-on-the-right is-stacked-on-mobile\" style=\"padding-top:0;padding-bottom:0;grid-template-columns:auto 40%\"><div class=\"wp-block-media-text__content\">\n<h2 class=\"wp-block-heading\" style=\"font-size:25px;font-style:normal;font-weight:600;text-transform:capitalize\">Installation &amp; Kompatibilit\u00e4t<\/h2>\n\n\n\n<ul class=\"wp-block-list\">\n<li>Funktioniert mit allen Standard-Tape-Lichtern bis 10 mm Breite, einschlie\u00dflich SMD 3528, 5050 und COB-LED-Streifen.<\/li>\n\n\n\n<li>So montieren Sie: Verwenden Sie die beiliegenden clip-on Abdeckungen und Montageschienen. Funktioniert gut bei Oberfl\u00e4chenmontagen oder gefr\u00e4sten Nuten f\u00fcr trimmlos LED-Kanal-Layouts.<\/li>\n\n\n\n<li>Diffuse Beleuchtung: F\u00fcr die beste punktfreie LED-Beleuchtung verwenden Sie hochdichte LED-Streifen (120+ LEDs\/m) mit diesem Kanal.<\/li>\n\n\n\n<li>Zubeh\u00f6r enthalten: Enth\u00e4lt passende Endkappen zum Abdichten des Profils; eine Kappe hat ein vorgebohrtes Loch f\u00fcr eine nahtlose Kabelverwaltung.<\/li>\n<\/ul>\n<\/div><figure class=\"wp-block-media-text__media\"><img loading=\"lazy\" decoding=\"async\" width=\"500\" height=\"500\" src=\"https:\/\/tangooled.com\/wp-content\/uploads\/2026\/01\/ifp04-ins.webp\" alt=\"LED Lichtdiffusor Kanal Aluminium 15x12mm f\u00fcr 10mm LED-Streifen\" class=\"wp-image-44690 size-full\" srcset=\"https:\/\/tangooled.com\/wp-content\/uploads\/2026\/01\/ifp04-ins.webp 500w, https:\/\/tangooled.com\/wp-content\/uploads\/2026\/01\/ifp04-ins-300x300.webp 300w, https:\/\/tangooled.com\/wp-content\/uploads\/2026\/01\/ifp04-ins-150x150.webp 150w\" sizes=\"auto, (max-width: 500px) 100vw, 500px\" \/><\/figure><\/div>\n<\/div><\/div>\n\n\n\n<div class=\"wp-block-group has-background\" style=\"background-color:#f2f2f2;padding-top:var(--wp--preset--spacing--80);padding-bottom:var(--wp--preset--spacing--80)\"><div class=\"wp-block-group__inner-container is-layout-constrained wp-block-group-is-layout-constrained\">\n<h2 class=\"wp-block-heading\" style=\"padding-top:var(--wp--preset--spacing--40);padding-bottom:var(--wp--preset--spacing--40);font-size:25px;font-style:normal;font-weight:600;text-transform:capitalize\">Ideale Anwendungen f\u00fcr unseren LED-Lichtdiffusor-Kanal 15x12mm<\/h2>\n\n\n\n<p>Unser Kanal eignet sich hervorragend f\u00fcr viele Beleuchtungsaufgaben, wie:<\/p>\n\n\n\n<ul class=\"wp-block-list\">\n<li>Akzentbeleuchtung, die aus der Wand in Wohnh\u00e4usern und Gesch\u00e4ften herauskommt.<\/li>\n\n\n\n<li>Aufgabenbeleuchtung, die gleichm\u00e4\u00dfig unter Schr\u00e4nken und in der K\u00fcche ist.<\/li>\n\n\n\n<li>Beleuchtung f\u00fcr Verkaufsdisplays, die Dinge zum Leuchten bringt.<\/li>\n\n\n\n<li>Cove- und Deckenakzentbeleuchtung in Unternehmen.<\/li>\n\n\n\n<li>Beleuchtung f\u00fcr Schr\u00e4nke und Garderoben, die sch\u00f6n und sauber aussieht.<\/li>\n\n\n\n<li>Architektonische Beleuchtungprofile, die ein glattes Finish ben\u00f6tigen.<\/li>\n\n\n\n<li>Beleuchtung f\u00fcr Regale und Holzarbeiten, die einen eleganten, b\u00fcndigen Look bietet.<\/li>\n<\/ul>\n<\/div><\/div>\n\n\n\n<div class=\"wp-block-group\" style=\"padding-top:var(--wp--preset--spacing--80);padding-bottom:var(--wp--preset--spacing--80)\"><div class=\"wp-block-group__inner-container is-layout-constrained wp-block-group-is-layout-constrained\">\n<h2 class=\"wp-block-heading\" style=\"padding-top:var(--wp--preset--spacing--40);padding-bottom:var(--wp--preset--spacing--40);font-size:25px;font-style:normal;font-weight:600;text-transform:capitalize\">Verwandte Produkte, die Ihnen gefallen k\u00f6nnten:<\/h2>\n\n\n\n<ul class=\"wp-block-list\">\n<li><a href=\"https:\/\/tangooled.com\/de\/product\/black-led-diffuser-aluminum-channel-for-12mm-tape-lights\/\"><mark style=\"background-color:rgba(0, 0, 0, 0)\" class=\"has-inline-color has-vivid-red-color\">Schwarzes LED-Diffusor-Aluminiumprofil f\u00fcr 12 mm LED-Band<\/mark><\/a><\/li>\n\n\n\n<li><a href=\"https:\/\/tangooled.com\/de\/product\/surface-mount-led-profile-with-frosted-diffuser-for-10mm-rope-lights\/\"><mark style=\"background-color:rgba(0, 0, 0, 0)\" class=\"has-inline-color has-vivid-red-color\">Oberfl\u00e4chenmontierter LED-Profil mit mattiertem Diffusor f\u00fcr 10 mm LED-Lichterketten<\/mark><\/a><\/li>\n\n\n\n<li><a href=\"https:\/\/tangooled.com\/de\/product\/led-light-diffuser-channel-aluminum-15x12mm-for-10mm-led-strips\/\"><mark style=\"background-color:rgba(0, 0, 0, 0)\" class=\"has-inline-color has-vivid-red-color\">LED Lichtdiffusor Kanal Aluminium 15x12mm f\u00fcr 10mm LED-Streifen<\/mark><\/a><\/li>\n<\/ul>\n<\/div><\/div>\n\n\n\n<div class=\"wp-block-group has-background\" style=\"background-color:#f2f2f2f2;padding-top:var(--wp--preset--spacing--80);padding-bottom:var(--wp--preset--spacing--80)\"><div class=\"wp-block-group__inner-container is-layout-constrained wp-block-group-is-layout-constrained\">\n<h2 class=\"wp-block-heading\" style=\"padding-top:var(--wp--preset--spacing--40);padding-bottom:var(--wp--preset--spacing--40);font-size:25px;font-style:normal;font-weight:600\">Zusammenfassung<\/h2>\n\n\n\n<p style=\"padding-right:var(--wp--preset--spacing--50);padding-left:var(--wp--preset--spacing--50)\">The 15x12mm LED light diffuser channel is a sleek, durable, and adaptable aluminum profile that will enhance the appearance of any lighting project. Not only does this linear lighting solution protect your LED strips from dust and damage, but it also ensures they remain functional for a long time by letting heat escape easily. It\u00a0is great for use as an under-cabinet light channel and retail shelf lighting.<\/p>\n<\/div><\/div>\n\n\n\n<p><\/p>","protected":false},"featured_media":13322,"template":"","meta":{"_acf_changed":true,"_seopress_robots_primary_cat":"none","_seopress_titles_title":"Aluminum LED Light Diffuser Channel 15x12mm | TANGOOLED","_seopress_titles_desc":"Source the IFP04 LED light diffuser channel in a 15x12mm size. This aluminum profile fits 10mm strips, providing a clean look and high-quality heat dissipation.","_seopress_robots_index":""},"pcb-width":[228],"product-cat":[192],"class_list":{"0":"post-44689","1":"product","2":"type-product","3":"status-publish","4":"has-post-thumbnail","6":"pcb-width-6-12mm","7":"product-cat-surface-led-profile"},"acf":[],"_links":{"self":[{"href":"https:\/\/tangooled.com\/de\/wp-json\/wp\/v2\/product\/44689","targetHints":{"allow":["GET"]}}],"collection":[{"href":"https:\/\/tangooled.com\/de\/wp-json\/wp\/v2\/product"}],"about":[{"href":"https:\/\/tangooled.com\/de\/wp-json\/wp\/v2\/types\/product"}],"wp:featuredmedia":[{"embeddable":true,"href":"https:\/\/tangooled.com\/de\/wp-json\/wp\/v2\/media\/13322"}],"wp:attachment":[{"href":"https:\/\/tangooled.com\/de\/wp-json\/wp\/v2\/media?parent=44689"}],"wp:term":[{"taxonomy":"pcb-width","embeddable":true,"href":"https:\/\/tangooled.com\/de\/wp-json\/wp\/v2\/pcb-width?post=44689"},{"taxonomy":"product-cat","embeddable":true,"href":"https:\/\/tangooled.com\/de\/wp-json\/wp\/v2\/product-cat?post=44689"}],"curies":[{"name":"wp","href":"https:\/\/api.w.org\/{rel}","templated":true}]}}