{"id":44685,"date":"2026-01-03T01:51:51","date_gmt":"2026-01-03T09:51:51","guid":{"rendered":"https:\/\/tangooled.com\/?post_type=product&#038;p=44685"},"modified":"2026-01-29T22:32:27","modified_gmt":"2026-01-30T06:32:27","slug":"black-aluminum-u-channel-profile-for-10mm-led-strips","status":"publish","type":"product","link":"https:\/\/tangooled.com\/de\/product\/black-aluminum-u-channel-profile-for-10mm-led-strips\/","title":{"rendered":"schwarzes Aluminium-U-Profil f\u00fcr 10mm LED-Streifen"},"content":{"rendered":"<div class=\"wp-block-group\" style=\"padding-top:var(--wp--preset--spacing--80);padding-bottom:var(--wp--preset--spacing--80)\"><div class=\"wp-block-group__inner-container is-layout-constrained wp-block-group-is-layout-constrained\">\n<p>Unser IFP03 schwarzes Aluminium-U-Profil ist speziell f\u00fcr Ihre 10mm LED-Streifen gefertigt. Diese schwarze, U-f\u00f6rmige Aluminium-Schiene sch\u00fctzt Ihre Lichter sicher vor Staub, Schmutz und Besch\u00e4digungen und agiert als W\u00e4rmesenke, um die Lebensdauer Ihrer LEDs zu verl\u00e4ngern. Das Design zur Oberfl\u00e4chenmontage erm\u00f6glicht eine einfache Installation direkt auf flachen Fl\u00e4chen wie W\u00e4nden, Regalen oder Schr\u00e4nken. Dieses schwarze LED-Profil ist die perfekte Wahl f\u00fcr alle, die f\u00fcr ihre Wohn- oder B\u00fcroprojekte ein ordentliches, helles und gleichm\u00e4\u00dfiges Licht w\u00fcnschen.<\/p>\n<\/div><\/div>\n\n\n\n<div class=\"wp-block-group has-background\" style=\"background-color:#f2f2f2f2;padding-top:var(--wp--preset--spacing--80);padding-bottom:var(--wp--preset--spacing--80)\"><div class=\"wp-block-group__inner-container is-layout-constrained wp-block-group-is-layout-constrained\">\n<div class=\"wp-block-group is-vertical is-layout-flex wp-container-core-group-is-layout-8cf370e7 wp-block-group-is-layout-flex\">\n<h2 class=\"wp-block-heading\" style=\"padding-top:var(--wp--preset--spacing--40);padding-bottom:var(--wp--preset--spacing--40);font-size:25px;font-style:normal;font-weight:600;text-transform:capitalize\">Warum unser schwarzes Aluminium-U-Profil f\u00fcr LEDs verwenden?<\/h2>\n\n\n\n<ul class=\"wp-block-list\">\n<li>Form: Das Profil verf\u00fcgt \u00fcber eine schlanke und stilvolle U-Form. Das Low-Profile-Design erzeugt klare, einfache Lichtlinien, die zu jedem modernen Baustil passen.<\/li>\n\n\n\n<li>Material &amp; Oberfl\u00e4che: Hergestellt aus extrudiertem 6063 Aluminiumlegierung mit einer hochwertigen, schwarz anodisierten Oberfl\u00e4che. Dies gew\u00e4hrleistet eine hervorragende W\u00e4rmeableitung, was die Lebensdauer der LEDs verl\u00e4ngert.<\/li>\n\n\n\n<li>Oberfl\u00e4chenoptionen: Neben Schwarz ist dieses Profil auch in Wei\u00df und Silber erh\u00e4ltlich, um jede Dekoration zu erg\u00e4nzen.<\/li>\n\n\n\n<li>Kompatibilit\u00e4t: Funktioniert mit den meisten LED-Bandlichtern, die bis zu 10mm breit sind.<\/li>\n\n\n\n<li>Vollst\u00e4ndiges Zubeh\u00f6rset: Jedes Profil wird mit passenden Endkappen und Montageclips f\u00fcr eine schnelle und einfache Installation geliefert.<\/li>\n<\/ul>\n<\/div>\n<\/div><\/div>\n\n\n\n<div class=\"wp-block-group\" style=\"padding-top:var(--wp--preset--spacing--80);padding-bottom:var(--wp--preset--spacing--80)\"><div class=\"wp-block-group__inner-container is-layout-constrained wp-block-group-is-layout-constrained\">\n<div class=\"wp-block-media-text has-media-on-the-right is-stacked-on-mobile\" style=\"padding-top:0;padding-bottom:0;grid-template-columns:auto 40%\"><div class=\"wp-block-media-text__content\">\n<h2 class=\"wp-block-heading\" style=\"font-size:25px;font-style:normal;font-weight:600;text-transform:capitalize\">So installieren Sie es einfach<\/h2>\n\n\n\n<ul class=\"wp-block-list\">\n<li>Schneiden Sie das schwarze Aluminium-U-Profil auf die richtige L\u00e4nge.<\/li>\n\n\n\n<li>Verwenden Sie Schrauben oder Montageclips, um das Oberfl\u00e4chenprofil an Ort und Stelle zu halten.<\/li>\n\n\n\n<li>Legen Sie Ihren 10mm breiten LED-Streifen in das Profil.<\/li>\n\n\n\n<li>Um das Licht weicher zu machen und zu streuen, setzen Sie die Diffusorabdeckung auf.<\/li>\n\n\n\n<li>Um das Aussehen abzurunden und die Kabel zu sch\u00fctzen, setzen Sie die Endkappen auf.<\/li>\n<\/ul>\n<\/div><figure class=\"wp-block-media-text__media\"><img loading=\"lazy\" decoding=\"async\" width=\"500\" height=\"500\" src=\"https:\/\/tangooled.com\/wp-content\/uploads\/2026\/01\/ifp03-ins.webp\" alt=\"schwarzes Aluminium-U-Profil f\u00fcr 10mm LED-Streifen\" class=\"wp-image-44687 size-full\" srcset=\"https:\/\/tangooled.com\/wp-content\/uploads\/2026\/01\/ifp03-ins.webp 500w, https:\/\/tangooled.com\/wp-content\/uploads\/2026\/01\/ifp03-ins-300x300.webp 300w, https:\/\/tangooled.com\/wp-content\/uploads\/2026\/01\/ifp03-ins-150x150.webp 150w\" sizes=\"auto, (max-width: 500px) 100vw, 500px\" \/><\/figure><\/div>\n<\/div><\/div>\n\n\n\n<div class=\"wp-block-group has-background\" style=\"background-color:#f2f2f2;padding-top:var(--wp--preset--spacing--80);padding-bottom:var(--wp--preset--spacing--80)\"><div class=\"wp-block-group__inner-container is-layout-constrained wp-block-group-is-layout-constrained\">\n<h2 class=\"wp-block-heading\" style=\"padding-top:var(--wp--preset--spacing--40);padding-bottom:var(--wp--preset--spacing--40);font-size:25px;font-style:normal;font-weight:600;text-transform:capitalize\">Wo kann es verwendet werden?<\/h2>\n\n\n\n<p>Unser schwarzes Aluminium-U-Profil kann an vielen verschiedenen Beleuchtungsorten eingesetzt werden! Hier sind einige Vorschl\u00e4ge:<\/p>\n\n\n\n<ul class=\"wp-block-list\">\n<li>Beleuchtung unter dem Schrank: Machen Sie die K\u00fcche oder das B\u00fcro heller und halten Sie es sauber.<\/li>\n\n\n\n<li>Nischenbeleuchtung: W\u00e4nde oder Decken subtil beleuchten.<\/li>\n\n\n\n<li>Regalbeleuchtung: B\u00fccher oder andere Dinge hervorheben.<\/li>\n\n\n\n<li>Lights in the closet and wardrobe:\u00a0 Make it easy to\u00a0find things.<\/li>\n\n\n\n<li>Vitrinen: Halten Sie Ihre Lieblingsdinge sicher und gut beleuchtet.<\/li>\n<\/ul>\n<\/div><\/div>\n\n\n\n<div class=\"wp-block-group\" style=\"padding-top:var(--wp--preset--spacing--80);padding-bottom:var(--wp--preset--spacing--80)\"><div class=\"wp-block-group__inner-container is-layout-constrained wp-block-group-is-layout-constrained\">\n<h2 class=\"wp-block-heading\" style=\"padding-top:var(--wp--preset--spacing--40);padding-bottom:var(--wp--preset--spacing--40);font-size:25px;font-style:normal;font-weight:600;text-transform:capitalize\">what&#8217;s in a kit?<\/h2>\n\n\n\n<ul class=\"wp-block-list\">\n<li>1 x schwarzes Aluminium-U-Profil<\/li>\n\n\n\n<li>1 x opal mattierter Diffusor<\/li>\n\n\n\n<li>2 Endkappen <\/li>\n\n\n\n<li>2 Montageclips <\/li>\n<\/ul>\n<\/div><\/div>\n\n\n\n<div class=\"wp-block-group has-background\" style=\"background-color:#f2f2f2f2;padding-top:var(--wp--preset--spacing--80);padding-bottom:var(--wp--preset--spacing--80)\"><div class=\"wp-block-group__inner-container is-layout-constrained wp-block-group-is-layout-constrained\">\n<h2 class=\"wp-block-heading\" style=\"font-size:25px;font-style:normal;font-weight:600\">\u00c4hnliche LED-Profile, die Ihnen gefallen k\u00f6nnten<\/h2>\n\n\n\n<ul class=\"wp-block-list\">\n<li>Schauen Sie sich das an <a href=\"https:\/\/tangooled.com\/de\/product\/black-led-profile-with-black-diffuser-for-10mm-led-strip-light\/\"><mark style=\"background-color:rgba(0, 0, 0, 0)\" class=\"has-inline-color has-vivid-red-color\">Schwarzes LED-Profil mit schwarzem Diffusor f\u00fcr 10mm LED-Streifen <\/mark><\/a>f\u00fcr weitere Stiloptionen.<\/li>\n\n\n\n<li>Brauchen Sie eine breitere Option? Sehen Sie die<a href=\"https:\/\/tangooled.com\/de\/product\/black-led-diffuser-aluminum-channel-for-12mm-tape-lights\/\"><mark style=\"background-color:rgba(0, 0, 0, 0)\" class=\"has-inline-color has-vivid-red-color\"> Schwarzes LED-Diffusor-Aluminiumprofil f\u00fcr 12 mm Tape-Lights<\/mark><\/a>.<\/li>\n\n\n\n<li>Entdecken <a href=\"https:\/\/tangooled.com\/de\/product\/led-strip-light-channel-aluminum-profile-with-diffused-cover-6mm-height\/\"><mark style=\"background-color:rgba(0, 0, 0, 0)\" class=\"has-inline-color has-vivid-red-color\">LED-Streifenlicht-Kanal-Aluminiumprofil mit diffuser Abdeckung 6mm H\u00f6he<\/mark><\/a> f\u00fcr vielseitige Installationen.<\/li>\n\n\n\n<li>F\u00fcr ultra-schlanke Designs erkunden Sie die <a href=\"https:\/\/tangooled.com\/de\/product\/surface-mount-led-profile-with-frosted-diffuser-for-10mm-rope-lights\/\"><mark style=\"background-color:rgba(0, 0, 0, 0)\" class=\"has-inline-color has-vivid-red-color\">Oberfl\u00e4chenmontage-LED-Profil mit mattem Diffusor f\u00fcr 10mm Seillichter<\/mark><\/a> um Ihre Beleuchtung b\u00fcndig und raffiniert zu halten.<\/li>\n<\/ul>\n<\/div><\/div>\n\n\n\n<div class=\"wp-block-group\" style=\"padding-top:var(--wp--preset--spacing--80);padding-bottom:var(--wp--preset--spacing--80)\"><div class=\"wp-block-group__inner-container is-layout-constrained wp-block-group-is-layout-constrained\">\n<h2 class=\"wp-block-heading\" style=\"padding-top:var(--wp--preset--spacing--40);padding-bottom:var(--wp--preset--spacing--40);font-size:25px;font-style:normal;font-weight:600;text-transform:capitalize\">Zusammenfassung<\/h2>\n\n\n\n<p>Our black aluminum U channel is the best way to\u00a0display\u00a0your 10mm LED profile strips in a clean, safe style. It has a smooth black finish, makes your lights last longer, and covers surface-mount LED strips so they glow evenly. Get the black aluminum U channel profile for 10mm LED strips today and let your project glow with smooth, bright light!<\/p>\n<\/div><\/div>\n\n\n\n<p><\/p>","protected":false},"featured_media":40747,"template":"","meta":{"_acf_changed":true,"_seopress_robots_primary_cat":"none","_seopress_titles_title":"Black Aluminum U Channel for 10mm LED Strips | TANGOOLED","_seopress_titles_desc":"Source the IFP03 black aluminum U channel profile. Perfect for 10mm LED strips, offering a sleek housing and excellent heat dissipation for modern lighting projects.","_seopress_robots_index":""},"pcb-width":[228],"product-cat":[192],"class_list":{"0":"post-44685","1":"product","2":"type-product","3":"status-publish","4":"has-post-thumbnail","6":"pcb-width-6-12mm","7":"product-cat-surface-led-profile"},"acf":[],"_links":{"self":[{"href":"https:\/\/tangooled.com\/de\/wp-json\/wp\/v2\/product\/44685","targetHints":{"allow":["GET"]}}],"collection":[{"href":"https:\/\/tangooled.com\/de\/wp-json\/wp\/v2\/product"}],"about":[{"href":"https:\/\/tangooled.com\/de\/wp-json\/wp\/v2\/types\/product"}],"wp:featuredmedia":[{"embeddable":true,"href":"https:\/\/tangooled.com\/de\/wp-json\/wp\/v2\/media\/40747"}],"wp:attachment":[{"href":"https:\/\/tangooled.com\/de\/wp-json\/wp\/v2\/media?parent=44685"}],"wp:term":[{"taxonomy":"pcb-width","embeddable":true,"href":"https:\/\/tangooled.com\/de\/wp-json\/wp\/v2\/pcb-width?post=44685"},{"taxonomy":"product-cat","embeddable":true,"href":"https:\/\/tangooled.com\/de\/wp-json\/wp\/v2\/product-cat?post=44685"}],"curies":[{"name":"wp","href":"https:\/\/api.w.org\/{rel}","templated":true}]}}