{"id":44683,"date":"2026-01-03T01:46:21","date_gmt":"2026-01-03T09:46:21","guid":{"rendered":"https:\/\/tangooled.com\/?post_type=product&#038;p=44683"},"modified":"2026-01-31T07:33:26","modified_gmt":"2026-01-31T15:33:26","slug":"surface-mount-led-profile-with-frosted-diffuser-for-10mm-rope-lights","status":"publish","type":"product","link":"https:\/\/tangooled.com\/de\/product\/surface-mount-led-profile-with-frosted-diffuser-for-10mm-rope-lights\/","title":{"rendered":"Oberfl\u00e4chenmontage-LED-Profil mit satiniertem Diffusor f\u00fcr 10 mm breite Seillichter"},"content":{"rendered":"<div class=\"wp-block-group\" style=\"padding-top:var(--wp--preset--spacing--80);padding-bottom:var(--wp--preset--spacing--80)\"><div class=\"wp-block-group__inner-container is-layout-constrained wp-block-group-is-layout-constrained\">\n<p>Unser FP04-LED-Profil zur Oberfl\u00e4chenmontage mit satiniertem Diffusor l\u00e4sst Ihre LED-Lichter hell und gleichm\u00e4\u00dfig strahlen. Dieser satinierte Diffusor-Aluminiumkanal ist speziell f\u00fcr 10 mm Seillichter und LED-Streifen konzipiert und sorgt f\u00fcr einen passgenauen Sitz f\u00fcr die lineare Beleuchtung. Der satinierte Diffusor sch\u00fctzt den LED-Streifen, erm\u00f6glicht eine bessere W\u00e4rmeabgabe und sorgt f\u00fcr weiches, gleichm\u00e4\u00dfiges, punktfreies Licht. Die Installation ist einfach und unkompliziert. Sie k\u00f6nnen Clips oder Klebeband verwenden, um es auf einer Oberfl\u00e4che zu montieren. Das Profil eignet sich hervorragend zur Beleuchtung von Decken, W\u00e4nden oder unter Schr\u00e4nken.<\/p>\n<\/div><\/div>\n\n\n\n<div class=\"wp-block-group has-background\" style=\"background-color:#f2f2f2f2;padding-top:var(--wp--preset--spacing--80);padding-bottom:var(--wp--preset--spacing--80)\"><div class=\"wp-block-group__inner-container is-layout-constrained wp-block-group-is-layout-constrained\">\n<div class=\"wp-block-group is-vertical is-layout-flex wp-container-core-group-is-layout-8cf370e7 wp-block-group-is-layout-flex\">\n<h2 class=\"wp-block-heading\" style=\"padding-top:var(--wp--preset--spacing--40);padding-bottom:var(--wp--preset--spacing--40);font-size:25px;font-style:normal;font-weight:600;text-transform:capitalize\">Warum unser LED-Profil mit satiniertem Diffusor w\u00e4hlen?<\/h2>\n\n\n\n<ul class=\"wp-block-list\">\n<li>Gleichm\u00e4\u00dfiges, sanftes Licht: Der opale (satinierten) Diffusor l\u00e4sst die LED-Punkte wie eine helle Linie erscheinen.<\/li>\n\n\n\n<li>Robustes Aluminiumgeh\u00e4use: Das anodisierte Aluminiumgeh\u00e4use ist von hoher Qualit\u00e4t und wirkt als W\u00e4rmesenke. Es h\u00e4lt Ihre LED-Streifen k\u00fchl und verl\u00e4ngert deren Lebensdauer.<\/li>\n\n\n\n<li>Perfekte Passform: Diese sind f\u00fcr LED-Streifen und Seillichter mit einer Breite von 10 mm konzipiert, wie die beliebten SMD 5050, 2835, 3528 und COB.<\/li>\n\n\n\n<li>Einfach zu montieren: Es wird mit Clips, Schrauben und Endkappen geliefert, sodass Sie es auf flachen Oberfl\u00e4chen wie W\u00e4nden oder hinter Schr\u00e4nken installieren k\u00f6nnen.<\/li>\n\n\n\n<li>Verschiedene Farben: Sie k\u00f6nnen aus silbernen, schwarzen oder wei\u00dfen Oberfl\u00e4chen w\u00e4hlen, um den Stil Ihres Zuhauses oder Projekts zu erg\u00e4nzen.<\/li>\n<\/ul>\n<\/div>\n<\/div><\/div>\n\n\n\n<div class=\"wp-block-group\" style=\"padding-top:var(--wp--preset--spacing--80);padding-bottom:var(--wp--preset--spacing--80)\"><div class=\"wp-block-group__inner-container is-layout-constrained wp-block-group-is-layout-constrained\">\n<div class=\"wp-block-media-text has-media-on-the-right is-stacked-on-mobile\" style=\"padding-top:0;padding-bottom:0;grid-template-columns:auto 40%\"><div class=\"wp-block-media-text__content\">\n<h2 class=\"wp-block-heading\" style=\"font-size:25px;font-style:normal;font-weight:600;text-transform:capitalize\">Einfaches Installationshandbuch<\/h2>\n\n\n\n<ul class=\"wp-block-list\">\n<li>Schneiden und messen Sie das Profil auf die gew\u00fcnschte L\u00e4nge.<\/li>\n\n\n\n<li>Befestigen Sie die sicheren Mont clips an Ihrer Decke, Wand oder Ihrem Schrank.<\/li>\n\n\n\n<li>Setzen Sie das Aluminiumprofil in die Clips ein.<\/li>\n\n\n\n<li>Legen Sie Ihren LED-Streifen oder 10 mm Seillicht in den Kanal.<\/li>\n\n\n\n<li>Um das Licht gleichm\u00e4\u00dfig zu verteilen, setzen Sie den satinierte Diffusor oben auf.<\/li>\n\n\n\n<li>Setzen Sie die Endkappen auf, um eine saubere Installation abzuschlie\u00dfen.<\/li>\n<\/ul>\n<\/div><figure class=\"wp-block-media-text__media\"><img loading=\"lazy\" decoding=\"async\" width=\"500\" height=\"500\" src=\"https:\/\/tangooled.com\/wp-content\/uploads\/2026\/01\/fp04-ins.webp\" alt=\"Oberfl\u00e4chenmontage-LED-Profil mit satiniertem Diffusor f\u00fcr 10 mm breite Seillichter\" class=\"wp-image-44684 size-full\" srcset=\"https:\/\/tangooled.com\/wp-content\/uploads\/2026\/01\/fp04-ins.webp 500w, https:\/\/tangooled.com\/wp-content\/uploads\/2026\/01\/fp04-ins-300x300.webp 300w, https:\/\/tangooled.com\/wp-content\/uploads\/2026\/01\/fp04-ins-150x150.webp 150w\" sizes=\"auto, (max-width: 500px) 100vw, 500px\" \/><\/figure><\/div>\n<\/div><\/div>\n\n\n\n<div class=\"wp-block-group has-background\" style=\"background-color:#f2f2f2;padding-top:var(--wp--preset--spacing--80);padding-bottom:var(--wp--preset--spacing--80)\"><div class=\"wp-block-group__inner-container is-layout-constrained wp-block-group-is-layout-constrained\">\n<h2 class=\"wp-block-heading\" style=\"padding-top:var(--wp--preset--spacing--40);padding-bottom:var(--wp--preset--spacing--40);font-size:25px;font-style:normal;font-weight:600;text-transform:capitalize\">Was ist enthalten?<\/h2>\n\n\n\n<ul class=\"wp-block-list\">\n<li>Aluminium-LED-Profilkanal<\/li>\n\n\n\n<li>Snap-on satinierten Diffusor&nbsp;<\/li>\n\n\n\n<li>Montageclips und Schrauben&nbsp;<\/li>\n\n\n\n<li>Endkappen (eine mit einem Loch f\u00fcr einen Draht und eine solide)<\/li>\n<\/ul>\n<\/div><\/div>\n\n\n\n<div class=\"wp-block-group\" style=\"padding-top:var(--wp--preset--spacing--80);padding-bottom:var(--wp--preset--spacing--80)\"><div class=\"wp-block-group__inner-container is-layout-constrained wp-block-group-is-layout-constrained\">\n<h2 class=\"wp-block-heading\" style=\"padding-top:var(--wp--preset--spacing--40);padding-bottom:var(--wp--preset--spacing--40);font-size:25px;font-style:normal;font-weight:600;text-transform:capitalize\">Wo k\u00f6nnen Sie dieses LED-Profil zur Oberfl\u00e4chenmontage verwenden?<\/h2>\n\n\n\n<ul class=\"wp-block-list\">\n<li>Die Unterbaubeleuchtung ist ideal f\u00fcr K\u00fcchenregale und -theken.<\/li>\n\n\n\n<li>Beleuchtung f\u00fcr Kleiderschr\u00e4nke und Schr\u00e4nke hellt dunkle Lagerbereiche auf.&nbsp;<\/li>\n\n\n\n<li>Cove- und Deckenakzentbeleuchtung verleiht den R\u00e4umen weiches, indirektes Licht.&nbsp;<\/li>\n\n\n\n<li>Einzelhandelsanzeigen nutzen gleichm\u00e4\u00dfiges Licht, um Produkte hervorzuheben.&nbsp;<\/li>\n\n\n\n<li>Beleuchtung f\u00fcr B\u00fccherregale und Treppen sorgt f\u00fcr Stil und Sicherheit mit einem linearen Glanz.<\/li>\n<\/ul>\n<\/div><\/div>\n\n\n\n<div class=\"wp-block-group has-background\" style=\"background-color:#f2f2f2f2;padding-top:var(--wp--preset--spacing--80);padding-bottom:var(--wp--preset--spacing--80)\"><div class=\"wp-block-group__inner-container is-layout-constrained wp-block-group-is-layout-constrained\">\n<h2 class=\"wp-block-heading\" style=\"font-size:25px;font-style:normal;font-weight:600\">Verwandte interne Links<\/h2>\n\n\n\n<ul class=\"wp-block-list\">\n<li>Schauen Sie sich das an <a href=\"https:\/\/tangooled.com\/de\/product\/black-led-profile-with-black-diffuser-for-10mm-led-strip-light\/\"><mark style=\"background-color:rgba(0, 0, 0, 0)\" class=\"has-inline-color has-vivid-red-color\">schwarzes LED-Profil mit schwarzem Diffusor f\u00fcr 10mm LED-Streifen<\/mark><\/a> \u2014 great if you want a dark finish.<\/li>\n\n\n\n<li>F\u00fcr schlankere Profile sehen Sie die <a href=\"https:\/\/tangooled.com\/de\/product\/led-strip-light-channel-aluminum-profile-with-diffused-cover-6mm-height\/\"><mark style=\"background-color:rgba(0, 0, 0, 0)\" class=\"has-inline-color has-vivid-red-color\">Aluminiumprofil f\u00fcr LED-Streifen mit diffundierender Abdeckung, H\u00f6he 6 mm<\/mark><\/a>.<\/li>\n\n\n\n<li>F\u00fcr die Beleuchtung von Schr\u00e4nken probieren Sie den <a href=\"https:\/\/tangooled.com\/de\/product\/cabinet-led-strip-channel-with-diffuser-for-double-led-strips\/\"><mark style=\"background-color:rgba(0, 0, 0, 0)\" class=\"has-inline-color has-vivid-red-color\">LED-Streifenkanal mit Diffusor f\u00fcr doppelte LED-Streifen<\/mark><\/a>.<\/li>\n\n\n\n<li>Entdecken Sie weitere Profile wie das <a href=\"https:\/\/tangooled.com\/de\/product\/25x6mm-low-profile-led-strip-channel-for-10mm-led-strip-light\/\"><mark style=\"background-color:rgba(0, 0, 0, 0)\" class=\"has-inline-color has-vivid-red-color\">25x6mm flaches LED-Streifenprofil f\u00fcr 10 mm LED-Streifenlicht.<\/mark><\/a><\/li>\n<\/ul>\n<\/div><\/div>\n\n\n\n<div class=\"wp-block-group\" style=\"padding-top:var(--wp--preset--spacing--80);padding-bottom:var(--wp--preset--spacing--80)\"><div class=\"wp-block-group__inner-container is-layout-constrained wp-block-group-is-layout-constrained\">\n<h2 class=\"wp-block-heading\" style=\"padding-top:var(--wp--preset--spacing--40);padding-bottom:var(--wp--preset--spacing--40);font-size:25px;font-style:normal;font-weight:600;text-transform:capitalize\">Zusammenfassung<\/h2>\n\n\n\n<p>Our surface mount LED profile with frosted diffuser for 10mm rope lights is a great way to make your LED strip lighting look better and last longer. It spreads light evenly, reduces heat, and is easy to install, so it&#8217;s great for both residential and business projects.<\/p>\n<\/div><\/div>\n\n\n\n<p><\/p>","protected":false},"featured_media":13301,"template":"","meta":{"_acf_changed":true,"_seopress_robots_primary_cat":"none","_seopress_titles_title":"LED Profile with Frosted Diffuser | Surface Mount | TANGOOLED","_seopress_titles_desc":"Source the FP04 surface mount LED profile with frosted diffuser. Designed for 10mm rope lights to provide smooth, dot-free illumination for modern interiors.","_seopress_robots_index":""},"pcb-width":[228],"product-cat":[192],"class_list":{"0":"post-44683","1":"product","2":"type-product","3":"status-publish","4":"has-post-thumbnail","6":"pcb-width-6-12mm","7":"product-cat-surface-led-profile"},"acf":[],"_links":{"self":[{"href":"https:\/\/tangooled.com\/de\/wp-json\/wp\/v2\/product\/44683","targetHints":{"allow":["GET"]}}],"collection":[{"href":"https:\/\/tangooled.com\/de\/wp-json\/wp\/v2\/product"}],"about":[{"href":"https:\/\/tangooled.com\/de\/wp-json\/wp\/v2\/types\/product"}],"wp:featuredmedia":[{"embeddable":true,"href":"https:\/\/tangooled.com\/de\/wp-json\/wp\/v2\/media\/13301"}],"wp:attachment":[{"href":"https:\/\/tangooled.com\/de\/wp-json\/wp\/v2\/media?parent=44683"}],"wp:term":[{"taxonomy":"pcb-width","embeddable":true,"href":"https:\/\/tangooled.com\/de\/wp-json\/wp\/v2\/pcb-width?post=44683"},{"taxonomy":"product-cat","embeddable":true,"href":"https:\/\/tangooled.com\/de\/wp-json\/wp\/v2\/product-cat?post=44683"}],"curies":[{"name":"wp","href":"https:\/\/api.w.org\/{rel}","templated":true}]}}