{"id":44679,"date":"2026-01-03T01:39:43","date_gmt":"2026-01-03T09:39:43","guid":{"rendered":"https:\/\/tangooled.com\/?post_type=product&#038;p=44679"},"modified":"2026-01-29T17:30:56","modified_gmt":"2026-01-30T01:30:56","slug":"led-strip-light-channel-aluminum-profile-with-diffused-cover-6mm-height","status":"publish","type":"product","link":"https:\/\/tangooled.com\/de\/product\/led-strip-light-channel-aluminum-profile-with-diffused-cover-6mm-height\/","title":{"rendered":"Aluminiumprofil f\u00fcr LED-Streifen mit diffundierender Abdeckung, H\u00f6he 6 mm"},"content":{"rendered":"<div class=\"wp-block-group\" style=\"padding-top:var(--wp--preset--spacing--80);padding-bottom:var(--wp--preset--spacing--80)\"><div class=\"wp-block-group__inner-container is-layout-constrained wp-block-group-is-layout-constrained\">\n<p>Unser ultra-schlanker LED-Streifenkanal FP03 mit diffundierender Abdeckung verbessert Ihre Beleuchtung. Dieses d\u00fcnne Aluminiumprofil ist f\u00fcr LED-Streifen geeignet, die bis zu 10 mm breit sind. Es ist nur 6,0 mm hoch und 15,2 mm breit an der Au\u00dfenseite, und es hat einen inneren Kanal von 11,2 mm, der es erm\u00f6glicht, niedrig zu sitzen. Der starke Aluminiumkanal und die diffundierende Abdeckung sch\u00fctzen den Streifen, helfen ihm, schneller abzuk\u00fchlen, und sorgen daf\u00fcr, dass das Licht sanft, gleichm\u00e4\u00dfig und punktfrei ist. Sie k\u00f6nnen diesen Kanal ganz einfach durch Schrauben oder Kleben an jeder flachen Oberfl\u00e4che installieren. Dies macht ihn sehr flexibel. Dieser Kanal ist eine hervorragende Wahl f\u00fcr Wohnungen, Unternehmen oder Einzelh\u00e4ndler, die eine lineare Beleuchtung w\u00fcnschen, die sauber, modern und von hoher Qualit\u00e4t aussieht.<\/p>\n<\/div><\/div>\n\n\n\n<div class=\"wp-block-group has-background\" style=\"background-color:#f2f2f2f2;padding-top:var(--wp--preset--spacing--80);padding-bottom:var(--wp--preset--spacing--80)\"><div class=\"wp-block-group__inner-container is-layout-constrained wp-block-group-is-layout-constrained\">\n<div class=\"wp-block-group is-vertical is-layout-flex wp-container-core-group-is-layout-8cf370e7 wp-block-group-is-layout-flex\">\n<h2 class=\"wp-block-heading\" style=\"padding-top:var(--wp--preset--spacing--40);padding-bottom:var(--wp--preset--spacing--40);font-size:25px;font-style:normal;font-weight:600;text-transform:capitalize\">Warum sollten Sie unseren LED-Streifenkanal mit diffundierender Abdeckung w\u00e4hlen?<\/h2>\n\n\n\n<ul class=\"wp-block-list\">\n<li>Slim Design: Only 6mm tall, so it&#8217;s great for places where you want tidy, clean lighting.<\/li>\n\n\n\n<li>Der K\u00fchlk\u00f6rper besteht aus 6063-Aluminium. Er h\u00e4lt Ihre LED-Streifen k\u00fchl, damit sie l\u00e4nger halten.<\/li>\n\n\n\n<li>Sanftes Licht: Die matte Polycarbonatabdeckung macht das Licht sanfter, sodass es keine hellen Punkte gibt, sondern einen sch\u00f6nen Glanz.<\/li>\n\n\n\n<li>Sch\u00fctzt Ihre LEDs: H\u00e4lt Schmutz und Staub von Ihren LED-Streifen fern.<\/li>\n\n\n\n<li>Einfach zu verwenden: Es kommt mit Clips und Endkappen, die die Installation erleichtern.<\/li>\n\n\n\n<li>Kompatibel mit den meisten Streifen: Entwickelt f\u00fcr LED-Streifen, die 10 bis 12 mm breit sind.<\/li>\n<\/ul>\n<\/div>\n<\/div><\/div>\n\n\n\n<div class=\"wp-block-group\" style=\"padding-top:var(--wp--preset--spacing--80);padding-bottom:var(--wp--preset--spacing--80)\"><div class=\"wp-block-group__inner-container is-layout-constrained wp-block-group-is-layout-constrained\">\n<div class=\"wp-block-media-text has-media-on-the-right is-stacked-on-mobile\" style=\"padding-top:0;padding-bottom:0;grid-template-columns:auto 40%\"><div class=\"wp-block-media-text__content\">\n<h2 class=\"wp-block-heading\" style=\"font-size:25px;font-style:normal;font-weight:600;text-transform:capitalize\">So installieren Sie Ihren LED-Streifenkanal mit diffundierender Abdeckung<\/h2>\n\n\n\n<ul class=\"wp-block-list\">\n<li>\u00dcberpr\u00fcfen Sie die Breite Ihres LED-Streifens, um sicherzustellen, dass er in den Kanal passt (nicht breiter als 10 mm).<\/li>\n\n\n\n<li>Verwenden Sie Montagclips, um das Aluminiumprofil an Oberfl\u00e4chen zu befestigen.<\/li>\n\n\n\n<li>Legen Sie den LED-Streifen in den Kanal. Die klebrige R\u00fcckseite h\u00e4lt ihn an Ort und Stelle.<\/li>\n\n\n\n<li>Um den Vorgang abzuschlie\u00dfen, klicken oder schieben Sie die matte Diffusorenabdeckung auf.<\/li>\n\n\n\n<li>Verwenden Sie Endkappen, um die Enden zu schlie\u00dfen.<\/li>\n<\/ul>\n<\/div><figure class=\"wp-block-media-text__media\"><img loading=\"lazy\" decoding=\"async\" width=\"500\" height=\"500\" src=\"https:\/\/tangooled.com\/wp-content\/uploads\/2026\/01\/fp03-ins.webp\" alt=\"schwarzer LED-Diffusor-Aluminiumkanal f\u00fcr 12 mm breite Lichtb\u00e4nder\" class=\"wp-image-44680 size-full\" srcset=\"https:\/\/tangooled.com\/wp-content\/uploads\/2026\/01\/fp03-ins.webp 500w, https:\/\/tangooled.com\/wp-content\/uploads\/2026\/01\/fp03-ins-300x300.webp 300w, https:\/\/tangooled.com\/wp-content\/uploads\/2026\/01\/fp03-ins-150x150.webp 150w\" sizes=\"auto, (max-width: 500px) 100vw, 500px\" \/><\/figure><\/div>\n<\/div><\/div>\n\n\n\n<div class=\"wp-block-group has-background\" style=\"background-color:#f2f2f2;padding-top:var(--wp--preset--spacing--80);padding-bottom:var(--wp--preset--spacing--80)\"><div class=\"wp-block-group__inner-container is-layout-constrained wp-block-group-is-layout-constrained\">\n<h2 class=\"wp-block-heading\" style=\"padding-top:var(--wp--preset--spacing--40);padding-bottom:var(--wp--preset--spacing--40);font-size:25px;font-style:normal;font-weight:600;text-transform:capitalize\">Wo k\u00f6nnen Sie diesen LED-Streifenkanal mit diffundierender Abdeckung verwenden?<\/h2>\n\n\n\n<ul class=\"wp-block-list\">\n<li>Beleuchtung f\u00fcr die K\u00fcche und unter den Schr\u00e4nken: Nutzen Sie klares, sanftes Licht, das in kleine R\u00e4ume passt, um Ihre Arbeitsfl\u00e4chen aufzuhellen.<\/li>\n\n\n\n<li>Ausstellungsst\u00fccke und Regale: Ideal f\u00fcr Glas- oder Holzregale, dieses Licht hebt Produkte mit brillantem, konstantem Licht und elegantem Stil hervor.<\/li>\n\n\n\n<li>Beleuchtung f\u00fcr M\u00f6belverbindungen: Sie k\u00f6nnen Ihr Licht in B\u00fccherregalen, Tischen oder Kleiderschr\u00e4nken einbauen, um sie gut aussehen und gut funktionieren zu lassen.<\/li>\n\n\n\n<li>Cove- und Akzentlichter: F\u00fcgen Sie sanfte, diskrete Lichlinien zu W\u00e4nden oder Decken hinzu, um Ihren Raum frisch und modern wirken zu lassen.<\/li>\n<\/ul>\n<\/div><\/div>\n\n\n\n<div class=\"wp-block-group\" style=\"padding-top:var(--wp--preset--spacing--80);padding-bottom:var(--wp--preset--spacing--80)\"><div class=\"wp-block-group__inner-container is-layout-constrained wp-block-group-is-layout-constrained\">\n<h2 class=\"wp-block-heading\" style=\"padding-top:var(--wp--preset--spacing--40);padding-bottom:var(--wp--preset--spacing--40);font-size:25px;font-style:normal;font-weight:600;text-transform:capitalize\">What\u2019s Inside the Box?<\/h2>\n\n\n\n<ul class=\"wp-block-list\">\n<li>1x Aluminium-LED-Streifenkanal (Sie k\u00f6nnen die L\u00e4nge w\u00e4hlen)&nbsp;<\/li>\n\n\n\n<li>1x matte Diffusorenabdeckung&nbsp;<\/li>\n\n\n\n<li>2x Montagclips f\u00fcr jeden Meter<\/li>\n\n\n\n<li>2x Endkappen (eine mit einem Loch f\u00fcr Dr\u00e4hte und eine solide) <\/li>\n<\/ul>\n<\/div><\/div>\n\n\n\n<div class=\"wp-block-group has-background\" style=\"background-color:#f2f2f2f2;padding-top:var(--wp--preset--spacing--40);padding-bottom:var(--wp--preset--spacing--40)\"><div class=\"wp-block-group__inner-container is-layout-constrained wp-block-group-is-layout-constrained\">\n<p style=\"padding-right:var(--wp--preset--spacing--50);padding-left:var(--wp--preset--spacing--50)\">Dieser LED-Streifenkanal mit diffundierender Abdeckung ist eine hervorragende Wahl f\u00fcr Ihre schlanken LED-Bandanwendungen. Er h\u00e4lt Dinge sicher, k\u00fchlt sie ab und sorgt f\u00fcr sanftes, helles Licht. Dieses Produkt ist einfach zu installieren und bietet professionelle Beleuchtung f\u00fcr Schr\u00e4nke, Regale oder M\u00f6bel.<\/p>\n<\/div><\/div>\n\n\n\n<p><\/p>","protected":false},"featured_media":13249,"template":"","meta":{"_acf_changed":true,"_seopress_robots_primary_cat":"none","_seopress_titles_title":"LED Strip Channel with Diffused Cover | 6mm Ultra-Slim | TANGOOLED","_seopress_titles_desc":"Source the FP03 LED strip channel with diffused cover. Features a 6mm ultra-slim aluminum profile for discrete surface mounting in furniture and cabinets.","_seopress_robots_index":""},"pcb-width":[228],"product-cat":[192],"class_list":{"0":"post-44679","1":"product","2":"type-product","3":"status-publish","4":"has-post-thumbnail","6":"pcb-width-6-12mm","7":"product-cat-surface-led-profile"},"acf":[],"_links":{"self":[{"href":"https:\/\/tangooled.com\/de\/wp-json\/wp\/v2\/product\/44679","targetHints":{"allow":["GET"]}}],"collection":[{"href":"https:\/\/tangooled.com\/de\/wp-json\/wp\/v2\/product"}],"about":[{"href":"https:\/\/tangooled.com\/de\/wp-json\/wp\/v2\/types\/product"}],"wp:featuredmedia":[{"embeddable":true,"href":"https:\/\/tangooled.com\/de\/wp-json\/wp\/v2\/media\/13249"}],"wp:attachment":[{"href":"https:\/\/tangooled.com\/de\/wp-json\/wp\/v2\/media?parent=44679"}],"wp:term":[{"taxonomy":"pcb-width","embeddable":true,"href":"https:\/\/tangooled.com\/de\/wp-json\/wp\/v2\/pcb-width?post=44679"},{"taxonomy":"product-cat","embeddable":true,"href":"https:\/\/tangooled.com\/de\/wp-json\/wp\/v2\/product-cat?post=44679"}],"curies":[{"name":"wp","href":"https:\/\/api.w.org\/{rel}","templated":true}]}}