{"id":44676,"date":"2026-01-03T01:31:00","date_gmt":"2026-01-03T09:31:00","guid":{"rendered":"https:\/\/tangooled.com\/?post_type=product&#038;p=44676"},"modified":"2026-01-29T23:29:11","modified_gmt":"2026-01-30T07:29:11","slug":"black-led-diffuser-aluminum-channel-for-12mm-tape-lights","status":"publish","type":"product","link":"https:\/\/tangooled.com\/de\/product\/black-led-diffuser-aluminum-channel-for-12mm-tape-lights\/","title":{"rendered":"schwarzes LED-Diffusor-Aluminiumprofil f\u00fcr 12mm LED-B\u00e4nder"},"content":{"rendered":"<div class=\"wp-block-group\" style=\"padding-top:var(--wp--preset--spacing--80);padding-bottom:var(--wp--preset--spacing--80)\"><div class=\"wp-block-group__inner-container is-layout-constrained wp-block-group-is-layout-constrained\">\n<p>Unser schwarzer Diffusor-LED-Kanal f\u00fcr 12-mm-Streifen ist eine hervorragende Wahl f\u00fcr modernes lineares Licht. Die Au\u00dfenseite dieses starken Aluminiumprofils ist 17,2 mm breit und 15,3 mm hoch, w\u00e4hrend die Innenseite 12,2 mm betr\u00e4gt, was zu den meisten 12-mm-Bandlichtern passt. Es sch\u00fctzt Ihre LED-Streifen und ist wichtig f\u00fcr die K\u00fchlung, was ihre Lebensdauer verl\u00e4ngert. Dieser Kanal l\u00e4sst sich einfach auf jeder glatten Oberfl\u00e4che mit Klebeband oder Montageclips anbringen. Der rauchige schwarze Diffusor sorgt f\u00fcr einen gleichm\u00e4\u00dfigen, sanften und gleichm\u00e4\u00dfigen Lichtaustritt. Dieser schwarze LED-Kanal hilft Ihnen, intelligente Lichter zu installieren, die schlank, sauber und elegant aussehen.<\/p>\n<\/div><\/div>\n\n\n\n<div class=\"wp-block-group has-background\" style=\"background-color:#f2f2f2f2;padding-top:var(--wp--preset--spacing--80);padding-bottom:var(--wp--preset--spacing--80)\"><div class=\"wp-block-group__inner-container is-layout-constrained wp-block-group-is-layout-constrained\">\n<div class=\"wp-block-group is-vertical is-layout-flex wp-container-core-group-is-layout-8cf370e7 wp-block-group-is-layout-flex\">\n<h2 class=\"wp-block-heading\" style=\"padding-top:var(--wp--preset--spacing--40);padding-bottom:var(--wp--preset--spacing--40);font-size:25px;font-style:normal;font-weight:600;text-transform:capitalize\">Warum unser schwarzen LED-Diffusor-Kanal f\u00fcr 12-mm-Bandlichter w\u00e4hlen?<\/h2>\n\n\n\n<ul class=\"wp-block-list\">\n<li>Passt perfekt zu 12-mm-LED-Streifenlichtern<\/li>\n\n\n\n<li>Starkes Aluminium h\u00e4lt die Lichter sicher und k\u00fchl<\/li>\n\n\n\n<li>Schwarze Oberfl\u00e4che sieht modern aus und passt in viele R\u00e4ume<\/li>\n\n\n\n<li>Der Diffusor sorgt f\u00fcr weiches und gleichm\u00e4\u00dfiges Licht<\/li>\n\n\n\n<li>Kann auf der Oberfl\u00e4che montiert oder b\u00fcndig verbaut werden f\u00fcr ordentliche Aufbauten<\/li>\n<\/ul>\n<\/div>\n\n\n\n<p style=\"padding-top:var(--wp--preset--spacing--40);padding-right:var(--wp--preset--spacing--50);padding-bottom:var(--wp--preset--spacing--40);padding-left:var(--wp--preset--spacing--50)\">Dieser schwarze LED-Diffusor-Aluminiumkanal l\u00e4sst Ihr Licht gleichm\u00e4\u00dfig strahlen. Das Profil f\u00fcr 12-mm-Bandlichter passt perfekt hinein. Die schwarze Oberfl\u00e4che verbirgt den Kanal und sorgt f\u00fcr einen stilvollen Raum. Montieren Sie ihn an der Wand oder verstecken Sie ihn in Trockenbauw\u00e4nden f\u00fcr ein ordentliches Erscheinungsbild. Es handelt sich um einen Kanal zur Oberfl\u00e4chenmontage, sodass er \u00fcberall leicht hinzugef\u00fcgt werden kann.<\/p>\n<\/div><\/div>\n\n\n\n<div class=\"wp-block-group\" style=\"padding-top:var(--wp--preset--spacing--80);padding-bottom:var(--wp--preset--spacing--80)\"><div class=\"wp-block-group__inner-container is-layout-constrained wp-block-group-is-layout-constrained\">\n<div class=\"wp-block-media-text has-media-on-the-right is-stacked-on-mobile\" style=\"padding-top:0;padding-bottom:0;grid-template-columns:auto 40%\"><div class=\"wp-block-media-text__content\">\n<h2 class=\"wp-block-heading\" style=\"font-size:25px;font-style:normal;font-weight:600;text-transform:capitalize\">So installieren Sie Ihren schwarzen LED-Diffusor-Aluminiumkanal<\/h2>\n\n\n\n<ul class=\"wp-block-list\">\n<li>W\u00e4hlen Sie den Ort, an dem Sie ein ordentliches Licht w\u00fcnschen.<\/li>\n\n\n\n<li>Verwenden Sie die Clips, um den Aluminiumkanal direkt an Ihrer Oberfl\u00e4che zu befestigen.<\/li>\n\n\n\n<li>Setzen Sie Ihr 12-mm-LED-Bandlicht in den Kanal.<\/li>\n\n\n\n<li>Setzen Sie die schwarze Diffusorabdeckung auf. Das Licht wird sanft und gleichm\u00e4\u00dfig leuchten.<\/li>\n\n\n\n<li>F\u00fcr ein perfektes Finish f\u00fcgen Sie die Endkappen hinzu.<\/li>\n<\/ul>\n<\/div><figure class=\"wp-block-media-text__media\"><img loading=\"lazy\" decoding=\"async\" width=\"500\" height=\"500\" src=\"https:\/\/tangooled.com\/wp-content\/uploads\/2026\/01\/fp02-ins.webp\" alt=\"schwarzer LED-Diffusor-Aluminiumkanal f\u00fcr 12 mm breite Lichtb\u00e4nder\" class=\"wp-image-44677 size-full\" srcset=\"https:\/\/tangooled.com\/wp-content\/uploads\/2026\/01\/fp02-ins.webp 500w, https:\/\/tangooled.com\/wp-content\/uploads\/2026\/01\/fp02-ins-300x300.webp 300w, https:\/\/tangooled.com\/wp-content\/uploads\/2026\/01\/fp02-ins-150x150.webp 150w\" sizes=\"auto, (max-width: 500px) 100vw, 500px\" \/><\/figure><\/div>\n<\/div><\/div>\n\n\n\n<div class=\"wp-block-group has-background\" style=\"background-color:#f2f2f2;padding-top:var(--wp--preset--spacing--80);padding-bottom:var(--wp--preset--spacing--80)\"><div class=\"wp-block-group__inner-container is-layout-constrained wp-block-group-is-layout-constrained\">\n<h2 class=\"wp-block-heading\" style=\"padding-top:var(--wp--preset--spacing--40);padding-bottom:var(--wp--preset--spacing--40);font-size:25px;font-style:normal;font-weight:600;text-transform:capitalize\">Wof\u00fcr k\u00f6nnen Sie dies verwenden?<\/h2>\n\n\n\n<p>Sie k\u00f6nnen diesen schwarzen LED-Diffusor-Aluminiumkanal an vielen Orten verwenden:<\/p>\n\n\n\n<ul class=\"wp-block-list\">\n<li>brillantes Arbeitslicht unter K\u00fcchenschr\u00e4nken&nbsp;<\/li>\n\n\n\n<li>Wandbeleuchtung, um Ihre W\u00e4nde zum Leuchten zu bringen&nbsp;<\/li>\n\n\n\n<li>Sanfte, brillante Akzente auf Regalen und M\u00f6beln<\/li>\n\n\n\n<li>Cove-Licht f\u00fcr sanfte Deckenbeleuchtung<\/li>\n\n\n\n<li>Schr\u00e4nke und Kleiderschr\u00e4nke zur Ausleuchtung dunkler Nischen<\/li>\n<\/ul>\n<\/div><\/div>\n\n\n\n<div class=\"wp-block-group\" style=\"padding-top:var(--wp--preset--spacing--80);padding-bottom:var(--wp--preset--spacing--80)\"><div class=\"wp-block-group__inner-container is-layout-constrained wp-block-group-is-layout-constrained\">\n<h2 class=\"wp-block-heading\" style=\"padding-top:var(--wp--preset--spacing--40);padding-bottom:var(--wp--preset--spacing--40);font-size:25px;font-style:normal;font-weight:600;text-transform:capitalize\">Zusammenfassung<\/h2>\n\n\n\n<p>If you want tidy and safe LED lighting, our black LED diffuser aluminum channel for 12mm tape light profile is the ideal choice. It keeps your lights safe, puts forth soft, steady light, and looks excellent in any room. You can use it as a surface mount channel or put it into walls or furniture for a stylish look. It&#8217;s great for cove lighting, accent lighting, under-cabinet lighting, and more. Also explore these for more ideas: <a href=\"https:\/\/tangooled.com\/de\/product\/black-led-profile-with-black-diffuser-for-10mm-led-strip-light\/\"><mark style=\"background-color:rgba(0, 0, 0, 0)\" class=\"has-inline-color has-vivid-red-color\">Schwarzes LED-Profil mit schwarzem Diffusor f\u00fcr 10mm LED-Streifen<\/mark><\/a>, <a href=\"https:\/\/tangooled.com\/de\/product\/surface-mount-led-profile-with-frosted-diffuser-for-10mm-rope-lights\/\"><mark style=\"background-color:rgba(0, 0, 0, 0)\" class=\"has-inline-color has-vivid-red-color\">Oberfl\u00e4chenmontierter LED-Profil mit mattiertem Diffusor f\u00fcr 10 mm LED-Lichterketten<\/mark><\/a>, <a href=\"https:\/\/tangooled.com\/de\/product\/25mm-u-shape-led-mounting-channel-for-15mm-double-row-led-strip-lights\/\"><mark style=\"background-color:rgba(0, 0, 0, 0)\" class=\"has-inline-color has-vivid-red-color\">25mm U-f\u00f6rmiger LED-Montagekanal f\u00fcr 15mm doppelte LED-Streifenlichter<\/mark><\/a>.<\/p>\n<\/div><\/div>\n\n\n\n<p><\/p>","protected":false},"featured_media":37468,"template":"","meta":{"_acf_changed":true,"_seopress_robots_primary_cat":"none","_seopress_titles_title":"Black Diffuser LED Channel | Fits 12mm Tape Lights | TANGOOLED","_seopress_titles_desc":"Source the black diffuser LED channel. Engineered for 12mm tape lights to create a professional \"blackout\" aesthetic for commercial and retail lighting.","_seopress_robots_index":""},"pcb-width":[228],"product-cat":[192],"class_list":{"0":"post-44676","1":"product","2":"type-product","3":"status-publish","4":"has-post-thumbnail","6":"pcb-width-6-12mm","7":"product-cat-surface-led-profile"},"acf":[],"_links":{"self":[{"href":"https:\/\/tangooled.com\/de\/wp-json\/wp\/v2\/product\/44676","targetHints":{"allow":["GET"]}}],"collection":[{"href":"https:\/\/tangooled.com\/de\/wp-json\/wp\/v2\/product"}],"about":[{"href":"https:\/\/tangooled.com\/de\/wp-json\/wp\/v2\/types\/product"}],"wp:featuredmedia":[{"embeddable":true,"href":"https:\/\/tangooled.com\/de\/wp-json\/wp\/v2\/media\/37468"}],"wp:attachment":[{"href":"https:\/\/tangooled.com\/de\/wp-json\/wp\/v2\/media?parent=44676"}],"wp:term":[{"taxonomy":"pcb-width","embeddable":true,"href":"https:\/\/tangooled.com\/de\/wp-json\/wp\/v2\/pcb-width?post=44676"},{"taxonomy":"product-cat","embeddable":true,"href":"https:\/\/tangooled.com\/de\/wp-json\/wp\/v2\/product-cat?post=44676"}],"curies":[{"name":"wp","href":"https:\/\/api.w.org\/{rel}","templated":true}]}}