{"id":43526,"date":"2025-12-30T02:06:06","date_gmt":"2025-12-30T10:06:06","guid":{"rendered":"https:\/\/tangooled.com\/?post_type=product&#038;p=43526"},"modified":"2026-02-02T22:31:40","modified_gmt":"2026-02-03T06:31:40","slug":"wide-slim-surface-mount-led-channel-35x13mm-s3513","status":"publish","type":"product","link":"https:\/\/tangooled.com\/de\/product\/wide-slim-surface-mount-led-channel-35x13mm-s3513\/","title":{"rendered":"35x13mm breiter schlanker Oberfl\u00e4chenmontage-LED-Kanal"},"content":{"rendered":"<div class=\"wp-block-group is-vertical is-layout-flex wp-container-core-group-is-layout-d255d7c4 wp-block-group-is-layout-flex\" style=\"padding-top:var(--wp--preset--spacing--80);padding-bottom:var(--wp--preset--spacing--80)\">\n<p>Unser 35x13mm breiter schlanker Oberfl\u00e4chenmontage-LED-Kanal ist eine gro\u00dfartige M\u00f6glichkeit, jeden Raum aufzuhellen. Hergestellt aus langlebigem eloxiertem Aluminium, fungiert dieses Profil als robustes Geh\u00e4use, das Ihre LED-Leuchten sauber und scharf h\u00e4lt. Das solide Design erleichtert das Entweichen von W\u00e4rme, was Ihre LED-Streifen sch\u00fctzt, damit sie l\u00e4nger halten und besser funktionieren. Der Kanal ist breit genug, um LED-Streifen von bis zu 26,5 mm aufzunehmen, was ihn gut mit COB-Leuchten oder sogar hellen, hochdichten, doppelt-reihigen LED-Streifen zusammenarbeiten l\u00e4sst.<br>This profile is a popular choice if you want to give your lighting a professional touch. It works well in all kinds of places, like homes, offices, and store displays. For a smooth, dotless glow, it\u2019s an ideal choice for under-cabinet lighting, cove lighting, or simply mounting it directly onto walls and ceilings.<\/p>\n<\/div>\n\n\n\n<div class=\"wp-block-group has-background is-vertical is-layout-flex wp-container-core-group-is-layout-d255d7c4 wp-block-group-is-layout-flex\" style=\"background-color:#f1f1f1;padding-top:var(--wp--preset--spacing--80);padding-bottom:var(--wp--preset--spacing--80)\">\n<div class=\"wp-block-group is-vertical is-layout-flex wp-container-core-group-is-layout-8cf370e7 wp-block-group-is-layout-flex\">\n<h2 class=\"wp-block-heading\" style=\"padding-top:var(--wp--preset--spacing--40);padding-bottom:var(--wp--preset--spacing--40);font-size:25px;font-style:normal;font-weight:600;text-transform:capitalize\">Warum den 35x13mm breiten schlanken Oberfl\u00e4chenmontage-LED-Kanal w\u00e4hlen?<\/h2>\n\n\n\n<ul class=\"wp-block-list\">\n<li>Das saubere, schlanke Design verbirgt das LED-Band und die Dr\u00e4hte.<\/li>\n\n\n\n<li>Das starke Aluminiumprofil h\u00e4lt die Streifen k\u00fchl, was die Lebensdauer der LEDs verl\u00e4ngert.<\/li>\n\n\n\n<li>Lichtstreuung sorgt f\u00fcr eine gleichm\u00e4\u00dfige und gleichm\u00e4\u00dfige lineare Beleuchtung, ohne Hotspots.<\/li>\n\n\n\n<li>H\u00e4lt LED-Streifen vor Schmutz, Staub und Kontakt sicher.<\/li>\n\n\n\n<li>It&#8217;s easy to attach to the surface with clips or adhesive.<\/li>\n\n\n\n<li>Ideal f\u00fcr Akzentbeleuchtung, Umgebungsbeleuchtung oder Arbeitsplatzbeleuchtung.<\/li>\n<\/ul>\n<\/div>\n<\/div>\n\n\n\n<div class=\"wp-block-group\" style=\"padding-top:var(--wp--preset--spacing--60);padding-bottom:var(--wp--preset--spacing--60)\"><div class=\"wp-block-group__inner-container is-layout-constrained wp-block-group-is-layout-constrained\">\n<div class=\"wp-block-media-text has-media-on-the-right is-stacked-on-mobile\" style=\"grid-template-columns:auto 40%\"><div class=\"wp-block-media-text__content\">\n<h2 class=\"wp-block-heading\" style=\"padding-top:var(--wp--preset--spacing--40);padding-bottom:var(--wp--preset--spacing--40);font-size:25px;font-style:normal;font-weight:600;text-transform:capitalize\">So richten Sie diesen Kanal ein<\/h2>\n\n\n\n<ul class=\"wp-block-list\">\n<li>Verwenden Sie Klebeband oder Montageclips, um die Extrusion an einer sauberen, trockenen Oberfl\u00e4che zu sichern.<\/li>\n\n\n\n<li>Legen Sie den LED-Streifen in den Aluminiumkanal ein.<\/li>\n\n\n\n<li>Setzen Sie die opal diffundierte Abdeckung auf den Diffusor.<\/li>\n\n\n\n<li>Um den Streifen und die Dr\u00e4hte zu sch\u00fctzen, setzen Sie Endkappen auf die Enden.<\/li>\n<\/ul>\n<\/div><figure class=\"wp-block-media-text__media\"><img loading=\"lazy\" decoding=\"async\" width=\"500\" height=\"500\" src=\"https:\/\/tangooled.com\/wp-content\/uploads\/2025\/12\/s3513-ins.webp\" alt=\"35x13mm surface mounting led extrusion channel\" class=\"wp-image-44670 size-full\" srcset=\"https:\/\/tangooled.com\/wp-content\/uploads\/2025\/12\/s3513-ins.webp 500w, https:\/\/tangooled.com\/wp-content\/uploads\/2025\/12\/s3513-ins-300x300.webp 300w, https:\/\/tangooled.com\/wp-content\/uploads\/2025\/12\/s3513-ins-150x150.webp 150w\" sizes=\"auto, (max-width: 500px) 100vw, 500px\" \/><\/figure><\/div>\n<\/div><\/div>\n\n\n\n<div class=\"wp-block-group has-background\" style=\"background-color:#f1f1f1f2;padding-top:var(--wp--preset--spacing--80);padding-bottom:var(--wp--preset--spacing--80)\"><div class=\"wp-block-group__inner-container is-layout-constrained wp-block-group-is-layout-constrained\">\n<h2 class=\"wp-block-heading\" style=\"padding-top:var(--wp--preset--spacing--40);padding-bottom:var(--wp--preset--spacing--40);font-size:25px;font-style:normal;font-weight:600\">Wo man diesen 35x13mm schlanken LED-Kanal verwenden kann<\/h2>\n\n\n\n<p>Dieses LED-Geh\u00e4use funktioniert gut an vielen Orten. Hier sind die h\u00e4ufigsten Anwendungsm\u00f6glichkeiten:<\/p>\n\n\n\n<ul class=\"wp-block-list\">\n<li>Beleuchtung unter Schr\u00e4nken oder Kleiderschr\u00e4nken: Dies beseitigt das Blenden und macht Arbeitspl\u00e4tze und Regale heller.<\/li>\n\n\n\n<li>Nischenbeleuchtung f\u00fcr Architektur: F\u00fcgt klare Lichtlinien hinzu, um einen modernen Look zu verleihen.<\/li>\n\n\n\n<li>Ladenauslagen und Regale: Gleichm\u00e4\u00dfiges und auff\u00e4lliges Licht l\u00e4sst Waren hervortreten.<\/li>\n\n\n\n<li>B\u00fcro- oder Arbeitsplatzbeleuchtung: Diese Art von Beleuchtung bringt helles, klares Licht hervor, das perfekt f\u00fcr Arbeitsstationen oder Arbeitsbereiche ist.<\/li>\n\n\n\n<li>Beleuchtung an W\u00e4nden oder Decken: Dadurch wirken Projekte mit linearer Beleuchtung professioneller.<\/li>\n<\/ul>\n<\/div><\/div>\n\n\n\n<div class=\"wp-block-group is-vertical is-layout-flex wp-container-core-group-is-layout-d255d7c4 wp-block-group-is-layout-flex\" style=\"padding-top:var(--wp--preset--spacing--80);padding-bottom:var(--wp--preset--spacing--80)\">\n<p>Um den 35x13mm Extrusionskanal zu erg\u00e4nzen, m\u00f6chten Sie m\u00f6glicherweise die <a href=\"https:\/\/tangooled.com\/de\/product\/black-led-diffuser-aluminum-channel-for-12mm-tape-lights\/\"><mark style=\"background-color:rgba(0, 0, 0, 0)\" class=\"has-inline-color has-vivid-red-color\">schwarzes LED-Diffusor-Aluminiumprofil f\u00fcr 12mm LED-B\u00e4nder<\/mark><\/a> oder das <a href=\"https:\/\/tangooled.com\/de\/product\/surface-mount-led-profile-with-frosted-diffuser-for-10mm-rope-lights\/\"><mark style=\"background-color:rgba(0, 0, 0, 0)\" class=\"has-inline-color has-vivid-red-color\">Oberfl\u00e4chenmontage LED-Profil mit satiniertem Diffusor f\u00fcr 10mm Seilschn\u00fcre<\/mark><\/a>erforschen. Diese k\u00f6nnen gro\u00dfartig f\u00fcr kleinere oder spezielle LED-Streifen sein.<\/p>\n<\/div>\n\n\n\n<div class=\"wp-block-group has-background\" style=\"background-color:#f1f1f1;padding-top:var(--wp--preset--spacing--80);padding-bottom:var(--wp--preset--spacing--80)\"><div class=\"wp-block-group__inner-container is-layout-constrained wp-block-group-is-layout-constrained\">\n<h2 class=\"wp-block-heading\" style=\"padding-top:var(--wp--preset--spacing--40);padding-bottom:var(--wp--preset--spacing--40);font-size:25px;font-style:normal;font-weight:600;text-transform:capitalize\">Zusammenfassung<\/h2>\n\n\n\n<p style=\"padding-right:var(--wp--preset--spacing--50);padding-left:var(--wp--preset--spacing--50)\">Der 35x13mm Oberfl\u00e4chenmontage-LED-Kanal ist eine gro\u00dfartige M\u00f6glichkeit, Ihre LED-Streifen sauber und professionell aussehen zu lassen. Dieser Kanal ist nicht nur langlebig und stilvoll, sondern kann auch f\u00fcr eine Vielzahl von Anwendungen, einschlie\u00dflich Ambient-, Arbeits- und architektonischer linearer Beleuchtung, verwendet werden. Sind Sie bereit, Ihren Raum aufzuwerten? Sehen Sie sich unser komplettes Sortiment an LED-Extrusionskan\u00e4len an, um denjenigen zu finden, der am besten zu Ihrem Projekt passt!<\/p>\n<\/div><\/div>\n\n\n\n<p><\/p>","protected":false},"featured_media":33381,"template":"","meta":{"_acf_changed":false,"_seopress_robots_primary_cat":"none","_seopress_titles_title":"Wide Slim Surface Mount LED Channel 35x13mm | TANGOOLED","_seopress_titles_desc":"Source this wide slim surface mount LED channel with a 35x13mm low-profile design. Ideal for sleek linear lighting where space is limited but a wide light-emitting surface is required.","_seopress_robots_index":""},"pcb-width":[230],"product-cat":[192],"class_list":{"0":"post-43526","1":"product","2":"type-product","3":"status-publish","4":"has-post-thumbnail","6":"pcb-width-20-25mm","7":"product-cat-surface-led-profile"},"acf":[],"_links":{"self":[{"href":"https:\/\/tangooled.com\/de\/wp-json\/wp\/v2\/product\/43526","targetHints":{"allow":["GET"]}}],"collection":[{"href":"https:\/\/tangooled.com\/de\/wp-json\/wp\/v2\/product"}],"about":[{"href":"https:\/\/tangooled.com\/de\/wp-json\/wp\/v2\/types\/product"}],"wp:featuredmedia":[{"embeddable":true,"href":"https:\/\/tangooled.com\/de\/wp-json\/wp\/v2\/media\/33381"}],"wp:attachment":[{"href":"https:\/\/tangooled.com\/de\/wp-json\/wp\/v2\/media?parent=43526"}],"wp:term":[{"taxonomy":"pcb-width","embeddable":true,"href":"https:\/\/tangooled.com\/de\/wp-json\/wp\/v2\/pcb-width?post=43526"},{"taxonomy":"product-cat","embeddable":true,"href":"https:\/\/tangooled.com\/de\/wp-json\/wp\/v2\/product-cat?post=43526"}],"curies":[{"name":"wp","href":"https:\/\/api.w.org\/{rel}","templated":true}]}}