{"id":43524,"date":"2025-12-30T02:01:10","date_gmt":"2025-12-30T10:01:10","guid":{"rendered":"https:\/\/tangooled.com\/?post_type=product&#038;p=43524"},"modified":"2026-01-29T22:22:01","modified_gmt":"2026-01-30T06:22:01","slug":"flangeless-recessed-led-channel-35x18mm-trimless","status":"publish","type":"product","link":"https:\/\/tangooled.com\/de\/product\/flangeless-recessed-led-channel-35x18mm-trimless\/","title":{"rendered":"35x18mm flangelloser versenkter LED-Kanal f\u00fcr trimmloses Licht | S3518"},"content":{"rendered":"<div class=\"wp-block-group is-vertical is-layout-flex wp-container-core-group-is-layout-d255d7c4 wp-block-group-is-layout-flex\" style=\"padding-top:var(--wp--preset--spacing--80);padding-bottom:var(--wp--preset--spacing--80)\">\n<p>Der flangelslose, versenkte LED-Kanal S3518 ist eine gute Wahl f\u00fcr viele LED-Streifen und bietet eine gro\u00dfz\u00fcgige Innenschnittbreite von 21 mm f\u00fcr ein professionelles Aussehen. Er ist darauf ausgelegt, perfekt in Decken oder W\u00e4nde zu passen und sorgt f\u00fcr ein sauberes, trimmloses Finish, das jeden Raum aufwerten kann.<\/p>\n\n\n\n<p>Dank seines versenkten Schnappmontagesystems bleibt das Profil perfekt b\u00fcndig mit der Gipskartonplatte. Dieses intelligente Design verbirgt den Aluminiumkanal vollst\u00e4ndig im Schlitz, wodurch nichts als helles, reines Licht bleibt, das sich wie ein nat\u00fcrlicher Teil der Architektur anf\u00fchlt.<\/p>\n\n\n\n<p>Crafted from high-quality 6063-T5 anodized aluminum, the S3518 ensures excellent heat dissipation to help your LEDs last longer. It&#8217;s the best way to have perfect architectural lighting in modern houses, businesses, stores, and hotels where a clean look is important.<\/p>\n<\/div>\n\n\n\n<div class=\"wp-block-group has-background is-vertical is-layout-flex wp-container-core-group-is-layout-d255d7c4 wp-block-group-is-layout-flex\" style=\"background-color:#f1f1f1;padding-top:var(--wp--preset--spacing--80);padding-bottom:var(--wp--preset--spacing--80)\">\n<div class=\"wp-block-group is-vertical is-layout-flex wp-container-core-group-is-layout-8cf370e7 wp-block-group-is-layout-flex\">\n<h2 class=\"wp-block-heading\" style=\"padding-top:var(--wp--preset--spacing--40);padding-bottom:var(--wp--preset--spacing--40);font-size:25px;font-style:normal;font-weight:600;text-transform:capitalize\">Warum sollten Sie unseren flangellosen versenkten LED-Kanal 35x18mm w\u00e4hlen?<\/h2>\n\n\n\n<ul class=\"wp-block-list\">\n<li>Flangelloses Design: Der Aluminiumkanal hat keine Flansche f\u00fcr die Verwendung in flachen Oberfl\u00e4chen. <\/li>\n\n\n\n<li>Keine Hotspots oder Punkte: Der opal diffundierende PC-Korb verteilt das Licht gleichm\u00e4\u00dfig, was zu einem sanften Glanz f\u00fchrt.<\/li>\n\n\n\n<li>Funktioniert mit vielen Streifen: Dies funktioniert mit LED-Streifen bis zu 20 mm Breite, wie z.B. doppelreihigen Streifen und wetterfesten LED-Seillichtern.<\/li>\n\n\n\n<li>Einfach zusammenzubauen: Verwenden Sie die mitgelieferten versenkten Schnallen, um ihn an Decken oder der R\u00fcckseite von Schr\u00e4nken zu befestigen.<\/li>\n\n\n\n<li>Verschiedene Oberfl\u00e4chen: Sie k\u00f6nnen zwischen Silber, Schwarz oder Wei\u00df w\u00e4hlen, um Ihren Stil anzupassen.<\/li>\n<\/ul>\n<\/div>\n<\/div>\n\n\n\n<div class=\"wp-block-group\" style=\"padding-top:var(--wp--preset--spacing--60);padding-bottom:var(--wp--preset--spacing--60)\"><div class=\"wp-block-group__inner-container is-layout-constrained wp-block-group-is-layout-constrained\">\n<div class=\"wp-block-media-text has-media-on-the-right is-stacked-on-mobile\" style=\"grid-template-columns:auto 40%\"><div class=\"wp-block-media-text__content\">\n<h2 class=\"wp-block-heading\" style=\"padding-top:var(--wp--preset--spacing--40);padding-bottom:var(--wp--preset--spacing--40);font-size:25px;font-style:normal;font-weight:600;text-transform:capitalize\">So installieren Sie<\/h2>\n\n\n\n<ul class=\"wp-block-list\">\n<li>Setzen Sie den Aluminiumkanal in die versenkten Schnallen ein.<\/li>\n\n\n\n<li>Platzieren Sie den Kanal und die versenkten Schnallen in den bereits geschnittenen Schlitz.<\/li>\n\n\n\n<li>Legen Sie Ihren LED-Streifen oder Ihr Seillicht in den Kanal.<\/li>\n\n\n\n<li>Setzen Sie die Diffusorabdeckung auf, um ein weiches und gleichm\u00e4\u00dfiges Licht zu erhalten.<\/li>\n\n\n\n<li>Verwenden Sie die Endkappen, um die Enden zu versiegeln.<\/li>\n<\/ul>\n<\/div><figure class=\"wp-block-media-text__media\"><img loading=\"lazy\" decoding=\"async\" width=\"500\" height=\"500\" src=\"https:\/\/tangooled.com\/wp-content\/uploads\/2025\/12\/s3518-ins.webp\" alt=\"35x18mm flangeless recessed led channel for rope light\" class=\"wp-image-44663 size-full\" srcset=\"https:\/\/tangooled.com\/wp-content\/uploads\/2025\/12\/s3518-ins.webp 500w, https:\/\/tangooled.com\/wp-content\/uploads\/2025\/12\/s3518-ins-300x300.webp 300w, https:\/\/tangooled.com\/wp-content\/uploads\/2025\/12\/s3518-ins-150x150.webp 150w\" sizes=\"auto, (max-width: 500px) 100vw, 500px\" \/><\/figure><\/div>\n<\/div><\/div>\n\n\n\n<div class=\"wp-block-group has-background is-vertical is-layout-flex wp-container-core-group-is-layout-b429018a wp-block-group-is-layout-flex\" style=\"background-color:#f1f1f1f2;padding-top:var(--wp--preset--spacing--70);padding-bottom:var(--wp--preset--spacing--70)\">\n<h2 class=\"wp-block-heading\" style=\"padding-top:var(--wp--preset--spacing--40);padding-bottom:var(--wp--preset--spacing--40);font-size:25px;font-style:normal;font-weight:600\">Wo kann dieser LED-Kanal verwendet werden?<\/h2>\n\n\n\n<ul class=\"wp-block-list\">\n<li>Lichter hinter Schr\u00e4nken in K\u00fcchen und Arbeitsbereichen anbringen.<\/li>\n\n\n\n<li>Cove-Beleuchtung oder Akzentbeleuchtung an den W\u00e4nden von R\u00e4umen oder Gesch\u00e4ften.<\/li>\n\n\n\n<li>Lichter f\u00fcr Arbeitspl\u00e4tze, Kleiderschr\u00e4nke und Schr\u00e4nke in der Garage.<\/li>\n\n\n\n<li>LED-Streifen, die an der Decke in B\u00fcros oder Wohnzimmern angebracht werden k\u00f6nnen.<\/li>\n<\/ul>\n<\/div>\n\n\n\n<div class=\"wp-block-group\" style=\"padding-top:var(--wp--preset--spacing--80);padding-bottom:var(--wp--preset--spacing--80)\"><div class=\"wp-block-group__inner-container is-layout-constrained wp-block-group-is-layout-constrained\">\n<h2 class=\"wp-block-heading\" style=\"padding-top:var(--wp--preset--spacing--40);padding-bottom:var(--wp--preset--spacing--40);font-size:25px;font-style:normal;font-weight:600;text-transform:capitalize\">Zubeh\u00f6r und verwandte Produkte<\/h2>\n\n\n\n<p>Wenn Sie mehr Optionen f\u00fcr Ihr Beleuchtungsprojekt erkunden m\u00f6chten, sehen Sie sich diese \u00e4hnlichen Kan\u00e4le an:<\/p>\n\n\n\n<ul class=\"wp-block-list\">\n<li><a href=\"https:\/\/tangooled.com\/de\/product\/black-led-profile-with-black-diffuser-for-10mm-led-strip-light\/\"><mark style=\"background-color:rgba(0, 0, 0, 0)\" class=\"has-inline-color has-vivid-red-color\">Schwarzes LED-Profil mit schwarzem Diffusor f\u00fcr 10mm LED-Streifen<\/mark><\/a><\/li>\n\n\n\n<li><a href=\"https:\/\/tangooled.com\/de\/product\/surface-mount-led-profile-with-frosted-diffuser-for-10mm-rope-lights\/\"><mark style=\"background-color:rgba(0, 0, 0, 0)\" class=\"has-inline-color has-vivid-red-color\">Oberfl\u00e4chenmontierter LED-Profil mit mattiertem Diffusor f\u00fcr 10 mm LED-Lichterketten<\/mark><\/a><\/li>\n\n\n\n<li><a href=\"https:\/\/tangooled.com\/de\/product\/25x14m-surface-mounted-led-light-aluminum-profile\/\"><mark style=\"background-color:rgba(0, 0, 0, 0)\" class=\"has-inline-color has-vivid-red-color\">25x14mm Oberfl\u00e4chen-mounted LED-Licht Aluminium-Profil<\/mark><\/a><\/li>\n\n\n\n<li><a href=\"https:\/\/tangooled.com\/de\/product\/18x9mm-led-tape-light-profile-for-surface-installation\/\"><mark style=\"background-color:rgba(0, 0, 0, 0)\" class=\"has-inline-color has-vivid-red-color\">18x9mm LED-Bandprofil f\u00fcr die Oberfl\u00e4chenmontage<\/mark><\/a><\/li>\n\n\n\n<li><a href=\"https:\/\/tangooled.com\/de\/product\/22x15mm-led-light-channel-aluminum-extrusion-for-flexible-strips\/\"><mark style=\"background-color:rgba(0, 0, 0, 0)\" class=\"has-inline-color has-vivid-red-color\">22x15mm LED-Lichtkanal Aluminium-Extrusion f\u00fcr flexible Streifen<\/mark><\/a><\/li>\n<\/ul>\n<\/div><\/div>\n\n\n\n<div class=\"wp-block-group has-background\" style=\"background-color:#f1f1f1;padding-top:var(--wp--preset--spacing--80);padding-bottom:var(--wp--preset--spacing--80)\"><div class=\"wp-block-group__inner-container is-layout-constrained wp-block-group-is-layout-constrained\">\n<h2 class=\"wp-block-heading\" style=\"padding-top:var(--wp--preset--spacing--40);padding-bottom:var(--wp--preset--spacing--40);font-size:25px;font-style:normal;font-weight:600;text-transform:capitalize\">Zusammenfassung<\/h2>\n\n\n\n<p style=\"padding-right:var(--wp--preset--spacing--50);padding-left:var(--wp--preset--spacing--50)\">Our 35x18mm flangeless recessed LED channel is a tough and simple way to get that perfectly brilliant, even glow. Thanks to its wide profile and opal diffuser, the light looks soft and professional, with no harsh hotspots. It\u2019s incredibly versatile, too\u2014working with everything from basic DIY projects to smart systems like Philips Hue and RGBW strips. It\u2019s a perfect fit for your kitchen, closet, office, or anywhere else you want a sleek, clean LED look.<\/p>\n<\/div><\/div>\n\n\n\n<p><\/p>","protected":false},"featured_media":33378,"template":"","meta":{"_acf_changed":true,"_seopress_robots_primary_cat":"none","_seopress_titles_title":"Flangeless Recessed LED Channel 35x18mm Trimless | TANGOOLED","_seopress_titles_desc":"Source this 35x18mm flangeless recessed LED channel for a seamless, trimless lighting finish. Designed to be plastered into drywall, it offers a clean look for professional linear lighting.","_seopress_robots_index":""},"pcb-width":[230],"product-cat":[193],"class_list":{"0":"post-43524","1":"product","2":"type-product","3":"status-publish","4":"has-post-thumbnail","6":"pcb-width-20-25mm","7":"product-cat-recessed-profile"},"acf":[],"_links":{"self":[{"href":"https:\/\/tangooled.com\/de\/wp-json\/wp\/v2\/product\/43524","targetHints":{"allow":["GET"]}}],"collection":[{"href":"https:\/\/tangooled.com\/de\/wp-json\/wp\/v2\/product"}],"about":[{"href":"https:\/\/tangooled.com\/de\/wp-json\/wp\/v2\/types\/product"}],"wp:featuredmedia":[{"embeddable":true,"href":"https:\/\/tangooled.com\/de\/wp-json\/wp\/v2\/media\/33378"}],"wp:attachment":[{"href":"https:\/\/tangooled.com\/de\/wp-json\/wp\/v2\/media?parent=43524"}],"wp:term":[{"taxonomy":"pcb-width","embeddable":true,"href":"https:\/\/tangooled.com\/de\/wp-json\/wp\/v2\/pcb-width?post=43524"},{"taxonomy":"product-cat","embeddable":true,"href":"https:\/\/tangooled.com\/de\/wp-json\/wp\/v2\/product-cat?post=43524"}],"curies":[{"name":"wp","href":"https:\/\/api.w.org\/{rel}","templated":true}]}}