{"id":43518,"date":"2025-12-30T01:54:41","date_gmt":"2025-12-30T09:54:41","guid":{"rendered":"https:\/\/tangooled.com\/?post_type=product&#038;p=43518"},"modified":"2026-01-23T01:00:59","modified_gmt":"2026-01-23T09:00:59","slug":"low-profile-recessed-led-channel-with-brackets-54x13mm","status":"publish","type":"product","link":"https:\/\/tangooled.com\/de\/product\/low-profile-recessed-led-channel-with-brackets-54x13mm\/","title":{"rendered":"54x13mm flaches, eingelassenes LED-Profil mit Halterungen"},"content":{"rendered":"<div class=\"wp-block-group is-vertical is-layout-flex wp-container-core-group-is-layout-d255d7c4 wp-block-group-is-layout-flex\" style=\"padding-top:var(--wp--preset--spacing--80);padding-bottom:var(--wp--preset--spacing--80)\">\n<p>Verbessern Sie Ihr Projekt mit unserem 54x13mm flachen, eingelassenen LED-Profil mit Halterungen f\u00fcr die Deckenmontage. Dieses Aluminiumprofil ist so gestaltet, dass es eine glatte, fugenlose Optik bietet, die nahtlos in Putz- oder Trockenbaudecken integriert werden kann. Es hat eine breite Innenbreite von 43mm, was es perfekt f\u00fcr die Aufnahme von extra breiten oder hochleistungs LED-B\u00e4ndern macht.<\/p>\n\n\n\n<p>Dieses eingebaute Deckenprofil ist darauf ausgelegt, ein perfektes architektonisches Finish zu erzielen, sodass Ihr Licht als eine glatte Linie ohne Kanten erscheint. Der eingebaute Verschlussmechanismus erleichtert die Installation, indem er das Profil sicher in Ihrem Deckenrahmen befestigt.<\/p>\n\n\n\n<p>Das 54x13mm LED-Profil f\u00fcr deckeneingelassene Installationen ist langlebig und einfach zu handhaben. Es erlaubt Ihnen, sch\u00f6ne, professionell aussehende Lichtlinien in jedem Raum zu schaffen und stellt eine einfache, aber elegante L\u00f6sung f\u00fcr modernes Innendesign dar.<\/p>\n<\/div>\n\n\n\n<div class=\"wp-block-group has-background\" style=\"background-color:#f1f1f1;padding-top:var(--wp--preset--spacing--80);padding-bottom:var(--wp--preset--spacing--80)\"><div class=\"wp-block-group__inner-container is-layout-constrained wp-block-group-is-layout-constrained\">\n<div class=\"wp-block-group is-vertical is-layout-flex wp-container-core-group-is-layout-8cf370e7 wp-block-group-is-layout-flex\">\n<h2 class=\"wp-block-heading\" style=\"padding-top:var(--wp--preset--spacing--40);padding-bottom:var(--wp--preset--spacing--40);font-size:25px;font-style:normal;font-weight:600;text-transform:capitalize\">Warum unser 54x13mm flaches, eingelassenes LED-Profil w\u00e4hlen?<\/h2>\n\n\n\n<ul class=\"wp-block-list\">\n<li>Ein b\u00fcndiger und fugenloser Entwurf verleiht Ihrer Decke ein sauberes, modernes Aussehen.<\/li>\n\n\n\n<li>Ready to be plastered in, fits normal drywall (5\/8&#8243; or 1\/2&#8243;).<\/li>\n\n\n\n<li>Hergestellt aus strapazierf\u00e4higem 6063-T5 eloxiertem Aluminium und fungiert als K\u00fchlk\u00f6rper f\u00fcr LED-B\u00e4nder.<\/li>\n\n\n\n<li>Inklusive stabiler Halterungen f\u00fcr eine sichere Befestigung.<\/li>\n\n\n\n<li>Kommt mit einem diffuser polycarbonat Abdeckung f\u00fcr gleichm\u00e4\u00dfiges, punktfreies Licht.<\/li>\n\n\n\n<li>Kompatibel mit verschiedenen LED-Breiten, wie Doppelreihe, RGBW, dimmbarem Wei\u00df und anderen COB-LED-B\u00e4ndern.<\/li>\n<\/ul>\n<\/div>\n<\/div><\/div>\n\n\n\n<div class=\"wp-block-group\" style=\"padding-top:var(--wp--preset--spacing--60);padding-bottom:var(--wp--preset--spacing--60)\"><div class=\"wp-block-group__inner-container is-layout-constrained wp-block-group-is-layout-constrained\">\n<div class=\"wp-block-media-text has-media-on-the-right is-stacked-on-mobile\" style=\"grid-template-columns:auto 40%\"><div class=\"wp-block-media-text__content\">\n<h2 class=\"wp-block-heading\" style=\"padding-top:var(--wp--preset--spacing--40);padding-bottom:var(--wp--preset--spacing--40);font-size:25px;font-style:normal;font-weight:600;text-transform:capitalize\">So installieren Sie das 54x13mm LED-Profil<\/h2>\n\n\n\n<ul class=\"wp-block-list\">\n<li>Verwenden Sie die mit dem Kanal gelieferten Halterungen, um ihn zuzuschneiden und an den Rahmen Ihrer Wand oder Decke zu montieren.<\/li>\n\n\n\n<li>Verwenden Sie Putz oder Trockenbaumischung, um die Flansche zu verdecken und die Oberfl\u00e4che glatt zu machen, damit sie zur Decke passt.<\/li>\n\n\n\n<li>Setzen Sie Ihr LED-Band nach dem Trocknen und Schleifen in den Kanal ein.<\/li>\n\n\n\n<li>Clip the frosted diffuser cover in place to have a radiance that is even and doesn&#8217;t have any glare.<\/li>\n<\/ul>\n<\/div><figure class=\"wp-block-media-text__media\"><img loading=\"lazy\" decoding=\"async\" width=\"500\" height=\"500\" src=\"https:\/\/tangooled.com\/wp-content\/uploads\/2025\/12\/s5413-ins.webp\" alt=\"54x13mm led strip channel with bracket for ceiling recessed\" class=\"wp-image-43557 size-full\" srcset=\"https:\/\/tangooled.com\/wp-content\/uploads\/2025\/12\/s5413-ins.webp 500w, https:\/\/tangooled.com\/wp-content\/uploads\/2025\/12\/s5413-ins-300x300.webp 300w, https:\/\/tangooled.com\/wp-content\/uploads\/2025\/12\/s5413-ins-150x150.webp 150w\" sizes=\"auto, (max-width: 500px) 100vw, 500px\" \/><\/figure><\/div>\n<\/div><\/div>\n\n\n\n<div class=\"wp-block-group has-background\" style=\"background-color:#f1f1f1f2;padding-top:var(--wp--preset--spacing--80);padding-bottom:var(--wp--preset--spacing--80)\"><div class=\"wp-block-group__inner-container is-layout-constrained wp-block-group-is-layout-constrained\">\n<h2 class=\"wp-block-heading\" style=\"padding-top:var(--wp--preset--spacing--40);padding-bottom:var(--wp--preset--spacing--40);font-size:25px;font-style:normal;font-weight:600\">What\u2019s Included in the Package?<\/h2>\n\n\n\n<ul class=\"wp-block-list\">\n<li>Ein Metall-LED-Profil, das 54x13mm misst (L\u00e4nge variiert)<\/li>\n\n\n\n<li>Diffusor aus opalem polycarbonat<\/li>\n\n\n\n<li>Zwei Metall-Endkappen<\/li>\n\n\n\n<li>Montagehalterungen, um sicherzustellen, dass es eng in der Decke oder den W\u00e4nden sitzt<\/li>\n<\/ul>\n<\/div><\/div>\n\n\n\n<div class=\"wp-block-group is-vertical is-layout-flex wp-container-core-group-is-layout-d255d7c4 wp-block-group-is-layout-flex\" style=\"padding-top:var(--wp--preset--spacing--80);padding-bottom:var(--wp--preset--spacing--80)\">\n<h2 class=\"wp-block-heading\" style=\"padding-top:var(--wp--preset--spacing--40);padding-bottom:var(--wp--preset--spacing--40);font-size:25px;font-style:normal;font-weight:600;text-transform:capitalize\">Anwendungen &amp; Nutzungsszenarien<\/h2>\n\n\n\n<ul class=\"wp-block-list\">\n<li>B\u00fcros und Lobbys: Verwenden Sie architektonische LED-Profile, um Decken zu akzentuieren.<\/li>\n\n\n\n<li>K\u00fcchen: Stellen Sie sie \u00fcber Inseln oder Arbeitsplatten auf, um Aufgaben auszuleuchten und Stil hinzuzuf\u00fcgen.<\/li>\n\n\n\n<li>Gesch\u00e4fte: Verwenden Sie f\u00fcr Beleuchtung, die immer eingeschaltet bleibt und Energie spart, w\u00e4hrend sie Waren pr\u00e4sentiert.<\/li>\n\n\n\n<li>Gastgewerbliche R\u00e4ume: Verwenden Sie rahmenlose LED-Profile, um einfache, private R\u00e4ume zu gestalten.<\/li>\n<\/ul>\n<\/div>\n\n\n\n<div class=\"wp-block-group has-background\" style=\"background-color:#f1f1f1;padding-top:var(--wp--preset--spacing--80);padding-bottom:var(--wp--preset--spacing--80)\"><div class=\"wp-block-group__inner-container is-layout-constrained wp-block-group-is-layout-constrained\">\n<h2 class=\"wp-block-heading\" style=\"padding-top:var(--wp--preset--spacing--40);padding-bottom:var(--wp--preset--spacing--40);font-size:25px;font-style:normal;font-weight:600;text-transform:capitalize\">Zubeh\u00f6r und kompatible Produkte<\/h2>\n\n\n\n<ul class=\"wp-block-list\">\n<li><a href=\"https:\/\/tangooled.com\/de\/product\/black-led-profile-with-black-diffuser-for-10mm-led-strip-light\/\"><mark style=\"background-color:rgba(0, 0, 0, 0)\" class=\"has-inline-color has-vivid-red-color\">Schwarzes LED-Profil mit schwarzem Diffusor f\u00fcr 10mm LED-Streifen<\/mark><\/a><\/li>\n\n\n\n<li><a href=\"https:\/\/tangooled.com\/de\/product\/black-led-diffuser-aluminum-channel-for-12mm-tape-lights\/\"><mark style=\"background-color:rgba(0, 0, 0, 0)\" class=\"has-inline-color has-vivid-red-color\">Schwarzes LED-Diffusor-Aluminiumprofil f\u00fcr 12 mm Tape-Lights<\/mark><\/a><\/li>\n\n\n\n<li><a href=\"https:\/\/tangooled.com\/de\/product\/surface-mount-led-profile-with-frosted-diffuser-for-10mm-rope-lights\/\"><mark style=\"background-color:rgba(0, 0, 0, 0)\" class=\"has-inline-color has-vivid-red-color\">Oberfl\u00e4chenmontage-LED-Profil mit mattem Diffusor f\u00fcr 10mm Seillichter<\/mark><\/a><\/li>\n\n\n\n<li><a href=\"https:\/\/tangooled.com\/de\/product\/led-strip-light-channel-aluminum-profile-with-diffused-cover-6mm-height\/\"><mark style=\"background-color:rgba(0, 0, 0, 0)\" class=\"has-inline-color has-vivid-red-color\">LED-Streifenlicht-Kanal-Aluminiumprofil mit diffuser Abdeckung 6mm H\u00f6he<\/mark><\/a><\/li>\n\n\n\n<li><a href=\"https:\/\/tangooled.com\/de\/product\/aluminum-led-strip-extrusion-diffuser-channel-for-5050-double-row-led-strip\/\"><mark style=\"background-color:rgba(0, 0, 0, 0)\" class=\"has-inline-color has-vivid-red-color\">Aluminium-LED-Streifen-Extrusionsdiffusor-Kanal f\u00fcr 5050 Doppelte Reihe LED-Streifen<\/mark><\/a><\/li>\n<\/ul>\n<\/div><\/div>\n\n\n\n<p><\/p>","protected":false},"featured_media":33372,"template":"","meta":{"_acf_changed":true,"_seopress_robots_primary_cat":"none","_seopress_titles_title":"Low Profile Recessed LED Channel 54x13mm Wide | TANGOOLED","_seopress_titles_desc":"This 54x13mm wide LED strip channel offers a low-profile recessed solution for shallow ceilings. Includes brackets for stable mounting and supports multi-row LED strips.","_seopress_robots_index":""},"pcb-width":[232],"product-cat":[193],"class_list":{"0":"post-43518","1":"product","2":"type-product","3":"status-publish","4":"has-post-thumbnail","6":"pcb-width-35-45mm","7":"product-cat-recessed-profile"},"acf":[],"_links":{"self":[{"href":"https:\/\/tangooled.com\/de\/wp-json\/wp\/v2\/product\/43518","targetHints":{"allow":["GET"]}}],"collection":[{"href":"https:\/\/tangooled.com\/de\/wp-json\/wp\/v2\/product"}],"about":[{"href":"https:\/\/tangooled.com\/de\/wp-json\/wp\/v2\/types\/product"}],"wp:featuredmedia":[{"embeddable":true,"href":"https:\/\/tangooled.com\/de\/wp-json\/wp\/v2\/media\/33372"}],"wp:attachment":[{"href":"https:\/\/tangooled.com\/de\/wp-json\/wp\/v2\/media?parent=43518"}],"wp:term":[{"taxonomy":"pcb-width","embeddable":true,"href":"https:\/\/tangooled.com\/de\/wp-json\/wp\/v2\/pcb-width?post=43518"},{"taxonomy":"product-cat","embeddable":true,"href":"https:\/\/tangooled.com\/de\/wp-json\/wp\/v2\/product-cat?post=43518"}],"curies":[{"name":"wp","href":"https:\/\/api.w.org\/{rel}","templated":true}]}}