{"id":43517,"date":"2025-12-30T01:51:19","date_gmt":"2025-12-30T09:51:19","guid":{"rendered":"https:\/\/tangooled.com\/?post_type=product&#038;p=43517"},"modified":"2026-01-29T22:28:41","modified_gmt":"2026-01-30T06:28:41","slug":"45mm-inner-width-recessed-led-channel-54x18mm","status":"publish","type":"product","link":"https:\/\/tangooled.com\/de\/product\/45mm-inner-width-recessed-led-channel-54x18mm\/","title":{"rendered":"54x18mm versenkter LED-Aluminiumkanal mit 45mm Innenbreite"},"content":{"rendered":"<div class=\"wp-block-group is-vertical is-layout-flex wp-container-core-group-is-layout-d255d7c4 wp-block-group-is-layout-flex\" style=\"padding-top:var(--wp--preset--spacing--80);padding-bottom:var(--wp--preset--spacing--80)\">\n<p>Dieser LED-Kanal S5418mm mit 45mm Innenbreite ist eine hervorragende Wahl f\u00fcr versenkte Trockenbau- und Putzprojekte, da er Ihnen ein poliertes, nahtloses Aussehen verleiht. W\u00e4hrend die Au\u00dfenseite 54mm breit und 18mm hoch ist, bietet der S5418 \u00fcberraschenderweise eine gro\u00dfz\u00fcgige Innenbreite von 45,2mm. Dies macht ihn zu einem gro\u00dfartigen Haus f\u00fcr nennenswerte LED-Streifen wie den Philips Hue Lightstrip, und er eignet sich ebenso gut f\u00fcr hochdichte LED-B\u00e4nder. Au\u00dferdem macht sein flaches Design die Installation einfach, selbst in engen Deckenhohlr\u00e4umen.<\/p>\n\n\n\n<p>Installation is both secure and simple thanks to our unique recessed buckle system, which locks the profile firmly into the wall or ceiling. It&#8217;s the best choice for architectural projects that need a clean, steady light source and a seamless, built-in look.<\/p>\n<\/div>\n\n\n\n<div class=\"wp-block-group has-background\" style=\"background-color:#f1f1f1;padding-top:var(--wp--preset--spacing--80);padding-bottom:var(--wp--preset--spacing--80)\"><div class=\"wp-block-group__inner-container is-layout-constrained wp-block-group-is-layout-constrained\">\n<div class=\"wp-block-group is-vertical is-layout-flex wp-container-core-group-is-layout-8cf370e7 wp-block-group-is-layout-flex\">\n<h2 class=\"wp-block-heading\" style=\"padding-top:var(--wp--preset--spacing--40);padding-bottom:var(--wp--preset--spacing--40);font-size:25px;font-style:normal;font-weight:600;text-transform:capitalize\">Warum dieses innere 45mm breite versenkte LED-Kanal w\u00e4hlen?<\/h2>\n\n\n\n<ul class=\"wp-block-list\">\n<li>Die breite Innenbreite von 45mm ist darauf ausgelegt, doppelte oder dreifache Reihen von breiten LED-B\u00e4ndern zu halten, wodurch sie mit COB- und SMD-Streifen kompatibel ist.<\/li>\n\n\n\n<li>Dieses Produkt besteht aus hochwertigem anodisiertem Aluminium, was es zu einem gro\u00dfartigen W\u00e4rmeableiter f\u00fcr LED-Streifen macht und ihnen hilft, l\u00e4nger zu halten.<\/li>\n\n\n\n<li>Dieses Produkt ist perfekt f\u00fcr Trockenbau-LED-Kan\u00e4le und versenkte Deckenbeleuchtung, da es speziell f\u00fcr den Putz-Installation verwendet wurde.<\/li>\n\n\n\n<li>The milky diffuser cover that comes with it makes sure that the light is uniformly spread out and doesn&#8217;t have any dots.<\/li>\n\n\n\n<li>Die Endkappen und versenkten Schnallen, die mit dem Produkt geliefert werden, erleichtern die Installation und verleihen ihm ein sauberes, fertiges Aussehen.<\/li>\n\n\n\n<li>Ideal f\u00fcr viele Innenanwendungen, wie Nischenbeleuchtung, Installationen unter Schr\u00e4nken, Ausstellungsst\u00e4nden und modernen B\u00fcroumgebungen.<\/li>\n<\/ul>\n<\/div>\n<\/div><\/div>\n\n\n\n<div class=\"wp-block-group\" style=\"padding-top:var(--wp--preset--spacing--60);padding-bottom:var(--wp--preset--spacing--60)\"><div class=\"wp-block-group__inner-container is-layout-constrained wp-block-group-is-layout-constrained\">\n<div class=\"wp-block-media-text has-media-on-the-right is-stacked-on-mobile\" style=\"grid-template-columns:auto 40%\"><div class=\"wp-block-media-text__content\">\n<h2 class=\"wp-block-heading\" style=\"padding-top:var(--wp--preset--spacing--40);padding-bottom:var(--wp--preset--spacing--40);font-size:25px;font-style:normal;font-weight:600;text-transform:capitalize\">Installation<\/h2>\n\n\n\n<ul class=\"wp-block-list\">\n<li>Schneiden Sie einen Kanal in die Trockenbau- oder Gipskartonplatte, indem Sie die angegebenen Ma\u00dfe befolgen.<\/li>\n\n\n\n<li>Verwenden Sie versenkte Schnallen, um den Aluminiumkanal an Ort und Stelle zu halten und ihn an den St\u00e4ndern oder Balken zu befestigen.<\/li>\n\n\n\n<li>Verteilen Sie Putz oder Trockenbaum\u00f6rtel \u00fcber den Flansch, um ein glattes Aussehen zu erzielen.<\/li>\n\n\n\n<li>Schleifen und streichen Sie den Bereich, sodass er aussieht wie die Wand oder Decke um ihn herum.<\/li>\n\n\n\n<li>Legen Sie das LED-Streifenlicht in den Kanal. Als N\u00e4chstes setzen Sie den satinierten Diffusor an seinen Platz und klicken ihn ein.<\/li>\n\n\n\n<li>Verwenden Sie Endkappen, um ein polierteres Aussehen zu erzielen.<\/li>\n<\/ul>\n<\/div><figure class=\"wp-block-media-text__media\"><img loading=\"lazy\" decoding=\"async\" width=\"500\" height=\"500\" src=\"https:\/\/tangooled.com\/wp-content\/uploads\/2025\/12\/s5418-ins.webp\" alt=\"54x18mm led aluminum channel inner width 45mm for recessing\" class=\"wp-image-43556 size-full\" srcset=\"https:\/\/tangooled.com\/wp-content\/uploads\/2025\/12\/s5418-ins.webp 500w, https:\/\/tangooled.com\/wp-content\/uploads\/2025\/12\/s5418-ins-300x300.webp 300w, https:\/\/tangooled.com\/wp-content\/uploads\/2025\/12\/s5418-ins-150x150.webp 150w\" sizes=\"auto, (max-width: 500px) 100vw, 500px\" \/><\/figure><\/div>\n<\/div><\/div>\n\n\n\n<div class=\"wp-block-group has-background\" style=\"background-color:#f1f1f1f2;padding-top:var(--wp--preset--spacing--80);padding-bottom:var(--wp--preset--spacing--80)\"><div class=\"wp-block-group__inner-container is-layout-constrained wp-block-group-is-layout-constrained\">\n<h2 class=\"wp-block-heading\" style=\"padding-top:var(--wp--preset--spacing--40);padding-bottom:var(--wp--preset--spacing--40);font-size:25px;font-style:normal;font-weight:600\">Wo k\u00f6nnen Sie dieses Produkt verwenden?<\/h2>\n\n\n\n<ul class=\"wp-block-list\">\n<li>Die Hauptlichtquelle in Haushalten und Unternehmen.<\/li>\n\n\n\n<li>Das Anbringen von Trockenbau- und Gipskartonplatten und sicherzustellen, dass alles absolut richtig ist.<\/li>\n\n\n\n<li>Versenkte Deckenleuchten sind eine beliebte Wahl f\u00fcr moderne B\u00fcros, K\u00fcchen und Wohnzimmer, da sie schlank aussehen.<\/li>\n\n\n\n<li>Lichter unter dem Schrank und M\u00f6bel, die zusammenarbeiten.<\/li>\n\n\n\n<li>Beleuchtung f\u00fcr Gesch\u00e4fte und Showrooms, die elegant aussieht.<\/li>\n<\/ul>\n<\/div><\/div>\n\n\n\n<div class=\"wp-block-group is-vertical is-layout-flex wp-container-core-group-is-layout-d255d7c4 wp-block-group-is-layout-flex\" style=\"padding-top:var(--wp--preset--spacing--80);padding-bottom:var(--wp--preset--spacing--80)\">\n<h2 class=\"wp-block-heading\" style=\"padding-top:var(--wp--preset--spacing--40);padding-bottom:var(--wp--preset--spacing--40);font-size:25px;font-style:normal;font-weight:600;text-transform:capitalize\">Verwandte Produkte, die Ihnen gefallen k\u00f6nnten:<\/h2>\n\n\n\n<ul class=\"wp-block-list\">\n<li><a href=\"https:\/\/tangooled.com\/de\/product\/black-led-profile-with-black-diffuser-for-10mm-led-strip-light\/\"><mark style=\"background-color:rgba(0, 0, 0, 0)\" class=\"has-inline-color has-vivid-red-color\">Schwarzes LED-Profil mit schwarzem Diffusor f\u00fcr 10mm LED-Streifen<\/mark><\/a> \u2014 for narrower led tapes and sleek black finish.<\/li>\n\n\n\n<li><a href=\"https:\/\/tangooled.com\/de\/product\/led-strip-light-channel-aluminum-profile-with-diffused-cover-6mm-height\/\"><mark style=\"background-color:rgba(0, 0, 0, 0)\" class=\"has-inline-color has-vivid-red-color\">Aluminiumprofil f\u00fcr LED-Streifen mit diffundierender Abdeckung, H\u00f6he 6 mm<\/mark><\/a> \u2014 low profile solution for surface mounting.<\/li>\n\n\n\n<li><a href=\"https:\/\/tangooled.com\/de\/product\/25mm-u-shape-led-mounting-channel-for-15mm-double-row-led-strip-lights\/\"><mark style=\"background-color:rgba(0, 0, 0, 0)\" class=\"has-inline-color has-vivid-red-color\">25mm U-f\u00f6rmiger LED-Montagekanal f\u00fcr 15mm Doppelreihe LED-Streifenlichter<\/mark><\/a> \u2014 wider option for double row led strips.<\/li>\n\n\n\n<li><a href=\"https:\/\/tangooled.com\/de\/product\/surface-mount-led-profile-with-frosted-diffuser-for-10mm-rope-lights\/\"><mark style=\"background-color:rgba(0, 0, 0, 0)\" class=\"has-inline-color has-vivid-red-color\">Oberfl\u00e4chenmontierter LED-Profil mit mattiertem Diffusor f\u00fcr 10 mm LED-Lichterketten<\/mark><\/a> \u2014 good companion profile for surface applications.<\/li>\n\n\n\n<li><mark style=\"background-color:rgba(0, 0, 0, 0)\" class=\"has-inline-color has-vivid-red-color\"><a href=\"https:\/\/tangooled.com\/de\/product\/recessed-large-size-led-aluminum-channel-with-removable-inner-layer\/\">Versenkter gro\u00dfer LED-Aluminiumkanal mit abnehmbarem Innenlager<\/a> <\/mark>\u2014 large profile option for heavy-duty projects.<\/li>\n<\/ul>\n<\/div>\n\n\n\n<p><\/p>","protected":false},"featured_media":33369,"template":"","meta":{"_acf_changed":true,"_seopress_robots_primary_cat":"none","_seopress_titles_title":"45mm Inner Width Recessed LED Channel 54x18mm | TANGOOLED","_seopress_titles_desc":"Achieve high-lumen output with our 54x18mm recessed LED channel. The 45mm inner width fits multiple LED strips for powerful, uniform linear lighting projects.","_seopress_robots_index":""},"pcb-width":[232],"product-cat":[193],"class_list":{"0":"post-43517","1":"product","2":"type-product","3":"status-publish","4":"has-post-thumbnail","6":"pcb-width-35-45mm","7":"product-cat-recessed-profile"},"acf":[],"_links":{"self":[{"href":"https:\/\/tangooled.com\/de\/wp-json\/wp\/v2\/product\/43517","targetHints":{"allow":["GET"]}}],"collection":[{"href":"https:\/\/tangooled.com\/de\/wp-json\/wp\/v2\/product"}],"about":[{"href":"https:\/\/tangooled.com\/de\/wp-json\/wp\/v2\/types\/product"}],"wp:featuredmedia":[{"embeddable":true,"href":"https:\/\/tangooled.com\/de\/wp-json\/wp\/v2\/media\/33369"}],"wp:attachment":[{"href":"https:\/\/tangooled.com\/de\/wp-json\/wp\/v2\/media?parent=43517"}],"wp:term":[{"taxonomy":"pcb-width","embeddable":true,"href":"https:\/\/tangooled.com\/de\/wp-json\/wp\/v2\/pcb-width?post=43517"},{"taxonomy":"product-cat","embeddable":true,"href":"https:\/\/tangooled.com\/de\/wp-json\/wp\/v2\/product-cat?post=43517"}],"curies":[{"name":"wp","href":"https:\/\/api.w.org\/{rel}","templated":true}]}}