{"id":43515,"date":"2025-12-30T01:46:58","date_gmt":"2025-12-30T09:46:58","guid":{"rendered":"https:\/\/tangooled.com\/?post_type=product&#038;p=43515"},"modified":"2026-01-29T22:30:12","modified_gmt":"2026-01-30T06:30:12","slug":"wide-plaster-in-led-channel-trimless-50x20mm","status":"publish","type":"product","link":"https:\/\/tangooled.com\/de\/product\/wide-plaster-in-led-channel-trimless-50x20mm\/","title":{"rendered":"50x20mm breiter flangloser versenkter LED-Kanal f\u00fcr den Putz"},"content":{"rendered":"<div class=\"wp-block-group is-vertical is-layout-flex wp-container-core-group-is-layout-d255d7c4 wp-block-group-is-layout-flex\" style=\"padding-top:var(--wp--preset--spacing--80);padding-bottom:var(--wp--preset--spacing--80)\">\n<p>Dieser flanglose 50x20mm breite Putz-LED-Kanal ist so gestaltet, dass er sich m\u00fchelos in Trockenbau und Gipskarton integriert. Mit einer inneren Breite von 43mm bietet er gen\u00fcgend Platz f\u00fcr breite LED-Streifen, um einen hellen und gleichm\u00e4\u00dfigen Lichtschein zu erzeugen.<\/p>\n\n\n\n<p>Its trimless design means there are no apparent frames; instead, there is a smooth, elegant light that makes any architectural space look better. The installation is easy and safe because of the special recessed buckle mounting system. The S5421 LED channel delivers a smooth, dot-free finish, making it the perfect choice for kitchens, offices, or high-end hotel interiors. It&#8217;s a simple way to add high-quality lighting straight to your walls and ceilings for a clean, modern effect.<\/p>\n<\/div>\n\n\n\n<div class=\"wp-block-group has-background\" style=\"background-color:#f1f1f1;padding-top:var(--wp--preset--spacing--80);padding-bottom:var(--wp--preset--spacing--80)\"><div class=\"wp-block-group__inner-container is-layout-constrained wp-block-group-is-layout-constrained\">\n<div class=\"wp-block-group is-vertical is-layout-flex wp-container-core-group-is-layout-8cf370e7 wp-block-group-is-layout-flex\">\n<h2 class=\"wp-block-heading\" style=\"padding-top:var(--wp--preset--spacing--40);padding-bottom:var(--wp--preset--spacing--40);font-size:25px;font-style:normal;font-weight:600;text-transform:capitalize\">Warum diesen flanglosen 50x20mm breiten Putz-LED-Kanal w\u00e4hlen?<\/h2>\n\n\n\n<ul class=\"wp-block-list\">\n<li>Das rahmenlose Design erm\u00f6glicht eine makellose Verputzarbeit, was zu einem nahtlosen Finish f\u00fchrt.<\/li>\n\n\n\n<li>Hergestellt aus haltbarem 6063-T5 eloxiertem Aluminium, sorgt dieses Design sowohl f\u00fcr eine effektive W\u00e4rmeableitung als auch f\u00fcr eine lange Lebensdauer.<\/li>\n\n\n\n<li>Dieser 50mm breite Kanal kann sowohl breite als auch doppelt-reihige LED-Streifen halten.<\/li>\n\n\n\n<li>The 20mm profile&#8217;s depth makes sure that the light is always even and free of flaws.<\/li>\n\n\n\n<li>It works perfectly with drywall, which is why it&#8217;s&nbsp;ideal for modern lighting designs.<\/li>\n\n\n\n<li>Kompatibel mit verschiedenen Arten von LED-Bandlichtern, wie COB, RGBW und einstellbarem Wei\u00df.<\/li>\n<\/ul>\n<\/div>\n<\/div><\/div>\n\n\n\n<div class=\"wp-block-group\" style=\"padding-top:var(--wp--preset--spacing--60);padding-bottom:var(--wp--preset--spacing--60)\"><div class=\"wp-block-group__inner-container is-layout-constrained wp-block-group-is-layout-constrained\">\n<div class=\"wp-block-media-text has-media-on-the-right is-stacked-on-mobile\" style=\"grid-template-columns:auto 40%\"><div class=\"wp-block-media-text__content\">\n<h2 class=\"wp-block-heading\" style=\"padding-top:var(--wp--preset--spacing--40);padding-bottom:var(--wp--preset--spacing--40);font-size:25px;font-style:normal;font-weight:600;text-transform:capitalize\">So verwenden Sie diesen flanglosen 50x20mm Putz-LED-Kanal<\/h2>\n\n\n\n<ul class=\"wp-block-list\">\n<li>Schneiden Sie die Trockenbauwand auf die richtige Gr\u00f6\u00dfe, um den Kanal zu fassen.<\/li>\n\n\n\n<li>Verwenden Sie versenkte Schnallen, um den Aluminiumkanal an Ort und Stelle zu halten und ihn an den St\u00e4ndern oder Balken zu befestigen.&nbsp;<\/li>\n\n\n\n<li>Tragen Sie Spachtelmasse (M\u00f6rtel) auf die Flansche der versenkten Schnallen auf.<\/li>\n\n\n\n<li>Um ein glattes, nicht sichtbares Finish zu erzielen, schleifen und streichen Sie.<\/li>\n\n\n\n<li>Legen Sie Ihren LED-Streifen in den Kanal.<\/li>\n\n\n\n<li>Setzen Sie den Diffusor auf, um gleichm\u00e4\u00dfiges Licht ohne Flecken zu erhalten.<\/li>\n\n\n\n<li>Schalten Sie Ihren LED-Streifen ein.<\/li>\n<\/ul>\n<\/div><figure class=\"wp-block-media-text__media\"><img loading=\"lazy\" decoding=\"async\" width=\"500\" height=\"500\" src=\"https:\/\/tangooled.com\/wp-content\/uploads\/2025\/12\/s5421-ins.webp\" alt=\"flangeless 50x20mm led strip channel for recessing\" class=\"wp-image-43554 size-full\" srcset=\"https:\/\/tangooled.com\/wp-content\/uploads\/2025\/12\/s5421-ins.webp 500w, https:\/\/tangooled.com\/wp-content\/uploads\/2025\/12\/s5421-ins-300x300.webp 300w, https:\/\/tangooled.com\/wp-content\/uploads\/2025\/12\/s5421-ins-150x150.webp 150w\" sizes=\"auto, (max-width: 500px) 100vw, 500px\" \/><\/figure><\/div>\n<\/div><\/div>\n\n\n\n<div class=\"wp-block-group has-background\" style=\"background-color:#f1f1f1f2;padding-top:var(--wp--preset--spacing--80);padding-bottom:var(--wp--preset--spacing--80)\"><div class=\"wp-block-group__inner-container is-layout-constrained wp-block-group-is-layout-constrained\">\n<h2 class=\"wp-block-heading\" style=\"padding-top:var(--wp--preset--spacing--40);padding-bottom:var(--wp--preset--spacing--40);font-size:25px;font-style:normal;font-weight:600\">Wo Sie Ihren flanglosen 50x20mm versenkten LED-Kanal einsetzen k\u00f6nnen<\/h2>\n\n\n\n<ul class=\"wp-block-list\">\n<li>Decken: Flure, K\u00fcchen, Wohnzimmer, Konferenzr\u00e4ume.<\/li>\n\n\n\n<li>W\u00e4nde: Vertikale und horizontale Akzentbeleuchtung, F\u00fchrungslichter, Feature-W\u00e4nde.<\/li>\n\n\n\n<li>Einzelhandelsgesch\u00e4fte: Produktpr\u00e4sentationsbeleuchtung, Empfangsbereiche.<\/li>\n\n\n\n<li>Hotels und B\u00fcros: Umgebungs- und architektonische Beleuchtung.<\/li>\n\n\n\n<li>\u00dcberall dort, wo Sie integrierte, rahmenlose lineare Beleuchtung w\u00fcnschen.<\/li>\n<\/ul>\n<\/div><\/div>\n\n\n\n<div class=\"wp-block-group\" style=\"padding-top:var(--wp--preset--spacing--80);padding-bottom:var(--wp--preset--spacing--80)\"><div class=\"wp-block-group__inner-container is-layout-constrained wp-block-group-is-layout-constrained\">\n<h2 class=\"wp-block-heading\" style=\"padding-top:var(--wp--preset--spacing--40);padding-bottom:var(--wp--preset--spacing--40);font-size:25px;font-style:normal;font-weight:600;text-transform:capitalize\">Verwandte Profile entdecken<\/h2>\n\n\n\n<ul class=\"wp-block-list\">\n<li>F\u00fcr eine elegante Aufputzmontage, besuchen Sie <a href=\"https:\/\/tangooled.com\/de\/product\/led-strip-light-channel-aluminum-profile-with-diffused-cover-6mm-height\/\"><mark style=\"background-color:rgba(0, 0, 0, 0)\" class=\"has-inline-color has-vivid-red-color\">LED-Streifenlichtkanal Aluminiumprofil mit diffusem Cover 6mm H\u00f6he.<\/mark><\/a><\/li>\n\n\n\n<li>Ben\u00f6tigen Sie eine schwarze Ausf\u00fchrung? Probieren Sie <a href=\"https:\/\/tangooled.com\/de\/product\/black-led-diffuser-aluminum-channel-for-12mm-tape-lights\/\"><mark style=\"background-color:rgba(0, 0, 0, 0)\" class=\"has-inline-color has-vivid-red-color\">schwarzes LED-Diffusor-Aluminiumprofil f\u00fcr 12mm LED-B\u00e4nder<\/mark><\/a>.<\/li>\n\n\n\n<li>F\u00fcr kleinere Bandbreiten, siehe unser <a href=\"https:\/\/tangooled.com\/de\/product\/25x6mm-low-profile-led-strip-channel-for-10mm-led-strip-light\/\"><mark style=\"background-color:rgba(0, 0, 0, 0)\" class=\"has-inline-color has-vivid-red-color\">25x6mm Low-Profile LED-Streifenkanal f\u00fcr 10mm LED-Lichtstreifen<\/mark>.<\/a><\/li>\n<\/ul>\n<\/div><\/div>\n\n\n\n<div class=\"wp-block-group\" style=\"padding-top:0;padding-bottom:0\"><div class=\"wp-block-group__inner-container is-layout-constrained wp-block-group-is-layout-constrained\">\n<p>Elevate your lighting design with the flangeless 50x20mm recessed LED channel. It&#8217;s the ideal solution for achieving sleek, contemporary, and impactful linear lighting. This channel virtually vanishes into walls and ceilings, creating a genuinely architectural aesthetic.<\/p>\n<\/div><\/div>\n\n\n\n<p><\/p>","protected":false},"featured_media":33366,"template":"","meta":{"_acf_changed":true,"_seopress_robots_primary_cat":"none","_seopress_titles_title":"Wide Plaster-in LED Channel 50x20mm Trimless | TANGOOLED","_seopress_titles_desc":"Source this wide plaster-in LED channel with a 50x20mm profile. Designed for seamless integration into drywall, this extra-wide flangeless solution supports higher lumen output for modern spaces.","_seopress_robots_index":""},"pcb-width":[232],"product-cat":[193],"class_list":{"0":"post-43515","1":"product","2":"type-product","3":"status-publish","4":"has-post-thumbnail","6":"pcb-width-35-45mm","7":"product-cat-recessed-profile"},"acf":[],"_links":{"self":[{"href":"https:\/\/tangooled.com\/de\/wp-json\/wp\/v2\/product\/43515","targetHints":{"allow":["GET"]}}],"collection":[{"href":"https:\/\/tangooled.com\/de\/wp-json\/wp\/v2\/product"}],"about":[{"href":"https:\/\/tangooled.com\/de\/wp-json\/wp\/v2\/types\/product"}],"wp:featuredmedia":[{"embeddable":true,"href":"https:\/\/tangooled.com\/de\/wp-json\/wp\/v2\/media\/33366"}],"wp:attachment":[{"href":"https:\/\/tangooled.com\/de\/wp-json\/wp\/v2\/media?parent=43515"}],"wp:term":[{"taxonomy":"pcb-width","embeddable":true,"href":"https:\/\/tangooled.com\/de\/wp-json\/wp\/v2\/pcb-width?post=43515"},{"taxonomy":"product-cat","embeddable":true,"href":"https:\/\/tangooled.com\/de\/wp-json\/wp\/v2\/product-cat?post=43515"}],"curies":[{"name":"wp","href":"https:\/\/api.w.org\/{rel}","templated":true}]}}