{"id":43513,"date":"2025-12-30T01:43:58","date_gmt":"2025-12-30T09:43:58","guid":{"rendered":"https:\/\/tangooled.com\/?post_type=product&#038;p=43513"},"modified":"2026-01-29T22:31:11","modified_gmt":"2026-01-30T06:31:11","slug":"extra-wide-low-profile-led-aluminum-channel-s7513","status":"publish","type":"product","link":"https:\/\/tangooled.com\/de\/product\/extra-wide-low-profile-led-aluminum-channel-s7513\/","title":{"rendered":"75x13mm Extra breites flaches LED-Aluminiumprofil"},"content":{"rendered":"<div class=\"wp-block-group is-vertical is-layout-flex wp-container-core-group-is-layout-d255d7c4 wp-block-group-is-layout-flex\" style=\"padding-top:var(--wp--preset--spacing--80);padding-bottom:var(--wp--preset--spacing--80)\">\n<p>Unser 75x13mm extra breites flaches LED-Aluminiumprofil ist ein d\u00fcnnes, kantenloses Aluminiumprofil, das an W\u00e4nden oder Putz gro\u00dfartig aussieht. Dieses breite Profil bietet sanfte, kontinuierliche Lichtlinien ohne sichtbare Rahmen. Es hat einen modernen Stil, der zu jedem Geb\u00e4ude passt.<\/p>\n\n\n\n<p>This 13mm low-profile\u00a0is made of high-quality aluminum, which provides excellent heat dissipation, helping your LEDs last longer. The 63.7mm inner width allows you use several strips side by side, ensuring it works well for both functional and ambient lighting. The recessed buckle mounting system provides a tight, flush finish every time, making installation effortless.\u00a0It&#8217;s a great\u00a0solution for high-end residential or commercial applications that require elegant, simple lighting.<\/p>\n<\/div>\n\n\n\n<div class=\"wp-block-group has-background\" style=\"background-color:#f1f1f1;padding-top:var(--wp--preset--spacing--80);padding-bottom:var(--wp--preset--spacing--80)\"><div class=\"wp-block-group__inner-container is-layout-constrained wp-block-group-is-layout-constrained\">\n<div class=\"wp-block-group is-vertical is-layout-flex wp-container-core-group-is-layout-8cf370e7 wp-block-group-is-layout-flex\">\n<h2 class=\"wp-block-heading\" style=\"padding-top:var(--wp--preset--spacing--40);padding-bottom:var(--wp--preset--spacing--40);font-size:25px;font-style:normal;font-weight:600;text-transform:capitalize\">Warum das 75x13mm extra breite flache LED-Profil w\u00e4hlen?<\/h2>\n\n\n\n<ul class=\"wp-block-list\">\n<li>Die versenkten Klammern und das kantenlose Design stellen sicher, dass das Profil nach dem Verputzen vollst\u00e4ndig in die Oberfl\u00e4che integriert ist.<\/li>\n\n\n\n<li>Das 75 mm extra breite Geh\u00e4use kann mehr als einen LED-Streifen oder ein hochleistungsf\u00e4higes breites LED-Band halten, das gleichm\u00e4\u00dfig und weit strahlt.<\/li>\n\n\n\n<li>Es besteht aus anodisiertem Aluminium, das W\u00e4rme leicht entweichen l\u00e4sst und die Lebensdauer der LEDs verl\u00e4ngert.<\/li>\n\n\n\n<li>Der schnappbare opal Diffusor h\u00e4lt Staub fern und sorgt daf\u00fcr, dass das Licht gleichm\u00e4\u00dfig verteilt wird, ohne hei\u00dfe Stellen.<\/li>\n\n\n\n<li>Ideal f\u00fcr Trockenbauinstallationen, architektonische Beleuchtung und moderne Geb\u00e4ude oder Gesch\u00e4fte.<\/li>\n<\/ul>\n<\/div>\n<\/div><\/div>\n\n\n\n<div class=\"wp-block-group\" style=\"padding-top:var(--wp--preset--spacing--60);padding-bottom:var(--wp--preset--spacing--60)\"><div class=\"wp-block-group__inner-container is-layout-constrained wp-block-group-is-layout-constrained\">\n<div class=\"wp-block-media-text has-media-on-the-right is-stacked-on-mobile\" style=\"grid-template-columns:auto 40%\"><div class=\"wp-block-media-text__content\">\n<h2 class=\"wp-block-heading\" style=\"padding-top:var(--wp--preset--spacing--40);padding-bottom:var(--wp--preset--spacing--40);font-size:25px;font-style:normal;font-weight:600;text-transform:capitalize\">So installieren Sie das 75x13mm extra breite flache Aluminium-LED-Profil<\/h2>\n\n\n\n<ul class=\"wp-block-list\">\n<li>Schneiden Sie das Loch in die Trockenbauwand auf die richtige Gr\u00f6\u00dfe f\u00fcr das 75x13mm Profil.<\/li>\n\n\n\n<li>Verwenden Sie versenkte Klammern, um die Aluminiumausf\u00fchrung am Rahmen oder an den St\u00e4ndern zu befestigen.<\/li>\n\n\n\n<li>Tragen Sie Trockenbaum\u00f6rtel auf die Flansche mit L\u00f6chern auf und gl\u00e4tten Sie diese.<\/li>\n\n\n\n<li>Schleifen und streichen Sie die Wand, um sie glatt zu machen.<\/li>\n\n\n\n<li>Legen Sie LED-Streifen, die 63 mm breit oder weniger sind, in das Profil.<\/li>\n\n\n\n<li>Schlie\u00dflich setzen Sie den opal Diffusor ein.<\/li>\n<\/ul>\n<\/div><figure class=\"wp-block-media-text__media\"><img loading=\"lazy\" decoding=\"async\" width=\"500\" height=\"500\" src=\"https:\/\/tangooled.com\/wp-content\/uploads\/2025\/12\/s7513-ins.webp\" alt=\"75x13mm flangeless aluminum led strip light channel\" class=\"wp-image-43551 size-full\" srcset=\"https:\/\/tangooled.com\/wp-content\/uploads\/2025\/12\/s7513-ins.webp 500w, https:\/\/tangooled.com\/wp-content\/uploads\/2025\/12\/s7513-ins-300x300.webp 300w, https:\/\/tangooled.com\/wp-content\/uploads\/2025\/12\/s7513-ins-150x150.webp 150w\" sizes=\"auto, (max-width: 500px) 100vw, 500px\" \/><\/figure><\/div>\n<\/div><\/div>\n\n\n\n<div class=\"wp-block-group has-background\" style=\"background-color:#f1f1f1f2;padding-top:var(--wp--preset--spacing--80);padding-bottom:var(--wp--preset--spacing--80)\"><div class=\"wp-block-group__inner-container is-layout-constrained wp-block-group-is-layout-constrained\">\n<h2 class=\"wp-block-heading\" style=\"padding-top:var(--wp--preset--spacing--40);padding-bottom:var(--wp--preset--spacing--40);font-size:25px;font-style:normal;font-weight:600\">Ideale Anwendungen<\/h2>\n\n\n\n<ul class=\"wp-block-list\">\n<li>Die Installation von Trockenbau bedeutet, sie in W\u00e4nde oder Decken einzubauen, damit sie eben und verputzt sind.<\/li>\n\n\n\n<li>Sauberes ambient- oder Arbeitslicht kann unter Schr\u00e4nken oder in Nischenbeleuchtung in modernen K\u00fcchen und Wohnbereichen verwendet werden.<\/li>\n\n\n\n<li>Gesch\u00e4fte und Unternehmen: Helles, breites Licht zur Pr\u00e4sentation von Produkten oder architektonischen Aspekten.<\/li>\n\n\n\n<li>F\u00fcr B\u00fcros und Hotels ein breites, robustes LED-Bandanlage, das gleichm\u00e4\u00dfiges, blendfreies Licht abgibt.<\/li>\n<\/ul>\n\n\n\n<p>F\u00fcr Oberfl\u00e4chenmontageoptionen ziehen Sie das in Betracht <a href=\"https:\/\/tangooled.com\/de\/product\/wide-slim-surface-mount-led-channel-35x13mm-s3513\/\"><mark style=\"background-color:rgba(0, 0, 0, 0)\" class=\"has-inline-color has-vivid-red-color\">35x13mm Oberfl\u00e4chenmontage-LED-Extrusionskanal<\/mark><\/a> oder <a href=\"https:\/\/tangooled.com\/de\/product\/18x9mm-led-tape-light-profile-for-surface-installation\/\"><mark style=\"background-color:rgba(0, 0, 0, 0)\" class=\"has-inline-color has-vivid-red-color\">18x9 mm LED-Tape-Light-Profil f\u00fcr die Oberfl\u00e4chenmontage<\/mark><\/a>.<\/p>\n<\/div><\/div>\n\n\n\n<div class=\"wp-block-group\" style=\"padding-top:var(--wp--preset--spacing--80);padding-bottom:var(--wp--preset--spacing--80)\"><div class=\"wp-block-group__inner-container is-layout-constrained wp-block-group-is-layout-constrained\">\n<h2 class=\"wp-block-heading\" style=\"padding-top:var(--wp--preset--spacing--40);padding-bottom:var(--wp--preset--spacing--40);font-size:25px;font-style:normal;font-weight:600;text-transform:capitalize\">Entdecken Sie weitere relevante Profile<\/h2>\n\n\n\n<ul class=\"wp-block-list\">\n<li>RSlim-Oberfl\u00e4chenprofil: <a href=\"https:\/\/tangooled.com\/de\/product\/17mm-led-strip-light-aluminum-channel-for-surface-mounting\/\"><mark style=\"background-color:rgba(0, 0, 0, 0)\" class=\"has-inline-color has-vivid-red-color\">17mm LED-Streifenlicht-Aluminiumkanal f\u00fcr die Oberfl\u00e4chenmontage<\/mark><\/a><\/li>\n\n\n\n<li>Extra schmale Option: <a href=\"https:\/\/tangooled.com\/de\/product\/25x6mm-low-profile-led-strip-channel-for-10mm-led-strip-light\/\"><mark style=\"background-color:rgba(0, 0, 0, 0)\" class=\"has-inline-color has-vivid-red-color\">25x6mm flaches LED-Streifenprofil f\u00fcr 10-mm-LED-Streifen<\/mark><\/a><\/li>\n\n\n\n<li>Alternative in schwarzem Finish: <a href=\"https:\/\/tangooled.com\/de\/product\/black-aluminum-u-channel-profile-for-10mm-led-strips\/\"><mark style=\"background-color:rgba(0, 0, 0, 0)\" class=\"has-inline-color has-vivid-red-color\">Schwarzes Aluminium-U-Profil f\u00fcr 10-mm-LED-Streifen<\/mark><\/a><\/li>\n<\/ul>\n<\/div><\/div>\n\n\n\n<div class=\"wp-block-group has-background\" style=\"background-color:#f1f1f1;padding-top:var(--wp--preset--spacing--80);padding-bottom:var(--wp--preset--spacing--80)\"><div class=\"wp-block-group__inner-container is-layout-constrained wp-block-group-is-layout-constrained\">\n<h2 class=\"wp-block-heading\" style=\"padding-top:var(--wp--preset--spacing--40);padding-bottom:var(--wp--preset--spacing--40);font-size:25px;font-style:normal;font-weight:600;text-transform:capitalize\">Zusammenfassung<\/h2>\n\n\n\n<p style=\"padding-right:var(--wp--preset--spacing--50);padding-left:var(--wp--preset--spacing--50)\">Das 75x13mm kantenlose Aluminium-LED-Streifenprofil ist die perfekte Wahl f\u00fcr alle Ihre architektonischen Beleuchtungsbed\u00fcrfnisse, da es breites, kantenloses und leistungsstarkes LED-Licht bietet. Der anodisierte Aluminiumk\u00f6rper und der opal Diffusor sind sowohl robust als auch ansprechend. Sie funktionieren auch gut und halten die W\u00e4rme drinnen. Dieses Profil ist ideal, um LED-Streifen in Trockenbau oder Putz zu integrieren. Sie k\u00f6nnen es mit vielen verschiedenen Arten von LED-Streifen verwenden, sodass Sie Designs erstellen k\u00f6nnen, die f\u00fcr H\u00e4user, Unternehmen, Gesch\u00e4fte und Hotels geeignet sind.<\/p>\n<\/div><\/div>\n\n\n\n<p><\/p>","protected":false},"featured_media":33360,"template":"","meta":{"_acf_changed":false,"_seopress_robots_primary_cat":"none","_seopress_titles_title":"Extra Wide Low Profile LED Aluminum Channel 75x13mm | TANGOOLED","_seopress_titles_desc":"Explore our 75x13mm extra wide low profile LED aluminum channel. Designed for high-lumen output and seamless large-scale lighting, this ultra-wide profile fits multiple LED rows while maintaining a slim depth.","_seopress_robots_index":""},"pcb-width":[233],"product-cat":[193],"class_list":{"0":"post-43513","1":"product","2":"type-product","3":"status-publish","4":"has-post-thumbnail","6":"pcb-width-50-90mm","7":"product-cat-recessed-profile"},"acf":[],"_links":{"self":[{"href":"https:\/\/tangooled.com\/de\/wp-json\/wp\/v2\/product\/43513","targetHints":{"allow":["GET"]}}],"collection":[{"href":"https:\/\/tangooled.com\/de\/wp-json\/wp\/v2\/product"}],"about":[{"href":"https:\/\/tangooled.com\/de\/wp-json\/wp\/v2\/types\/product"}],"wp:featuredmedia":[{"embeddable":true,"href":"https:\/\/tangooled.com\/de\/wp-json\/wp\/v2\/media\/33360"}],"wp:attachment":[{"href":"https:\/\/tangooled.com\/de\/wp-json\/wp\/v2\/media?parent=43513"}],"wp:term":[{"taxonomy":"pcb-width","embeddable":true,"href":"https:\/\/tangooled.com\/de\/wp-json\/wp\/v2\/pcb-width?post=43513"},{"taxonomy":"product-cat","embeddable":true,"href":"https:\/\/tangooled.com\/de\/wp-json\/wp\/v2\/product-cat?post=43513"}],"curies":[{"name":"wp","href":"https:\/\/api.w.org\/{rel}","templated":true}]}}