{"id":43089,"date":"2025-12-26T01:14:37","date_gmt":"2025-12-26T09:14:37","guid":{"rendered":"https:\/\/tangooled.com\/?post_type=product&#038;p=43089"},"modified":"2026-01-29T23:19:04","modified_gmt":"2026-01-30T07:19:04","slug":"35x35mm-surface-black-led-profile-square-channel","status":"publish","type":"product","link":"https:\/\/tangooled.com\/de\/product\/35x35mm-surface-black-led-profile-square-channel\/","title":{"rendered":"35x35mm wandmontiertes schwarzes LED-Profil"},"content":{"rendered":"<div class=\"wp-block-group is-vertical is-layout-flex wp-container-core-group-is-layout-d255d7c4 wp-block-group-is-layout-flex\" style=\"padding-top:var(--wp--preset--spacing--80);padding-bottom:var(--wp--preset--spacing--80)\">\n<p>Unser 35x35mm oberfl\u00e4chenmontiertes schwarzes LED-Profil (S3535A) ist eine elegante und hervorragende Wahl f\u00fcr professionelle Beleuchtung. Mit einer quadratischen Dimension von 35x35mm und einer internen Breite von 25,6mm passt es perfekt sowohl f\u00fcr normale als auch f\u00fcr hochdichte LED-B\u00e4nder. Diese flexible Extrusion kann f\u00fcr oberfl\u00e4chenmontierte, h\u00e4ngende, flangeless eingelassene und wandmontierte Anwendungen verwendet werden, um sicherzustellen, dass lineare Beleuchtung gleichm\u00e4\u00dfig \u00fcber jede architektonische Fl\u00e4che flie\u00dft. Das 35x35mm schwarze LED-Profil ist langlebig und passt perfekt in gehobene Umgebungen, einschlie\u00dflich B\u00fcros, gehobene Gesch\u00e4fte und moderne H\u00e4user. Es verleiht jedem modernen Raum ein sauberes, professionelles Aussehen und brillantes, gleichm\u00e4\u00dfiges Licht.<\/p>\n<\/div>\n\n\n\n<div class=\"wp-block-group has-background\" style=\"background-color:#f1f1f1;padding-top:var(--wp--preset--spacing--80);padding-bottom:var(--wp--preset--spacing--80)\"><div class=\"wp-block-group__inner-container is-layout-constrained wp-block-group-is-layout-constrained\">\n<div class=\"wp-block-group is-vertical is-layout-flex wp-container-core-group-is-layout-8cf370e7 wp-block-group-is-layout-flex\">\n<h2 class=\"wp-block-heading\" style=\"padding-top:var(--wp--preset--spacing--40);padding-bottom:var(--wp--preset--spacing--40);font-size:25px;font-style:normal;font-weight:600;text-transform:capitalize\">Warum sollten Sie unser 35x35mm oberfl\u00e4chenmontiertes schwarzes LED-Profil w\u00e4hlen?<\/h2>\n\n\n\n<ul class=\"wp-block-list\">\n<li>Kann auf viele verschiedene Arten installiert werden: an Decken oder W\u00e4nden. Sie k\u00f6nnen es auch als stilvolle Pendelleuchte aufh\u00e4ngen.<\/li>\n\n\n\n<li>Keine Punkte: Funktioniert perfekt mit mattierten oder opalen Diffusoren, um LED-Punkte zu verbergen.<\/li>\n\n\n\n<li>Robuste Konstruktion: Das anodisierte Aluminium mit matter schwarzer Oberfl\u00e4che wird lange halten.<\/li>\n\n\n\n<li>W\u00e4rmesenkeffekt: Dies h\u00e4lt Ihre LED-B\u00e4nder k\u00fchl, sodass sie viel l\u00e4nger halten.<\/li>\n\n\n\n<li>Funktioniert mit vielen LED-B\u00e4ndern: kann LED-B\u00e4nder bis zu 25mm Breite halten.<\/li>\n<\/ul>\n<\/div>\n<\/div><\/div>\n\n\n\n<div class=\"wp-block-group is-vertical is-layout-flex wp-container-core-group-is-layout-d255d7c4 wp-block-group-is-layout-flex\" style=\"padding-top:var(--wp--preset--spacing--80);padding-bottom:var(--wp--preset--spacing--80)\">\n<hr class=\"wp-block-separator has-alpha-channel-opacity\"\/>\n\n\n\n<div class=\"wp-block-media-text has-media-on-the-right is-stacked-on-mobile\"><div class=\"wp-block-media-text__content\">\n<h2 class=\"wp-block-heading\" style=\"padding-top:var(--wp--preset--spacing--40);padding-bottom:var(--wp--preset--spacing--40);font-size:25px;font-style:normal;font-weight:600;text-transform:capitalize\">Wof\u00fcr k\u00f6nnen Sie es verwenden?<\/h2>\n\n\n\n<ul class=\"wp-block-list\">\n<li>B\u00fcrobeleuchtung: Diese Lichter sind gro\u00dfartig f\u00fcr h\u00e4ngende lineare Lichter in Konferenzr\u00e4umen oder Schaufenstern.<\/li>\n\n\n\n<li>Beleuchtung f\u00fcr zu Hause: Verwenden Sie es als Pendel-LED-Profil in der K\u00fcche oder im Esszimmer.<\/li>\n\n\n\n<li>Architekturbeleuchtung: Ideal f\u00fcr Coves, Wandwaschungen und Beleuchtung unter Schr\u00e4nken.<\/li>\n\n\n\n<li>Werkstatt und Garage: Oberfl\u00e4chenmontage f\u00fcr helles, gleichm\u00e4\u00dfiges Licht bei Aufgaben.<\/li>\n<\/ul>\n<\/div><figure class=\"wp-block-media-text__media\"><img loading=\"lazy\" decoding=\"async\" width=\"500\" height=\"500\" src=\"https:\/\/tangooled.com\/wp-content\/uploads\/2025\/12\/s3535a-ins.webp\" alt=\"black led aluminum profile 35x35mm for surface mounting or suspension\" class=\"wp-image-43401 size-full\" srcset=\"https:\/\/tangooled.com\/wp-content\/uploads\/2025\/12\/s3535a-ins.webp 500w, https:\/\/tangooled.com\/wp-content\/uploads\/2025\/12\/s3535a-ins-300x300.webp 300w, https:\/\/tangooled.com\/wp-content\/uploads\/2025\/12\/s3535a-ins-150x150.webp 150w\" sizes=\"auto, (max-width: 500px) 100vw, 500px\" \/><\/figure><\/div>\n<\/div>\n\n\n\n<div class=\"wp-block-group has-background\" style=\"background-color:#f1f1f1f2;padding-top:var(--wp--preset--spacing--80);padding-bottom:var(--wp--preset--spacing--80)\"><div class=\"wp-block-group__inner-container is-layout-constrained wp-block-group-is-layout-constrained\">\n<h2 class=\"wp-block-heading\" style=\"padding-top:var(--wp--preset--spacing--40);padding-bottom:var(--wp--preset--spacing--40);font-size:25px;font-style:normal;font-weight:600;text-transform:capitalize\">Vervollst\u00e4ndigen Sie Ihr Beleuchtungssystem mit den Zubeh\u00f6rteilen.<\/h2>\n\n\n\n<ul class=\"wp-block-list\">\n<li>Oberfl\u00e4chenmontageclips: Einfache Montagehalterungen f\u00fcr sicheren Halt.<\/li>\n\n\n\n<li>Aufh\u00e4ngesets: Verstellbare Dr\u00e4hte und Deckenrosetten f\u00fcr h\u00e4ngende Installationen.<\/li>\n\n\n\n<li>Endkappen: Verschlie\u00dfen Sie die Enden ordentlich und sch\u00fctzen Sie vor Staub und Feuchtigkeit.<\/li>\n\n\n\n<li>Verbinder &amp; Verbindungselemente: F\u00fcr Ecken und lange durchgehende Linien.<\/li>\n<\/ul>\n<\/div><\/div>\n\n\n\n<div class=\"wp-block-group\" style=\"padding-top:var(--wp--preset--spacing--80);padding-bottom:var(--wp--preset--spacing--80)\"><div class=\"wp-block-group__inner-container is-layout-constrained wp-block-group-is-layout-constrained\">\n<h2 class=\"wp-block-heading\" style=\"padding-top:var(--wp--preset--spacing--40);padding-bottom:var(--wp--preset--spacing--40);font-size:25px;font-style:normal;font-weight:600;text-transform:capitalize\">Verwandte Produkte f\u00fcr Ihr Projekt<\/h2>\n\n\n\n<ul class=\"wp-block-list\">\n<li><a href=\"https:\/\/tangooled.com\/de\/product\/black-led-diffuser-aluminum-channel-for-12mm-tape-lights\/\"><mark style=\"background-color:rgba(0, 0, 0, 0)\" class=\"has-inline-color has-vivid-red-color\">Schwarzes LED-Diffusor-Aluminiumprofil f\u00fcr 12 mm LED-Band<\/mark><\/a><\/li>\n\n\n\n<li><a href=\"https:\/\/tangooled.com\/de\/product\/led-strip-light-channel-aluminum-profile-with-diffused-cover-6mm-height\/\"><mark style=\"background-color:rgba(0, 0, 0, 0)\" class=\"has-inline-color has-vivid-red-color\">Aluminiumprofil f\u00fcr LED-Streifen mit diffundierender Abdeckung, H\u00f6he 6 mm<\/mark><\/a><\/li>\n\n\n\n<li><a href=\"https:\/\/tangooled.com\/de\/product\/aluminum-profile-with-60-degree-lens-led-diffuser\/\"><mark style=\"background-color:rgba(0, 0, 0, 0)\" class=\"has-inline-color has-vivid-red-color\">Aluminiumprofil mit 60-Grad-Linsen-LED-Diffusor<\/mark><\/a><\/li>\n\n\n\n<li><a href=\"https:\/\/tangooled.com\/de\/product\/25x14m-surface-mounted-led-light-aluminum-profile\/\"><mark style=\"background-color:rgba(0, 0, 0, 0)\" class=\"has-inline-color has-vivid-red-color\">25x14m oberfl\u00e4chenmontiertes LED-Leuchten-Aluprofil<\/mark><\/a><\/li>\n<\/ul>\n<\/div><\/div>\n\n\n\n<div class=\"wp-block-group has-background\" style=\"background-color:#f1f1f1f2;padding-top:var(--wp--preset--spacing--80);padding-bottom:var(--wp--preset--spacing--80)\"><div class=\"wp-block-group__inner-container is-layout-constrained wp-block-group-is-layout-constrained\">\n<h2 class=\"wp-block-heading\" style=\"padding-top:var(--wp--preset--spacing--40);padding-bottom:var(--wp--preset--spacing--40);font-size:25px;font-style:normal;font-weight:600\">Zusammenfassung<\/h2>\n\n\n\n<p style=\"padding-right:var(--wp--preset--spacing--50);padding-left:var(--wp--preset--spacing--50)\">Unser 35x35mm oberfl\u00e4chenmontiertes schwarzes LED-Profil hat einen modernen Stil, ist langlebig und einfach zu installieren f\u00fcr sowohl Oberfl\u00e4chenmontage als auch h\u00e4ngende Lichter. Es funktioniert hervorragend mit vielen verschiedenen LED-B\u00e4ndern und erm\u00f6glicht es Ihnen, ein Beleuchtungssystem zu schaffen, das professionell aussieht, energieeffizient ist und elegant ist. F\u00fcr weitere LED-Aluprofile siehe: <mark style=\"background-color:rgba(0, 0, 0, 0)\" class=\"has-inline-color has-vivid-red-color\"><a href=\"https:\/\/tangooled.com\/de\/product\/black-led-profile-with-black-diffuser-for-10mm-led-strip-light\/\">Schwarzes LED-Profil mit schwarzem Diffusor f\u00fcr 10mm LED-Streifenlicht<\/a>, <a href=\"https:\/\/tangooled.com\/de\/product\/surface-mount-led-profile-with-frosted-diffuser-for-10mm-rope-lights\/\">Oberfl\u00e4chenmontierter LED-Profil mit mattiertem Diffusor f\u00fcr 10 mm LED-Lichterketten<\/a>, <a href=\"https:\/\/tangooled.com\/de\/product\/black-aluminum-u-channel-profile-for-10mm-led-strips\/\">Schwarzes Aluminium-U-Kanal-Profil f\u00fcr 10mm LED-Streifen<\/a><\/mark><\/p>\n<\/div><\/div>","protected":false},"featured_media":14722,"template":"","meta":{"_acf_changed":true,"_seopress_robots_primary_cat":"none","_seopress_titles_title":"35x35mm Surface Black LED Profile | Square Matte Black Aluminum Channel | TANGOOLED","_seopress_titles_desc":"Elevate your design with the S3535A, a 35x35mm surface black led profile. This square aluminum channel features a sleek matte finish, ideal for modern surface-mounted or pendant lighting in offices and retail spaces.","_seopress_robots_index":""},"pcb-width":[230],"product-cat":[192,194],"class_list":{"0":"post-43089","1":"product","2":"type-product","3":"status-publish","4":"has-post-thumbnail","6":"pcb-width-20-25mm","7":"product-cat-surface-led-profile","8":"product-cat-suspended-profile"},"acf":[],"_links":{"self":[{"href":"https:\/\/tangooled.com\/de\/wp-json\/wp\/v2\/product\/43089","targetHints":{"allow":["GET"]}}],"collection":[{"href":"https:\/\/tangooled.com\/de\/wp-json\/wp\/v2\/product"}],"about":[{"href":"https:\/\/tangooled.com\/de\/wp-json\/wp\/v2\/types\/product"}],"wp:featuredmedia":[{"embeddable":true,"href":"https:\/\/tangooled.com\/de\/wp-json\/wp\/v2\/media\/14722"}],"wp:attachment":[{"href":"https:\/\/tangooled.com\/de\/wp-json\/wp\/v2\/media?parent=43089"}],"wp:term":[{"taxonomy":"pcb-width","embeddable":true,"href":"https:\/\/tangooled.com\/de\/wp-json\/wp\/v2\/pcb-width?post=43089"},{"taxonomy":"product-cat","embeddable":true,"href":"https:\/\/tangooled.com\/de\/wp-json\/wp\/v2\/product-cat?post=43089"}],"curies":[{"name":"wp","href":"https:\/\/api.w.org\/{rel}","templated":true}]}}