{"id":43087,"date":"2025-12-26T00:39:48","date_gmt":"2025-12-26T08:39:48","guid":{"rendered":"https:\/\/tangooled.com\/?post_type=product&#038;p=43087"},"modified":"2026-01-25T23:24:52","modified_gmt":"2026-01-26T07:24:52","slug":"pendant-led-strip-channel-35x35mm-inner-layer","status":"publish","type":"product","link":"https:\/\/tangooled.com\/de\/product\/pendant-led-strip-channel-35x35mm-inner-layer\/","title":{"rendered":"35x35mm Pendel-LED-Profil (gestaltete Innenausstattung in zwei Ebenen)"},"content":{"rendered":"<div class=\"wp-block-group is-vertical is-layout-flex wp-container-core-group-is-layout-d255d7c4 wp-block-group-is-layout-flex\" style=\"padding-top:var(--wp--preset--spacing--80);padding-bottom:var(--wp--preset--spacing--80)\">\n<p>Unser 35x35mm Pendel-LED-Streifenkanal hat ein ideales quadratisches Design f\u00fcr moderne Innenbeleuchtung. Er verf\u00fcgt \u00fcber eine Gesamtgr\u00f6\u00dfe von 35mm Breite und 35mm H\u00f6he. Sie k\u00f6nnen ihn aufh\u00e4ngen, auf einer Oberfl\u00e4che montieren oder sogar in die Decke oder Wand einlassen. Die spezielle innere Schicht erleichtert die Wartung und W\u00e4rmeabfuhr erheblich. Zudem mildert der obere opale Diffusor die LED-Punkte und l\u00e4sst das Licht gleichm\u00e4\u00dfig und ansprechend streuen. Betrachten Sie es als ein Geh\u00e4use f\u00fcr Ihre LED-Streifen. Dieses hochwertige Aluminiumprofil sch\u00fctzt sie und h\u00e4lt sie k\u00fchl, wodurch Ihre Lichter l\u00e4nger halten und heller leuchten. Es ist eine clevere, saubere L\u00f6sung f\u00fcr jedes professionelle lineare Beleuchtungsprojekt.<\/p>\n<\/div>\n\n\n\n<div class=\"wp-block-group has-background\" style=\"background-color:#f1f1f1;padding-top:var(--wp--preset--spacing--80);padding-bottom:var(--wp--preset--spacing--80)\"><div class=\"wp-block-group__inner-container is-layout-constrained wp-block-group-is-layout-constrained\">\n<div class=\"wp-block-group is-vertical is-layout-flex wp-container-core-group-is-layout-8cf370e7 wp-block-group-is-layout-flex\">\n<h2 class=\"wp-block-heading\" style=\"padding-top:var(--wp--preset--spacing--40);padding-bottom:var(--wp--preset--spacing--40);font-size:25px;font-style:normal;font-weight:600;text-transform:capitalize\">Warum unser 35x35mm Pendel-LED-Streifenkanal w\u00e4hlen?<\/h2>\n\n\n\n<ul class=\"wp-block-list\">\n<li>Light Without Dots: The opal diffuser softens the LED light source, eliminating &#8220;hot spots&#8221; to create a seamless, even glow.<\/li>\n\n\n\n<li>Robuste Bauweise: Das 6063-T5 Aluminium k\u00fchlt die LEDs schnell.<\/li>\n\n\n\n<li>Kompatibel mit vielen LED-Streifen: Er kann Streifen bis zu 20mm Breite halten, wie beispielsweise 2835-, 5050- oder COB-Varianten.<\/li>\n\n\n\n<li>Einfach zu h\u00e4ngen: Enth\u00e4lt ein komplettes Zubeh\u00f6rset (Montageclips, Kabel und Endkappen) f\u00fcr eine einfache h\u00e4ngende oder oberfl\u00e4chenmontierte Installation.<\/li>\n\n\n\n<li>Einfaches Design: Das quadratische Design von 35mm passt gut zu vielen modernen Stilen.<\/li>\n<\/ul>\n<\/div>\n<\/div><\/div>\n\n\n\n<div class=\"wp-block-group is-vertical is-layout-flex wp-container-core-group-is-layout-d255d7c4 wp-block-group-is-layout-flex\" style=\"padding-top:var(--wp--preset--spacing--80);padding-bottom:var(--wp--preset--spacing--80)\">\n<hr class=\"wp-block-separator has-alpha-channel-opacity\"\/>\n\n\n\n<div class=\"wp-block-media-text has-media-on-the-right is-stacked-on-mobile\" style=\"grid-template-columns:auto 40%\"><div class=\"wp-block-media-text__content\">\n<h2 class=\"wp-block-heading\" style=\"padding-top:var(--wp--preset--spacing--40);padding-bottom:var(--wp--preset--spacing--40);font-size:25px;font-style:normal;font-weight:600;text-transform:capitalize\">How To Install 35&#215;35 pendant LED channel?<\/h2>\n\n\n\n<ul class=\"wp-block-list\">\n<li>Schneiden Sie den Kanal und den Diffusor auf die gew\u00fcnschte L\u00e4nge\u3002<\/li>\n\n\n\n<li>Legen Sie Ihren LED-Streifen in den inneren Kanal.<\/li>\n\n\n\n<li>Setzen Sie den Diffusor oben auf und klicken Sie ihn fest.<\/li>\n\n\n\n<li>Setzen Sie die Endkappen vorsichtig auf, um Staub fernzuhalten.<\/li>\n\n\n\n<li>Verwenden Sie das beiliegende Aufh\u00e4ngungsset, Clips oder eingelassene Schnallen, um die Installation abzuschlie\u00dfen.<\/li>\n<\/ul>\n<\/div><figure class=\"wp-block-media-text__media\"><img loading=\"lazy\" decoding=\"async\" width=\"500\" height=\"500\" src=\"https:\/\/tangooled.com\/wp-content\/uploads\/2025\/12\/s3535b-ins.webp\" alt=\"pendant led strip channel 35mm with inner layer\" class=\"wp-image-43390 size-full\" srcset=\"https:\/\/tangooled.com\/wp-content\/uploads\/2025\/12\/s3535b-ins.webp 500w, https:\/\/tangooled.com\/wp-content\/uploads\/2025\/12\/s3535b-ins-300x300.webp 300w, https:\/\/tangooled.com\/wp-content\/uploads\/2025\/12\/s3535b-ins-150x150.webp 150w\" sizes=\"auto, (max-width: 500px) 100vw, 500px\" \/><\/figure><\/div>\n<\/div>\n\n\n\n<div class=\"wp-block-group has-background\" style=\"background-color:#f1f1f1f2;padding-top:var(--wp--preset--spacing--80);padding-bottom:var(--wp--preset--spacing--80)\"><div class=\"wp-block-group__inner-container is-layout-constrained wp-block-group-is-layout-constrained\">\n<h2 class=\"wp-block-heading\" style=\"padding-top:var(--wp--preset--spacing--40);padding-bottom:var(--wp--preset--spacing--40);font-size:25px;font-style:normal;font-weight:600;text-transform:capitalize\">Wo k\u00f6nnen Sie ihn verwenden?<\/h2>\n\n\n\n<ul class=\"wp-block-list\">\n<li>Offices\u2014over desks or tables for clear light.<\/li>\n\n\n\n<li>Helle H\u00e4ngeleuchten, die in K\u00fcche und Essbereich zu Hause harmonisch wirken.<\/li>\n\n\n\n<li>Gesch\u00e4fte und Einkaufszentren haben Lichter, die Ihre Produkte gut zur Geltung bringen.<\/li>\n\n\n\n<li>Schulen und Sporthallen ben\u00f6tigen helles, gleichm\u00e4\u00dfiges Licht, um Sicherheit zu gew\u00e4hrleisten.<\/li>\n\n\n\n<li>Hotels und Lounges: ein modernes, elegantes Design f\u00fcr \u00f6ffentliche Orte.<\/li>\n\n\n\n<li>Flugh\u00e4fen und Bahnh\u00f6fe sollten \u00fcber helle, saubere Deckenleuchten verf\u00fcgen.<\/li>\n<\/ul>\n<\/div><\/div>\n\n\n\n<div class=\"wp-block-group\" style=\"padding-top:var(--wp--preset--spacing--80);padding-bottom:var(--wp--preset--spacing--80)\"><div class=\"wp-block-group__inner-container is-layout-constrained wp-block-group-is-layout-constrained\">\n<h2 class=\"wp-block-heading\" style=\"padding-top:var(--wp--preset--spacing--40);padding-bottom:var(--wp--preset--spacing--40);font-size:25px;font-style:normal;font-weight:600;text-transform:capitalize\">Verwandte Produkte, die Ihnen gefallen k\u00f6nnten<\/h2>\n\n\n\n<ul class=\"wp-block-list\">\n<li><a href=\"https:\/\/tangooled.com\/de\/product\/black-led-diffuser-aluminum-channel-for-12mm-tape-lights\/\"><mark style=\"background-color:rgba(0, 0, 0, 0)\" class=\"has-inline-color has-vivid-red-color\">Schwarzes LED-Diffusor-Aluminiumprofil f\u00fcr 12 mm LED-Band<\/mark><\/a> \u2014 a smaller diffuser channel for narrow LED strips.<\/li>\n\n\n\n<li><a href=\"https:\/\/tangooled.com\/de\/product\/surface-mount-led-profile-with-frosted-diffuser-for-10mm-rope-lights\/\"><mark style=\"background-color:rgba(0, 0, 0, 0)\" class=\"has-inline-color has-vivid-red-color\">Oberfl\u00e4chenmontierter LED-Profil mit mattiertem Diffusor f\u00fcr 10 mm LED-Lichterketten<\/mark><\/a> \u2014 perfect for surface mounting.<\/li>\n\n\n\n<li><a href=\"https:\/\/tangooled.com\/de\/product\/black-aluminum-u-channel-profile-for-10mm-led-strips\/\"><mark style=\"background-color:rgba(0, 0, 0, 0)\" class=\"has-inline-color has-vivid-red-color\">Schwarzes Aluminium-U-Profil f\u00fcr 10mm LED-Streifen<\/mark><\/a> \u2014 a stylish black option for 10mm strips.<\/li>\n\n\n\n<li><a href=\"https:\/\/tangooled.com\/de\/product\/aluminum-profile-with-60-degree-lens-led-diffuser\/\"><mark style=\"background-color:rgba(0, 0, 0, 0)\" class=\"has-inline-color has-vivid-red-color\">Aluminiumprofil mit 60-Grad-Linse LED-Diffusor<\/mark><\/a> \u2014 for sharp, focused light beams.<\/li>\n\n\n\n<li><mark style=\"background-color:rgba(0, 0, 0, 0)\" class=\"has-inline-color has-vivid-red-color\"><a href=\"https:\/\/tangooled.com\/de\/product\/25x14m-surface-mounted-led-light-aluminum-profile\/\">25x14mm Oberfl\u00e4chen-mounted LED-Licht Aluminium-Profil<\/a> <\/mark>\u2014 slim profile for surface lights.<\/li>\n<\/ul>\n<\/div><\/div>","protected":false},"featured_media":14716,"template":"","meta":{"_acf_changed":true,"_seopress_robots_primary_cat":"none","_seopress_titles_title":"35x35mm Pendant LED Strip Channel | Professional Inner-Layer Profile | TANGOOLED","_seopress_titles_desc":"The S3535B is a premium 35x35mm pendant led strip channel featuring a removable inner layer for easy wiring. This heavy-duty square aluminum profile is perfect for high-end office and commercial suspended lighting.","_seopress_robots_index":""},"pcb-width":[229],"product-cat":[192,194],"class_list":{"0":"post-43087","1":"product","2":"type-product","3":"status-publish","4":"has-post-thumbnail","6":"pcb-width-15-20mm","7":"product-cat-surface-led-profile","8":"product-cat-suspended-profile"},"acf":[],"_links":{"self":[{"href":"https:\/\/tangooled.com\/de\/wp-json\/wp\/v2\/product\/43087","targetHints":{"allow":["GET"]}}],"collection":[{"href":"https:\/\/tangooled.com\/de\/wp-json\/wp\/v2\/product"}],"about":[{"href":"https:\/\/tangooled.com\/de\/wp-json\/wp\/v2\/types\/product"}],"wp:featuredmedia":[{"embeddable":true,"href":"https:\/\/tangooled.com\/de\/wp-json\/wp\/v2\/media\/14716"}],"wp:attachment":[{"href":"https:\/\/tangooled.com\/de\/wp-json\/wp\/v2\/media?parent=43087"}],"wp:term":[{"taxonomy":"pcb-width","embeddable":true,"href":"https:\/\/tangooled.com\/de\/wp-json\/wp\/v2\/pcb-width?post=43087"},{"taxonomy":"product-cat","embeddable":true,"href":"https:\/\/tangooled.com\/de\/wp-json\/wp\/v2\/product-cat?post=43087"}],"curies":[{"name":"wp","href":"https:\/\/api.w.org\/{rel}","templated":true}]}}