{"id":43085,"date":"2025-12-26T00:34:49","date_gmt":"2025-12-26T08:34:49","guid":{"rendered":"https:\/\/tangooled.com\/?post_type=product&#038;p=43085"},"modified":"2026-01-25T23:32:35","modified_gmt":"2026-01-26T07:32:35","slug":"s3540a-3-sided-diffuser-led-pendant-profile","status":"publish","type":"product","link":"https:\/\/tangooled.com\/de\/product\/s3540a-3-sided-diffuser-led-pendant-profile\/","title":{"rendered":"S3540A: 40mm hohes LED-Linearpofiel mit dreiseitigem Diffusor"},"content":{"rendered":"<div class=\"wp-block-group is-vertical is-layout-flex wp-container-core-group-is-layout-d255d7c4 wp-block-group-is-layout-flex\" style=\"padding-top:var(--wp--preset--spacing--80);padding-bottom:var(--wp--preset--spacing--80)\">\n<p>Unser Aluminiumkanal mit 35x40mm, ausgestattet mit einem dreiseitigen quadratischen Diffusor, wurde entwickelt, um die Helligkeit in Innenr\u00e4umen zu maximieren. Mit einer Breite von 35mm und einer H\u00f6he von 40mm erm\u00f6glicht der kastenf\u00f6rmige Deckel das Licht, sowohl von vorne als auch von den Seiten aus auszustrahlen und so ein breiteres, immersiveres Licht zu erzeugen. Dieses \u00e4u\u00dferst anpassungsf\u00e4hige lineare Profil unterst\u00fctzt die Oberfl\u00e4chenmontage, den Einbau oder die Aufh\u00e4ngung, wodurch es ideal f\u00fcr hochwertige architektonische Beleuchtung ist. Es bietet ein robustes Geh\u00e4use, das Ihre LED-Streifen sch\u00fctzt, w\u00e4hrend es eine saubere, professionelle \u00c4sthetik gew\u00e4hrleistet. Durch die effektive Beseitigung von hot spots und die gleichm\u00e4\u00dfige Verteilung des Lichts ist es eine hervorragende Wahl f\u00fcr moderne Wohn- oder Gewerber\u00e4ume.<\/p>\n<\/div>\n\n\n\n<div class=\"wp-block-group has-background\" style=\"background-color:#f1f1f1;padding-top:var(--wp--preset--spacing--80);padding-bottom:var(--wp--preset--spacing--80)\"><div class=\"wp-block-group__inner-container is-layout-constrained wp-block-group-is-layout-constrained\">\n<div class=\"wp-block-group is-vertical is-layout-flex wp-container-core-group-is-layout-8cf370e7 wp-block-group-is-layout-flex\">\n<h2 class=\"wp-block-heading\" style=\"padding-top:var(--wp--preset--spacing--40);padding-bottom:var(--wp--preset--spacing--40);font-size:25px;font-style:normal;font-weight:600;text-transform:capitalize\">Warum sollten Sie unser LED-Linearp Profil w\u00e4hlen?<\/h2>\n\n\n\n<ul class=\"wp-block-list\">\n<li>Die dreiseitige Beleuchtung verteilt das Licht ringsum, anstatt nur nach unten.<\/li>\n\n\n\n<li>Die schlanke Profilh\u00f6he von 40mm sorgt f\u00fcr ein elegantes und modernes Design.<\/li>\n\n\n\n<li>Hergestellt aus einem robusten, extrudierten Aluminiumprofil, das W\u00e4rme gut abf\u00fchrt.<\/li>\n\n\n\n<li>Der opalene Polycarbonatdiffusor verhindert Blendung und verbirgt die LED-Punkte.<\/li>\n\n\n\n<li>Funktioniert mit dimmbaren Treibern wie DALI und 0-10V Dimmung.\u00a0<\/li>\n\n\n\n<li>Unterst\u00fctzt hochwertige CRI 90+ LEDs f\u00fcr eine pr\u00e4zise Farbabbildung.<\/li>\n<\/ul>\n<\/div>\n<\/div><\/div>\n\n\n\n<div class=\"wp-block-group is-vertical is-layout-flex wp-container-core-group-is-layout-d255d7c4 wp-block-group-is-layout-flex\" style=\"padding-top:var(--wp--preset--spacing--80);padding-bottom:var(--wp--preset--spacing--80)\">\n<hr class=\"wp-block-separator has-alpha-channel-opacity\"\/>\n\n\n\n<div class=\"wp-block-media-text has-media-on-the-right is-stacked-on-mobile\" style=\"grid-template-columns:auto 40%\"><div class=\"wp-block-media-text__content\">\n<h2 class=\"wp-block-heading\" style=\"padding-top:var(--wp--preset--spacing--40);padding-bottom:var(--wp--preset--spacing--40);font-size:25px;font-style:normal;font-weight:600;text-transform:capitalize\">Komponenten &amp; Installation<\/h2>\n\n\n\n<p>Der Aluminium-LED-Kanal wird mit einem dreiseitigen Diffusor, Metall-Endkappen, Montageschalen und Dr\u00e4hten zum Aufh\u00e4ngen geliefert. Sie k\u00f6nnen die gew\u00fcnschte lineare Beleuchtung erstellen, indem Sie folgende Schritte ausf\u00fchren:<\/p>\n\n\n\n<ul class=\"wp-block-list\">\n<li>Schneiden Sie die Kan\u00e4le und Diffusoren, um sie an Ihren Raum anzupassen.<\/li>\n\n\n\n<li>W\u00e4hlen Sie die richtigen LED-Streifen mit hoher Dichte, wie COB oder 120LEDs\/M.<\/li>\n\n\n\n<li>Use an internal driver or an external driver that can dim the lights, like 0\u201310V or DALI.<\/li>\n\n\n\n<li>Kleine Verbindungen k\u00f6nnen verwendet werden, um lange L\u00e4ngen oder einzigartige Formen zu erstellen.<\/li>\n\n\n\n<li>Use clips\u00a0to attach the channel to the surface, or use a suspension wire to hang it.<\/li>\n<\/ul>\n<\/div><figure class=\"wp-block-media-text__media\"><img loading=\"lazy\" decoding=\"async\" width=\"500\" height=\"500\" src=\"https:\/\/tangooled.com\/wp-content\/uploads\/2025\/12\/s3540a-ins.webp\" alt=\"led linear profile with three sided diffuser for pendant 40mm height\" class=\"wp-image-43385 size-full\" srcset=\"https:\/\/tangooled.com\/wp-content\/uploads\/2025\/12\/s3540a-ins.webp 500w, https:\/\/tangooled.com\/wp-content\/uploads\/2025\/12\/s3540a-ins-300x300.webp 300w, https:\/\/tangooled.com\/wp-content\/uploads\/2025\/12\/s3540a-ins-150x150.webp 150w\" sizes=\"auto, (max-width: 500px) 100vw, 500px\" \/><\/figure><\/div>\n<\/div>\n\n\n\n<div class=\"wp-block-group has-background\" style=\"background-color:#f1f1f1f2;padding-top:var(--wp--preset--spacing--80);padding-bottom:var(--wp--preset--spacing--80)\"><div class=\"wp-block-group__inner-container is-layout-constrained wp-block-group-is-layout-constrained\">\n<h2 class=\"wp-block-heading\" style=\"padding-top:var(--wp--preset--spacing--40);padding-bottom:var(--wp--preset--spacing--40);font-size:25px;font-style:normal;font-weight:600\">Wie Sie es nutzen k\u00f6nnen<\/h2>\n\n\n\n<p>Unsere lineare Pendelleuchte kann auf viele verschiedene Arten verwendet werden:<\/p>\n\n\n\n<ul class=\"wp-block-list\">\n<li>B\u00fcroleuchten: starkes und sanftes Licht f\u00fcr Arbeitspl\u00e4tze und Konferenzr\u00e4ume.<\/li>\n\n\n\n<li>Ausstellungsbeleuchtung f\u00fcr Gesch\u00e4fte: gro\u00dfartig f\u00fcr Showrooms und Gesch\u00e4fte.<\/li>\n\n\n\n<li>Pendelleuchte f\u00fcr K\u00fccheninseln: ein schickes Licht f\u00fcr Ihre K\u00fcche.<\/li>\n\n\n\n<li>Gastfl\u00e4chen sind ideal f\u00fcr Hotellobbys und Restaurants.<\/li>\n\n\n\n<li>F\u00fcr den Heimgebrauch: ideal f\u00fcr die Beleuchtung des Esszimmers und des Heimb\u00fcros.<\/li>\n<\/ul>\n<\/div><\/div>\n\n\n\n<div class=\"wp-block-group\" style=\"padding-top:var(--wp--preset--spacing--80);padding-bottom:var(--wp--preset--spacing--80)\"><div class=\"wp-block-group__inner-container is-layout-constrained wp-block-group-is-layout-constrained\">\n<h2 class=\"wp-block-heading\" style=\"padding-top:var(--wp--preset--spacing--40);padding-bottom:var(--wp--preset--spacing--40);font-size:25px;font-style:normal;font-weight:600;text-transform:capitalize\">Verwandte Produkte &amp; Ressourcen<\/h2>\n\n\n\n<p>Entdecken Sie weitere LED-Profile und Diffusoren f\u00fcr Ihre Projekte<\/p>\n\n\n\n<ul class=\"wp-block-list\">\n<li><a href=\"https:\/\/tangooled.com\/de\/product\/black-led-diffuser-aluminum-channel-for-12mm-tape-lights\/\"><mark style=\"background-color:rgba(0, 0, 0, 0)\" class=\"has-inline-color has-vivid-red-color\">Schwarzes LED-Diffusor-Aluminiumprofil f\u00fcr 12 mm LED-Band<\/mark><\/a><\/li>\n\n\n\n<li><a href=\"https:\/\/tangooled.com\/de\/product\/18x9mm-led-tape-light-profile-for-surface-installation\/\"><mark style=\"background-color:rgba(0, 0, 0, 0)\" class=\"has-inline-color has-vivid-red-color\">18x9mm LED-Bandprofil f\u00fcr die Oberfl\u00e4chenmontage<\/mark><\/a><\/li>\n\n\n\n<li><a href=\"https:\/\/tangooled.com\/de\/product\/aluminum-profile-with-60-degree-lens-led-diffuser\/\"><mark style=\"background-color:rgba(0, 0, 0, 0)\" class=\"has-inline-color has-vivid-red-color\">Aluminiumprofil mit 60-Grad-Linse LED-Diffusor<\/mark><\/a><\/li>\n<\/ul>\n<\/div><\/div>\n\n\n\n<div class=\"wp-block-group has-background\" style=\"background-color:#f1f1f1f2;padding-top:var(--wp--preset--spacing--80);padding-bottom:var(--wp--preset--spacing--80)\"><div class=\"wp-block-group__inner-container is-layout-constrained wp-block-group-is-layout-constrained\">\n<h2 class=\"wp-block-heading\" style=\"padding-top:var(--wp--preset--spacing--40);padding-bottom:var(--wp--preset--spacing--40);font-size:25px;font-style:normal;font-weight:600;text-transform:capitalize\">Zusammenfassung<\/h2>\n\n\n\n<p style=\"padding-right:var(--wp--preset--spacing--50);padding-left:var(--wp--preset--spacing--50)\">Unser 40mm hoher Pendel-LED-Linearkanal mit einem dreiseitigen Diffusor sieht modern aus, funktioniert gro\u00dfartig und ist einfach zu installieren. Perfekt zum Beleuchten von B\u00fcros, Verkaufsdisplays, stilvollen Arbeitsbereichen und vielem mehr. Die extrudierte Aluminiumform mit einem dreidimensionalen Diffusor sorgt daf\u00fcr, dass Ihre Lichter hell und gleichm\u00e4\u00dfig strahlen, ohne harte Blendung oder Flecken. F\u00fcr Ihre Pendelleuchtenbedarfe verwenden Sie dieses Profil. Sie erhalten Stil, Kontrolle und Langlebigkeit in einem kompakten 40mm Design. Kontaktieren Sie uns noch heute f\u00fcr Preise oder um eine Sonderbestellung aufzugeben!<\/p>\n<\/div><\/div>","protected":false},"featured_media":16234,"template":"","meta":{"_acf_changed":true,"_seopress_robots_primary_cat":"none","_seopress_titles_title":"S3540A 3-Sided Diffuser LED Profile | 40mm High Pendant Channel | TANGOOLED","_seopress_titles_desc":"The S3540A is a 40mm high LED linear profile featuring a three-sided diffuser for a 180\u00b0 lighting effect. Perfect for decorative pendant installations where wide light distribution is required.","_seopress_robots_index":""},"pcb-width":[230],"product-cat":[192,194],"class_list":{"0":"post-43085","1":"product","2":"type-product","3":"status-publish","4":"has-post-thumbnail","6":"pcb-width-20-25mm","7":"product-cat-surface-led-profile","8":"product-cat-suspended-profile"},"acf":[],"_links":{"self":[{"href":"https:\/\/tangooled.com\/de\/wp-json\/wp\/v2\/product\/43085","targetHints":{"allow":["GET"]}}],"collection":[{"href":"https:\/\/tangooled.com\/de\/wp-json\/wp\/v2\/product"}],"about":[{"href":"https:\/\/tangooled.com\/de\/wp-json\/wp\/v2\/types\/product"}],"wp:featuredmedia":[{"embeddable":true,"href":"https:\/\/tangooled.com\/de\/wp-json\/wp\/v2\/media\/16234"}],"wp:attachment":[{"href":"https:\/\/tangooled.com\/de\/wp-json\/wp\/v2\/media?parent=43085"}],"wp:term":[{"taxonomy":"pcb-width","embeddable":true,"href":"https:\/\/tangooled.com\/de\/wp-json\/wp\/v2\/pcb-width?post=43085"},{"taxonomy":"product-cat","embeddable":true,"href":"https:\/\/tangooled.com\/de\/wp-json\/wp\/v2\/product-cat?post=43085"}],"curies":[{"name":"wp","href":"https:\/\/api.w.org\/{rel}","templated":true}]}}