{"id":43080,"date":"2025-12-26T00:23:15","date_gmt":"2025-12-26T08:23:15","guid":{"rendered":"https:\/\/tangooled.com\/?post_type=product&#038;p=43080"},"modified":"2026-01-25T23:53:03","modified_gmt":"2026-01-26T07:53:03","slug":"tall-diffuser-led-extrusion-profile-35x67mm","status":"publish","type":"product","link":"https:\/\/tangooled.com\/de\/product\/tall-diffuser-led-extrusion-profile-35x67mm\/","title":{"rendered":"S3567: 35x67mm quadratische LED-Extrusion mit hohem Diffusor"},"content":{"rendered":"<div class=\"wp-block-group is-vertical is-layout-flex wp-container-core-group-is-layout-d255d7c4 wp-block-group-is-layout-flex\" style=\"padding-top:var(--wp--preset--spacing--80);padding-bottom:var(--wp--preset--spacing--80)\">\n<p>Das S3567 hohe Diffusor-LED-Extrusionsprofil hat Gesamtma\u00dfe von 35 mm Breite und 67 mm H\u00f6he sowie einen quadratischen Diffusor. Es verf\u00fcgt \u00fcber einen integrierten Platz zur Installation von LED-Streifen mit einer Breite von 23,8 mm. Die gro\u00dfe Gr\u00f6\u00dfe und der hohe Diffusor reduzieren Blendung und sorgen f\u00fcr gleichm\u00e4\u00dfiges Licht, was es gro\u00dfartig macht f\u00fcr Bereiche, die breitstrahlendes, punktfreies Licht ben\u00f6tigen. Diese Form ist haupts\u00e4chlich f\u00fcr die h\u00e4ngende Installation mit einem einzigartigen Aufh\u00e4ngekabelsatz konzipiert. Diese Technologie verleiht dem S3567 ein modernes, schwebendes Aussehen und macht es zu einer gro\u00dfartigen Wahl f\u00fcr kommerzielle R\u00e4ume, B\u00fcros und Gesch\u00e4fte mit hohen Decken, die starke, architektonisch saubere lineare Beleuchtung ben\u00f6tigen.<\/p>\n<\/div>\n\n\n\n<div class=\"wp-block-group has-background\" style=\"background-color:#f1f1f1;padding-top:var(--wp--preset--spacing--80);padding-bottom:var(--wp--preset--spacing--80)\"><div class=\"wp-block-group__inner-container is-layout-constrained wp-block-group-is-layout-constrained\">\n<div class=\"wp-block-group is-vertical is-layout-flex wp-container-core-group-is-layout-8cf370e7 wp-block-group-is-layout-flex\">\n<h2 class=\"wp-block-heading\" style=\"padding-top:var(--wp--preset--spacing--40);padding-bottom:var(--wp--preset--spacing--40);font-size:25px;font-style:normal;font-weight:600;text-transform:capitalize\">Warum dieses hohe Diffusor-LED-Extrusionsprofil w\u00e4hlen?<\/h2>\n\n\n\n<p>Dieses hohe Diffusor-LED-Extrusionsprofil besteht aus 6063-T5-Aluminium, das das beste Material ist, um Ihre LED-Streifen k\u00fchl und hell zu halten. Der hohe quadratische opale Diffusor verteilt das Licht gleichm\u00e4\u00dfig und verleiht Ihrem Leuchten ein sauberes, professionelles Aussehen.<\/p>\n\n\n\n<ul class=\"wp-block-list\">\n<li>Funktioniert mit breiten LED-Streifen bis zu 23&nbsp;mm f\u00fcr eine hohe Lichtausbeute.<\/li>\n\n\n\n<li>Kann fl\u00e4chenmontiert oder h\u00e4ngend installiert werden.<\/li>\n\n\n\n<li>Erh\u00e4ltlich in rohem Aluminium, schwarz beschichtet oder silber eloxiert.<\/li>\n\n\n\n<li>Funktioniert mit COB-LED-Streifen, doppelt-reihigen LED-Streifen und namhaften Herstellern wie Cree, Nichia und Samsung LED.<\/li>\n\n\n\n<li>Kommt mit Optionen f\u00fcr Endkappen, Montageschnallen und lineare Verbinder (die separat angeboten werden).<\/li>\n<\/ul>\n<\/div>\n<\/div><\/div>\n\n\n\n<div class=\"wp-block-group is-vertical is-layout-flex wp-container-core-group-is-layout-d255d7c4 wp-block-group-is-layout-flex\" style=\"padding-top:var(--wp--preset--spacing--80);padding-bottom:var(--wp--preset--spacing--80)\">\n<hr class=\"wp-block-separator has-alpha-channel-opacity\"\/>\n\n\n\n<div class=\"wp-block-media-text has-media-on-the-right is-stacked-on-mobile\" style=\"grid-template-columns:auto 40%\"><div class=\"wp-block-media-text__content\">\n<h2 class=\"wp-block-heading\" style=\"padding-top:var(--wp--preset--spacing--40);padding-bottom:var(--wp--preset--spacing--40);font-size:25px;font-style:normal;font-weight:600;text-transform:capitalize\">So bauen Sie Ihr LED-Leuchte<\/h2>\n\n\n\n<ul class=\"wp-block-list\">\n<li>W\u00e4hlen Sie die L\u00e4nge und das Finish des Extrusionsprofils.<\/li>\n\n\n\n<li>W\u00e4hlen Sie Ihren LED-Streifen, der bis zu 23 mm breit sein kann, wie COB, SMD 2835\/5050, je nachdem, wie hell Sie das Licht haben m\u00f6chten.<\/li>\n\n\n\n<li>Installieren Sie den hohen quadratischen opalen Diffusor, um das Licht gleichm\u00e4\u00dfig zu machen.<\/li>\n\n\n\n<li>F\u00fcgen Sie entsprechende Zubeh\u00f6rteile f\u00fcr die Fl\u00e4chenmontage oder suspension hinzu.<\/li>\n<\/ul>\n<\/div><figure class=\"wp-block-media-text__media\"><img loading=\"lazy\" decoding=\"async\" width=\"500\" height=\"500\" src=\"https:\/\/tangooled.com\/wp-content\/uploads\/2025\/12\/s3567-ins.webp\" alt=\"35x67mm led light extrusion profile with square tall diffuser\" class=\"wp-image-43340 size-full\" srcset=\"https:\/\/tangooled.com\/wp-content\/uploads\/2025\/12\/s3567-ins.webp 500w, https:\/\/tangooled.com\/wp-content\/uploads\/2025\/12\/s3567-ins-300x300.webp 300w, https:\/\/tangooled.com\/wp-content\/uploads\/2025\/12\/s3567-ins-150x150.webp 150w\" sizes=\"auto, (max-width: 500px) 100vw, 500px\" \/><\/figure><\/div>\n<\/div>\n\n\n\n<div class=\"wp-block-group has-background\" style=\"background-color:#f1f1f1f2;padding-top:var(--wp--preset--spacing--80);padding-bottom:var(--wp--preset--spacing--80)\"><div class=\"wp-block-group__inner-container is-layout-constrained wp-block-group-is-layout-constrained\">\n<h2 class=\"wp-block-heading\" style=\"padding-top:var(--wp--preset--spacing--40);padding-bottom:var(--wp--preset--spacing--40);font-size:25px;font-style:normal;font-weight:600;text-transform:capitalize\">H\u00e4ufige Anwendungen<\/h2>\n\n\n\n<p>Dieses 35x67mm LED-Extrusionsprofil mit hohem Diffusor kann an vielen Orten verwendet werden, wie:<\/p>\n\n\n\n<ul class=\"wp-block-list\">\n<li>Kommerzielle Beleuchtung: Helles, gleichm\u00e4\u00dfiges Licht ist in B\u00fcros, Konferenzr\u00e4umen, Einzelhandelsgesch\u00e4ften und Lobbys erforderlich.<\/li>\n\n\n\n<li>Beleuchtung f\u00fcr Wohnr\u00e4ume: K\u00fccheninseln, Wohnzimmer und Heimb\u00fcros mit einem architektonisch hochwertigen Extrusionsprofil.<\/li>\n\n\n\n<li>Architectural Uses: Custom feature walls, hallways, galleries, and museums that want lighting that isn&#8217;t too bright and spreads out.<\/li>\n<\/ul>\n<\/div><\/div>\n\n\n\n<div class=\"wp-block-group\" style=\"padding-top:var(--wp--preset--spacing--80);padding-bottom:var(--wp--preset--spacing--80)\"><div class=\"wp-block-group__inner-container is-layout-constrained wp-block-group-is-layout-constrained\">\n<h2 class=\"wp-block-heading\" style=\"padding-top:var(--wp--preset--spacing--40);padding-bottom:var(--wp--preset--spacing--40);font-size:25px;font-style:normal;font-weight:600;text-transform:capitalize\">Weitere Produkte, die Ihnen gefallen k\u00f6nnten<\/h2>\n\n\n\n<ul class=\"wp-block-list\">\n<li>Entdecken Sie unser<mark style=\"background-color:rgba(0, 0, 0, 0)\" class=\"has-inline-color has-vivid-red-color\"> <a href=\"https:\/\/tangooled.com\/de\/product\/black-led-profile-with-black-diffuser-for-10mm-led-strip-light\/\">Schwarzes LED-Profil mit schwarzem Diffusor f\u00fcr 10mm LED-Streifen<\/a><\/mark> f\u00fcr schlanke, elegante Beleuchtung.<\/li>\n\n\n\n<li>Sehen Sie die <a href=\"https:\/\/tangooled.com\/de\/product\/surface-mount-led-profile-with-frosted-diffuser-for-10mm-rope-lights\/\"><mark style=\"background-color:rgba(0, 0, 0, 0)\" class=\"has-inline-color has-vivid-red-color\">Oberfl\u00e4chenmontierter LED-Profil mit mattiertem Diffusor f\u00fcr 10 mm LED-Lichterketten<\/mark><\/a> f\u00fcr diskrete Installationen.<\/li>\n\n\n\n<li>F\u00fcr kleinere Streifen, sehen Sie sich die <a href=\"https:\/\/tangooled.com\/de\/product\/18x9mm-led-tape-light-profile-for-surface-installation\/\"><mark style=\"background-color:rgba(0, 0, 0, 0)\" class=\"has-inline-color has-vivid-red-color\">18x9mm LED-Bandprofil f\u00fcr die Oberfl\u00e4chenmontage<\/mark><\/a>.<\/li>\n<\/ul>\n<\/div><\/div>\n\n\n\n<div class=\"wp-block-group\" style=\"padding-top:0;padding-bottom:0\"><div class=\"wp-block-group__inner-container is-layout-constrained wp-block-group-is-layout-constrained\">\n<p>Das 35x67mm quadratische hohe Diffusor-LED-Extrusionsprofil ist ein idealer Ansatz, um eine architektonisch hochwertige Extrusion ohne Lichtpunkte zu erhalten. Es kann gro\u00dfe LED-Streifen aufnehmen und eignet sich f\u00fcr kommerzielle, private und architektonische Anwendungen.<\/p>\n<\/div><\/div>","protected":false},"featured_media":35063,"template":"","meta":{"_acf_changed":true,"_seopress_robots_primary_cat":"none","_seopress_titles_title":"Tall Diffuser LED Extrusion Profile | 35x67mm 3D Glow Aluminum Channel","_seopress_titles_desc":"The S3567 is a premium tall diffuser led extrusion profile measuring 35x67mm. Designed for a 3-sided 3D lighting effect, this square aluminum channel eliminates hotspots and creates bold, soft-glow linear accents.","_seopress_robots_index":""},"pcb-width":[230],"product-cat":[192,194],"class_list":{"0":"post-43080","1":"product","2":"type-product","3":"status-publish","4":"has-post-thumbnail","6":"pcb-width-20-25mm","7":"product-cat-surface-led-profile","8":"product-cat-suspended-profile"},"acf":[],"_links":{"self":[{"href":"https:\/\/tangooled.com\/de\/wp-json\/wp\/v2\/product\/43080","targetHints":{"allow":["GET"]}}],"collection":[{"href":"https:\/\/tangooled.com\/de\/wp-json\/wp\/v2\/product"}],"about":[{"href":"https:\/\/tangooled.com\/de\/wp-json\/wp\/v2\/types\/product"}],"wp:featuredmedia":[{"embeddable":true,"href":"https:\/\/tangooled.com\/de\/wp-json\/wp\/v2\/media\/35063"}],"wp:attachment":[{"href":"https:\/\/tangooled.com\/de\/wp-json\/wp\/v2\/media?parent=43080"}],"wp:term":[{"taxonomy":"pcb-width","embeddable":true,"href":"https:\/\/tangooled.com\/de\/wp-json\/wp\/v2\/pcb-width?post=43080"},{"taxonomy":"product-cat","embeddable":true,"href":"https:\/\/tangooled.com\/de\/wp-json\/wp\/v2\/product-cat?post=43080"}],"curies":[{"name":"wp","href":"https:\/\/api.w.org\/{rel}","templated":true}]}}