{"id":43077,"date":"2025-12-26T00:19:25","date_gmt":"2025-12-26T08:19:25","guid":{"rendered":"https:\/\/tangooled.com\/?post_type=product&#038;p=43077"},"modified":"2026-01-29T23:31:36","modified_gmt":"2026-01-30T07:31:36","slug":"54x35mm-black-suspended-led-channel-quad-row-s5435","status":"publish","type":"product","link":"https:\/\/tangooled.com\/de\/product\/54x35mm-black-suspended-led-channel-quad-row-s5435\/","title":{"rendered":"S5435: 54x35mm schwarzer h\u00e4ngender LED-Kanal (kompatibel mit vier Reihen)"},"content":{"rendered":"<div class=\"wp-block-group is-vertical is-layout-flex wp-container-core-group-is-layout-d255d7c4 wp-block-group-is-layout-flex\" style=\"padding-top:var(--wp--preset--spacing--80);padding-bottom:var(--wp--preset--spacing--80)\">\n<p>Suchen Sie nach einer sicheren und stilvollen M\u00f6glichkeit, Ihre LED-Streifen zu installieren? Unser schwarzes LED-Profil mit den Abmessungen 54x35mm ist so konzipiert, dass es robustes, langlebiges lineares Licht bietet. Hergestellt aus strapazierf\u00e4higem Aluminiumlegierung und mit einer inneren Breite von 44mm, kann dieses Profil bis zu vier Reihen von 10mm LED-Streifen parallel unterbringen.<\/p>\n\n\n\n<p>Das Anwendungsdiagramm zeigt, dass das Profil S5435 f\u00fcr eine flexible Installation konzipiert ist. Mit versteckten Montageklammern und Aufh\u00e4ngebefestigungen kann dieses LED-Profil direkt auf einer Oberfl\u00e4che montiert oder als moderne lineare Pendelleuchte aufgeh\u00e4ngt werden. Seine Anpassungsf\u00e4higkeit macht es f\u00fcr verschiedene architektonische Projekte geeignet.<\/p>\n<\/div>\n\n\n\n<div class=\"wp-block-group has-background\" style=\"background-color:#f1f1f1;padding-top:var(--wp--preset--spacing--80);padding-bottom:var(--wp--preset--spacing--80)\"><div class=\"wp-block-group__inner-container is-layout-constrained wp-block-group-is-layout-constrained\">\n<div class=\"wp-block-group is-vertical is-layout-flex wp-container-core-group-is-layout-8cf370e7 wp-block-group-is-layout-flex\">\n<h2 class=\"wp-block-heading\" style=\"padding-top:var(--wp--preset--spacing--40);padding-bottom:var(--wp--preset--spacing--40);font-size:25px;font-style:normal;font-weight:600;text-transform:capitalize\">Warum unser aufgeh\u00e4ngtes schwarzes LED-Profil 54x35mm w\u00e4hlen?<\/h2>\n\n\n\n<ul class=\"wp-block-list\">\n<li>Der breite Aluminiumkanal ist so konzipiert, dass er vier Reihen LED-Streifen unterbringt, die die Installation von bis zu vier Standard-10mm-Streifen parallel erm\u00f6glicht.<\/li>\n\n\n\n<li>Robuster Aluminiumkanal. Hergestellt aus hochwertiger 6063-T5-Aluminiumlegierung, funktioniert dieses Design als K\u00fchlk\u00f6rper und leitet W\u00e4rme effektiv ab, um die Lebensdauer Ihrer LEDs zu verl\u00e4ngern.<\/li>\n\n\n\n<li>The matte black anodized finish presents a modern, sleek look, aligning with today&#8217;s design trends.<\/li>\n\n\n\n<li>Bereit f\u00fcr die Aufh\u00e4ngung oder Montage: Dieses Design ist f\u00fcr die Deckenaufh\u00e4ngung oder Montage vorgesehen, mit Standard-Flughafenleitungen oder Montageklammern.<\/li>\n\n\n\n<li>Diffusor-Optionen: Standard-Diffusoren sind matt, und opal-farbene, rauchige schwarze Diffusoren k\u00f6nnen auch f\u00fcr ein bestimmtes Projekt angepasst werden.<\/li>\n<\/ul>\n<\/div>\n<\/div><\/div>\n\n\n\n<div class=\"wp-block-group is-vertical is-layout-flex wp-container-core-group-is-layout-d255d7c4 wp-block-group-is-layout-flex\" style=\"padding-top:var(--wp--preset--spacing--80);padding-bottom:var(--wp--preset--spacing--80)\">\n<hr class=\"wp-block-separator has-alpha-channel-opacity\"\/>\n\n\n\n<div class=\"wp-block-media-text has-media-on-the-right is-stacked-on-mobile\" style=\"grid-template-columns:auto 40%\"><div class=\"wp-block-media-text__content\">\n<h2 class=\"wp-block-heading\" style=\"padding-top:var(--wp--preset--spacing--40);padding-bottom:var(--wp--preset--spacing--40);font-size:25px;font-style:normal;font-weight:600;text-transform:capitalize\">Einfache Installation und Kompatibilit\u00e4t<\/h2>\n\n\n\n<ul class=\"wp-block-list\">\n<li>Schneiden Sie den aufgeh\u00e4ngten schwarzen LED-Kanal 54x35mm auf die gew\u00fcnschte L\u00e4nge zu.<\/li>\n\n\n\n<li>Legen Sie Ihre vier Reihen LED-Streifen in den Kanal.<\/li>\n\n\n\n<li>Secure the diffuser cover, regardless of its finish \u2013 frosted or smoked.<\/li>\n\n\n\n<li>Befestigen Sie die Endkappen, um die Verkabelung ordentlich und organisiert zu halten.<\/li>\n\n\n\n<li>To suspend it from your ceiling, you&#8217;ll need to use the suspension system to achieve it.<\/li>\n\n\n\n<li>Stellen Sie sicher, dass Ihre Stromquelle und Dimmer ordnungsgem\u00e4\u00df angeschlossen sind, um einen reibungslosen Betrieb zu gew\u00e4hrleisten.<\/li>\n<\/ul>\n<\/div><figure class=\"wp-block-media-text__media\"><img loading=\"lazy\" decoding=\"async\" width=\"500\" height=\"500\" src=\"https:\/\/tangooled.com\/wp-content\/uploads\/2025\/12\/s5435-installation.webp\" alt=\"suspended 54x35mm black led channel aluminum for quad row led strips\" class=\"wp-image-43337 size-full\" srcset=\"https:\/\/tangooled.com\/wp-content\/uploads\/2025\/12\/s5435-installation.webp 500w, https:\/\/tangooled.com\/wp-content\/uploads\/2025\/12\/s5435-installation-300x300.webp 300w, https:\/\/tangooled.com\/wp-content\/uploads\/2025\/12\/s5435-installation-150x150.webp 150w\" sizes=\"auto, (max-width: 500px) 100vw, 500px\" \/><\/figure><\/div>\n<\/div>\n\n\n\n<div class=\"wp-block-group has-background\" style=\"background-color:#f1f1f1f2;padding-top:var(--wp--preset--spacing--80);padding-bottom:var(--wp--preset--spacing--80)\"><div class=\"wp-block-group__inner-container is-layout-constrained wp-block-group-is-layout-constrained\">\n<h2 class=\"wp-block-heading\" style=\"padding-top:var(--wp--preset--spacing--40);padding-bottom:var(--wp--preset--spacing--40);font-size:25px;font-style:normal;font-weight:600\">Wo kann es verwendet werden?<\/h2>\n\n\n\n<ul class=\"wp-block-list\">\n<li>Kommerzielle B\u00fcros: Erhellen Sie gro\u00dfe Besprechungsr\u00e4ume und offene B\u00fcror\u00e4ume mit breiter, gleichm\u00e4\u00dfiger Beleuchtung.<\/li>\n\n\n\n<li>Einzelhandelsfl\u00e4chen und Ausstellungsr\u00e4ume profitieren davon, Waren mit lebendiger, aufmerksamkeitsstarker Beleuchtung zu pr\u00e4sentieren.<\/li>\n\n\n\n<li>Residential spaces benefit greatly from these fixtures. These fixtures are ideal for kitchens, dining areas, garages, and studios \u2013 anywhere that needs robust pendant lighting.<\/li>\n\n\n\n<li>In modernen Geb\u00e4uden mit hohen Decken k\u00f6nnen architektonische und ambientebeleuchtungen als Hauptlichtquelle oder als Akzentbeleuchtung fungieren.&nbsp;<\/li>\n\n\n\n<li>Allgemeine Beleuchtung: LED-Kanalbeleuchtungsl\u00f6sungen k\u00f6nnen Leuchtstoffr\u00f6hren ersetzen oder in Bereichen verwendet werden, die breite, gleichm\u00e4\u00dfige Beleuchtung ben\u00f6tigen.<\/li>\n<\/ul>\n<\/div><\/div>\n\n\n\n<div class=\"wp-block-group\" style=\"padding-top:var(--wp--preset--spacing--80);padding-bottom:var(--wp--preset--spacing--80)\"><div class=\"wp-block-group__inner-container is-layout-constrained wp-block-group-is-layout-constrained\">\n<h2 class=\"wp-block-heading\" style=\"padding-top:var(--wp--preset--spacing--40);padding-bottom:var(--wp--preset--spacing--40);font-size:25px;font-style:normal;font-weight:600;text-transform:capitalize\">Interne Links f\u00fcr weitere LED-L\u00f6sungen<\/h2>\n\n\n\n<ul class=\"wp-block-list\">\n<li>F\u00fcr kleinere Installationen, siehe die <a href=\"https:\/\/tangooled.com\/de\/product\/black-led-profile-with-black-diffuser-for-10mm-led-strip-light\/\"><mark style=\"background-color:rgba(0, 0, 0, 0)\" class=\"has-inline-color has-vivid-red-color\">schwarzes LED-Profil mit schwarzem Diffusor f\u00fcr 10mm LED-Streifen<\/mark><\/a>.<\/li>\n\n\n\n<li>Brauchen Sie eine elegante Oberfl\u00e4chenmontage? Probieren Sie die <mark style=\"background-color:rgba(0, 0, 0, 0)\" class=\"has-inline-color has-vivid-red-color\"><a href=\"https:\/\/tangooled.com\/de\/product\/led-strip-light-channel-aluminum-profile-with-diffused-cover-6mm-height\/\">Aluminiumprofil f\u00fcr LED-Streifen mit diffundierender Abdeckung, H\u00f6he 6 mm<\/a><\/mark>.<\/li>\n\n\n\n<li>F\u00fcr eine Vielzahl von Montageoptionen, siehe <a href=\"https:\/\/tangooled.com\/de\/product\/black-aluminum-u-channel-profile-for-10mm-led-strips\/\"><mark style=\"background-color:rgba(0, 0, 0, 0)\" class=\"has-inline-color has-vivid-red-color\">schwarzes Aluminium-U-Profil f\u00fcr 10mm LED-Streifen<\/mark><\/a>.<\/li>\n<\/ul>\n<\/div><\/div>\n\n\n\n<div class=\"wp-block-group has-background\" style=\"background-color:#f1f1f1f2;padding-top:var(--wp--preset--spacing--80);padding-bottom:var(--wp--preset--spacing--80)\"><div class=\"wp-block-group__inner-container is-layout-constrained wp-block-group-is-layout-constrained\">\n<h2 class=\"wp-block-heading\" style=\"padding-top:var(--wp--preset--spacing--40);padding-bottom:var(--wp--preset--spacing--40);font-size:25px;font-style:normal;font-weight:600\">Fazit<\/h2>\n\n\n\n<p style=\"padding-right:var(--wp--preset--spacing--50);padding-left:var(--wp--preset--spacing--50)\">Unser aufgeh\u00e4ngtes schwarzes LED-Profil 54x35mm ist eine ideale L\u00f6sung, um vier Reihen LED-Streifen auszustellen. Es bietet ein sauberes und \u00e4sthetisch ansprechendes linear Beleuchtungserlebnis. Au\u00dferdem verleiht die matte schwarze Oberfl\u00e4che dem Ganzen einen modernen Flair. Verwenden Sie es aufgeh\u00e4ngt, um brillantes, gro\u00dfz\u00fcgiges Licht an jedem Ort hinzuzuf\u00fcgen, der hervorragende Beleuchtung ben\u00f6tigt.<\/p>\n<\/div><\/div>","protected":false},"featured_media":33400,"template":"","meta":{"_acf_changed":true,"_seopress_robots_primary_cat":"none","_seopress_titles_title":"54x35mm Black LED Channel | Wide Suspended Quad-Row Profile","_seopress_titles_desc":"This 54x35mm black led channel is designed for quad-row LED strips. Perfect for high-output suspended lighting in large offices and retail spaces, this wide aluminum profile ensures superior heat dissipation.","_seopress_robots_index":""},"pcb-width":[232],"product-cat":[192,194],"class_list":{"0":"post-43077","1":"product","2":"type-product","3":"status-publish","4":"has-post-thumbnail","6":"pcb-width-35-45mm","7":"product-cat-surface-led-profile","8":"product-cat-suspended-profile"},"acf":[],"_links":{"self":[{"href":"https:\/\/tangooled.com\/de\/wp-json\/wp\/v2\/product\/43077","targetHints":{"allow":["GET"]}}],"collection":[{"href":"https:\/\/tangooled.com\/de\/wp-json\/wp\/v2\/product"}],"about":[{"href":"https:\/\/tangooled.com\/de\/wp-json\/wp\/v2\/types\/product"}],"wp:featuredmedia":[{"embeddable":true,"href":"https:\/\/tangooled.com\/de\/wp-json\/wp\/v2\/media\/33400"}],"wp:attachment":[{"href":"https:\/\/tangooled.com\/de\/wp-json\/wp\/v2\/media?parent=43077"}],"wp:term":[{"taxonomy":"pcb-width","embeddable":true,"href":"https:\/\/tangooled.com\/de\/wp-json\/wp\/v2\/pcb-width?post=43077"},{"taxonomy":"product-cat","embeddable":true,"href":"https:\/\/tangooled.com\/de\/wp-json\/wp\/v2\/product-cat?post=43077"}],"curies":[{"name":"wp","href":"https:\/\/api.w.org\/{rel}","templated":true}]}}