{"id":43075,"date":"2025-12-26T00:14:20","date_gmt":"2025-12-26T08:14:20","guid":{"rendered":"https:\/\/tangooled.com\/?post_type=product&#038;p=43075"},"modified":"2026-01-26T00:27:33","modified_gmt":"2026-01-26T08:27:33","slug":"50x70mm-white-led-linear-suspension-profile-s5470","status":"publish","type":"product","link":"https:\/\/tangooled.com\/de\/product\/50x70mm-white-led-linear-suspension-profile-s5470\/","title":{"rendered":"50x70mm wei\u00dfes LED-Profil f\u00fcr lineare Pendelleuchten"},"content":{"rendered":"<div class=\"wp-block-group is-vertical is-layout-flex wp-container-core-group-is-layout-d255d7c4 wp-block-group-is-layout-flex\" style=\"padding-top:var(--wp--preset--spacing--80);padding-bottom:var(--wp--preset--spacing--80)\">\n<p>Unser 54x70mm wei\u00dfes LED-Profil ist f\u00fcr professionelle lineare Lichtanwendungen konzipiert und bietet sowohl h\u00e4ngende als auch aufliegende Installationsm\u00f6glichkeiten (wie gezeigt). Die Gesamtabmessungen betragen 54mm Breite und 76mm H\u00f6he.<\/p>\n\n\n\n<p>Das strukturelle Design umfasst einen Hauptkanal, der die LED-Streifen h\u00e4lt, sowie eine integrierte untere Kammer. Diese spezielle Kammer ist daf\u00fcr ausgelegt, die LED-Treiber oder Stromversorgungen sicher und diskret zu verbergen, sodass keine sichtbaren Kabel vorhanden sind. Ein hochtransmissiver opaler Diffusor passt \u00fcber die LED-Quelle, um das Licht sanft, punktfrei und gleichm\u00e4\u00dfig zu machen.<\/p>\n\n\n\n<p>Das Profil besteht aus hochwertigem Aluminium, was es effektiver macht, W\u00e4rme zu managen. Das S5476 ist eine ausgezeichnete Wahl f\u00fcr gro\u00dfe B\u00fcros und Gewerbefl\u00e4chen, die eine starke, stilvolle und gut integrierte Beleuchtung ben\u00f6tigen.<\/p>\n<\/div>\n\n\n\n<div class=\"wp-block-group has-background\" style=\"background-color:#f1f1f1;padding-top:var(--wp--preset--spacing--80);padding-bottom:var(--wp--preset--spacing--80)\"><div class=\"wp-block-group__inner-container is-layout-constrained wp-block-group-is-layout-constrained\">\n<div class=\"wp-block-group is-vertical is-layout-flex wp-container-core-group-is-layout-8cf370e7 wp-block-group-is-layout-flex\">\n<h2 class=\"wp-block-heading\" style=\"padding-top:var(--wp--preset--spacing--40);padding-bottom:var(--wp--preset--spacing--40);font-size:25px;font-style:normal;font-weight:600;text-transform:capitalize\">Warum dieses LED-Profil w\u00e4hlen?<\/h2>\n\n\n\n<ul class=\"wp-block-list\">\n<li>Starker K\u00fchlk\u00f6rper: Das Design und der Aluminiumk\u00f6rper halten die LED-Streifen k\u00fchler f\u00fcr eine l\u00e4ngere Lebensdauer.<\/li>\n\n\n\n<li>Punktfreies Licht: Der opale Diffusor beseitigt Hotspots, sodass das Licht glatt und angenehm ist.<\/li>\n\n\n\n<li>\u2022Simple to put together: It comes with mounting clips and suspension kits for easy setup.<\/li>\n\n\n\n<li>Flexibles Design: Verwendung in B\u00fcros, Wohnungen, Einzelhandelsgesch\u00e4ften oder Gastgewerbe.<\/li>\n\n\n\n<li>Ma\u00dfgeschneiderte L\u00e4ngen: Sie k\u00f6nnen die richtige L\u00e4nge f\u00fcr jedes Projekt zuschneiden oder bestellen.<\/li>\n<\/ul>\n<\/div>\n<\/div><\/div>\n\n\n\n<div class=\"wp-block-group is-vertical is-layout-flex wp-container-core-group-is-layout-d255d7c4 wp-block-group-is-layout-flex\" style=\"padding-top:var(--wp--preset--spacing--80);padding-bottom:var(--wp--preset--spacing--80)\">\n<hr class=\"wp-block-separator has-alpha-channel-opacity\"\/>\n\n\n\n<div class=\"wp-block-media-text has-media-on-the-right is-stacked-on-mobile\" style=\"grid-template-columns:auto 40%\"><div class=\"wp-block-media-text__content\">\n<h2 class=\"wp-block-heading\" style=\"padding-top:var(--wp--preset--spacing--40);padding-bottom:var(--wp--preset--spacing--40);font-size:25px;font-style:normal;font-weight:600;text-transform:capitalize\">Wo verwenden Sie das 50x70mm wei\u00dfe LED-Profil?<\/h2>\n\n\n\n<ul class=\"wp-block-list\">\n<li>B\u00fcros: Lineare Beleuchtung, die \u00fcber Schreibtischen und Konferenzr\u00e4umen schwebt.<\/li>\n\n\n\n<li>Einzelhandel: Helle, gleichm\u00e4\u00dfige Beleuchtung f\u00fcr Auslagen und Waren.<\/li>\n\n\n\n<li>K\u00fcchen: Eine Pendelleuchte \u00fcber den Inseln und Arbeitsplatten.<\/li>\n\n\n\n<li>\u00d6ffentliche Pl\u00e4tze: Hotels, Galerien und Lobbys mit moderner, modischer Beleuchtung.<\/li>\n\n\n\n<li>Eigenheime: Wohnzimmer, Esszimmer und Homeoffices.<\/li>\n<\/ul>\n<\/div><figure class=\"wp-block-media-text__media\"><img loading=\"lazy\" decoding=\"async\" width=\"500\" height=\"500\" src=\"https:\/\/tangooled.com\/wp-content\/uploads\/2025\/12\/s5476-ins.webp\" alt=\"50x70mm white led profile for led linear suspension\" class=\"wp-image-43327 size-full\" srcset=\"https:\/\/tangooled.com\/wp-content\/uploads\/2025\/12\/s5476-ins.webp 500w, https:\/\/tangooled.com\/wp-content\/uploads\/2025\/12\/s5476-ins-300x300.webp 300w, https:\/\/tangooled.com\/wp-content\/uploads\/2025\/12\/s5476-ins-150x150.webp 150w\" sizes=\"auto, (max-width: 500px) 100vw, 500px\" \/><\/figure><\/div>\n<\/div>\n\n\n\n<div class=\"wp-block-group has-background\" style=\"background-color:#f1f1f1f2;padding-top:var(--wp--preset--spacing--80);padding-bottom:var(--wp--preset--spacing--80)\"><div class=\"wp-block-group__inner-container is-layout-constrained wp-block-group-is-layout-constrained\">\n<h2 class=\"wp-block-heading\" style=\"padding-top:var(--wp--preset--spacing--40);padding-bottom:var(--wp--preset--spacing--40);font-size:25px;font-style:normal;font-weight:600\">Was ist im Profil enthalten?<\/h2>\n\n\n\n<ul class=\"wp-block-list\">\n<li>1x LED-Profil aus Aluminium (2,5m oder ma\u00dfgefertigte L\u00e4nge)<\/li>\n\n\n\n<li>1 opale Diffusoren-Abdeckung<\/li>\n\n\n\n<li>Zwei Metall-Endkappen<\/li>\n\n\n\n<li>Aufh\u00e4ngedraht-Sets<\/li>\n<\/ul>\n<\/div><\/div>\n\n\n\n<div class=\"wp-block-group\" style=\"padding-top:var(--wp--preset--spacing--80);padding-bottom:var(--wp--preset--spacing--80)\"><div class=\"wp-block-group__inner-container is-layout-constrained wp-block-group-is-layout-constrained\">\n<h2 class=\"wp-block-heading\" style=\"padding-top:var(--wp--preset--spacing--40);padding-bottom:var(--wp--preset--spacing--40);font-size:25px;font-style:normal;font-weight:600;text-transform:capitalize\">Verwandte Produkte, die Ihnen gefallen k\u00f6nnten<\/h2>\n\n\n\n<ul class=\"wp-block-list\">\n<li><a href=\"https:\/\/tangooled.com\/de\/product\/black-led-profile-with-black-diffuser-for-10mm-led-strip-light\/\"><mark style=\"background-color:rgba(0, 0, 0, 0)\" class=\"has-inline-color has-vivid-red-color\">Schwarzes LED-Profil mit schwarzem Diffusor f\u00fcr 10mm LED-Streifen<\/mark><\/a>-Ein schlanker schwarzer Kanal f\u00fcr kleinere LED-Streifen.<\/li>\n\n\n\n<li><a href=\"https:\/\/tangooled.com\/de\/product\/surface-mount-led-profile-with-frosted-diffuser-for-10mm-rope-lights\/\"><mark style=\"background-color:rgba(0, 0, 0, 0)\" class=\"has-inline-color has-vivid-red-color\">Oberfl\u00e4chenmontierter LED-Profil mit mattiertem Diffusor f\u00fcr 10 mm LED-Lichterketten<\/mark><\/a> \u2013 Great for surface-mounted LED lights.<\/li>\n\n\n\n<li><a href=\"https:\/\/tangooled.com\/de\/product\/led-strip-light-channel-aluminum-profile-with-diffused-cover-6mm-height\/\"><mark style=\"background-color:rgba(0, 0, 0, 0)\" class=\"has-inline-color has-vivid-red-color\">Aluminiumprofil f\u00fcr LED-Streifen mit diffundierender Abdeckung, H\u00f6he 6 mm<\/mark><\/a> \u2013 Low height extrusion for narrow LED strips.<\/li>\n\n\n\n<li><a href=\"https:\/\/tangooled.com\/de\/product\/22mm-surface-led-aluminum-strip-channel-with-opal-diffuser\/\"><mark style=\"background-color:rgba(0, 0, 0, 0)\" class=\"has-inline-color has-vivid-red-color\">22mm unteres LED-Aluminiumstreifen-Kanal mit opalem Diffusor<\/mark><\/a> \u2013 For slim line lighting with smooth light output.<\/li>\n<\/ul>\n<\/div><\/div>\n\n\n\n<div class=\"wp-block-group has-background\" style=\"background-color:#f1f1f1f2;padding-top:var(--wp--preset--spacing--80);padding-bottom:var(--wp--preset--spacing--80)\"><div class=\"wp-block-group__inner-container is-layout-constrained wp-block-group-is-layout-constrained\">\n<h2 class=\"wp-block-heading\" style=\"padding-top:var(--wp--preset--spacing--40);padding-bottom:var(--wp--preset--spacing--40);font-size:25px;font-style:normal;font-weight:600\">Zusammenfassung<\/h2>\n\n\n\n<p style=\"padding-right:var(--wp--preset--spacing--50);padding-left:var(--wp--preset--spacing--50)\">The 50x70mm white LED profile for LED linear suspension is a great choice for today&#8217;s lighting needs. It works well with wide LED strips, producing professional, dotless light, and features a clean, white look that complements a variety of different styles. This profile helps you create smooth, bright, and attractive LED lights, whether you want to illuminate an office, kitchen, or store.<\/p>\n<\/div><\/div>","protected":false},"featured_media":16254,"template":"","meta":{"_acf_changed":true,"_seopress_robots_primary_cat":"none","_seopress_titles_title":"50x70mm White LED Profile | Linear Suspension Channel | TANGOOLED","_seopress_titles_desc":"The S5467 is a robust 50x70mm white led profile designed for professional suspension lighting. With its 70mm deep housing, it provides flawless diffusion and ample space for internal drivers. Perfect for office and retail interiors.","_seopress_robots_index":""},"pcb-width":[232],"product-cat":[192,194],"class_list":{"0":"post-43075","1":"product","2":"type-product","3":"status-publish","4":"has-post-thumbnail","6":"pcb-width-35-45mm","7":"product-cat-surface-led-profile","8":"product-cat-suspended-profile"},"acf":[],"_links":{"self":[{"href":"https:\/\/tangooled.com\/de\/wp-json\/wp\/v2\/product\/43075","targetHints":{"allow":["GET"]}}],"collection":[{"href":"https:\/\/tangooled.com\/de\/wp-json\/wp\/v2\/product"}],"about":[{"href":"https:\/\/tangooled.com\/de\/wp-json\/wp\/v2\/types\/product"}],"wp:featuredmedia":[{"embeddable":true,"href":"https:\/\/tangooled.com\/de\/wp-json\/wp\/v2\/media\/16254"}],"wp:attachment":[{"href":"https:\/\/tangooled.com\/de\/wp-json\/wp\/v2\/media?parent=43075"}],"wp:term":[{"taxonomy":"pcb-width","embeddable":true,"href":"https:\/\/tangooled.com\/de\/wp-json\/wp\/v2\/pcb-width?post=43075"},{"taxonomy":"product-cat","embeddable":true,"href":"https:\/\/tangooled.com\/de\/wp-json\/wp\/v2\/product-cat?post=43075"}],"curies":[{"name":"wp","href":"https:\/\/api.w.org\/{rel}","templated":true}]}}