{"id":42674,"date":"2025-12-23T06:44:02","date_gmt":"2025-12-23T14:44:02","guid":{"rendered":"https:\/\/tangooled.com\/?post_type=product&#038;p=42674"},"modified":"2026-01-27T23:00:39","modified_gmt":"2026-01-28T07:00:39","slug":"recessed-linear-drywall-led-profile-10mm-dwp26","status":"publish","type":"product","link":"https:\/\/tangooled.com\/de\/product\/recessed-linear-drywall-led-profile-10mm-dwp26\/","title":{"rendered":"Versenkter linearer Deckenleuchten-LED-Streifenprofil DWP26"},"content":{"rendered":"<div class=\"wp-block-group is-vertical is-layout-flex wp-container-core-group-is-layout-d255d7c4 wp-block-group-is-layout-flex\" style=\"padding-top:var(--wp--preset--spacing--80);padding-bottom:var(--wp--preset--spacing--80)\">\n<p>Our recessed DWP26 linear down drywall LED profile is made to hold 10mm LED strips safely. This recessed down lighting linear profile\u00a0is perfect for making sleek, modern lines of light in homes and businesses. Featuring a 38.5mm width and 52mm height with a 12.8mm internal channel, it is engineered for installation into vertical drywall. With its 20.8mm flange, it fits well against ceilings or shelves, letting the light shine down for a clean, trimless vertical wall-wash appearance.<\/p>\n<\/div>\n\n\n\n<div class=\"wp-block-group has-background is-vertical is-layout-flex wp-container-core-group-is-layout-d255d7c4 wp-block-group-is-layout-flex\" style=\"background-color:#f1f1f1;padding-top:var(--wp--preset--spacing--80);padding-bottom:var(--wp--preset--spacing--80)\">\n<div class=\"wp-block-group is-vertical is-layout-flex wp-container-core-group-is-layout-8cf370e7 wp-block-group-is-layout-flex\">\n<h2 class=\"wp-block-heading\" style=\"padding-top:var(--wp--preset--spacing--40);padding-bottom:var(--wp--preset--spacing--40);font-size:25px;font-style:normal;font-weight:600;text-transform:capitalize\">Warum unser versenkter linearer Trockenbau-LED-Profil w\u00e4hlen?<\/h2>\n\n\n\n<ul class=\"wp-block-list\">\n<li>Funktioniert ausgezeichnet mit 10-mm-LED-Streifen wie SMD 5050, 3528, COB und RGB-Streifen.<\/li>\n\n\n\n<li>Hergestellt aus robustem 6063-T5 eloxiertem Aluminium, welches ein hervorragender W\u00e4rmesenker ist, der LEDs k\u00fchl h\u00e4lt, damit sie l\u00e4nger halten.&nbsp;<\/li>\n\n\n\n<li>Verf\u00fcgt \u00fcber eine matte Diffusorabdeckung, die das Licht hell und weich macht, ohne Punkte oder hei\u00dfe Stellen.&nbsp;<\/li>\n\n\n\n<li>Einfach zu installieren und kann passend zugeschnitten werden.<\/li>\n\n\n\n<li>Das b\u00fcndige oder trimmlos Design l\u00e4sst Ihre Lichter sch\u00f6n aussehen, als w\u00e4ren sie eingebaut.&nbsp;<\/li>\n\n\n\n<li>Wird mit Endkappen geliefert, um das Finish ordentlich zu gestalten.<\/li>\n<\/ul>\n<\/div>\n<\/div>\n\n\n\n<div class=\"wp-block-group is-vertical is-layout-flex wp-container-core-group-is-layout-d255d7c4 wp-block-group-is-layout-flex\" style=\"padding-top:var(--wp--preset--spacing--80);padding-bottom:var(--wp--preset--spacing--80)\">\n<hr class=\"wp-block-separator has-alpha-channel-opacity\"\/>\n\n\n\n<div class=\"wp-block-media-text has-media-on-the-right is-stacked-on-mobile\" style=\"grid-template-columns:auto 40%\"><div class=\"wp-block-media-text__content\">\n<h2 class=\"wp-block-heading\" style=\"padding-top:var(--wp--preset--spacing--40);padding-bottom:var(--wp--preset--spacing--40);font-size:25px;font-style:normal;font-weight:600;text-transform:capitalize\">Installationstipps<\/h2>\n\n\n\n<ul class=\"wp-block-list\">\n<li>Machen Sie einen Schlitz oder eine Nut in Trockenbau oder Holz f\u00fcr das Profil.<\/li>\n\n\n\n<li>Verwenden Sie Schrauben&nbsp;um&nbsp;die Aluminiumextrusion in der Nut zu fixieren.<\/li>\n\n\n\n<li>Legen Sie Ihren 10-mm-LED-Streifen in das Profil.<\/li>\n\n\n\n<li>Um den Streifen zu sch\u00fctzen und das Licht zu mildern, dr\u00fccken Sie die opale Diffusorabdeckung an ihren Platz.<\/li>\n\n\n\n<li>Verschlie\u00dfen Sie den Kanal mit den Endkappen f\u00fcr ein ordentliches Erscheinungsbild.<\/li>\n\n\n\n<li>F\u00fcr trimmlos verputzte Oberfl\u00e4chen tragen Sie Fugenmasse \u00fcber den Flansch auf, schleifen und streichen Sie dann, um die Kanten glatt zu machen.<\/li>\n<\/ul>\n<\/div><figure class=\"wp-block-media-text__media\"><img loading=\"lazy\" decoding=\"async\" width=\"500\" height=\"500\" src=\"https:\/\/tangooled.com\/wp-content\/uploads\/2025\/12\/dwp26-ins.webp\" alt=\"recessed linear down lighting led strip profile for 10mm led strip\" class=\"wp-image-43071 size-full\" srcset=\"https:\/\/tangooled.com\/wp-content\/uploads\/2025\/12\/dwp26-ins.webp 500w, https:\/\/tangooled.com\/wp-content\/uploads\/2025\/12\/dwp26-ins-300x300.webp 300w, https:\/\/tangooled.com\/wp-content\/uploads\/2025\/12\/dwp26-ins-150x150.webp 150w\" sizes=\"auto, (max-width: 500px) 100vw, 500px\" \/><\/figure><\/div>\n<\/div>\n\n\n\n<div class=\"wp-block-group has-background\" style=\"background-color:#f1f1f1f2;padding-top:var(--wp--preset--spacing--80);padding-bottom:var(--wp--preset--spacing--80)\"><div class=\"wp-block-group__inner-container is-layout-constrained wp-block-group-is-layout-constrained\">\n<h2 class=\"wp-block-heading\" style=\"padding-top:var(--wp--preset--spacing--40);padding-bottom:var(--wp--preset--spacing--40);font-size:25px;font-style:normal;font-weight:600\">Perfekte Anwendungen f\u00fcr das versenkte lineare Deckenlichtprofil<\/h2>\n\n\n\n<ul class=\"wp-block-list\">\n<li>Versenkte Wandbeleuchtung verleiht Wohnzimmern oder B\u00fcros ein modernes Aussehen.<\/li>\n\n\n\n<li>Cove-Beleuchtung sorgt f\u00fcr ein sanftes und angenehmes Licht rund um Decken oder W\u00e4nde.<\/li>\n\n\n\n<li>Retail and display lighting\u2014give things a smooth, linear glow to make them stand out.<\/li>\n\n\n\n<li>Beleuchtung in Hotel-Lobbys und B\u00fcros verleiht ihnen ein poliertes und professionelles Erscheinungsbild.<\/li>\n<\/ul>\n<\/div><\/div>\n\n\n\n<div class=\"wp-block-group is-vertical is-layout-flex wp-container-core-group-is-layout-d255d7c4 wp-block-group-is-layout-flex\" style=\"padding-top:var(--wp--preset--spacing--80);padding-bottom:var(--wp--preset--spacing--80)\">\n<h2 class=\"wp-block-heading\" style=\"padding-top:var(--wp--preset--spacing--40);padding-bottom:var(--wp--preset--spacing--40);font-size:25px;font-style:normal;font-weight:600;text-transform:capitalize\">Verwandte Produkte, die Ihnen gefallen k\u00f6nnten<\/h2>\n\n\n\n<ul class=\"wp-block-list\">\n<li><a href=\"https:\/\/tangooled.com\/de\/product\/black-led-profile-with-black-diffuser-for-10mm-led-strip-light\/\"><mark style=\"background-color:rgba(0, 0, 0, 0)\" class=\"has-inline-color has-vivid-red-color\">Schwarzes LED-Profil mit schwarzem Diffusor f\u00fcr 10mm LED-Streifen<\/mark><\/a> \u2014 great for dark, modern interiors.<\/li>\n\n\n\n<li><a href=\"https:\/\/tangooled.com\/de\/product\/led-strip-light-channel-aluminum-profile-with-diffused-cover-6mm-height\/\"><mark style=\"background-color:rgba(0, 0, 0, 0)\" class=\"has-inline-color has-vivid-red-color\">LED-Streifenlichtkanal Aluminiumprofil mit diffusierter Abdeckung 6mm H\u00f6he<\/mark><\/a> \u2014 slim and low-profile option.<\/li>\n\n\n\n<li><a href=\"https:\/\/tangooled.com\/de\/product\/25x6mm-low-profile-led-strip-channel-for-10mm-led-strip-light\/\"><mark style=\"background-color:rgba(0, 0, 0, 0)\" class=\"has-inline-color has-vivid-red-color\">25x6mm Niedrigprofil-LED-Streifenkanal f\u00fcr 10mm LED-Streifenlicht <\/mark><\/a>\u2014 very slim for tight spaces.<\/li>\n\n\n\n<li><a href=\"https:\/\/tangooled.com\/de\/product\/recessed-led-aluminum-profile-up-and-down-lighting-channel-for-cabinet\/\"><mark style=\"background-color:rgba(0, 0, 0, 0)\" class=\"has-inline-color has-vivid-red-color\">Eingebauter LED Aluminiumprofil f\u00fcr oben und unten Beleuchtungskanal f\u00fcr Schr\u00e4nke<\/mark> <\/a>\u2014 dual-direction lighting option.<\/li>\n<\/ul>\n<\/div>\n\n\n\n<div class=\"wp-block-group\" style=\"padding-top:0;padding-bottom:0\"><div class=\"wp-block-group__inner-container is-layout-constrained wp-block-group-is-layout-constrained\">\n<p>Dieses versenkte lineare Deckenbeleuchtungs-LED-Streifenprofil f\u00fcr 10-mm-LED-Streifen bietet Ihnen saubere, effiziente und langlebige LED-Streifenbeleuchtung. Es kombiniert die besten Eigenschaften von Aluminiumextrusion, W\u00e4rmeabfuhr und Lichtstreuung zu professioneller Beleuchtung, die sauber und einfach aussieht.<\/p>\n<\/div><\/div>\n\n\n\n<p style=\"font-size:20px\"><\/p>\n\n\n\n<p><\/p>","protected":false},"featured_media":13980,"template":"","meta":{"_acf_changed":true,"_seopress_robots_primary_cat":"none","_seopress_titles_title":"Recessed Linear Drywall LED Profile | 10mm Strip Channel DWP26","_seopress_titles_desc":"The DWP26 is a standard recessed linear drywall led profile optimized for 10mm led strips. Achieve a clean, trimless linear light finish in ceilings and walls with this aluminum channel.","_seopress_robots_index":""},"pcb-width":[228],"product-cat":[197],"class_list":{"0":"post-42674","1":"product","2":"type-product","3":"status-publish","4":"has-post-thumbnail","6":"pcb-width-6-12mm","7":"product-cat-plaster-in-profile"},"acf":[],"_links":{"self":[{"href":"https:\/\/tangooled.com\/de\/wp-json\/wp\/v2\/product\/42674","targetHints":{"allow":["GET"]}}],"collection":[{"href":"https:\/\/tangooled.com\/de\/wp-json\/wp\/v2\/product"}],"about":[{"href":"https:\/\/tangooled.com\/de\/wp-json\/wp\/v2\/types\/product"}],"wp:featuredmedia":[{"embeddable":true,"href":"https:\/\/tangooled.com\/de\/wp-json\/wp\/v2\/media\/13980"}],"wp:attachment":[{"href":"https:\/\/tangooled.com\/de\/wp-json\/wp\/v2\/media?parent=42674"}],"wp:term":[{"taxonomy":"pcb-width","embeddable":true,"href":"https:\/\/tangooled.com\/de\/wp-json\/wp\/v2\/pcb-width?post=42674"},{"taxonomy":"product-cat","embeddable":true,"href":"https:\/\/tangooled.com\/de\/wp-json\/wp\/v2\/product-cat?post=42674"}],"curies":[{"name":"wp","href":"https:\/\/api.w.org\/{rel}","templated":true}]}}