{"id":42672,"date":"2025-12-23T06:36:42","date_gmt":"2025-12-23T14:36:42","guid":{"rendered":"https:\/\/tangooled.com\/?post_type=product&#038;p=42672"},"modified":"2026-02-01T23:03:01","modified_gmt":"2026-02-02T07:03:01","slug":"side-and-down-cornice-valance-lighting-led-channel","status":"publish","type":"product","link":"https:\/\/tangooled.com\/de\/product\/side-and-down-cornice-valance-lighting-led-channel\/","title":{"rendered":"Seiten- und Deckencornice-Vorhangbeleuchtung LED-Kanal"},"content":{"rendered":"<div class=\"wp-block-group is-vertical is-layout-flex wp-container-core-group-is-layout-d255d7c4 wp-block-group-is-layout-flex\" style=\"padding-top:var(--wp--preset--spacing--80);padding-bottom:var(--wp--preset--spacing--80)\">\n<p>Erhellen Sie Ihren Raum mit unserem DWP25 Seiten- und Decken-Cornice-Beleuchtung-LED-Kanal. Dieser coole Aluminium-LED-Kanal ist speziell f\u00fcr die Beleuchtung von Ecken entwickelt, wo Ihre Decke auf die Wand trifft. Mit einer Breite von 50 mm und einer H\u00f6he von 50 mm passt er perfekt f\u00fcr zwei LED-Streifen bis zu 10 mm Breite (jeweils in seinem 10,3 mm Innenkanal). Ein Streifen strahlt Licht zur Decke, w\u00e4hrend der andere Licht an die Wand strahlt und sanftes, gem\u00fctliches, leuchtendes Licht erzeugt, das R\u00e4ume gr\u00f6\u00dfer und gl\u00fccklicher erscheinen l\u00e4sst. Das Licht ist gleichm\u00e4\u00dfig, da es einen satinierten Diffusor hat. Es besteht aus langlebigem 6063-T5 eloxiertem Aluminium. Dieser Kanal ist einfach auf die gew\u00fcnschte Gr\u00f6\u00dfe zuzuschneiden und versteckt Kabel gut, wodurch Ihr Projekt professionell aussieht.<\/p>\n<\/div>\n\n\n\n<div class=\"wp-block-group has-background\" style=\"background-color:#f1f1f1;padding-top:var(--wp--preset--spacing--80);padding-bottom:var(--wp--preset--spacing--80)\"><div class=\"wp-block-group__inner-container is-layout-constrained wp-block-group-is-layout-constrained\">\n<div class=\"wp-block-group is-vertical is-layout-flex wp-container-core-group-is-layout-8cf370e7 wp-block-group-is-layout-flex\">\n<h2 class=\"wp-block-heading\" style=\"padding-top:var(--wp--preset--spacing--40);padding-bottom:var(--wp--preset--spacing--40);font-size:25px;font-style:normal;font-weight:600;text-transform:capitalize\">Warum sollten Sie dieses Seiten- und Decken-Cornice-LED-Profil w\u00e4hlen?<\/h2>\n\n\n\n<ul class=\"wp-block-list\">\n<li>Beleuchtung in zwei Richtungen: Sanftes Licht nach oben und unten.<\/li>\n\n\n\n<li>Architektonisches Design: In Ecken verwendet, sieht es sauber und modern aus.<\/li>\n\n\n\n<li>Einfach einzurichten: Befestigen Sie es einfach in der Ecke, f\u00fcgen Sie Ihre LED-Streifen hinzu und klicken Sie den Diffusor ein.<\/li>\n\n\n\n<li>Langlebig und robust: Aluminium ist ein hervorragender W\u00e4rmeleiter, der Ihre LEDs sch\u00fctzt.<\/li>\n\n\n\n<li>Dieser Artikel eignet sich hervorragend f\u00fcr moderne H\u00e4user, Hotels, B\u00fcros und andere Innenarchitektur-Umgebungen.<\/li>\n<\/ul>\n<\/div>\n<\/div><\/div>\n\n\n\n<div class=\"wp-block-group is-vertical is-layout-flex wp-container-core-group-is-layout-d255d7c4 wp-block-group-is-layout-flex\" style=\"padding-top:var(--wp--preset--spacing--80);padding-bottom:var(--wp--preset--spacing--80)\">\n<hr class=\"wp-block-separator has-alpha-channel-opacity\"\/>\n\n\n\n<div class=\"wp-block-media-text has-media-on-the-right is-stacked-on-mobile\" style=\"grid-template-columns:auto 40%\"><div class=\"wp-block-media-text__content\">\n<h2 class=\"wp-block-heading\" style=\"padding-top:var(--wp--preset--spacing--40);padding-bottom:var(--wp--preset--spacing--40);font-size:25px;font-style:normal;font-weight:600;text-transform:capitalize\">So richten Sie es ein<\/h2>\n\n\n\n<ul class=\"wp-block-list\">\n<li>Finden Sie heraus, wie lang die Ecke ist, die Sie beleuchten m\u00f6chten.<\/li>\n\n\n\n<li>Schneiden Sie den Aluminiumkanal und den Diffusor auf die passende Gr\u00f6\u00dfe.<\/li>\n\n\n\n<li>Verwenden Sie Schrauben, um den Kanal in der Ecke von Decke und Wand zu halten.<\/li>\n\n\n\n<li>Legen Sie Ihre LED-Streifen in die beiden Rillen.<\/li>\n\n\n\n<li>Befestigen Sie die satinierten Diffusoren, um das Licht gleichm\u00e4\u00dfig zu machen.<\/li>\n\n\n\n<li>Verbinden Sie das Kabel mit einer 24V DC-Stromversorgung und einem Dimmer, wenn Sie dies ben\u00f6tigen.<\/li>\n<\/ul>\n<\/div><figure class=\"wp-block-media-text__media\"><img loading=\"lazy\" decoding=\"async\" width=\"500\" height=\"500\" src=\"https:\/\/tangooled.com\/wp-content\/uploads\/2025\/12\/dwp25-ins.webp\" alt=\"side and down cornice valance lighting led channel\" class=\"wp-image-43068 size-full\" srcset=\"https:\/\/tangooled.com\/wp-content\/uploads\/2025\/12\/dwp25-ins.webp 500w, https:\/\/tangooled.com\/wp-content\/uploads\/2025\/12\/dwp25-ins-300x300.webp 300w, https:\/\/tangooled.com\/wp-content\/uploads\/2025\/12\/dwp25-ins-150x150.webp 150w\" sizes=\"auto, (max-width: 500px) 100vw, 500px\" \/><\/figure><\/div>\n<\/div>\n\n\n\n<div class=\"wp-block-group has-background\" style=\"background-color:#f1f1f1f2;padding-top:var(--wp--preset--spacing--80);padding-bottom:var(--wp--preset--spacing--80)\"><div class=\"wp-block-group__inner-container is-layout-constrained wp-block-group-is-layout-constrained\">\n<h2 class=\"wp-block-heading\" style=\"padding-top:var(--wp--preset--spacing--40);padding-bottom:var(--wp--preset--spacing--40);font-size:25px;font-style:normal;font-weight:600\">Nutzungsszenarien<\/h2>\n\n\n\n<ul class=\"wp-block-list\">\n<li>Wohnzimmer: Macht den Raum gem\u00fctlich f\u00fcr Filmabende und Entspannung.<\/li>\n\n\n\n<li>Schlafzimmer: Sanfte Akzentbeleuchtung macht den Raum ruhig und gem\u00fctlich.<\/li>\n\n\n\n<li>K\u00fcche: Beleuchtet W\u00e4nde und Decken und macht Arbeitsbereiche heller, ohne Schatten.<\/li>\n\n\n\n<li>Flur: Wundersch\u00f6nes, kontinuierliches Licht f\u00fchrt Sie.<\/li>\n\n\n\n<li>Unterkunft und Gastronomie: Verleiht W\u00e4nden und Decken einen Hauch von Eleganz und wundersch\u00f6ner Beleuchtung.<\/li>\n<\/ul>\n<\/div><\/div>\n\n\n\n<div class=\"wp-block-group is-vertical is-layout-flex wp-container-core-group-is-layout-d255d7c4 wp-block-group-is-layout-flex\" style=\"padding-top:var(--wp--preset--spacing--80);padding-bottom:var(--wp--preset--spacing--80)\">\n<h2 class=\"wp-block-heading\" style=\"padding-top:var(--wp--preset--spacing--40);padding-bottom:var(--wp--preset--spacing--40);font-size:25px;font-style:normal;font-weight:600;text-transform:capitalize\">Verwandte Produkte<\/h2>\n\n\n\n<ul class=\"wp-block-list\">\n<li><a href=\"https:\/\/tangooled.com\/de\/product\/black-led-diffuser-aluminum-channel-for-12mm-tape-lights\/\"><mark style=\"background-color:rgba(0, 0, 0, 0)\" class=\"has-inline-color has-vivid-red-color\">Schwarzes LED-Diffusor-Aluminiumprofil f\u00fcr 12 mm LED-Band<\/mark><\/a> \u2013 for wider LED strips.<\/li>\n\n\n\n<li><a href=\"https:\/\/tangooled.com\/de\/product\/25x6mm-low-profile-led-strip-channel-for-10mm-led-strip-light\/\"><mark style=\"background-color:rgba(0, 0, 0, 0)\" class=\"has-inline-color has-vivid-red-color\">25x6mm Low-Profile-LED-Streifenkanal f\u00fcr 10mm LED-Streifenlicht<\/mark><\/a> \u2013 great for tight spaces.<\/li>\n\n\n\n<li><a href=\"https:\/\/tangooled.com\/de\/product\/recessed-led-aluminum-profile-up-and-down-lighting-channel-for-cabinet\/\"><mark style=\"background-color:rgba(0, 0, 0, 0)\" class=\"has-inline-color has-vivid-red-color\">Eingebauter LED Aluminiumprofil f\u00fcr oben und unten Beleuchtungskanal f\u00fcr Schr\u00e4nke<\/mark><\/a> \u2013 perfect for cabinets and shelves.<\/li>\n<\/ul>\n<\/div>\n\n\n\n<div class=\"wp-block-group has-background\" style=\"background-color:#f1f1f1f2;padding-top:var(--wp--preset--spacing--80);padding-bottom:var(--wp--preset--spacing--80)\"><div class=\"wp-block-group__inner-container is-layout-constrained wp-block-group-is-layout-constrained\">\n<h2 class=\"wp-block-heading\" style=\"padding-top:var(--wp--preset--spacing--40);padding-bottom:var(--wp--preset--spacing--40);font-size:25px;font-style:normal;font-weight:600\">Zusammenfassung<\/h2>\n\n\n\n<p>Our side and down cornice valance lighting LED channel has two lighting channels and a robust, sleek shape&nbsp;that will make your room more stylish and comfortable. It&#8217;s smart, easy to use, and beautiful\u2014perfect for your next project. Use an architectural lighting profile that really shines to light up your home, business, or hotel.<\/p>\n<\/div><\/div>\n\n\n\n<p><\/p>","protected":false},"featured_media":13976,"template":"","meta":{"_acf_changed":true,"_seopress_robots_primary_cat":"none","_seopress_titles_title":"Side and Down Cornice LED Profile Dual Direction Valance Channel DWP25 | TANGOOLED","_seopress_titles_desc":"The DWP25 is a versatile side and down cornice led profile designed for valance lighting. This dual-direction aluminum channel provides simultaneous lateral and downward illumination for seamless drywall integration.","_seopress_robots_index":""},"pcb-width":[228],"product-cat":[197],"class_list":{"0":"post-42672","1":"product","2":"type-product","3":"status-publish","4":"has-post-thumbnail","6":"pcb-width-6-12mm","7":"product-cat-plaster-in-profile"},"acf":[],"_links":{"self":[{"href":"https:\/\/tangooled.com\/de\/wp-json\/wp\/v2\/product\/42672","targetHints":{"allow":["GET"]}}],"collection":[{"href":"https:\/\/tangooled.com\/de\/wp-json\/wp\/v2\/product"}],"about":[{"href":"https:\/\/tangooled.com\/de\/wp-json\/wp\/v2\/types\/product"}],"wp:featuredmedia":[{"embeddable":true,"href":"https:\/\/tangooled.com\/de\/wp-json\/wp\/v2\/media\/13976"}],"wp:attachment":[{"href":"https:\/\/tangooled.com\/de\/wp-json\/wp\/v2\/media?parent=42672"}],"wp:term":[{"taxonomy":"pcb-width","embeddable":true,"href":"https:\/\/tangooled.com\/de\/wp-json\/wp\/v2\/pcb-width?post=42672"},{"taxonomy":"product-cat","embeddable":true,"href":"https:\/\/tangooled.com\/de\/wp-json\/wp\/v2\/product-cat?post=42672"}],"curies":[{"name":"wp","href":"https:\/\/api.w.org\/{rel}","templated":true}]}}