{"id":42671,"date":"2025-12-23T06:34:12","date_gmt":"2025-12-23T14:34:12","guid":{"rendered":"https:\/\/tangooled.com\/?post_type=product&#038;p=42671"},"modified":"2026-02-01T22:51:27","modified_gmt":"2026-02-02T06:51:27","slug":"up-wall-wash-sconce-led-light-profile-45-degree","status":"publish","type":"product","link":"https:\/\/tangooled.com\/de\/product\/up-wall-wash-sconce-led-light-profile-45-degree\/","title":{"rendered":"Wandeinbau-LED-Leuchte Profil 45 Grad"},"content":{"rendered":"<div class=\"wp-block-group is-vertical is-layout-flex wp-container-core-group-is-layout-d255d7c4 wp-block-group-is-layout-flex\" style=\"padding-top:var(--wp--preset--spacing--80);padding-bottom:var(--wp--preset--spacing--80)\">\n<p>Our DWP24 up wall wash sconce LED profile is specifically designed to give you perfect, ambient light on your walls. This curved aluminum fixture mounts securely to the wall, measuring 53mm high and extending 36.5mm from the surface. It has a large 15mm internal channel that lets it use wider LED strips for better output. The profile&#8217;s shape makes a 45-degree asymmetric beam angle, which sends gentle, even light up your walls. This lovely wall wash effect makes your spaces look bigger and better. Use this one-of-a-kind profile inside or outside to draw attention to walls, paintings, or textures in your home or business area. This will give you a professional and classy lighting design.<\/p>\n<\/div>\n\n\n\n<div class=\"wp-block-group has-background is-vertical is-layout-flex wp-container-core-group-is-layout-d255d7c4 wp-block-group-is-layout-flex\" style=\"background-color:#f1f1f1;padding-top:var(--wp--preset--spacing--80);padding-bottom:var(--wp--preset--spacing--80)\">\n<div class=\"wp-block-group is-vertical is-layout-flex wp-container-core-group-is-layout-8cf370e7 wp-block-group-is-layout-flex\">\n<h2 class=\"wp-block-heading\" style=\"padding-top:var(--wp--preset--spacing--40);padding-bottom:var(--wp--preset--spacing--40);font-size:25px;font-style:normal;font-weight:600;text-transform:capitalize\">Hauptmerkmale und Vorteile<\/h2>\n\n\n\n<ul class=\"wp-block-list\">\n<li>45-Grad Lichtstrahlwinkel: Dieser Winkel sendet Licht gleichm\u00e4\u00dfig nach oben oder unten, sodass es keine hellen Flecken oder unangenehme Blendung beim Reinigen der W\u00e4nde gibt.<\/li>\n\n\n\n<li>Keine Blendung: Das Aluminiumdesign verdeckt die LED-Streifen, sodass das Licht angenehm f\u00fcr die Augen ist.<\/li>\n\n\n\n<li>Starke Aluminiumgeh\u00e4use: Dies h\u00e4lt die LEDs k\u00fchl und verl\u00e4ngert ihre Lebensdauer.<\/li>\n\n\n\n<li>Low-Profile Design: It&#8217;s slim and clean, and it can be mounted on surfaces or recessed into drywall for a streamlined effect.<\/li>\n\n\n\n<li>Mattierter Diffusor: Sch\u00fctzt die LEDs und verteilt das Licht gleichm\u00e4\u00dfig.<\/li>\n\n\n\n<li>Kompatibel mit den meisten LED-Streifen: Geeignet f\u00fcr LEDs, die bis zu 15 mm breit sind, einschlie\u00dflich tunable white und RGB-Optionen.<\/li>\n\n\n\n<li>Dimmbare: Sie k\u00f6nnen es mit 0-10V, TRIAC und ELV Dimmern verwenden, um das Licht sanft zu regulieren.<\/li>\n<\/ul>\n<\/div>\n<\/div>\n\n\n\n<div class=\"wp-block-group is-vertical is-layout-flex wp-container-core-group-is-layout-d255d7c4 wp-block-group-is-layout-flex\" style=\"padding-top:var(--wp--preset--spacing--80);padding-bottom:var(--wp--preset--spacing--80)\">\n<hr class=\"wp-block-separator has-alpha-channel-opacity\"\/>\n\n\n\n<div class=\"wp-block-media-text has-media-on-the-right is-stacked-on-mobile\" style=\"grid-template-columns:auto 40%\"><div class=\"wp-block-media-text__content\">\n<h2 class=\"wp-block-heading\" style=\"padding-top:var(--wp--preset--spacing--40);padding-bottom:var(--wp--preset--spacing--40);font-size:25px;font-style:normal;font-weight:600;text-transform:capitalize\">Installation &amp; Kompatibilit\u00e4t<\/h2>\n\n\n\n<ul class=\"wp-block-list\">\n<li>Kann an W\u00e4nden oder Decken montiert werden.&nbsp;<\/li>\n\n\n\n<li>Funktioniert mit LED-B\u00e4nderlichtern, die zwischen 10 mm und 15 mm breit sind.<\/li>\n\n\n\n<li>Funktioniert mit Smart-Home-Systemen und dimmbaren LED-Treibern.&nbsp;<\/li>\n\n\n\n<li>Kann auf jede L\u00e4nge zugeschnitten werden.&nbsp;<\/li>\n\n\n\n<li>Ideal f\u00fcr Wandgrazing, Wandwaschen und ungleichm\u00e4\u00dfige Lichtverteilung.<\/li>\n<\/ul>\n<\/div><figure class=\"wp-block-media-text__media\"><img loading=\"lazy\" decoding=\"async\" width=\"500\" height=\"500\" src=\"https:\/\/tangooled.com\/wp-content\/uploads\/2025\/12\/dwp24-ins.webp\" alt=\"plaster in crown shaped led lighting profile for 10mm strip\" class=\"wp-image-43065 size-full\" srcset=\"https:\/\/tangooled.com\/wp-content\/uploads\/2025\/12\/dwp24-ins.webp 500w, https:\/\/tangooled.com\/wp-content\/uploads\/2025\/12\/dwp24-ins-300x300.webp 300w, https:\/\/tangooled.com\/wp-content\/uploads\/2025\/12\/dwp24-ins-150x150.webp 150w\" sizes=\"auto, (max-width: 500px) 100vw, 500px\" \/><\/figure><\/div>\n<\/div>\n\n\n\n<div class=\"wp-block-group has-background is-vertical is-layout-flex wp-container-core-group-is-layout-b429018a wp-block-group-is-layout-flex\" style=\"background-color:#f1f1f1f2;padding-top:var(--wp--preset--spacing--70);padding-bottom:var(--wp--preset--spacing--70)\">\n<h2 class=\"wp-block-heading\" style=\"padding-top:var(--wp--preset--spacing--40);padding-bottom:var(--wp--preset--spacing--40);font-size:25px;font-style:normal;font-weight:600\">Wo Sie Ihr LED-Profil f\u00fcr Wandwaschleuchten verwenden k\u00f6nnen<\/h2>\n\n\n\n<ul class=\"wp-block-list\">\n<li>Architectural Facades &amp; Entryways \u2013 Brighten building fronts for a grand feel.<\/li>\n\n\n\n<li>Corridors and Hallways \u2013 Even and clean vertical illumination.<\/li>\n\n\n\n<li>Living Rooms &amp; Feature Walls \u2013 Highlight stone, brick, or textured walls.<\/li>\n\n\n\n<li>Museums &amp; Art Galleries \u2013 Show off artwork with soft, glare-free accent lighting.<\/li>\n\n\n\n<li>Retail &amp; Hospitality Spaces \u2013 Create inviting and elegant store or restaurant lighting.&nbsp;<\/li>\n<\/ul>\n\n\n\n<p>Diese architektonische Leuchte eignet sich hervorragend f\u00fcr Uplighting, Downlighting oder indirekte Beleuchtung. Sie bietet Ihnen gleichm\u00e4\u00dfiges Licht ohne harte Schatten. Sie fungiert als Akzentbeleuchtung, um Texturen hervorzuheben und die Beleuchtung geschichtet erscheinen zu lassen.<\/p>\n<\/div>\n\n\n\n<div class=\"wp-block-group is-vertical is-layout-flex wp-container-core-group-is-layout-d255d7c4 wp-block-group-is-layout-flex\" style=\"padding-top:var(--wp--preset--spacing--80);padding-bottom:var(--wp--preset--spacing--80)\">\n<h2 class=\"wp-block-heading\" style=\"padding-top:var(--wp--preset--spacing--40);padding-bottom:var(--wp--preset--spacing--40);font-size:25px;font-style:normal;font-weight:600;text-transform:capitalize\">Verwandte Produkte zum Entdecken<\/h2>\n\n\n\n<ul class=\"wp-block-list\">\n<li><a href=\"https:\/\/tangooled.com\/de\/product\/25x6mm-low-profile-led-strip-channel-for-10mm-led-strip-light\/\"><mark style=\"background-color:rgba(0, 0, 0, 0)\" class=\"has-inline-color has-vivid-red-color\">25x6mm Niedrigprofil-LED-Streifenkanal f\u00fcr 10mm LED-Streifenlicht<\/mark><\/a><\/li>\n\n\n\n<li><a href=\"https:\/\/tangooled.com\/de\/product\/aluminum-profile-with-60-degree-lens-led-diffuser\/\"><mark style=\"background-color:rgba(0, 0, 0, 0)\" class=\"has-inline-color has-vivid-red-color\">Aluminiumprofil mit 60-Grad-Linse LED-Diffusor<\/mark><\/a><\/li>\n\n\n\n<li><a href=\"https:\/\/tangooled.com\/de\/product\/surface-mount-led-profile-with-frosted-diffuser-for-10mm-rope-lights\/\"><mark style=\"background-color:rgba(0, 0, 0, 0)\" class=\"has-inline-color has-vivid-red-color\">Oberfl\u00e4chenmontierter LED-Profil mit mattiertem Diffusor f\u00fcr 10 mm LED-Lichterketten<\/mark><\/a><\/li>\n\n\n\n<li><a href=\"https:\/\/tangooled.com\/de\/product\/recessed-15x12mm-black-light-diffuser-aluminum-channel-for-10mm-led-strips\/\"><mark style=\"background-color:rgba(0, 0, 0, 0)\" class=\"has-inline-color has-vivid-red-color\">Eingelassener schwarzer Lichtdiffusor aus Aluminium mit 15x12mm f\u00fcr 10mm LED-Streifen<\/mark><\/a><\/li>\n<\/ul>\n<\/div>\n\n\n\n<div class=\"wp-block-group\" style=\"padding-top:0;padding-bottom:0\"><div class=\"wp-block-group__inner-container is-layout-constrained wp-block-group-is-layout-constrained\">\n\n\n<p>The up wall wash sconce LED profile 45 degree is the best choice for architectural lighting, accent lighting, and even lighting. Start your project now! It&#8217;s tough, looks good, and is easy to put together.<\/p>\n<\/div><\/div>\n\n\n\n<p><\/p>","protected":false},"featured_media":13971,"template":"","meta":{"_acf_changed":true,"_seopress_robots_primary_cat":"none","_seopress_titles_title":"Up Wall Wash Sconce LED Profile | 45 Degree Hidden Channel DWP24","_seopress_titles_desc":"The DWP24 is a professional up wall wash sconce led profile featuring a 45 degree angle for seamless indirect lighting. Create a modern trimless wall sconce effect in drywalls with this architectural aluminum channel.","_seopress_robots_index":""},"pcb-width":[228],"product-cat":[197],"class_list":{"0":"post-42671","1":"product","2":"type-product","3":"status-publish","4":"has-post-thumbnail","6":"pcb-width-6-12mm","7":"product-cat-plaster-in-profile"},"acf":[],"_links":{"self":[{"href":"https:\/\/tangooled.com\/de\/wp-json\/wp\/v2\/product\/42671","targetHints":{"allow":["GET"]}}],"collection":[{"href":"https:\/\/tangooled.com\/de\/wp-json\/wp\/v2\/product"}],"about":[{"href":"https:\/\/tangooled.com\/de\/wp-json\/wp\/v2\/types\/product"}],"wp:featuredmedia":[{"embeddable":true,"href":"https:\/\/tangooled.com\/de\/wp-json\/wp\/v2\/media\/13971"}],"wp:attachment":[{"href":"https:\/\/tangooled.com\/de\/wp-json\/wp\/v2\/media?parent=42671"}],"wp:term":[{"taxonomy":"pcb-width","embeddable":true,"href":"https:\/\/tangooled.com\/de\/wp-json\/wp\/v2\/pcb-width?post=42671"},{"taxonomy":"product-cat","embeddable":true,"href":"https:\/\/tangooled.com\/de\/wp-json\/wp\/v2\/product-cat?post=42671"}],"curies":[{"name":"wp","href":"https:\/\/api.w.org\/{rel}","templated":true}]}}