{"id":42669,"date":"2025-12-23T06:31:17","date_gmt":"2025-12-23T14:31:17","guid":{"rendered":"https:\/\/tangooled.com\/?post_type=product&#038;p=42669"},"modified":"2026-01-27T22:48:48","modified_gmt":"2026-01-28T06:48:48","slug":"plaster-in-crown-shaped-led-lighting-profile-for-10mm-strip","status":"publish","type":"product","link":"https:\/\/tangooled.com\/de\/product\/plaster-in-crown-shaped-led-lighting-profile-for-10mm-strip\/","title":{"rendered":"Putz-in Kranzf\u00f6rmiges LED-Beleuchtungsprofil f\u00fcr 10mm Streifen"},"content":{"rendered":"<div class=\"wp-block-group is-vertical is-layout-flex wp-container-core-group-is-layout-d255d7c4 wp-block-group-is-layout-flex\" style=\"padding-top:var(--wp--preset--spacing--80);padding-bottom:var(--wp--preset--spacing--80)\">\n<p>Our DWP23 crown-shaped plaster-in LED profile will brighten any room. Designed for 10mm LED strips, this aluminum channel features a substantial 96.5mm height and a 13mm internal width. It is expertly designed to fit perfectly into walls or ceilings. The plaster &#8220;wings&#8221; make sure the fit is flush, which makes trimless cove lighting that looks like classic crown molding. This design sends light up, making a smooth, dotless glow that looks like it&#8217;s coming straight from the surface.<\/p>\n<\/div>\n\n\n\n<div class=\"wp-block-group has-background\" style=\"background-color:#f1f1f1;padding-top:var(--wp--preset--spacing--80);padding-bottom:var(--wp--preset--spacing--80)\"><div class=\"wp-block-group__inner-container is-layout-constrained wp-block-group-is-layout-constrained\">\n<div class=\"wp-block-group is-vertical is-layout-flex wp-container-core-group-is-layout-8cf370e7 wp-block-group-is-layout-flex\">\n<h2 class=\"wp-block-heading\" style=\"padding-top:var(--wp--preset--spacing--40);padding-bottom:var(--wp--preset--spacing--40);font-size:25px;font-style:normal;font-weight:600;text-transform:capitalize\">Warum dieses Profil w\u00e4hlen?<\/h2>\n\n\n\n<ul class=\"wp-block-list\">\n<li>Elegantes, unsichtbares Licht: Der opale Diffusor verteilt das LED-Licht gleichm\u00e4\u00dfig, sodass es keine Flecken oder Blendung gibt.<\/li>\n\n\n\n<li>Langlebig: Die Konstruktion aus eloxiertem Aluminium ist robust und h\u00e4lt die LEDs k\u00fchl, wodurch sie l\u00e4nger halten.<\/li>\n\n\n\n<li>Simple &#8220;mud-in&#8221; installation: Just cover the profile&#8217;s wings with plaster for a smooth, trimless finish.<\/li>\n\n\n\n<li>Klassische Kranzform: Leitet das Licht sanft nach oben und zur Seite f\u00fcr einen warmen Glanz.<\/li>\n\n\n\n<li>Passt f\u00fcr 10 mm LED-Streifen: Weit genug f\u00fcr die g\u00e4ngigsten LED-B\u00e4nder, wie SMD 5050, COB oder dimmbares Wei\u00df.<\/li>\n<\/ul>\n<\/div>\n<\/div><\/div>\n\n\n\n<div class=\"wp-block-group is-vertical is-layout-flex wp-container-core-group-is-layout-d255d7c4 wp-block-group-is-layout-flex\" style=\"padding-top:var(--wp--preset--spacing--80);padding-bottom:var(--wp--preset--spacing--80)\">\n<hr class=\"wp-block-separator has-alpha-channel-opacity\"\/>\n\n\n\n<div class=\"wp-block-media-text has-media-on-the-right is-stacked-on-mobile\" style=\"grid-template-columns:auto 40%\"><div class=\"wp-block-media-text__content\">\n<h2 class=\"wp-block-heading\" style=\"padding-top:var(--wp--preset--spacing--40);padding-bottom:var(--wp--preset--spacing--40);font-size:25px;font-style:normal;font-weight:600;text-transform:capitalize\">Installation in einfachen Schritten<\/h2>\n\n\n\n<ul class=\"wp-block-list\">\n<li>Schneiden Sie die Trockenbauplatte und passen Sie das Profil zwischen die Balken oder Pfetten ein.<\/li>\n\n\n\n<li>Verwenden Sie die Schrauben, um das Profil zu fixieren.<\/li>\n\n\n\n<li>Tragen Sie Putz oder Spachtelmasse auf die Fl\u00fcgel auf, die L\u00f6cher haben.<\/li>\n\n\n\n<li>Schleifen Sie die Oberfl\u00e4che, bis sie glatt ist, und streichen Sie sie dann, um mit Ihren W\u00e4nden \u00fcbereinzustimmen.<\/li>\n\n\n\n<li>Legen Sie Ihren 10 mm LED-Streifen in den Kanal.<\/li>\n\n\n\n<li>Setzen Sie den opalen Diffusor auf und erhalten Sie eine klare, punktelose Beleuchtung.<\/li>\n<\/ul>\n<\/div><figure class=\"wp-block-media-text__media\"><img loading=\"lazy\" decoding=\"async\" width=\"500\" height=\"500\" src=\"https:\/\/tangooled.com\/wp-content\/uploads\/2025\/12\/dwp23-ins.webp\" alt=\"plaster in crown shaped led lighting profile for 10mm strip\" class=\"wp-image-43067 size-full\" srcset=\"https:\/\/tangooled.com\/wp-content\/uploads\/2025\/12\/dwp23-ins.webp 500w, https:\/\/tangooled.com\/wp-content\/uploads\/2025\/12\/dwp23-ins-300x300.webp 300w, https:\/\/tangooled.com\/wp-content\/uploads\/2025\/12\/dwp23-ins-150x150.webp 150w\" sizes=\"auto, (max-width: 500px) 100vw, 500px\" \/><\/figure><\/div>\n<\/div>\n\n\n\n<div class=\"wp-block-group has-background\" style=\"background-color:#f1f1f1f2;padding-top:var(--wp--preset--spacing--80);padding-bottom:var(--wp--preset--spacing--80)\"><div class=\"wp-block-group__inner-container is-layout-constrained wp-block-group-is-layout-constrained\">\n<h2 class=\"wp-block-heading\" style=\"padding-top:var(--wp--preset--spacing--40);padding-bottom:var(--wp--preset--spacing--40);font-size:25px;font-style:normal;font-weight:600;text-transform:capitalize\">Wie man das kranzf\u00f6rmige, eingeklebte LED-Profil verwendet<\/h2>\n\n\n\n<ul class=\"wp-block-list\">\n<li>Umfangsbeleuchtung an der Decke: Machen Sie saubere Lichtlinien um den Raum.<\/li>\n\n\n\n<li>Indirekte Akzentbeleuchtung: Diese Art der Beleuchtung eignet sich gut f\u00fcr Wohnbereiche, Schlafzimmer und K\u00fcchen.<\/li>\n\n\n\n<li>In Unternehmen: Ideal f\u00fcr Hotellobbys, Gesch\u00e4fte oder B\u00fcros, die eine stilvolle Umgebungsbeleuchtung ben\u00f6tigen.<\/li>\n\n\n\n<li>Architektonische Schattenfugen: Erzeugen Sie einen Schattenriss zwischen W\u00e4nden und Decken.<\/li>\n\n\n\n<li>Stimmungsbeleuchtung: Funktioniert gut mit dimmbaren oder anpassbaren Umgebungsbeleuchtungssystemen.<\/li>\n<\/ul>\n<\/div><\/div>\n\n\n\n<div class=\"wp-block-group is-vertical is-layout-flex wp-container-core-group-is-layout-d255d7c4 wp-block-group-is-layout-flex\" style=\"padding-top:var(--wp--preset--spacing--80);padding-bottom:var(--wp--preset--spacing--80)\">\n<h2 class=\"wp-block-heading\" style=\"padding-top:var(--wp--preset--spacing--40);padding-bottom:var(--wp--preset--spacing--40);font-size:25px;font-style:normal;font-weight:600;text-transform:capitalize\">Verwandte Produkte, die Ihnen gefallen k\u00f6nnten<\/h2>\n\n\n\n<ul class=\"wp-block-list\">\n<li><a href=\"https:\/\/tangooled.com\/de\/product\/black-led-profile-with-black-diffuser-for-10mm-led-strip-light\/\"><mark style=\"background-color:rgba(0, 0, 0, 0)\" class=\"has-inline-color has-vivid-red-color\">Schwarzes LED-Profil mit schwarzem Diffusor f\u00fcr 10mm LED-Streifen<\/mark><\/a><\/li>\n\n\n\n<li><a href=\"https:\/\/tangooled.com\/de\/product\/led-light-diffuser-channel-aluminum-15x12mm-for-10mm-led-strips\/\"><mark style=\"background-color:rgba(0, 0, 0, 0)\" class=\"has-inline-color has-vivid-red-color\">LED-Lichtdiffusor-Kanal aus Aluminium 15x12mm f\u00fcr 10mm LED-Streifen<\/mark><\/a><\/li>\n\n\n\n<li><a href=\"https:\/\/tangooled.com\/de\/product\/surface-mount-led-profile-with-frosted-diffuser-for-10mm-rope-lights\/\"><mark style=\"background-color:rgba(0, 0, 0, 0)\" class=\"has-inline-color has-vivid-red-color\">Oberfl\u00e4chenmontierter LED-Profil mit mattiertem Diffusor f\u00fcr 10 mm LED-Lichterketten<\/mark><\/a><\/li>\n\n\n\n<li><a href=\"https:\/\/tangooled.com\/de\/product\/recessed-linear-down-lighting-led-strip-profile-for-10mm-led-strip\/\"><mark style=\"background-color:rgba(0, 0, 0, 0)\" class=\"has-inline-color has-vivid-red-color\">Eingeklebtes lineares Downlight LED-Streifenprofil f\u00fcr 10 mm LED-Streifen<\/mark><\/a><\/li>\n\n\n\n<li><a href=\"https:\/\/tangooled.com\/de\/product\/trimless-drywall-led-channel-for-15mm-led-strip-lights\/\"><mark style=\"background-color:rgba(0, 0, 0, 0)\" class=\"has-inline-color has-vivid-red-color\">Trimmloser Trockenbau-LED-Kanal f\u00fcr 15 mm LED-Streifen<\/mark><\/a><\/li>\n<\/ul>\n<\/div>\n\n\n\n<div class=\"wp-block-group has-background\" style=\"background-color:#f1f1f1;padding-top:var(--wp--preset--spacing--80);padding-bottom:var(--wp--preset--spacing--80)\"><div class=\"wp-block-group__inner-container is-layout-constrained wp-block-group-is-layout-constrained\">\n<h2 class=\"wp-block-heading\" style=\"padding-top:var(--wp--preset--spacing--40);padding-bottom:var(--wp--preset--spacing--40);font-size:25px;font-style:normal;font-weight:600;text-transform:capitalize\">Zusammenfassung<\/h2>\n\n\n\n<p>Unser kranzf\u00f6rmiges, eingeklebtes LED-Beleuchtungsprofil f\u00fcr 10 mm Streifen ist eine gro\u00dfartige M\u00f6glichkeit, sauberes, modernes indirektes Licht in Ihr Haus oder B\u00fcro zu bringen. Es ist einfach einzurichten, vollst\u00e4ndig anpassbar und funktioniert mit den meisten LED-B\u00e4ndern, w\u00e4hrend es die W\u00e4rme kontrolliert. Nutzen Sie es, um Ihrem Raum erstaunliche architektonische Beleuchtungseffekte zu verleihen.<\/p>\n<\/div><\/div>\n\n\n\n<p><\/p>","protected":false},"featured_media":13965,"template":"","meta":{"_acf_changed":true,"_seopress_robots_primary_cat":"none","_seopress_titles_title":"Crown-Shaped Plaster-in LED Profile | Architectural Trim DWP23","_seopress_titles_desc":"The DWP23 is a unique crown-shaped plaster-in led profile for 10mm strips. Enhance ceilings with this architectural recessed channel that creates a sophisticated layered light effect.","_seopress_robots_index":""},"pcb-width":[228],"product-cat":[197],"class_list":{"0":"post-42669","1":"product","2":"type-product","3":"status-publish","4":"has-post-thumbnail","6":"pcb-width-6-12mm","7":"product-cat-plaster-in-profile"},"acf":[],"_links":{"self":[{"href":"https:\/\/tangooled.com\/de\/wp-json\/wp\/v2\/product\/42669","targetHints":{"allow":["GET"]}}],"collection":[{"href":"https:\/\/tangooled.com\/de\/wp-json\/wp\/v2\/product"}],"about":[{"href":"https:\/\/tangooled.com\/de\/wp-json\/wp\/v2\/types\/product"}],"wp:featuredmedia":[{"embeddable":true,"href":"https:\/\/tangooled.com\/de\/wp-json\/wp\/v2\/media\/13965"}],"wp:attachment":[{"href":"https:\/\/tangooled.com\/de\/wp-json\/wp\/v2\/media?parent=42669"}],"wp:term":[{"taxonomy":"pcb-width","embeddable":true,"href":"https:\/\/tangooled.com\/de\/wp-json\/wp\/v2\/pcb-width?post=42669"},{"taxonomy":"product-cat","embeddable":true,"href":"https:\/\/tangooled.com\/de\/wp-json\/wp\/v2\/product-cat?post=42669"}],"curies":[{"name":"wp","href":"https:\/\/api.w.org\/{rel}","templated":true}]}}