{"id":42667,"date":"2025-12-23T06:28:11","date_gmt":"2025-12-23T14:28:11","guid":{"rendered":"https:\/\/tangooled.com\/?post_type=product&#038;p=42667"},"modified":"2026-02-01T22:45:51","modified_gmt":"2026-02-02T06:45:51","slug":"plaster-in-led-ceiling-moulding-profile-for-15mm-led-strips","status":"publish","type":"product","link":"https:\/\/tangooled.com\/de\/product\/plaster-in-led-ceiling-moulding-profile-for-15mm-led-strips\/","title":{"rendered":"Putz-in LED-Deckenleistenprofil f\u00fcr 15mm LED-Streifen"},"content":{"rendered":"<div class=\"wp-block-group is-vertical is-layout-flex wp-container-core-group-is-layout-d255d7c4 wp-block-group-is-layout-flex\" style=\"padding-top:var(--wp--preset--spacing--80);padding-bottom:var(--wp--preset--spacing--80)\">\n<p>Unser DWP22 Gipskarton-LED-Deckenprofil erm\u00f6glicht es Ihnen, stilvolle, rahmenlose Beleuchtung an Ihren W\u00e4nden oder Decken hinzuzuf\u00fcgen. Dieses Aluminiumprofil ist so gefertigt, dass es perfekt passt, mit einer Gesamth\u00f6he von 97 mm und 20 mm langen Gipsfl\u00fcgeln. Es wird in die Trockenbauwand geschraubt und dann verputzt, was es nahtlos integriert und alle Kanten verbirgt. Das Profil kann LED-Streifen bis zu 20 mm Breite halten, was ideal f\u00fcr Ihre 15 mm Streifen ist. Diese Form l\u00e4sst W\u00e4rme sehr gut entweichen, und wenn es gestrichen wird, erzeugt es einen sch\u00f6nen, schwebenden Lichteffekt an der Wand oder Decke. Das Profil bietet ein glattes, punktfreies und architektonisch sauberes Erscheinungsbild, das perfekt f\u00fcr moderne und ansprechende Umgebungen ist. Es erreicht dies durch sein nach oben gerichtetes Licht und den opalen Diffusor.<\/p>\n<\/div>\n\n\n\n<div class=\"wp-block-group has-background is-vertical is-layout-flex wp-container-core-group-is-layout-d255d7c4 wp-block-group-is-layout-flex\" style=\"background-color:#f1f1f1;padding-top:var(--wp--preset--spacing--80);padding-bottom:var(--wp--preset--spacing--80)\">\n<div class=\"wp-block-group is-vertical is-layout-flex wp-container-core-group-is-layout-8cf370e7 wp-block-group-is-layout-flex\">\n<h2 class=\"wp-block-heading\" style=\"padding-top:var(--wp--preset--spacing--40);padding-bottom:var(--wp--preset--spacing--40);font-size:25px;font-style:normal;font-weight:600;text-transform:capitalize\">Merkmale und Vorteile des Gipskarton-LED-Deckenprofils<\/h2>\n\n\n\n<ul class=\"wp-block-list\">\n<li>Ein rahmenloses LED-Profil mit flacher Montage bietet Ihnen einen rahmenlosen LED-Kanal, der direkt in Ihr Gipskarton eingebaut ist.<\/li>\n\n\n\n<li>Kompatibel mit hochpreisigen Gipsplattenbeleuchtungskanalinstallationen.<\/li>\n\n\n\n<li>Die Installation des Gipskartons l\u00e4sst Ihre Beleuchtung wie einen nat\u00fcrlichen Bestandteil Ihrer Decke oder Wand erscheinen.<\/li>\n\n\n\n<li>Die hochwertige Aluminiumprofil-Oberfl\u00e4che sorgt f\u00fcr eine hervorragende W\u00e4rmeableitung.<\/li>\n\n\n\n<li>Kommt mit einem diffusen Lichtabdeckung f\u00fcr punktfreie Beleuchtung.<\/li>\n\n\n\n<li>Sie k\u00f6nnen es \u00fcberstreichen, um die Farbe jeder Wand oder Decke f\u00fcr ein einfaches Aussehen anzupassen.<\/li>\n<\/ul>\n<\/div>\n<\/div>\n\n\n\n<div class=\"wp-block-group is-vertical is-layout-flex wp-container-core-group-is-layout-d255d7c4 wp-block-group-is-layout-flex\" style=\"padding-top:var(--wp--preset--spacing--80);padding-bottom:var(--wp--preset--spacing--80)\">\n<hr class=\"wp-block-separator has-alpha-channel-opacity\"\/>\n\n\n\n<div class=\"wp-block-media-text has-media-on-the-right is-stacked-on-mobile\" style=\"grid-template-columns:auto 40%\"><div class=\"wp-block-media-text__content\">\n<h2 class=\"wp-block-heading\" style=\"padding-top:var(--wp--preset--spacing--40);padding-bottom:var(--wp--preset--spacing--40);font-size:25px;font-style:normal;font-weight:600;text-transform:capitalize\">Wie man das Gipskarton-LED-Deckenprofil verwendet<\/h2>\n\n\n\n<ul class=\"wp-block-list\">\n<li>Das Profil auf die richtige L\u00e4nge schneiden.<\/li>\n\n\n\n<li>Die perforierten Fl\u00fcgel mit Schrauben an der Gipsplatte befestigen.<\/li>\n\n\n\n<li>Fugenm\u00f6rtel und Putz auf die Fl\u00fcgel auftragen und die Kanten verd\u00fcnnen, um die Oberfl\u00e4che glatt zu machen.<\/li>\n\n\n\n<li>Streichen, um die Wand oder Decke abzugleichen.<\/li>\n\n\n\n<li>Legen Sie Ihren 15 mm LED-Streifenklebeband in den Kanal.<\/li>\n\n\n\n<li>Den matten Diffusor aufsnapen, um sicherzustellen, dass das Licht gleichm\u00e4\u00dfig und ohne Punkte verteilt ist.<\/li>\n\n\n\n<li>Den Stromversorgung und die Steuerger\u00e4te (Dimmer und Treiber) anschlie\u00dfen.<\/li>\n<\/ul>\n<\/div><figure class=\"wp-block-media-text__media\"><img loading=\"lazy\" decoding=\"async\" width=\"500\" height=\"500\" src=\"https:\/\/tangooled.com\/wp-content\/uploads\/2025\/12\/dwp22-ins.webp\" alt=\"plaster in led ceiling moulding profile for 15mm led strips\" class=\"wp-image-43056 size-full\" srcset=\"https:\/\/tangooled.com\/wp-content\/uploads\/2025\/12\/dwp22-ins.webp 500w, https:\/\/tangooled.com\/wp-content\/uploads\/2025\/12\/dwp22-ins-300x300.webp 300w, https:\/\/tangooled.com\/wp-content\/uploads\/2025\/12\/dwp22-ins-150x150.webp 150w\" sizes=\"auto, (max-width: 500px) 100vw, 500px\" \/><\/figure><\/div>\n<\/div>\n\n\n\n<div class=\"wp-block-group has-background\" style=\"background-color:#f1f1f1f2;padding-top:var(--wp--preset--spacing--80);padding-bottom:var(--wp--preset--spacing--80)\"><div class=\"wp-block-group__inner-container is-layout-constrained wp-block-group-is-layout-constrained\">\n<h2 class=\"wp-block-heading\" style=\"padding-top:var(--wp--preset--spacing--40);padding-bottom:var(--wp--preset--spacing--40);font-size:25px;font-style:normal;font-weight:600\">Wo kann es verwendet werden?<\/h2>\n\n\n\n<ul class=\"wp-block-list\">\n<li>Deckenlauflicht: Dies erzeugt ein dramatisches Licht, das W\u00e4nde und Decken hochw\u00e4scht.<\/li>\n\n\n\n<li>Wandraffung: Diese Technik hebt die Rauheit der W\u00e4nde hervor und l\u00e4sst sie tiefer erscheinen.<\/li>\n\n\n\n<li>Akzentbeleuchtung: Eine gro\u00dfartige M\u00f6glichkeit, einen klaren architektonischen Akzent in Hotels, Wohnr\u00e4umen oder Gesch\u00e4ften hinzuzuf\u00fcgen.<\/li>\n\n\n\n<li>Einzelhandelsbeleuchtung: Beleuchtet Objekte gut, ohne sie unvorteilhaft erscheinen zu lassen.<\/li>\n<\/ul>\n<\/div><\/div>\n\n\n\n<div class=\"wp-block-group is-vertical is-layout-flex wp-container-core-group-is-layout-d255d7c4 wp-block-group-is-layout-flex\" style=\"padding-top:var(--wp--preset--spacing--80);padding-bottom:var(--wp--preset--spacing--80)\">\n<h2 class=\"wp-block-heading\" style=\"padding-top:var(--wp--preset--spacing--40);padding-bottom:var(--wp--preset--spacing--40);font-size:25px;font-style:normal;font-weight:600;text-transform:capitalize\">Verwandte Produkte von TANGOLED<\/h2>\n\n\n\n<ul class=\"wp-block-list\">\n<li><a href=\"https:\/\/tangooled.com\/de\/product\/black-led-diffuser-aluminum-channel-for-12mm-tape-lights\/\"><mark style=\"background-color:rgba(0, 0, 0, 0)\" class=\"has-inline-color has-vivid-red-color\">Schwarzes LED-Diffusor-Aluminiumprofil f\u00fcr 12 mm LED-Band<\/mark><\/a> \u2013 Great for slimmer LED tapes.<\/li>\n\n\n\n<li><a href=\"https:\/\/tangooled.com\/de\/product\/22x15mm-led-light-channel-aluminum-extrusion-for-flexible-strips\/\"><mark style=\"background-color:rgba(0, 0, 0, 0)\" class=\"has-inline-color has-vivid-red-color\">22x15mm LED-Lichtkanal Aluminium-Extrusion f\u00fcr flexible Streifen<\/mark><\/a> \u2013 Larger channel for wider LED strips.<\/li>\n\n\n\n<li><a href=\"https:\/\/tangooled.com\/de\/product\/plaster-in-led-profile-2m-3m-for-gypsum-ceiling-recessed\/\"><mark style=\"background-color:rgba(0, 0, 0, 0)\" class=\"has-inline-color has-vivid-red-color\">Gipskarton-LED-Profil 2m &amp; 3m f\u00fcr in die Decke eingebaute Installationen<\/mark><\/a> \u2013 Alternative length options.<\/li>\n\n\n\n<li><a href=\"https:\/\/tangooled.com\/de\/product\/trimless-drywall-led-channel-for-15mm-led-strip-lights\/\"><mark style=\"background-color:rgba(0, 0, 0, 0)\" class=\"has-inline-color has-vivid-red-color\">Trimmloser Trockenbau-LED-Kanal f\u00fcr 15 mm LED-Streifen<\/mark><\/a> \u2013 Another option for flush LED ceiling channels.<\/li>\n\n\n\n<li><a href=\"https:\/\/tangooled.com\/de\/product\/aluminum-base-with-opal-square-light-cover-for-suspension\/\"><mark style=\"background-color:rgba(0, 0, 0, 0)\" class=\"has-inline-color has-vivid-red-color\">Aluminiumgrundk\u00f6rper mit opalem quadratischen Lichtabdeckung f\u00fcr die H\u00e4ngetragstruktur<\/mark><\/a> \u2013 Suspended lighting solutions.<\/li>\n<\/ul>\n<\/div>\n\n\n\n<p><\/p>","protected":false},"featured_media":13960,"template":"","meta":{"_acf_changed":false,"_seopress_robots_primary_cat":"none","_seopress_titles_title":"Plaster-in LED Ceiling Moulding Profile DWP22 | TANGOOLED","_seopress_titles_desc":"The DWP22 is a professional plaster-in led ceiling moulding profile for 15mm strips. This trimless architectural moulding combines decorative cornices with hidden linear lighting.","_seopress_robots_index":""},"pcb-width":[229],"product-cat":[197],"class_list":{"0":"post-42667","1":"product","2":"type-product","3":"status-publish","4":"has-post-thumbnail","6":"pcb-width-15-20mm","7":"product-cat-plaster-in-profile"},"acf":[],"_links":{"self":[{"href":"https:\/\/tangooled.com\/de\/wp-json\/wp\/v2\/product\/42667","targetHints":{"allow":["GET"]}}],"collection":[{"href":"https:\/\/tangooled.com\/de\/wp-json\/wp\/v2\/product"}],"about":[{"href":"https:\/\/tangooled.com\/de\/wp-json\/wp\/v2\/types\/product"}],"wp:featuredmedia":[{"embeddable":true,"href":"https:\/\/tangooled.com\/de\/wp-json\/wp\/v2\/media\/13960"}],"wp:attachment":[{"href":"https:\/\/tangooled.com\/de\/wp-json\/wp\/v2\/media?parent=42667"}],"wp:term":[{"taxonomy":"pcb-width","embeddable":true,"href":"https:\/\/tangooled.com\/de\/wp-json\/wp\/v2\/pcb-width?post=42667"},{"taxonomy":"product-cat","embeddable":true,"href":"https:\/\/tangooled.com\/de\/wp-json\/wp\/v2\/product-cat?post=42667"}],"curies":[{"name":"wp","href":"https:\/\/api.w.org\/{rel}","templated":true}]}}