{"id":42665,"date":"2025-12-23T06:25:08","date_gmt":"2025-12-23T14:25:08","guid":{"rendered":"https:\/\/tangooled.com\/?post_type=product&#038;p=42665"},"modified":"2026-01-27T22:12:10","modified_gmt":"2026-01-28T06:12:10","slug":"ceiling-mounted-led-cove-light-drywall-profile-recessed-for-15mm-strip","status":"publish","type":"product","link":"https:\/\/tangooled.com\/de\/product\/ceiling-mounted-led-cove-light-drywall-profile-recessed-for-15mm-strip\/","title":{"rendered":"Deckenmontiertes LED-Cove-Licht Trockenbau-Profil Versenkt f\u00fcr 15mm Streifen"},"content":{"rendered":"<div class=\"wp-block-group is-vertical is-layout-flex wp-container-core-group-is-layout-d255d7c4 wp-block-group-is-layout-flex\" style=\"padding-top:var(--wp--preset--spacing--80);padding-bottom:var(--wp--preset--spacing--80)\">\n<p>Unser DWP21 Deckenmontiertes LED-Cove-Licht Trockenbau-Profil bietet Ihnen ideales, gleichm\u00e4\u00dfiges Licht. Dieses kantenlose, eingelassene LED-Coverlicht Trockenbau-Profil hat eine Breite von 94 mm und eine Tiefe von 34 mm, und verf\u00fcgt \u00fcber einen inneren Kanal, der 21,36 mm breit ist. Es passt gut in Decken aus Trockenbau oder Gipskarton und kann LED-Streifen von bis zu 15 mm Breite halten. Das Profil besteht aus langlebigem anodisiertem Aluminium und fungiert als K\u00fchlk\u00f6rper, um die Lebensdauer Ihrer LED-Streifen zu verl\u00e4ngern, indem es sie k\u00fchl h\u00e4lt. Seine schr\u00e4g zulaufende Form lenkt brillantes, gleichm\u00e4\u00dfiges Licht im optimalen Winkel, wodurch eine geringe Blendung und ein sch\u00f6nes, punktfreies Lichtbild gew\u00e4hrleistet ist. Die Leuchte verschwindet, sobald sie verputzt ist, und hinterl\u00e4sst Ihnen ein sauberes, glattes architektonisches Lichtbild.<\/p>\n<\/div>\n\n\n\n<div class=\"wp-block-group has-background is-vertical is-layout-flex wp-container-core-group-is-layout-d255d7c4 wp-block-group-is-layout-flex\" style=\"background-color:#f1f1f1;padding-top:var(--wp--preset--spacing--80);padding-bottom:var(--wp--preset--spacing--80)\">\n<div class=\"wp-block-group is-vertical is-layout-flex wp-container-core-group-is-layout-8cf370e7 wp-block-group-is-layout-flex\">\n<h2 class=\"wp-block-heading\" style=\"padding-top:var(--wp--preset--spacing--40);padding-bottom:var(--wp--preset--spacing--40);font-size:25px;font-style:normal;font-weight:600;text-transform:capitalize\">Warum Unser Deckenmontiertes LED-Cove-Licht Trockenbau-Profil W\u00e4hlen?<\/h2>\n\n\n\n<ul class=\"wp-block-list\">\n<li>Trimless drywall integration: The recessed LED cover light drywall profile fits flush into plasterboard\uff0c giving it a clean, modern look.<\/li>\n\n\n\n<li>Passt zu 15mm LED-Streifen: Unterst\u00fctzt breite LED-Streifen, einschlie\u00dflich Hochleistungs- und RGBW-Typen.<\/li>\n\n\n\n<li>Kommt mit einem opalen Diffusor: Mischt das Licht gleichm\u00e4\u00dfig, um Punkte zu vermeiden.<\/li>\n\n\n\n<li>Robuste Aluminiumkonstruktion: Dadurch hat es eine l\u00e4ngere Lebensdauer und hilft dabei, es abzuk\u00fchlen.<\/li>\n\n\n\n<li>Complete kit: Comes with end caps and connectors\u00a0for easy fitting.<\/li>\n<\/ul>\n<\/div>\n<\/div>\n\n\n\n<div class=\"wp-block-group is-vertical is-layout-flex wp-container-core-group-is-layout-d255d7c4 wp-block-group-is-layout-flex\" style=\"padding-top:var(--wp--preset--spacing--80);padding-bottom:var(--wp--preset--spacing--80)\">\n<hr class=\"wp-block-separator has-alpha-channel-opacity\"\/>\n\n\n\n<div class=\"wp-block-media-text has-media-on-the-right is-stacked-on-mobile\" style=\"grid-template-columns:auto 40%\"><div class=\"wp-block-media-text__content\">\n<h2 class=\"wp-block-heading\" style=\"padding-top:var(--wp--preset--spacing--40);padding-bottom:var(--wp--preset--spacing--40);font-size:25px;font-style:normal;font-weight:600;text-transform:capitalize\">Installationsschritte<\/h2>\n\n\n\n<ul class=\"wp-block-list\">\n<li>Befestigen Sie das Profil: Verwenden Sie Schrauben, um den Aluminiumkanal zwischen den Deckenbalken oder Trockenbau-St\u00e4ndern zu halten.<\/li>\n\n\n\n<li>Mud-in plaster: Use drywall mud or plaster to cover the profile&#8217;s flanges that have holes in them for a smooth finish.<\/li>\n\n\n\n<li>Schleifen und Streichen: F\u00fcr einen perfekten kantenlosen Effekt, gl\u00e4tten Sie den Putz \u00fcber das Profil und streichen Sie es.<\/li>\n\n\n\n<li>Setzen Sie den LED-Streifen ein: Legen Sie Ihren 15 mm LED-Streifen in den Kanal.<\/li>\n\n\n\n<li>F\u00fcgen Sie einen Diffusor hinzu: Setzen Sie die opale Abdeckung auf den Streifen, um ihn zu sch\u00fctzen und das Licht zu mildern.<\/li>\n<\/ul>\n<\/div><figure class=\"wp-block-media-text__media\"><img loading=\"lazy\" decoding=\"async\" width=\"500\" height=\"500\" src=\"https:\/\/tangooled.com\/wp-content\/uploads\/2025\/12\/dwp21-ins.webp\" alt=\"ceiling mounted led cove light drywall profile recessed for 15mm strip\" class=\"wp-image-43050 size-full\" srcset=\"https:\/\/tangooled.com\/wp-content\/uploads\/2025\/12\/dwp21-ins.webp 500w, https:\/\/tangooled.com\/wp-content\/uploads\/2025\/12\/dwp21-ins-300x300.webp 300w, https:\/\/tangooled.com\/wp-content\/uploads\/2025\/12\/dwp21-ins-150x150.webp 150w\" sizes=\"auto, (max-width: 500px) 100vw, 500px\" \/><\/figure><\/div>\n<\/div>\n\n\n\n<div class=\"wp-block-group has-background\" style=\"background-color:#f1f1f1f2;padding-top:var(--wp--preset--spacing--80);padding-bottom:var(--wp--preset--spacing--80)\"><div class=\"wp-block-group__inner-container is-layout-constrained wp-block-group-is-layout-constrained\">\n<h2 class=\"wp-block-heading\" style=\"padding-top:var(--wp--preset--spacing--40);padding-bottom:var(--wp--preset--spacing--40);font-size:25px;font-style:normal;font-weight:600\">Wie Man Dieses LED-Cove-Licht Trockenbau-Profil Verwendet<\/h2>\n\n\n\n<ul class=\"wp-block-list\">\n<li>Cove-Beleuchtung an der Decke: Beleuchten Sie die R\u00e4nder von R\u00e4umen f\u00fcr ein sanftes, ambienten Leuchten.<\/li>\n\n\n\n<li>Wand-Raster- und Akzentbeleuchtung: Verwenden Sie diese, um Aufmerksamkeit auf strukturierte Oberfl\u00e4chen und architektonische Details zu lenken.<\/li>\n\n\n\n<li>Schwebende Deckeneffekte: Verwenden Sie glatte Lichtlinien, um Decken so erscheinen zu lassen, als w\u00fcrden sie schweben.<\/li>\n\n\n\n<li>Wohnungen und Unternehmen: Wohnzimmer, B\u00fcros, Hotels und Gesch\u00e4fte.<\/li>\n<\/ul>\n<\/div><\/div>\n\n\n\n<div class=\"wp-block-group is-vertical is-layout-flex wp-container-core-group-is-layout-d255d7c4 wp-block-group-is-layout-flex\" style=\"padding-top:var(--wp--preset--spacing--80);padding-bottom:var(--wp--preset--spacing--80)\">\n<h2 class=\"wp-block-heading\" style=\"padding-top:var(--wp--preset--spacing--40);padding-bottom:var(--wp--preset--spacing--40);font-size:25px;font-style:normal;font-weight:600;text-transform:capitalize\">Verwandte Produkte &amp; Ressourcen<\/h2>\n\n\n\n<ul class=\"wp-block-list\">\n<li><a href=\"https:\/\/tangooled.com\/de\/product\/trimless-drywall-led-channel-for-15mm-led-strip-lights\/\"><mark style=\"background-color:rgba(0, 0, 0, 0)\" class=\"has-inline-color has-vivid-red-color\">Trimmloser Trockenbau-LED-Kanal f\u00fcr 15 mm LED-Streifen<\/mark><\/a>&#8211; Another trimless drywall LED profile option.<\/li>\n\n\n\n<li><a href=\"https:\/\/tangooled.com\/de\/product\/22x15mm-led-light-channel-aluminum-extrusion-for-flexible-strips\/\"><mark style=\"background-color:rgba(0, 0, 0, 0)\" class=\"has-inline-color has-vivid-red-color\">22x15mm LED-Lichtkanal Aluminium-Extrusion f\u00fcr flexible Streifen<\/mark><\/a> \u2013 For similar wide LED strip use.<\/li>\n\n\n\n<li><a href=\"https:\/\/tangooled.com\/de\/product\/recessed-aluminum-profile-17x8mm-for-led-strip-lighting\/\"><mark style=\"background-color:rgba(0, 0, 0, 0)\" class=\"has-inline-color has-vivid-red-color\">Eingelassenes LED-Aluprofil 17x8mm f\u00fcr LED-Streifenbeleuchtung<\/mark><\/a> \u2013 Recessed LED profile alternative with a smaller size.<\/li>\n\n\n\n<li><a href=\"https:\/\/tangooled.com\/de\/product\/black-led-diffuser-aluminum-channel-for-12mm-tape-lights\/\"><mark style=\"background-color:rgba(0, 0, 0, 0)\" class=\"has-inline-color has-vivid-red-color\">Schwarzes LED-Diffusor-Aluminiumprofil f\u00fcr 12 mm LED-Band<\/mark><\/a> \u2013 A diffuser option with a black finish.<\/li>\n\n\n\n<li><a href=\"https:\/\/tangooled.com\/de\/product\/surface-mount-led-profile-with-frosted-diffuser-for-10mm-rope-lights\/\"><mark style=\"background-color:rgba(0, 0, 0, 0)\" class=\"has-inline-color has-vivid-red-color\">Oberfl\u00e4chenmontierter LED-Profil mit mattiertem Diffusor f\u00fcr 10 mm LED-Lichterketten<\/mark><\/a> \u2013 Surface mount style alternative.<\/li>\n<\/ul>\n<\/div>\n\n\n\n<div class=\"wp-block-group has-background\" style=\"background-color:#f1f1f1;padding-top:var(--wp--preset--spacing--80);padding-bottom:var(--wp--preset--spacing--80)\"><div class=\"wp-block-group__inner-container is-layout-constrained wp-block-group-is-layout-constrained\">\n<h2 class=\"wp-block-heading\" style=\"padding-top:var(--wp--preset--spacing--40);padding-bottom:var(--wp--preset--spacing--40);font-size:25px;font-style:normal;font-weight:600;text-transform:capitalize\">Zusammenfassung<\/h2>\n\n\n\n<p>Unser Deckenmontiertes LED-Cove-Licht Trockenbau-Profil ist die beste L\u00f6sung f\u00fcr ein sauberes, modernes Design. Da es b\u00fcndig verputzt ist, bietet es Ihrem Trockenbau gleichm\u00e4\u00dfige Beleuchtung ohne auff\u00e4llige Verkleidungen. Der 15 mm breite Kanal passt zu vielen LED-Streifen, sodass Sie helle oder RGB-Effekte kreieren k\u00f6nnen. Der mitgelieferte opale Diffusor macht das Licht sanft und geeignet f\u00fcr Wohnbereiche, B\u00fcros und Unternehmen.<\/p>\n<\/div><\/div>\n\n\n\n<p><\/p>","protected":false},"featured_media":13955,"template":"","meta":{"_acf_changed":true,"_seopress_robots_primary_cat":"none","_seopress_titles_title":"LED Cove Light Drywall Profile | 15mm Wide Recessed Channel DWP21","_seopress_titles_desc":"The DWP21 is a professional led cove light drywall profile designed for 15mm strips. Create stunning indirect ceiling lighting with a seamless, trimless finish in any drywall or gypsum ceiling.","_seopress_robots_index":""},"pcb-width":[229],"product-cat":[197],"class_list":{"0":"post-42665","1":"product","2":"type-product","3":"status-publish","4":"has-post-thumbnail","6":"pcb-width-15-20mm","7":"product-cat-plaster-in-profile"},"acf":[],"_links":{"self":[{"href":"https:\/\/tangooled.com\/de\/wp-json\/wp\/v2\/product\/42665","targetHints":{"allow":["GET"]}}],"collection":[{"href":"https:\/\/tangooled.com\/de\/wp-json\/wp\/v2\/product"}],"about":[{"href":"https:\/\/tangooled.com\/de\/wp-json\/wp\/v2\/types\/product"}],"wp:featuredmedia":[{"embeddable":true,"href":"https:\/\/tangooled.com\/de\/wp-json\/wp\/v2\/media\/13955"}],"wp:attachment":[{"href":"https:\/\/tangooled.com\/de\/wp-json\/wp\/v2\/media?parent=42665"}],"wp:term":[{"taxonomy":"pcb-width","embeddable":true,"href":"https:\/\/tangooled.com\/de\/wp-json\/wp\/v2\/pcb-width?post=42665"},{"taxonomy":"product-cat","embeddable":true,"href":"https:\/\/tangooled.com\/de\/wp-json\/wp\/v2\/product-cat?post=42665"}],"curies":[{"name":"wp","href":"https:\/\/api.w.org\/{rel}","templated":true}]}}