{"id":42662,"date":"2025-12-23T06:22:11","date_gmt":"2025-12-23T14:22:11","guid":{"rendered":"https:\/\/tangooled.com\/?post_type=product&#038;p=42662"},"modified":"2026-01-27T22:11:19","modified_gmt":"2026-01-28T06:11:19","slug":"45-degree-led-plaster-wall-wash-profile-for-15mm-led-strips","status":"publish","type":"product","link":"https:\/\/tangooled.com\/de\/product\/45-degree-led-plaster-wall-wash-profile-for-15mm-led-strips\/","title":{"rendered":"45 Grad LED Putz Wandwaschprofil f\u00fcr 15mm Streifen"},"content":{"rendered":"<div class=\"wp-block-group is-vertical is-layout-flex wp-container-core-group-is-layout-d255d7c4 wp-block-group-is-layout-flex\" style=\"padding-top:var(--wp--preset--spacing--80);padding-bottom:var(--wp--preset--spacing--80)\">\n<p>Unser 45-Grad-Putzwandwaschprofil sorgt f\u00fcr eine makellose, glatte Lichtlinie an Ihren W\u00e4nden. Dieses Produkt ist f\u00fcr 15 mm LED-Streifen konzipiert und l\u00e4sst sich perfekt in Gips oder Trockenbau einf\u00fcgen. Der DWP20 ist 91 mm breit und 56,8 mm hoch an seinem h\u00f6chsten Punkt. Er hat ein L-f\u00f6rmiges Design, das es einfach macht, ihn in einer Ecke zu installieren. Die Form hat eine tiefe innere Kurve, die die Wand w\u00e4scht. Es verf\u00fcgt auch \u00fcber einen 20,9 mm Diffusor und eine 31,7 mm Putzflansch, die ihn an der Decke oder dem Regal halten. Es erm\u00f6glicht Ihnen, W\u00e4nde ohne Blendung oder Punkte zu waschen, da es einen 45-Grad-Strahl hat, der W\u00e4nde sanft und gleichm\u00e4\u00dfig beleuchtet. Diese Beleuchtungsl\u00f6sung funktioniert sowohl als Ambient- als auch als gerichtete Beleuchtung und harmoniert gut mit der Architektur.<\/p>\n<\/div>\n\n\n\n<div class=\"wp-block-group has-background is-vertical is-layout-flex wp-container-core-group-is-layout-d255d7c4 wp-block-group-is-layout-flex\" style=\"background-color:#f1f1f1;padding-top:var(--wp--preset--spacing--80);padding-bottom:var(--wp--preset--spacing--80)\">\n<div class=\"wp-block-group is-vertical is-layout-flex wp-container-core-group-is-layout-8cf370e7 wp-block-group-is-layout-flex\">\n<h2 class=\"wp-block-heading\" style=\"padding-top:var(--wp--preset--spacing--40);padding-bottom:var(--wp--preset--spacing--40);font-size:25px;font-style:normal;font-weight:600;text-transform:capitalize\">Warum dieses 45-Grad-Putzwandwaschprofil w\u00e4hlen?<\/h2>\n\n\n\n<ul class=\"wp-block-list\">\n<li>Das eingebaute Design h\u00e4lt das Profil unter Putz verborgen und verleiht ihm ein sauberes, rahmenloses Aussehen.<\/li>\n\n\n\n<li>Hergestellt aus hochwertigem 6063-T5 eloxiertem Aluminium, das Ihre LEDs k\u00fchl h\u00e4lt und lange h\u00e4lt.<\/li>\n\n\n\n<li>Funktioniert mit allen 15 mm breiten LED-Streifen, auch RGBW und hochdichten.<\/li>\n\n\n\n<li>Has a frosted PC\u00a0diffuser that makes the light gentle and even without hot spots.<\/li>\n\n\n\n<li>Ideal zum Beleuchten von W\u00e4nden, Fluren, Decken und mehr in Geb\u00e4uden.<\/li>\n\n\n\n<li>Kann gestrichen werden oder kommt mit einer eloxierten wei\u00dfen Oberfl\u00e4che, sodass es sich gut in die W\u00e4nde einf\u00fcgt.<\/li>\n<\/ul>\n<\/div>\n<\/div>\n\n\n\n<div class=\"wp-block-group is-vertical is-layout-flex wp-container-core-group-is-layout-d255d7c4 wp-block-group-is-layout-flex\" style=\"padding-top:var(--wp--preset--spacing--80);padding-bottom:var(--wp--preset--spacing--80)\">\n<hr class=\"wp-block-separator has-alpha-channel-opacity\"\/>\n\n\n\n<div class=\"wp-block-media-text has-media-on-the-right is-stacked-on-mobile\" style=\"grid-template-columns:auto 40%\"><div class=\"wp-block-media-text__content\">\n<h2 class=\"wp-block-heading\" style=\"padding-top:var(--wp--preset--spacing--40);padding-bottom:var(--wp--preset--spacing--40);font-size:25px;font-style:normal;font-weight:600;text-transform:capitalize\">So verwenden Sie dieses Profil<\/h2>\n\n\n\n<ul class=\"wp-block-list\">\n<li>Schneiden Sie einen Kanal in die Trockenbau- oder Putzplatte, um die Abmessungen des Profils anzupassen.<\/li>\n\n\n\n<li>Use screws\u00a0to attach the profile to the studs.<\/li>\n\n\n\n<li>Setzen Sie eine Schutzscheibe ein, um den Putz innerhalb der Verpackung sauber zu halten.<\/li>\n\n\n\n<li>Bedecken Sie die Flansche mit Putz und schleifen Sie sie ab, um sie glatt zu machen.<\/li>\n\n\n\n<li>Wenn gew\u00fcnscht, streichen Sie es, um es perfekt an die Wand anzupassen.<\/li>\n\n\n\n<li>Setzen Sie Ihren 15mm LED-Streifen ein und klicken Sie den opalen Diffusor an seinen Platz.<\/li>\n<\/ul>\n<\/div><figure class=\"wp-block-media-text__media\"><img loading=\"lazy\" decoding=\"async\" width=\"500\" height=\"500\" src=\"https:\/\/tangooled.com\/wp-content\/uploads\/2025\/12\/dwp20-ins.webp\" alt=\"45 degree led plaster wall wash profile for 15mm led strips\" class=\"wp-image-42938 size-full\" srcset=\"https:\/\/tangooled.com\/wp-content\/uploads\/2025\/12\/dwp20-ins.webp 500w, https:\/\/tangooled.com\/wp-content\/uploads\/2025\/12\/dwp20-ins-300x300.webp 300w, https:\/\/tangooled.com\/wp-content\/uploads\/2025\/12\/dwp20-ins-150x150.webp 150w\" sizes=\"auto, (max-width: 500px) 100vw, 500px\" \/><\/figure><\/div>\n<\/div>\n\n\n\n<div class=\"wp-block-group has-background is-vertical is-layout-flex wp-container-core-group-is-layout-b429018a wp-block-group-is-layout-flex\" style=\"background-color:#f1f1f1f2;padding-top:var(--wp--preset--spacing--70);padding-bottom:var(--wp--preset--spacing--70)\">\n<h2 class=\"wp-block-heading\" style=\"padding-top:var(--wp--preset--spacing--40);padding-bottom:var(--wp--preset--spacing--40);font-size:25px;font-style:normal;font-weight:600\">Anwendungen &amp; Nutzungsszenarien<\/h2>\n\n\n\n<ul class=\"wp-block-list\">\n<li>Architectural Wall Grazing:\u00a0Brings out the textures in stone, wood, or brick walls.<\/li>\n\n\n\n<li>Flure und Korridore: Sorgt f\u00fcr ein sanftes Licht, das Sie durch dunkle, enge Situationen f\u00fchrt.<\/li>\n\n\n\n<li>Ceiling Cove Lighting:\u00a0This type of lighting makes the edges of the ceiling look nice and bright without being too bright.<\/li>\n\n\n\n<li>Retail &amp; Hospitality:\u00a0Adds high-end ambient lighting to stores, hotels, and restaurants.<\/li>\n<\/ul>\n<\/div>\n\n\n\n<div class=\"wp-block-group is-vertical is-layout-flex wp-container-core-group-is-layout-d255d7c4 wp-block-group-is-layout-flex\" style=\"padding-top:var(--wp--preset--spacing--80);padding-bottom:var(--wp--preset--spacing--80)\">\n<h2 class=\"wp-block-heading\" style=\"padding-top:var(--wp--preset--spacing--40);padding-bottom:var(--wp--preset--spacing--40);font-size:25px;font-style:normal;font-weight:600;text-transform:capitalize\">Verwandte Produkte, die Ihnen gefallen k\u00f6nnten<\/h2>\n\n\n\n<ul class=\"wp-block-list\">\n<li><a href=\"https:\/\/tangooled.com\/de\/product\/black-led-profile-with-black-diffuser-for-10mm-led-strip-light\/\"><mark style=\"background-color:rgba(0, 0, 0, 0)\" class=\"has-inline-color has-vivid-red-color\">Schwarzes LED-Profil mit schwarzem Diffusor f\u00fcr 10mm LED-Streifen<\/mark><\/a><\/li>\n\n\n\n<li><a href=\"https:\/\/tangooled.com\/de\/product\/22x15mm-led-light-channel-aluminum-extrusion-for-flexible-strips\/\"><mark style=\"background-color:rgba(0, 0, 0, 0)\" class=\"has-inline-color has-vivid-red-color\">22x15mm LED-Lichtkanal Aluminium-Extrusion f\u00fcr flexible Streifen<\/mark><\/a><\/li>\n\n\n\n<li><a href=\"https:\/\/tangooled.com\/de\/product\/18x9mm-led-tape-light-profile-for-surface-installation\/\"><mark style=\"background-color:rgba(0, 0, 0, 0)\" class=\"has-inline-color has-vivid-red-color\">18x9mm LED-Bandlichtprofil f\u00fcr die Oberfl\u00e4chenmontage<\/mark><\/a><\/li>\n\n\n\n<li><a href=\"https:\/\/tangooled.com\/de\/product\/25x14m-surface-mounted-led-light-aluminum-profile\/\"><mark style=\"background-color:rgba(0, 0, 0, 0)\" class=\"has-inline-color has-vivid-red-color\">25x14mm Oberfl\u00e4chenmontiertes LED-Aluminiumprofil<\/mark><\/a><\/li>\n<\/ul>\n<\/div>\n\n\n\n<div class=\"wp-block-group has-background\" style=\"background-color:#f1f1f1;padding-top:var(--wp--preset--spacing--80);padding-bottom:var(--wp--preset--spacing--80)\"><div class=\"wp-block-group__inner-container is-layout-constrained wp-block-group-is-layout-constrained\">\n<h2 class=\"wp-block-heading\" style=\"padding-top:var(--wp--preset--spacing--40);padding-bottom:var(--wp--preset--spacing--40);font-size:25px;font-style:normal;font-weight:600;text-transform:capitalize\">Zusammenfassung<\/h2>\n\n\n\n<p>Unser 45-Grad-Putzwandwaschprofil f\u00fcr 15 mm LED-Streifen ist eine rahmenlose, nahtlose und ansprechende M\u00f6glichkeit, einen Raum zu beleuchten. Es besteht aus starkem Aluminium und verf\u00fcgt \u00fcber einen hochwertigen Diffusor, der sanftes, blendfreies Wandwaschen erm\u00f6glicht, das sich hervorragend f\u00fcr Wohn-, Gewerbe- und Architekturbeleuchtungsprojekte eignet. Es funktioniert mit hochdichten LED-B\u00e4ndern und h\u00e4lt die W\u00e4rme lange unter Kontrolle, w\u00e4hrend es sich gut in Ihren Trockenbau oder Putz einf\u00fcgt.<\/p>\n<\/div><\/div>\n\n\n\n<p><\/p>","protected":false},"featured_media":13810,"template":"","meta":{"_acf_changed":true,"_seopress_robots_primary_cat":"none","_seopress_titles_title":"45 Degree Plaster Wall Wash Profile | 15mm LED Channel DWP20","_seopress_titles_desc":"The DWP20 is a professional 45 degree plaster wall wash profile designed for 15mm strips. Achieve a seamless, trimless wall washing effect that highlights textures and architectural details.","_seopress_robots_index":""},"pcb-width":[229],"product-cat":[197],"class_list":{"0":"post-42662","1":"product","2":"type-product","3":"status-publish","4":"has-post-thumbnail","6":"pcb-width-15-20mm","7":"product-cat-plaster-in-profile"},"acf":[],"_links":{"self":[{"href":"https:\/\/tangooled.com\/de\/wp-json\/wp\/v2\/product\/42662","targetHints":{"allow":["GET"]}}],"collection":[{"href":"https:\/\/tangooled.com\/de\/wp-json\/wp\/v2\/product"}],"about":[{"href":"https:\/\/tangooled.com\/de\/wp-json\/wp\/v2\/types\/product"}],"wp:featuredmedia":[{"embeddable":true,"href":"https:\/\/tangooled.com\/de\/wp-json\/wp\/v2\/media\/13810"}],"wp:attachment":[{"href":"https:\/\/tangooled.com\/de\/wp-json\/wp\/v2\/media?parent=42662"}],"wp:term":[{"taxonomy":"pcb-width","embeddable":true,"href":"https:\/\/tangooled.com\/de\/wp-json\/wp\/v2\/pcb-width?post=42662"},{"taxonomy":"product-cat","embeddable":true,"href":"https:\/\/tangooled.com\/de\/wp-json\/wp\/v2\/product-cat?post=42662"}],"curies":[{"name":"wp","href":"https:\/\/api.w.org\/{rel}","templated":true}]}}