{"id":42658,"date":"2025-12-23T06:10:45","date_gmt":"2025-12-23T14:10:45","guid":{"rendered":"https:\/\/tangooled.com\/?post_type=product&#038;p=42658"},"modified":"2026-01-27T22:02:16","modified_gmt":"2026-01-28T06:02:16","slug":"anti-glare-indirect-lighting-curved-drywall-profile-dwp19","status":"publish","type":"product","link":"https:\/\/tangooled.com\/de\/product\/anti-glare-indirect-lighting-curved-drywall-profile-dwp19\/","title":{"rendered":"Anti-Blendung Kurven-LED-Profil f\u00fcr indirekte Trockenbau-Beleuchtung DWP19"},"content":{"rendered":"<div class=\"wp-block-group is-vertical is-layout-flex wp-container-core-group-is-layout-d255d7c4 wp-block-group-is-layout-flex\" style=\"padding-top:var(--wp--preset--spacing--80);padding-bottom:var(--wp--preset--spacing--80)\">\n<p>Our anti-glare indirect lighting LED drywall profile is a curved, trimless, single flange aluminum extrusion made for plaster-in drywall installation. It gives you smooth, soft light that does not hurt your eyes. The DWP19 profile features a total width of 101mm and a significant overall height of 69mm. It is designed for mounting on an exposed shelf or surface, with the profile&#8217;s 48mm flange secured to the horizontal element. The channel includes a recess for a single LED strip, covered by a 21.5mm wide diffuser, ensuring the light source is completely hidden. This profile is fantastic for architects, interior designers, and lighting installers who desire modern design, clean lines, and a lot of visual comfort. It gives off a wide, semi-circular light beam that flows smoothly into the room.<\/p>\n<\/div>\n\n\n\n<div class=\"wp-block-group has-background is-vertical is-layout-flex wp-container-core-group-is-layout-d255d7c4 wp-block-group-is-layout-flex\" style=\"background-color:#f1f1f1;padding-top:var(--wp--preset--spacing--80);padding-bottom:var(--wp--preset--spacing--80)\">\n<div class=\"wp-block-group is-vertical is-layout-flex wp-container-core-group-is-layout-8cf370e7 wp-block-group-is-layout-flex\">\n<h2 class=\"wp-block-heading\" style=\"padding-top:var(--wp--preset--spacing--40);padding-bottom:var(--wp--preset--spacing--40);font-size:25px;font-style:normal;font-weight:600;text-transform:capitalize\">Was macht dieses antiphotobesprechende indirekte Beleuchtungs-LED-Trockenbauprofil besonders?<\/h2>\n\n\n\n<ul class=\"wp-block-list\">\n<li>Antiphotobesprechendes Design: Die LED-Lichtquelle ist in einem tiefen Kanal verborgen, was helle Stellen und Blendung verhindert. Dies macht Ihre R\u00e4ume ruhig und gem\u00fctlich.<\/li>\n\n\n\n<li>Gebogene Form: Im Werk gebogen, um die Kurven Ihres Projekts anzupassen. Gut f\u00fcr runde W\u00e4nde, Kuppeln an Decken, B\u00f6gen und Lichtlinien, die flie\u00dfen.<\/li>\n\n\n\n<li>Einbau eines einzelnen Flansches: Der einzelne Flansch wird am Rahmen befestigt und mit Putz \u00fcberzogen, wodurch er glatt und randlos aussieht.<\/li>\n\n\n\n<li>Indirekte Beleuchtung: L\u00e4sst Licht sanft \u00fcber W\u00e4nde oder Decken str\u00f6men, um einen Halo-Effekt zu erzeugen, ohne LED-Punkte anzuzeigen.<\/li>\n\n\n\n<li>Aluminiummaterial: Das anodisierte Aluminium ist robust, h\u00e4lt die LEDs k\u00fchl und h\u00e4lt jahrelang.<\/li>\n\n\n\n<li>Gestreutes Licht: Der satinierte Streufilter verteilt das Licht gleichm\u00e4\u00dfig, was f\u00fcr ein sauberes Aussehen sorgt.<\/li>\n<\/ul>\n<\/div>\n<\/div>\n\n\n\n<div class=\"wp-block-group\" style=\"padding-top:var(--wp--preset--spacing--80);padding-bottom:var(--wp--preset--spacing--80)\"><div class=\"wp-block-group__inner-container is-layout-constrained wp-block-group-is-layout-constrained\">\n<div class=\"wp-block-media-text has-media-on-the-right is-stacked-on-mobile\" style=\"grid-template-columns:auto 40%\"><div class=\"wp-block-media-text__content\">\n<h2 class=\"wp-block-heading\" style=\"padding-top:var(--wp--preset--spacing--40);padding-bottom:var(--wp--preset--spacing--40);font-size:25px;font-style:normal;font-weight:600;text-transform:capitalize\">So verwenden Sie dieses Trockenbauprofil<\/h2>\n\n\n\n<ul class=\"wp-block-list\">\n<li>Bestellen Sie Ihr einzigartiges gebogenes Profil, das Ihren Bed\u00fcrfnissen entspricht.<\/li>\n\n\n\n<li>Befestigen Sie den einzelnen Flansch am Rahmen der Trockenbauplatte.<\/li>\n\n\n\n<li>Um ein glattes, gleichm\u00e4\u00dfiges Finish zu erzielen, verwenden Sie Spachtelmasse und Putz.<\/li>\n\n\n\n<li>Bauen Sie Ihren LED-Streifen ein, der bis zu 15 mm breit sein kann.<\/li>\n\n\n\n<li>Um sanftes, punktfreies Licht zu erzielen, dr\u00fccken Sie den satinierten Streufilter ein.<\/li>\n\n\n\n<li>Verbinden Sie den LED-Treiber, damit Sie die Helligkeit und Dimmung nach Bedarf steuern k\u00f6nnen.<\/li>\n<\/ul>\n<\/div><figure class=\"wp-block-media-text__media\"><img loading=\"lazy\" decoding=\"async\" width=\"500\" height=\"500\" src=\"https:\/\/tangooled.com\/wp-content\/uploads\/2025\/12\/dwp19-ins.webp\" alt=\"anti glare led drywall profile curved indirect lighting single flange\" class=\"wp-image-42935 size-full\" srcset=\"https:\/\/tangooled.com\/wp-content\/uploads\/2025\/12\/dwp19-ins.webp 500w, https:\/\/tangooled.com\/wp-content\/uploads\/2025\/12\/dwp19-ins-300x300.webp 300w, https:\/\/tangooled.com\/wp-content\/uploads\/2025\/12\/dwp19-ins-150x150.webp 150w\" sizes=\"auto, (max-width: 500px) 100vw, 500px\" \/><\/figure><\/div>\n<\/div><\/div>\n\n\n\n<div class=\"wp-block-group has-background\" style=\"background-color:#f1f1f1f2;padding-top:var(--wp--preset--spacing--80);padding-bottom:var(--wp--preset--spacing--80)\"><div class=\"wp-block-group__inner-container is-layout-constrained wp-block-group-is-layout-constrained\">\n<h2 class=\"wp-block-heading\" style=\"padding-top:var(--wp--preset--spacing--40);padding-bottom:var(--wp--preset--spacing--40);font-size:25px;font-style:normal;font-weight:600;text-transform:capitalize\">Ideale Anwendungen f\u00fcr unser gebogenes Einzel-Flansch-Profil DWP19<\/h2>\n\n\n\n<ul class=\"wp-block-list\">\n<li>Cove-Beleuchtung entlang der W\u00e4nde oder Decken<\/li>\n\n\n\n<li>Gebogene Durchg\u00e4nge und gew\u00f6lbte Decken, die beleuchtet sind&nbsp;<\/li>\n\n\n\n<li>Akzentlinien in Wohnungen, Gesch\u00e4ften, B\u00fcros und Hotels&nbsp;<\/li>\n\n\n\n<li>Schwebende Deckeneffekte, die reizend sind<\/li>\n\n\n\n<li>Wandgrassing f\u00fcr Texturen wie Stein oder Holz&nbsp;<\/li>\n\n\n\n<li>Randbeleuchtung in Lobbys und Fluren<\/li>\n<\/ul>\n<\/div><\/div>\n\n\n\n<div class=\"wp-block-group is-vertical is-layout-flex wp-container-core-group-is-layout-d255d7c4 wp-block-group-is-layout-flex\" style=\"padding-top:var(--wp--preset--spacing--80);padding-bottom:var(--wp--preset--spacing--80)\">\n<h2 class=\"wp-block-heading\" style=\"padding-top:var(--wp--preset--spacing--40);padding-bottom:var(--wp--preset--spacing--40);font-size:25px;font-style:normal;font-weight:600;text-transform:capitalize\">Verwandte Produkte und Ressourcen<\/h2>\n\n\n\n<ul class=\"wp-block-list\">\n<li><a href=\"https:\/\/tangooled.com\/de\/product\/anti-glare-led-drywall-profile-curved-indirect-lighting-single-flange\/\"><mark style=\"background-color:rgba(0, 0, 0, 0)\" class=\"has-inline-color has-vivid-red-color\">Antiphotobesprechendes LED-Trockenbauprofil f\u00fcr gebogene indirekte Beleuchtung mit Einzel-Flansch<\/mark><\/a><\/li>\n\n\n\n<li><a href=\"https:\/\/tangooled.com\/de\/product\/led-strip-light-channel-aluminum-profile-with-diffused-cover-6mm-height\/\"><mark style=\"background-color:rgba(0, 0, 0, 0)\" class=\"has-inline-color has-vivid-red-color\">LED-Streifenlicht-Kanal-Aluminiumprofil mit diffuser Abdeckung 6mm H\u00f6he<\/mark><\/a><\/li>\n\n\n\n<li><a href=\"https:\/\/tangooled.com\/de\/product\/trimless-drywall-led-channel-for-15mm-led-strip-lights\/\"><mark style=\"background-color:rgba(0, 0, 0, 0)\" class=\"has-inline-color has-vivid-red-color\">Randloses Trockenbau-LED-Profil f\u00fcr 15 mm LED-Streifen<\/mark><\/a><\/li>\n\n\n\n<li><a href=\"https:\/\/tangooled.com\/de\/product\/25x6mm-low-profile-led-strip-channel-for-10mm-led-strip-light\/\"><mark style=\"background-color:rgba(0, 0, 0, 0)\" class=\"has-inline-color has-vivid-red-color\">25x6mm Flaches Profil f\u00fcr 10mm LED-Streifen<\/mark><\/a><\/li>\n<\/ul>\n<\/div>\n\n\n\n<div class=\"wp-block-group has-background\" style=\"background-color:#f1f1f1;padding-top:var(--wp--preset--spacing--80);padding-bottom:var(--wp--preset--spacing--80)\"><div class=\"wp-block-group__inner-container is-layout-constrained wp-block-group-is-layout-constrained\">\n<h2 class=\"wp-block-heading\" style=\"padding-top:var(--wp--preset--spacing--40);padding-bottom:var(--wp--preset--spacing--40);font-size:25px;font-style:normal;font-weight:600;text-transform:capitalize\">Zusammenfassung<\/h2>\n\n\n\n<p>Unser antiphotobesprechendes indirektes Beleuchtungs-LED-Trockenbauprofil ist ideal f\u00fcr Menschen, die sanftes, randloses Licht mit nur einem Flansch f\u00fcr Putzw\u00e4nde w\u00fcnschen. Dieses Profil erleichtert Ihre Beleuchtungsprojekte und macht sie attraktiver, indem es Blendung reduziert.<\/p>\n<\/div><\/div>\n\n\n\n<p><\/p>","protected":false},"featured_media":13803,"template":"","meta":{"_acf_changed":true,"_seopress_robots_primary_cat":"none","_seopress_titles_title":"Anti-Glare Indirect LED Drywall Profile | Curved Single Flange DWP19","_seopress_titles_desc":"The DWP19 is anti glare indirect lighting led drywall profile with a curved single flange design. Create soft, hidden illumination in curved ceilings for a seamless trimless finish.","_seopress_robots_index":""},"pcb-width":[229],"product-cat":[197],"class_list":{"0":"post-42658","1":"product","2":"type-product","3":"status-publish","4":"has-post-thumbnail","6":"pcb-width-15-20mm","7":"product-cat-plaster-in-profile"},"acf":[],"_links":{"self":[{"href":"https:\/\/tangooled.com\/de\/wp-json\/wp\/v2\/product\/42658","targetHints":{"allow":["GET"]}}],"collection":[{"href":"https:\/\/tangooled.com\/de\/wp-json\/wp\/v2\/product"}],"about":[{"href":"https:\/\/tangooled.com\/de\/wp-json\/wp\/v2\/types\/product"}],"wp:featuredmedia":[{"embeddable":true,"href":"https:\/\/tangooled.com\/de\/wp-json\/wp\/v2\/media\/13803"}],"wp:attachment":[{"href":"https:\/\/tangooled.com\/de\/wp-json\/wp\/v2\/media?parent=42658"}],"wp:term":[{"taxonomy":"pcb-width","embeddable":true,"href":"https:\/\/tangooled.com\/de\/wp-json\/wp\/v2\/pcb-width?post=42658"},{"taxonomy":"product-cat","embeddable":true,"href":"https:\/\/tangooled.com\/de\/wp-json\/wp\/v2\/product-cat?post=42658"}],"curies":[{"name":"wp","href":"https:\/\/api.w.org\/{rel}","templated":true}]}}