{"id":42657,"date":"2025-12-23T06:07:56","date_gmt":"2025-12-23T14:07:56","guid":{"rendered":"https:\/\/tangooled.com\/?post_type=product&#038;p=42657"},"modified":"2026-01-27T21:22:49","modified_gmt":"2026-01-28T05:22:49","slug":"curved-double-flange-led-drywall-profile-dual-strip-dwp18","status":"publish","type":"product","link":"https:\/\/tangooled.com\/de\/product\/curved-double-flange-led-drywall-profile-dual-strip-dwp18\/","title":{"rendered":"LED Trockenbau gebogenes Doppelflanschprofil f\u00fcr doppelte Streifen"},"content":{"rendered":"<div class=\"wp-block-group is-vertical is-layout-flex wp-container-core-group-is-layout-d255d7c4 wp-block-group-is-layout-flex\" style=\"padding-top:var(--wp--preset--spacing--80);padding-bottom:var(--wp--preset--spacing--80)\">\n<p>Unser gebogenes Doppelflansch-LED-Trockenbauprofil ist speziell f\u00fcr doppelte LED-Streifen konzipiert und bringt Ihre architektonische Beleuchtung zum Leben. Dieser eingelassene, gebogene LED-Kanal passt pr\u00e4zise in Trockenbau oder Gipskarton. Er erm\u00f6glicht es Ihnen, sch\u00f6ne, flie\u00dfende Lichtlinien an gebogenen W\u00e4nden und Decken zu schaffen, die wie b\u00fcndig montierte LED-Extrusionen aussehen. Nach der Installation sind sie vollst\u00e4ndig verborgen. Der DWP18 hat eine breite, symmetrische Form mit einer Gesamtbreite von 133,5 mm und einer H\u00f6he von 51 mm ab Flanschniveau. Er ist vorgesehen, um zwei unterschiedliche LED-Streifen zu halten, die jeweils unter einem 12,6 mm breiten Diffusorsegment am Boden der Kurve sitzen. Dieses erstaunliche 180-Grad-bogendesign verbreitet Licht \u00fcber ein gro\u00dfes Gebiet und erzeugt eine dramatische Umgebungsbeleuchtung, die gut mit der Deckenstruktur harmoniert und einen wirklich modernen Look schafft.<\/p>\n<\/div>\n\n\n\n<div class=\"wp-block-group has-background is-vertical is-layout-flex wp-container-core-group-is-layout-d255d7c4 wp-block-group-is-layout-flex\" style=\"background-color:#f1f1f1;padding-top:var(--wp--preset--spacing--80);padding-bottom:var(--wp--preset--spacing--80)\">\n<div class=\"wp-block-group is-vertical is-layout-flex wp-container-core-group-is-layout-8cf370e7 wp-block-group-is-layout-flex\">\n<h2 class=\"wp-block-heading\" style=\"padding-top:var(--wp--preset--spacing--40);padding-bottom:var(--wp--preset--spacing--40);font-size:25px;font-style:normal;font-weight:600;text-transform:capitalize\">Warum unser gebogenes Doppelflansch-LED-Trockenbauprofil w\u00e4hlen?<\/h2>\n\n\n\n<ul class=\"wp-block-list\">\n<li>Double-flange for a smooth finish: The two flanges hold the drywall mud in place, making a surface that is smooth and trimless, hiding the profile and giving the impression of &#8220;light from nowhere.<\/li>\n\n\n\n<li>Dual-Slot-Design f\u00fcr schr\u00e4ges Licht: Ausgestattet mit zwei separaten Montagebuchsen (eine auf jeder Basis), erm\u00f6glicht dieses Profil die Installation von zwei hochdichten LED-Streifen, die breites Licht oder duale Zonenbeleuchtung bieten.<\/li>\n\n\n\n<li>Hohe W\u00e4rmeabfuhr: Hergestellt aus 6063-T5 Architekturaluminium, das die Lebensdauer der LEDs verl\u00e4ngert.<\/li>\n\n\n\n<li>Frosted PC\u00a0diffuser: Light that is smooth and dot-free, with no glare.<\/li>\n<\/ul>\n<\/div>\n<\/div>\n\n\n\n<div class=\"wp-block-group\" style=\"padding-top:var(--wp--preset--spacing--80);padding-bottom:var(--wp--preset--spacing--80)\"><div class=\"wp-block-group__inner-container is-layout-constrained wp-block-group-is-layout-constrained\">\n<div class=\"wp-block-media-text has-media-on-the-right is-stacked-on-mobile\" style=\"grid-template-columns:auto 40%\"><div class=\"wp-block-media-text__content\">\n<h2 class=\"wp-block-heading\" style=\"padding-top:var(--wp--preset--spacing--40);padding-bottom:var(--wp--preset--spacing--40);font-size:25px;font-style:normal;font-weight:600;text-transform:capitalize\">Installationsschritte<\/h2>\n\n\n\n<ul class=\"wp-block-list\">\n<li>Verwenden Sie Schrauben, um das Profil am Trockenbau-Rahmen zu befestigen.<\/li>\n\n\n\n<li>Legen Sie Trockenbauplatten auf die Flansche und stellen Sie sicher, dass keine L\u00fccken vorhanden sind.<\/li>\n\n\n\n<li>Tragen Sie Fugenmasse auf die Flansche auf und gl\u00e4tten Sie diese.<\/li>\n\n\n\n<li>Schleifen und lackieren, sodass die Oberfl\u00e4che b\u00fcndig mit der Wand oder Decke ist.<\/li>\n\n\n\n<li>Legen Sie zwei LED-Streifen in die beiden Kan\u00e4le.<\/li>\n\n\n\n<li>Setzen Sie die Diffusoren ein, um weiches, gleichm\u00e4\u00dfiges Licht zu erhalten.<\/li>\n\n\n\n<li>Schlie\u00dfen Sie die LED-Streifen an eine passende Niederspannungs-Stromquelle an.<\/li>\n<\/ul>\n<\/div><figure class=\"wp-block-media-text__media\"><img loading=\"lazy\" decoding=\"async\" width=\"500\" height=\"500\" src=\"https:\/\/tangooled.com\/wp-content\/uploads\/2025\/12\/dwp18-ins.webp\" alt=\"led drywall curved double flange profile for dual strip\" class=\"wp-image-42933 size-full\" srcset=\"https:\/\/tangooled.com\/wp-content\/uploads\/2025\/12\/dwp18-ins.webp 500w, https:\/\/tangooled.com\/wp-content\/uploads\/2025\/12\/dwp18-ins-300x300.webp 300w, https:\/\/tangooled.com\/wp-content\/uploads\/2025\/12\/dwp18-ins-150x150.webp 150w\" sizes=\"auto, (max-width: 500px) 100vw, 500px\" \/><\/figure><\/div>\n<\/div><\/div>\n\n\n\n<div class=\"wp-block-group has-background\" style=\"background-color:#f1f1f1f2;padding-top:var(--wp--preset--spacing--80);padding-bottom:var(--wp--preset--spacing--80)\"><div class=\"wp-block-group__inner-container is-layout-constrained wp-block-group-is-layout-constrained\">\n<h2 class=\"wp-block-heading\" style=\"padding-top:var(--wp--preset--spacing--40);padding-bottom:var(--wp--preset--spacing--40);font-size:25px;font-style:normal;font-weight:600\">Wie man unser gebogenes Doppelflansch-LED-Trockenbauprofil verwendet<\/h2>\n\n\n\n<ul class=\"wp-block-list\">\n<li>Wohnzimmer, Heimkinos und Eingangsbereiche sehen mit dramatischer Wandbeleuchtung, Deckenvertiefungen oder rahmenlosen Lichtschlitzen viel besser aus.<\/li>\n\n\n\n<li>Kommerzielles Design: Ideal f\u00fcr Hotel-Lobbys, moderne Arbeitspl\u00e4tze, Einzelhandels-Schauh\u00e4user und Galerien, wo architektonische Beleuchtung zur Atmosph\u00e4re beitr\u00e4gt.<\/li>\n\n\n\n<li>Architektonische Merkmale: Ideal f\u00fcr \u00dcberg\u00e4nge von Wand zu Wand, gew\u00f6lbte Decken, geschwungene Vorspr\u00fcnge und eingelassene Deckenelemente.<\/li>\n<\/ul>\n<\/div><\/div>\n\n\n\n<div class=\"wp-block-group is-vertical is-layout-flex wp-container-core-group-is-layout-d255d7c4 wp-block-group-is-layout-flex\" style=\"padding-top:var(--wp--preset--spacing--80);padding-bottom:var(--wp--preset--spacing--80)\">\n<h2 class=\"wp-block-heading\" style=\"padding-top:var(--wp--preset--spacing--40);padding-bottom:var(--wp--preset--spacing--40);font-size:25px;font-style:normal;font-weight:600;text-transform:capitalize\">Verwandte Produkte zur Erg\u00e4nzung Ihrer Lichtinstallation<\/h2>\n\n\n\n<ul class=\"wp-block-list\">\n<li><a href=\"https:\/\/tangooled.com\/de\/product\/aluminum-profile-with-60-degree-lens-led-diffuser\/\"><mark style=\"background-color:rgba(0, 0, 0, 0)\" class=\"has-inline-color has-vivid-red-color\">Aluminium-LED-Profil mit 60-Grad-Objektivdiffusor<\/mark><\/a> \u2014 for sharp light angles.<\/li>\n\n\n\n<li><mark style=\"background-color:rgba(0, 0, 0, 0)\" class=\"has-inline-color has-vivid-red-color\"><a href=\"https:\/\/tangooled.com\/de\/product\/25x14m-surface-mounted-led-light-aluminum-profile\/\">25x14mm Oberfl\u00e4chen-mounted LED-Licht Aluminium-Profil<\/a> <\/mark>\u2014 for surface installation.<\/li>\n\n\n\n<li><a href=\"https:\/\/tangooled.com\/de\/product\/aluminum-led-strip-extrusion-diffuser-channel-for-5050-double-row-led-strip\/\"><mark style=\"background-color:rgba(0, 0, 0, 0)\" class=\"has-inline-color has-vivid-red-color\">Aluminium-LED-Streifen-Extrusionsdiffusor-Kanal f\u00fcr 5050 Doppelsrow LED-Streifen<\/mark><\/a> \u2014 perfect double LED strip channel.<\/li>\n<\/ul>\n<\/div>\n\n\n\n<div class=\"wp-block-group has-background\" style=\"background-color:#f1f1f1;padding-top:var(--wp--preset--spacing--80);padding-bottom:var(--wp--preset--spacing--80)\"><div class=\"wp-block-group__inner-container is-layout-constrained wp-block-group-is-layout-constrained\">\n<h2 class=\"wp-block-heading\" style=\"padding-top:var(--wp--preset--spacing--40);padding-bottom:var(--wp--preset--spacing--40);font-size:25px;font-style:normal;font-weight:600;text-transform:capitalize\">Zusammenfassung<\/h2>\n\n\n\n<p>Unser gebogenes Doppelflansch-LED-Trockenbauprofil f\u00fcr doppelte LED-Bandlichter ist die beste Wahl f\u00fcr hochwertige, rahmenlose und flexible architektonische Beleuchtung. Es sorgt f\u00fcr hervorragende Umgebungsbeleuchtung, Akzentbeleuchtung und Wandwascheffekte f\u00fcr sowohl Wohn- als auch Gesch\u00e4ftsanwendungen. Es besteht aus hochwertigem Aluminium, hat einen gro\u00dfen Kanalraum und einen glatten Diffusor.<\/p>\n<\/div><\/div>\n\n\n\n<p><\/p>","protected":false},"featured_media":13794,"template":"","meta":{"_acf_changed":true,"_seopress_robots_primary_cat":"none","_seopress_titles_title":"Curved Double Flange LED Drywall Profile | Dual Strip DWP18 | TANGOOLED","_seopress_titles_desc":"The DWP18 is a heavy-duty curved double flange LED drywall profile built for dual strips. This hidden drywall LED channel offers superior stability for curved ceilings with a high-output trimless finish.","_seopress_robots_index":""},"pcb-width":[228],"product-cat":[197],"class_list":{"0":"post-42657","1":"product","2":"type-product","3":"status-publish","4":"has-post-thumbnail","6":"pcb-width-6-12mm","7":"product-cat-plaster-in-profile"},"acf":[],"_links":{"self":[{"href":"https:\/\/tangooled.com\/de\/wp-json\/wp\/v2\/product\/42657","targetHints":{"allow":["GET"]}}],"collection":[{"href":"https:\/\/tangooled.com\/de\/wp-json\/wp\/v2\/product"}],"about":[{"href":"https:\/\/tangooled.com\/de\/wp-json\/wp\/v2\/types\/product"}],"wp:featuredmedia":[{"embeddable":true,"href":"https:\/\/tangooled.com\/de\/wp-json\/wp\/v2\/media\/13794"}],"wp:attachment":[{"href":"https:\/\/tangooled.com\/de\/wp-json\/wp\/v2\/media?parent=42657"}],"wp:term":[{"taxonomy":"pcb-width","embeddable":true,"href":"https:\/\/tangooled.com\/de\/wp-json\/wp\/v2\/pcb-width?post=42657"},{"taxonomy":"product-cat","embeddable":true,"href":"https:\/\/tangooled.com\/de\/wp-json\/wp\/v2\/product-cat?post=42657"}],"curies":[{"name":"wp","href":"https:\/\/api.w.org\/{rel}","templated":true}]}}