{"id":42655,"date":"2025-12-23T06:05:21","date_gmt":"2025-12-23T14:05:21","guid":{"rendered":"https:\/\/tangooled.com\/?post_type=product&#038;p=42655"},"modified":"2026-01-27T21:14:47","modified_gmt":"2026-01-28T05:14:47","slug":"pre-embedded-ceiling-curved-led-profile-hidden-drywall-dwp17","status":"publish","type":"product","link":"https:\/\/tangooled.com\/de\/product\/pre-embedded-ceiling-curved-led-profile-hidden-drywall-dwp17\/","title":{"rendered":"Vorinstalliertes, gew\u00f6lbtes Deckenprofil f\u00fcr versteckte Trockenbau-LED-Kan\u00e4le"},"content":{"rendered":"<div class=\"wp-block-group is-vertical is-layout-flex wp-container-core-group-is-layout-d255d7c4 wp-block-group-is-layout-flex\" style=\"padding-top:var(--wp--preset--spacing--80);padding-bottom:var(--wp--preset--spacing--80)\">\n<p>Unser vorinstalliertes, gew\u00f6lbtes LED-Profil f\u00fcr die Decke ist die beste M\u00f6glichkeit, gerade, sch\u00f6ne Lichtlinien zu erzeugen. Dieser LED-Kanal f\u00fcr Trockenbau ist versteckt und f\u00fcgt sich harmonisch in Decken und W\u00e4nde ein. Er verleiht Ihrem Raum ein modernes und professionelles Aussehen, ohne offensichtliche Rahmen oder Verkleidungen. Das DWP17-Profil hat eine breite Basis von 91,5 mm und eine maximale H\u00f6he von 57,1 mm vom Wandrand. Seine viertelrunde Form ist perfekt f\u00fcr Installationen in Ecken, wo es nahtlos von der Wand zur Decke \u00fcbergeht. Der Innenraum ist 34 mm tief, was genug Platz f\u00fcr LED-Streifen bietet, und das Diffusorsegment ist 12,8 mm breit. Es besteht aus robustem Aluminium und ist daf\u00fcr gedacht, in Trockenbau oder Putz eingebaut zu werden. Es hilft Ihnen, sanfte Kurven und B\u00f6gen zu erstellen, die einen sch\u00f6nen, breiten Cove-Lichteffekt erzeugen, der jeden Raum versch\u00f6nert.<\/p>\n<\/div>\n\n\n\n<div class=\"wp-block-group has-background\" style=\"background-color:#f1f1f1;padding-top:var(--wp--preset--spacing--80);padding-bottom:var(--wp--preset--spacing--80)\"><div class=\"wp-block-group__inner-container is-layout-constrained wp-block-group-is-layout-constrained\">\n<div class=\"wp-block-group is-vertical is-layout-flex wp-container-core-group-is-layout-8cf370e7 wp-block-group-is-layout-flex\">\n<h2 class=\"wp-block-heading\" style=\"padding-top:var(--wp--preset--spacing--40);padding-bottom:var(--wp--preset--spacing--40);font-size:25px;font-style:normal;font-weight:600;text-transform:capitalize\">Warum unser vorinstalliertes, gew\u00f6lbtes LED-Profil f\u00fcr die Decke w\u00e4hlen?<\/h2>\n\n\n\n<ul class=\"wp-block-list\">\n<li>Ohne Verkleidung und versteckt: Versteckt b\u00fcndig im Trockenbau ohne erkennbare Kanten.<\/li>\n\n\n\n<li>Sanftes, punktloses Licht: Verwenden Sie hochdichte LED-Streifen f\u00fcr gleichm\u00e4\u00dfiges Licht.<\/li>\n\n\n\n<li>Langlebiges Aluminium: Die Legierung 6063-T5 dient sowohl als Tr\u00e4ger als auch als W\u00e4rmesenke.<\/li>\n\n\n\n<li>Sichere Passform: Die perforierten Einbauflansche schlossen zuverl\u00e4ssig in die W\u00e4nde f\u00fcr ein langlebiges Finish.<\/li>\n\n\n\n<li>Mit einem glatten, vorinstallierten, gew\u00f6lbten LED-Profil, das im Trockenbau verschwindet, k\u00f6nnen Sie problemlos Beleuchtung in Ihre Architektur integrieren. Es zeigt nur reines, kontinuierliches Licht auf Kurven und Kanten.<\/li>\n<\/ul>\n<\/div>\n<\/div><\/div>\n\n\n\n<div class=\"wp-block-group is-vertical is-layout-flex wp-container-core-group-is-layout-d255d7c4 wp-block-group-is-layout-flex\" style=\"padding-top:var(--wp--preset--spacing--80);padding-bottom:var(--wp--preset--spacing--80)\">\n<hr class=\"wp-block-separator has-alpha-channel-opacity\"\/>\n\n\n\n<div class=\"wp-block-media-text has-media-on-the-right is-stacked-on-mobile\" style=\"grid-template-columns:auto 40%\"><div class=\"wp-block-media-text__content\">\n<h2 class=\"wp-block-heading\" style=\"padding-top:var(--wp--preset--spacing--40);padding-bottom:var(--wp--preset--spacing--40);font-size:25px;font-style:normal;font-weight:600;text-transform:capitalize\">Wie man diesen versteckten Trockenbau-LED-Kanal verwendet<\/h2>\n\n\n\n<ul class=\"wp-block-list\">\n<li>Befestigen Sie den Kanal sicher an den St\u00e4ndern in der Decke oder an der Rahmenkonstruktion f\u00fcr den Trockenbau.<\/li>\n\n\n\n<li>F\u00fcr ein glattes Finish, tragen Sie Trockenbaust\u00fcck oder Putz \u00fcber die Lochflansche auf.<\/li>\n\n\n\n<li>Um eine glatte Decken- oder Wandoberfl\u00e4che zu erzielen, schleifen und streichen Sie den Putz.<\/li>\n\n\n\n<li>Legen Sie den LED-Streifen in den Kanal und klicken Sie den Diffusor ein.<\/li>\n\n\n\n<li>Verbinden Sie das Steuerungssystem und den LED-Treiber miteinander, damit sie mit Strom versorgt werden k\u00f6nnen und dimmbar sind.<\/li>\n<\/ul>\n<\/div><figure class=\"wp-block-media-text__media\"><img loading=\"lazy\" decoding=\"async\" width=\"500\" height=\"500\" src=\"https:\/\/tangooled.com\/wp-content\/uploads\/2025\/12\/dwp17-ins.webp\" alt=\"pre embedded ceiling curved profile hidden drywall led channel\" class=\"wp-image-42924 size-full\" srcset=\"https:\/\/tangooled.com\/wp-content\/uploads\/2025\/12\/dwp17-ins.webp 500w, https:\/\/tangooled.com\/wp-content\/uploads\/2025\/12\/dwp17-ins-300x300.webp 300w, https:\/\/tangooled.com\/wp-content\/uploads\/2025\/12\/dwp17-ins-150x150.webp 150w\" sizes=\"auto, (max-width: 500px) 100vw, 500px\" \/><\/figure><\/div>\n<\/div>\n\n\n\n<div class=\"wp-block-group has-background\" style=\"background-color:#f1f1f1f2;padding-top:var(--wp--preset--spacing--80);padding-bottom:var(--wp--preset--spacing--80)\"><div class=\"wp-block-group__inner-container is-layout-constrained wp-block-group-is-layout-constrained\">\n<h2 class=\"wp-block-heading\" style=\"padding-top:var(--wp--preset--spacing--40);padding-bottom:var(--wp--preset--spacing--40);font-size:25px;font-style:normal;font-weight:600\">Anwendungsszenarien f\u00fcr das vorinstallierte, gew\u00f6lbte LED-Profil f\u00fcr die Decke<\/h2>\n\n\n\n<ul class=\"wp-block-list\">\n<li>Architektonische Akzente: Verwenden Sie sanftes, elegantes Licht, um \u00dcberg\u00e4nge zwischen W\u00e4nden und Decken hervorzuheben.<\/li>\n\n\n\n<li>Gew\u00f6lbte W\u00e4nde mit Hintergrundbeleuchtung: Schaffen Sie sanfte, ambientale W\u00e4nde f\u00fcr Hotels, Gesch\u00e4fte oder moderne H\u00e4user.<\/li>\n\n\n\n<li>F\u00fcr Gewerbe und Wohnr\u00e4ume: Ideal f\u00fcr B\u00fcros, Einkaufszentren, Hotels und hochwertige Wohnr\u00e4ume.<\/li>\n<\/ul>\n<\/div><\/div>\n\n\n\n<div class=\"wp-block-group\" style=\"padding-top:var(--wp--preset--spacing--80);padding-bottom:var(--wp--preset--spacing--80)\"><div class=\"wp-block-group__inner-container is-layout-constrained wp-block-group-is-layout-constrained\">\n<h2 class=\"wp-block-heading\" style=\"padding-top:var(--wp--preset--spacing--40);padding-bottom:var(--wp--preset--spacing--40);font-size:25px;font-style:normal;font-weight:600;text-transform:capitalize\">Verwandte Produkte f\u00fcr verbesserte Beleuchtungssysteme<\/h2>\n\n\n\n<ul class=\"wp-block-list\">\n<li><a href=\"https:\/\/tangooled.com\/de\/product\/black-led-diffuser-aluminum-channel-for-12mm-tape-lights\/\"><mark style=\"background-color:rgba(0, 0, 0, 0)\" class=\"has-inline-color has-vivid-red-color\">Schwarzes LED-Diffusor-Aluminiumprofil f\u00fcr 12 mm Tape-Lights<\/mark><\/a><\/li>\n\n\n\n<li><a href=\"https:\/\/tangooled.com\/de\/product\/led-strip-light-channel-aluminum-profile-with-diffused-cover-6mm-height\/\"><mark style=\"background-color:rgba(0, 0, 0, 0)\" class=\"has-inline-color has-vivid-red-color\">LED-Streifenlicht-Kanal-Aluminiumprofil mit diffuser Abdeckung 6mm H\u00f6he<\/mark><\/a><\/li>\n\n\n\n<li><a href=\"https:\/\/tangooled.com\/de\/product\/surface-mount-led-profile-with-frosted-diffuser-for-10mm-rope-lights\/\"><mark style=\"background-color:rgba(0, 0, 0, 0)\" class=\"has-inline-color has-vivid-red-color\">Oberfl\u00e4chenmontage-LED-Profil mit mattem Diffusor f\u00fcr 10mm Seillichter<\/mark><\/a><\/li>\n<\/ul>\n\n\n\n<p>Diese Profile erg\u00e4nzen Installationen von versteckten Trockenbau-LED-Kan\u00e4len, indem sie passende Oberfl\u00e4chen und Stile f\u00fcr Aufsatz- und \u00dcbergangsbeleuchtung bieten.<\/p>\n<\/div><\/div>\n\n\n\n<div class=\"wp-block-group has-background\" style=\"background-color:#f1f1f1;padding-top:var(--wp--preset--spacing--80);padding-bottom:var(--wp--preset--spacing--80)\"><div class=\"wp-block-group__inner-container is-layout-constrained wp-block-group-is-layout-constrained\">\n<p>Unser vorinstalliertes, gew\u00f6lbtes LED-Profil f\u00fcr die Decke bietet schlanke, starke und unauff\u00e4llige Beleuchtung, die Ihre gew\u00f6lbten Decken und W\u00e4nde zum Leben erweckt. Dieser versteckte Trockenbau-LED-Kanal erm\u00f6glicht es Ihnen, Lichtlinien zu erstellen, die sich nahtlos in Ihr Design einf\u00fcgen, ohne L\u00fccken.<\/p>\n<\/div><\/div>\n\n\n\n<p><\/p>","protected":false},"featured_media":13789,"template":"","meta":{"_acf_changed":true,"_seopress_robots_primary_cat":"none","_seopress_titles_title":"Curved Pre-embedded LED Profile | Hidden Drywall Channel DWP17","_seopress_titles_desc":"The DWP17 is a pre-embedded ceiling curved led profile for creating seamless fluid light lines. This hidden drywall led channel blends into organic architectural shapes for a perfect trimless finish.","_seopress_robots_index":""},"pcb-width":[228],"product-cat":[197],"class_list":{"0":"post-42655","1":"product","2":"type-product","3":"status-publish","4":"has-post-thumbnail","6":"pcb-width-6-12mm","7":"product-cat-plaster-in-profile"},"acf":[],"_links":{"self":[{"href":"https:\/\/tangooled.com\/de\/wp-json\/wp\/v2\/product\/42655","targetHints":{"allow":["GET"]}}],"collection":[{"href":"https:\/\/tangooled.com\/de\/wp-json\/wp\/v2\/product"}],"about":[{"href":"https:\/\/tangooled.com\/de\/wp-json\/wp\/v2\/types\/product"}],"wp:featuredmedia":[{"embeddable":true,"href":"https:\/\/tangooled.com\/de\/wp-json\/wp\/v2\/media\/13789"}],"wp:attachment":[{"href":"https:\/\/tangooled.com\/de\/wp-json\/wp\/v2\/media?parent=42655"}],"wp:term":[{"taxonomy":"pcb-width","embeddable":true,"href":"https:\/\/tangooled.com\/de\/wp-json\/wp\/v2\/pcb-width?post=42655"},{"taxonomy":"product-cat","embeddable":true,"href":"https:\/\/tangooled.com\/de\/wp-json\/wp\/v2\/product-cat?post=42655"}],"curies":[{"name":"wp","href":"https:\/\/api.w.org\/{rel}","templated":true}]}}