{"id":42653,"date":"2025-12-23T06:02:26","date_gmt":"2025-12-23T14:02:26","guid":{"rendered":"https:\/\/tangooled.com\/?post_type=product&#038;p=42653"},"modified":"2026-01-27T21:08:34","modified_gmt":"2026-01-28T05:08:34","slug":"trimless-drywall-led-channel-for-15mm-led-strip-lights","status":"publish","type":"product","link":"https:\/\/tangooled.com\/de\/product\/trimless-drywall-led-channel-for-15mm-led-strip-lights\/","title":{"rendered":"Randloses Trockenbau-LED-Profil f\u00fcr 15 mm LED-Streifen"},"content":{"rendered":"<div class=\"wp-block-group is-vertical is-layout-flex wp-container-core-group-is-layout-d255d7c4 wp-block-group-is-layout-flex\" style=\"padding-top:var(--wp--preset--spacing--80);padding-bottom:var(--wp--preset--spacing--80)\">\n<p>Unser trimmloser Trockenbau-LED-Kanal ist f\u00fcr 15 mm LED-Streifenlichter ausgelegt und hilft Ihnen, die richtige klare Lichtlinie zu finden. Dieses einf\u00fcllbare LED-Profil l\u00e4sst sich leicht direkt in Trockenbau oder Gipskarton installieren und verleiht Ihrer Beleuchtung ein modernes, minimalistisches Aussehen ohne sichtbare Profile oder Rahmen. Der DWP16 ist 61,7 mm breit von Flansch zu Flansch und 13,6 mm hoch insgesamt. Die Innenkammer, die 20,9 mm breit ist und f\u00fcr LED-Streifen gemacht wurde, wird von einem gew\u00f6lbten Diffusor abgedeckt, der 28,8 mm breit ist. Sobald er eingesetzt und mit Gips \u00fcberzogen ist, liegt das Profil genau flach, was einen breiten, gleichm\u00e4\u00dfigen Lichtstrahl erzeugt, der aussieht, als k\u00e4me er direkt von der Wand oder Decke. Diese unauff\u00e4llige Beleuchtungswahl ist ideal f\u00fcr moderne H\u00e4user und Unternehmen, die ihrer Architektur eine Note verleihen m\u00f6chten.<\/p>\n<\/div>\n\n\n\n<div class=\"wp-block-group has-background\" style=\"background-color:#f1f1f1;padding-top:var(--wp--preset--spacing--80);padding-bottom:var(--wp--preset--spacing--80)\"><div class=\"wp-block-group__inner-container is-layout-constrained wp-block-group-is-layout-constrained\">\n<div class=\"wp-block-group is-vertical is-layout-flex wp-container-core-group-is-layout-8cf370e7 wp-block-group-is-layout-flex\">\n<h2 class=\"wp-block-heading\" style=\"padding-top:var(--wp--preset--spacing--40);padding-bottom:var(--wp--preset--spacing--40);font-size:25px;font-style:normal;font-weight:600;text-transform:capitalize\">Warum unseren trimmlosen Trockenbau-LED-Kanal w\u00e4hlen?<\/h2>\n\n\n\n<ul class=\"wp-block-list\">\n<li>Trimmloser Einbau: R\u00fcckversenkte Flansche erm\u00f6glichen es Ihnen, direkt \u00fcber das Profil zu verputzen. Keine Kanten. Kein Rahmen, der sichtbar ist. Es sieht aus wie eine klare, gerade Lichtlinie, die in die Wand oder Decke integriert ist.<\/li>\n\n\n\n<li>Passt zu 15 mm LED-Streifen: Der Platz ist gro\u00df genug, um starke, leistungsstarke LED-Streifen zu halten, einschlie\u00dflich intelligenter Alternativen wie Philips Hue oder dual-row COB LED-Streifen.<\/li>\n\n\n\n<li>Hochwertige Materialien: Aus eloxiertem Aluminium 6063-T5 gefertigt, das hilft, schnell abzuk\u00fchlen. H\u00e4lt Ihre LEDs k\u00fchl, damit sie l\u00e4nger halten.<\/li>\n\n\n\n<li>Punktfreie Beleuchtung: Der satinierte Polykarbonat (PC) Diffusor macht das Licht weich und gleichm\u00e4\u00dfig, ohne Blendung oder Punkte.<\/li>\n\n\n\n<li>Einfach zuzuschneiden und zu installieren: Verwenden Sie eine S\u00e4ge, um die L\u00e4nge zu \u00e4ndern, schrauben Sie es in Trockenbaust\u00fctzen oder Rahmen, verputzen Sie es dar\u00fcber, schleifen Sie es und streichen Sie es.<\/li>\n\n\n\n<li>Kann f\u00fcr vieles verwendet werden: Ideal f\u00fcr architektonische Akzente, Lichtnischen, Arbeitsbeleuchtung und indirekte Beleuchtung in Wohnh\u00e4usern, B\u00fcros, Gesch\u00e4ften und Hotels.<\/li>\n<\/ul>\n<\/div>\n<\/div><\/div>\n\n\n\n<div class=\"wp-block-group is-vertical is-layout-flex wp-container-core-group-is-layout-d255d7c4 wp-block-group-is-layout-flex\" style=\"padding-top:var(--wp--preset--spacing--80);padding-bottom:var(--wp--preset--spacing--80)\">\n<hr class=\"wp-block-separator has-alpha-channel-opacity\"\/>\n\n\n\n<div class=\"wp-block-media-text has-media-on-the-right is-stacked-on-mobile\" style=\"grid-template-columns:auto 40%\"><div class=\"wp-block-media-text__content\">\n<h2 class=\"wp-block-heading\" style=\"padding-top:var(--wp--preset--spacing--40);padding-bottom:var(--wp--preset--spacing--40);font-size:25px;font-style:normal;font-weight:600;text-transform:capitalize\">Installations- und Pflegehinweise<\/h2>\n\n\n\n<ul class=\"wp-block-list\">\n<li>Verwenden Sie eine feinzahnige S\u00e4ge, um den Aluminiumkanal und den Diffusor auf die richtige Gr\u00f6\u00dfe zu schneiden.<\/li>\n\n\n\n<li>Verwenden Sie Schrauben, um es an St\u00fctzen oder robusten Rahmen zu befestigen.<\/li>\n\n\n\n<li>Geben Sie Trockenbaum\u00f6rtel auf die Flansche, die L\u00f6cher haben.<\/li>\n\n\n\n<li>Nachdem es getrocknet ist, schleifen Sie es glatt und streichen Sie es, um es an die W\u00e4nde oder die Decke anzupassen.<\/li>\n\n\n\n<li>Legen Sie die LED-Streifenlichter hinein, stecken Sie sie ein und genie\u00dfen Sie!<\/li>\n<\/ul>\n<\/div><figure class=\"wp-block-media-text__media\"><img loading=\"lazy\" decoding=\"async\" width=\"500\" height=\"500\" src=\"https:\/\/tangooled.com\/wp-content\/uploads\/2025\/12\/dwp16-ins.webp\" alt=\"trimless drywall led channel for 15mm led strip lights\" class=\"wp-image-42919 size-full\" srcset=\"https:\/\/tangooled.com\/wp-content\/uploads\/2025\/12\/dwp16-ins.webp 500w, https:\/\/tangooled.com\/wp-content\/uploads\/2025\/12\/dwp16-ins-300x300.webp 300w, https:\/\/tangooled.com\/wp-content\/uploads\/2025\/12\/dwp16-ins-150x150.webp 150w\" sizes=\"auto, (max-width: 500px) 100vw, 500px\" \/><\/figure><\/div>\n<\/div>\n\n\n\n<div class=\"wp-block-group has-background\" style=\"background-color:#f1f1f1f2;padding-top:var(--wp--preset--spacing--80);padding-bottom:var(--wp--preset--spacing--80)\"><div class=\"wp-block-group__inner-container is-layout-constrained wp-block-group-is-layout-constrained\">\n<h2 class=\"wp-block-heading\" style=\"padding-top:var(--wp--preset--spacing--40);padding-bottom:var(--wp--preset--spacing--40);font-size:25px;font-style:normal;font-weight:600\">Wie Sie diesen trimmlosen Trockenbau-LED-Kanal verwenden k\u00f6nnen<\/h2>\n\n\n\n<ul class=\"wp-block-list\">\n<li>Architektonische Beleuchtung: Erstellen Sie klare und pr\u00e4zise Lichtlinien, die in W\u00e4nde und Decken verschwinden. Ideal f\u00fcr ein klares, modernes Design.<\/li>\n\n\n\n<li>Integration in Wand und Decke: Verlegen Sie es im Trockenbau f\u00fcr eine b\u00fcndige Montage, die das Lichtger\u00e4t verbirgt und nur das Licht zeigt.<\/li>\n\n\n\n<li>Umgebungs- und Arbeitsbeleuchtung: Ideal f\u00fcr Wohnr\u00e4ume, K\u00fcchen, Flure, B\u00fcros und Gesch\u00e4fte.<\/li>\n\n\n\n<li>Dekoratives Wand-Waschen: Sie k\u00f6nnen es vertikal oder horizontal anbringen, um raue Oberfl\u00e4chen mit beruhigendem Licht zu bescheinen.<\/li>\n\n\n\n<li>Nischen- und Deckenbeleuchtung: F\u00fcr gro\u00dfartige indirekte Beleuchtung, die die Lichtquelle vollst\u00e4ndig verbirgt.<\/li>\n<\/ul>\n<\/div><\/div>\n\n\n\n<div class=\"wp-block-group is-vertical is-layout-flex wp-container-core-group-is-layout-d255d7c4 wp-block-group-is-layout-flex\" style=\"padding-top:var(--wp--preset--spacing--80);padding-bottom:var(--wp--preset--spacing--80)\">\n<h2 class=\"wp-block-heading\" style=\"padding-top:var(--wp--preset--spacing--40);padding-bottom:var(--wp--preset--spacing--40);font-size:25px;font-style:normal;font-weight:600;text-transform:capitalize\">Verwandte Produkte &amp; Links<\/h2>\n\n\n\n<ul class=\"wp-block-list\">\n<li>Schauen Sie sich das an <a href=\"https:\/\/tangooled.com\/de\/product\/black-led-diffuser-aluminum-channel-for-12mm-tape-lights\/\"><mark style=\"background-color:rgba(0, 0, 0, 0)\" class=\"has-inline-color has-vivid-red-color\">schwarzes LED-Diffusor-Aluminiumprofil f\u00fcr 12mm LED-B\u00e4nder<\/mark><\/a> f\u00fcr kleinere Streifen.<\/li>\n\n\n\n<li>Entdecken Sie das <a href=\"https:\/\/tangooled.com\/de\/product\/surface-mount-led-profile-with-frosted-diffuser-for-10mm-rope-lights\/\"><mark style=\"background-color:rgba(0, 0, 0, 0)\" class=\"has-inline-color has-vivid-red-color\">Oberfl\u00e4chenmontage LED-Profil mit satiniertem Diffusor f\u00fcr 10mm Seilschn\u00fcre<\/mark><\/a> wenn eine Oberfl\u00e4cheninstallation erforderlich ist.<\/li>\n\n\n\n<li>Sehen Sie die <a href=\"https:\/\/tangooled.com\/de\/product\/22x15mm-led-light-channel-aluminum-extrusion-for-flexible-strips\/\"><mark style=\"background-color:rgba(0, 0, 0, 0)\" class=\"has-inline-color has-vivid-red-color\">22x15mm LED-Lichtkanal Aluminium-Extrusion f\u00fcr flexible Streifen<\/mark><\/a> f\u00fcr alternative Extrusionsoptionen.<\/li>\n\n\n\n<li>Vervollst\u00e4ndigen Sie Ihre Einrichtung mit<mark style=\"background-color:rgba(0, 0, 0, 0)\" class=\"has-inline-color has-vivid-red-color\"> <a href=\"https:\/\/tangooled.com\/de\/product\/aluminum-u-channel-with-curved-led-diffuser-inner-16mm\/\">aluminium U-Kanal mit gew\u00f6lbtem LED-Diffusor innen 16mm<\/a> <\/mark>f\u00fcr gew\u00f6lbte Lichtlinien.<\/li>\n\n\n\n<li>Wenn Sie ein trimmloses Design f\u00fcr Decken suchen, sehen Sie <a href=\"https:\/\/tangooled.com\/de\/product\/flush-mount-22mm-groove-use-aluminum-drywall-led-channel\/\"><mark style=\"background-color:rgba(0, 0, 0, 0)\" class=\"has-inline-color has-vivid-red-color\">b\u00fcndiger Einbau 22mm Nutverwendung Aluminium Trockenbau LED-Kanal<\/mark><\/a>.<\/li>\n<\/ul>\n<\/div>\n\n\n\n<div class=\"wp-block-group\" style=\"padding-top:0;padding-bottom:0\"><div class=\"wp-block-group__inner-container is-layout-constrained wp-block-group-is-layout-constrained\">\n<p>Holen Sie sich noch heute einen trimmlosen Trockenbau-LED-Kanal und ver\u00e4ndern Sie das Erscheinungsbild Ihres Raumes mit klarer, moderner und architektonischer Beleuchtung. Ideal f\u00fcr Menschen, die einfach reines Licht und keine sichtbaren Profile bevorzugen.<\/p>\n<\/div><\/div>\n\n\n\n<p><\/p>","protected":false},"featured_media":13783,"template":"","meta":{"_acf_changed":true,"_seopress_robots_primary_cat":"none","_seopress_titles_title":"Trimless Drywall LED Channel | Wide 15mm Strip Housing DWP16","_seopress_titles_desc":"The DWP16 is a high-performance trimless drywall led channel optimized for 15mm led strip lights. Create a flawless, integrated linear light finish in plasterboards and ceilings.","_seopress_robots_index":""},"pcb-width":[229],"product-cat":[197],"class_list":{"0":"post-42653","1":"product","2":"type-product","3":"status-publish","4":"has-post-thumbnail","6":"pcb-width-15-20mm","7":"product-cat-plaster-in-profile"},"acf":[],"_links":{"self":[{"href":"https:\/\/tangooled.com\/de\/wp-json\/wp\/v2\/product\/42653","targetHints":{"allow":["GET"]}}],"collection":[{"href":"https:\/\/tangooled.com\/de\/wp-json\/wp\/v2\/product"}],"about":[{"href":"https:\/\/tangooled.com\/de\/wp-json\/wp\/v2\/types\/product"}],"wp:featuredmedia":[{"embeddable":true,"href":"https:\/\/tangooled.com\/de\/wp-json\/wp\/v2\/media\/13783"}],"wp:attachment":[{"href":"https:\/\/tangooled.com\/de\/wp-json\/wp\/v2\/media?parent=42653"}],"wp:term":[{"taxonomy":"pcb-width","embeddable":true,"href":"https:\/\/tangooled.com\/de\/wp-json\/wp\/v2\/pcb-width?post=42653"},{"taxonomy":"product-cat","embeddable":true,"href":"https:\/\/tangooled.com\/de\/wp-json\/wp\/v2\/product-cat?post=42653"}],"curies":[{"name":"wp","href":"https:\/\/api.w.org\/{rel}","templated":true}]}}