{"id":42651,"date":"2025-12-23T05:59:15","date_gmt":"2025-12-23T13:59:15","guid":{"rendered":"https:\/\/tangooled.com\/?post_type=product&#038;p=42651"},"modified":"2026-02-01T22:35:57","modified_gmt":"2026-02-02T06:35:57","slug":"plaster-in-led-profile-2m-3m-for-gypsum-ceiling-recessed","status":"publish","type":"product","link":"https:\/\/tangooled.com\/de\/product\/plaster-in-led-profile-2m-3m-for-gypsum-ceiling-recessed\/","title":{"rendered":"Einbaustreifen f\u00fcr LED 2m &#038; 3m f\u00fcr Deckenverkleidungen aus Gips."},"content":{"rendered":"<div class=\"wp-block-group is-vertical is-layout-flex wp-container-core-group-is-layout-d255d7c4 wp-block-group-is-layout-flex\" style=\"padding-top:var(--wp--preset--spacing--80);padding-bottom:var(--wp--preset--spacing--80)\">\n<p>Wir bieten Einbaustreifen f\u00fcr LED in den L\u00e4ngen 2m und&nbsp;3m zur Auswahl. Diese professionellen Aluminiumkan\u00e4le sind f\u00fcr den Einbau in vertiefte Bereiche in Gipsw\u00e4nden und -decken konzipiert. Sie sind so gestaltet, dass sie eine vollst\u00e4ndig glatte, saubere und randlose Oberfl\u00e4che bieten. Das Profil hat spezielle Fl\u00fcgel, die w\u00e4hrend der Installation verputzt werden. Dadurch wird die gesamte Aluminiumstruktur sowie der integrierte LED-Streifen verborgen. Dieser clevere Einbauansatz sorgt daf\u00fcr, dass nur das weiche, gleichm\u00e4\u00dfige und punktfreie Licht sichtbar ist. Es schafft einen schlanken, modernen Look ohne offensichtliche Kanten oder Erhebungen.<\/p>\n<\/div>\n\n\n\n<div class=\"wp-block-group has-background is-vertical is-layout-flex wp-container-core-group-is-layout-d255d7c4 wp-block-group-is-layout-flex\" style=\"background-color:#f1f1f1;padding-top:var(--wp--preset--spacing--80);padding-bottom:var(--wp--preset--spacing--80)\">\n<div class=\"wp-block-group is-vertical is-layout-flex wp-container-core-group-is-layout-8cf370e7 wp-block-group-is-layout-flex\">\n<h2 class=\"wp-block-heading\" style=\"padding-top:var(--wp--preset--spacing--40);padding-bottom:var(--wp--preset--spacing--40);font-size:25px;font-style:normal;font-weight:600;text-transform:capitalize\">Warum unser Einbaustreifen f\u00fcr LED mit 2m oder 3m verwenden?<\/h2>\n\n\n\n<ul class=\"wp-block-list\">\n<li>Entwickelt f\u00fcr die Montage in Decken und W\u00e4nden, sodass sie b\u00fcndig und glatt sind.<\/li>\n\n\n\n<li>Hat Fl\u00fcgel, die Putz f\u00fcr ein b\u00fcndiges und glattes Finish halten.<\/li>\n\n\n\n<li>Works with various LED strip lights that are 10\u201315mm wide.<\/li>\n\n\n\n<li>Erh\u00e4ltlich in zwei L\u00e4ngen: 2 Meter und 3 Meter.<\/li>\n\n\n\n<li>Hergestellt aus robustem 6063 T5 Aluminium, das W\u00e4rme standhalten kann.<\/li>\n\n\n\n<li>Hergestellt aus starkem 6063 T5 Aluminium, das W\u00e4rme standhalten kann.&nbsp;<\/li>\n\n\n\n<li>Kommt mit einem mattierten Polycarbonat-Diffusor, der das Licht weich und punktfrei macht.<\/li>\n<\/ul>\n<\/div>\n<\/div>\n\n\n\n<div class=\"wp-block-group is-vertical is-layout-flex wp-container-core-group-is-layout-d255d7c4 wp-block-group-is-layout-flex\" style=\"padding-top:var(--wp--preset--spacing--80);padding-bottom:var(--wp--preset--spacing--80)\">\n<hr class=\"wp-block-separator has-alpha-channel-opacity\"\/>\n\n\n\n<div class=\"wp-block-media-text has-media-on-the-right is-stacked-on-mobile\" style=\"grid-template-columns:auto 40%\"><div class=\"wp-block-media-text__content\">\n<h2 class=\"wp-block-heading\" style=\"padding-top:var(--wp--preset--spacing--40);padding-bottom:var(--wp--preset--spacing--40);font-size:25px;font-style:normal;font-weight:600;text-transform:capitalize\">So verwenden Sie es<\/h2>\n\n\n\n<p>Our plaster-in led profile&nbsp;2m or 3m fits into a groove created in your gypsum ceiling. Once you&#8217;ve screwed the profile into place:<\/p>\n\n\n\n<ul class=\"wp-block-list\">\n<li>Tragen Sie Putz auf die Fl\u00fcgel auf.<\/li>\n\n\n\n<li>Machen Sie den Putz glatt f\u00fcr ein b\u00fcndiges Finish.<\/li>\n\n\n\n<li>Setzen Sie einen hochwertigen LED-Streifen ein.<\/li>\n\n\n\n<li>Setzen Sie den opalen Diffusor ein.<\/li>\n\n\n\n<li>Schalten Sie Ihre saubere, glatte LED-Beleuchtungslinie ein.<\/li>\n<\/ul>\n<\/div><figure class=\"wp-block-media-text__media\"><img loading=\"lazy\" decoding=\"async\" width=\"500\" height=\"500\" src=\"https:\/\/tangooled.com\/wp-content\/uploads\/2025\/12\/dwp15-ins.webp\" alt=\"plaster in led profile 2m &amp; 3m for gypsum ceiling recessed\" class=\"wp-image-42914 size-full\" srcset=\"https:\/\/tangooled.com\/wp-content\/uploads\/2025\/12\/dwp15-ins.webp 500w, https:\/\/tangooled.com\/wp-content\/uploads\/2025\/12\/dwp15-ins-300x300.webp 300w, https:\/\/tangooled.com\/wp-content\/uploads\/2025\/12\/dwp15-ins-150x150.webp 150w\" sizes=\"auto, (max-width: 500px) 100vw, 500px\" \/><\/figure><\/div>\n<\/div>\n\n\n\n<div class=\"wp-block-group has-background is-vertical is-layout-flex wp-container-core-group-is-layout-b429018a wp-block-group-is-layout-flex\" style=\"background-color:#f1f1f1f2;padding-top:var(--wp--preset--spacing--70);padding-bottom:var(--wp--preset--spacing--70)\">\n<h2 class=\"wp-block-heading\" style=\"padding-top:var(--wp--preset--spacing--40);padding-bottom:var(--wp--preset--spacing--40);font-size:25px;font-style:normal;font-weight:600\">Ideal f\u00fcr diese Orte<\/h2>\n\n\n\n<ul class=\"wp-block-list\">\n<li>Wohnungen: Licht in Wohnzimmern, K\u00fcchen und Fluren.<\/li>\n\n\n\n<li>B\u00fcros: Beleuchtung an Decken oder W\u00e4nden, die modern ist.<\/li>\n\n\n\n<li>Hotels und Gesch\u00e4fte: Verwenden Sie klare, randlose Lichtlinien, um Ihre Marke zu pr\u00e4sentieren.<\/li>\n\n\n\n<li>Projekte in der Architektur: Weisen Sie auf Decken, Ecken und Nischen hin.<\/li>\n\n\n\n<li>Arbeitsbeleuchtung: Orte, an denen gutes Licht wichtig ist, wie K\u00fcchen und Arbeitspl\u00e4tze.<\/li>\n<\/ul>\n<\/div>\n\n\n\n<div class=\"wp-block-group is-vertical is-layout-flex wp-container-core-group-is-layout-d255d7c4 wp-block-group-is-layout-flex\" style=\"padding-top:var(--wp--preset--spacing--80);padding-bottom:var(--wp--preset--spacing--80)\">\n<h2 class=\"wp-block-heading\" style=\"padding-top:var(--wp--preset--spacing--40);padding-bottom:var(--wp--preset--spacing--40);font-size:25px;font-style:normal;font-weight:600;text-transform:capitalize\">Erfahren Sie mehr \u00fcber verwandte Produkte<\/h2>\n\n\n\n<ul class=\"wp-block-list\">\n<li>\u00dcberpr\u00fcfen Sie dies <a href=\"https:\/\/tangooled.com\/de\/product\/black-led-profile-with-black-diffuser-for-10mm-led-strip-light\/\"><mark style=\"background-color:rgba(0, 0, 0, 0)\" class=\"has-inline-color has-vivid-red-color\">schwarzes LED-Profil mit schwarzem Diffusor f\u00fcr 10mm LED-Streifen <\/mark><\/a>f\u00fcr passende Zubeh\u00f6rteile.<\/li>\n\n\n\n<li>Entdecken Sie das <a href=\"https:\/\/tangooled.com\/de\/product\/25x14m-surface-mounted-led-light-aluminum-profile\/\"><mark style=\"background-color:rgba(0, 0, 0, 0)\" class=\"has-inline-color has-vivid-red-color\">25x14m Oberfl\u00e4chenmontiertes LED-Licht Aluminiumprofil f\u00fcr Montage auf der Oberfl\u00e4che<\/mark><\/a> Optionen.<\/li>\n\n\n\n<li>Ben\u00f6tigen Sie ein kleineres Profil mit niedriger H\u00f6he? Versuchen Sie unser <a href=\"https:\/\/tangooled.com\/de\/product\/led-strip-light-channel-aluminum-profile-with-diffused-cover-6mm-height\/\"><mark style=\"background-color:rgba(0, 0, 0, 0)\" class=\"has-inline-color has-vivid-red-color\">Aluminiumprofil f\u00fcr LED-Streifen mit diffundierender Abdeckung, H\u00f6he 6 mm<\/mark><\/a>.<\/li>\n<\/ul>\n<\/div>\n\n\n\n<div class=\"wp-block-group has-background\" style=\"background-color:#f1f1f1;padding-top:var(--wp--preset--spacing--80);padding-bottom:var(--wp--preset--spacing--80)\"><div class=\"wp-block-group__inner-container is-layout-constrained wp-block-group-is-layout-constrained\">\n<h2 class=\"wp-block-heading\" style=\"padding-top:var(--wp--preset--spacing--40);padding-bottom:var(--wp--preset--spacing--40);font-size:25px;font-style:normal;font-weight:600;text-transform:capitalize\">Schlussworte<\/h2>\n\n\n\n<p style=\"padding-right:var(--wp--preset--spacing--50);padding-left:var(--wp--preset--spacing--50)\">F\u00fcr Ihr n\u00e4chstes Projekt zur Installation von Einbauleuchten in einer Gipsdecke w\u00e4hlen Sie entweder den Einbaustreifen f\u00fcr LED 2m oder den Einbaustreifen f\u00fcr LED 3m. Genie\u00dfen Sie ein glattes, b\u00fcndiges Finish, das h\u00e4lt und ein fantastisches weiches Licht liefert. Randlose Einbausaluminiumprofile sind sowohl f\u00fcr Profis als auch f\u00fcr Hausgestalter gemacht. Sie werden Ihren Raum modern, hell und wundersch\u00f6n machen.<\/p>\n<\/div><\/div>\n\n\n\n<p><\/p>","protected":false},"featured_media":13779,"template":"","meta":{"_acf_changed":true,"_seopress_robots_primary_cat":"none","_seopress_titles_title":"Plaster-in LED Profile 2m & 3m | Recessed Gypsum Ceiling Channel DWP15","_seopress_titles_desc":"The DWP15 is a professional plaster-in led profile available in 2m and 3m lengths. Designed for recessed gypsum ceiling installation, this trimless channel ensures a seamless linear light finish for large-scale projects.","_seopress_robots_index":""},"pcb-width":[229],"product-cat":[197],"class_list":{"0":"post-42651","1":"product","2":"type-product","3":"status-publish","4":"has-post-thumbnail","6":"pcb-width-15-20mm","7":"product-cat-plaster-in-profile"},"acf":[],"_links":{"self":[{"href":"https:\/\/tangooled.com\/de\/wp-json\/wp\/v2\/product\/42651","targetHints":{"allow":["GET"]}}],"collection":[{"href":"https:\/\/tangooled.com\/de\/wp-json\/wp\/v2\/product"}],"about":[{"href":"https:\/\/tangooled.com\/de\/wp-json\/wp\/v2\/types\/product"}],"wp:featuredmedia":[{"embeddable":true,"href":"https:\/\/tangooled.com\/de\/wp-json\/wp\/v2\/media\/13779"}],"wp:attachment":[{"href":"https:\/\/tangooled.com\/de\/wp-json\/wp\/v2\/media?parent=42651"}],"wp:term":[{"taxonomy":"pcb-width","embeddable":true,"href":"https:\/\/tangooled.com\/de\/wp-json\/wp\/v2\/pcb-width?post=42651"},{"taxonomy":"product-cat","embeddable":true,"href":"https:\/\/tangooled.com\/de\/wp-json\/wp\/v2\/product-cat?post=42651"}],"curies":[{"name":"wp","href":"https:\/\/api.w.org\/{rel}","templated":true}]}}