{"id":42649,"date":"2025-12-23T05:56:05","date_gmt":"2025-12-23T13:56:05","guid":{"rendered":"https:\/\/tangooled.com\/?post_type=product&#038;p=42649"},"modified":"2026-01-27T21:04:35","modified_gmt":"2026-01-28T05:04:35","slug":"inner-25mm-width-led-drywall-corner-profile-for-down-direction-lighting","status":"publish","type":"product","link":"https:\/\/tangooled.com\/de\/product\/inner-25mm-width-led-drywall-corner-profile-for-down-direction-lighting\/","title":{"rendered":"innerer 25mm breiter LED-Gipskarton-Eckprofil f\u00fcr nach unten gerichtete Beleuchtung"},"content":{"rendered":"<div class=\"wp-block-group is-vertical is-layout-flex wp-container-core-group-is-layout-d255d7c4 wp-block-group-is-layout-flex\" style=\"padding-top:var(--wp--preset--spacing--80);padding-bottom:var(--wp--preset--spacing--80)\">\n<p>Our 25mm inner width LED drywall profile is a smart and stylish solution for recessed corner lighting. It fits well in the corners of drywall or gypsum and makes wonderful light lines. It&#8217;s good for professionals and DIYers. The trimless corner lighting effect from this drywall corner light channel goes well with your walls. Instead of huge frames or trimmings, you&#8217;ll see beautiful light coming from a large, strong aluminum\u00a0housing with no dots. The profile&#8217;s shape\u00a0makes it reflect light down and away from the corner. This makes directional downlighting that works well for wall grazing, accent lighting, or gentle ambient lighting in living rooms, hotels, businesses, or stores.<\/p>\n<\/div>\n\n\n\n<div class=\"wp-block-group has-background is-vertical is-layout-flex wp-container-core-group-is-layout-d255d7c4 wp-block-group-is-layout-flex\" style=\"background-color:#f1f1f1;padding-top:var(--wp--preset--spacing--80);padding-bottom:var(--wp--preset--spacing--80)\">\n<div class=\"wp-block-group is-vertical is-layout-flex wp-container-core-group-is-layout-8cf370e7 wp-block-group-is-layout-flex\">\n<h2 class=\"wp-block-heading\" style=\"padding-top:var(--wp--preset--spacing--40);padding-bottom:var(--wp--preset--spacing--40);font-size:25px;font-style:normal;font-weight:600;text-transform:capitalize\">Warum unser inneres 25mm breites LED-Gipskartonprofil w\u00e4hlen?<\/h2>\n\n\n\n<ul class=\"wp-block-list\">\n<li>Kein Trim, verputzbares Design: Stecken Sie es in die Ecken des Gipskartons mit einem Rahmen, der verborgen ist, f\u00fcr ein glattes, sauberes Finish.<\/li>\n\n\n\n<li>Inner\u00a025mm wide\u00a0channel: This lets you use high-output LED tape to make the light brighter because it fits wide LED strips.<\/li>\n\n\n\n<li>Lichtrichtung nach unten: Abgewinkeltes Licht w\u00e4scht die W\u00e4nde perfekt und strahlt ein sch\u00f6nes Licht aus, ohne zu grell zu sein.<\/li>\n\n\n\n<li>robustes Material: Das eloxierte 6063-T5 Aluminium ist stabil und h\u00e4lt lange, w\u00e4hrend es gleichzeitig W\u00e4rme gut ableitet.<\/li>\n\n\n\n<li>Gleichm\u00e4\u00dfige Lichtabgabe: Der opalene Diffusor sorgt daf\u00fcr, dass das Licht gleichm\u00e4\u00dfig verteilt wird, sodass keine dunklen Stellen entstehen.<\/li>\n<\/ul>\n<\/div>\n<\/div>\n\n\n\n<div class=\"wp-block-group is-vertical is-layout-flex wp-container-core-group-is-layout-d255d7c4 wp-block-group-is-layout-flex\" style=\"padding-top:var(--wp--preset--spacing--80);padding-bottom:var(--wp--preset--spacing--80)\">\n<hr class=\"wp-block-separator has-alpha-channel-opacity\"\/>\n\n\n\n<div class=\"wp-block-media-text has-media-on-the-right is-stacked-on-mobile\" style=\"grid-template-columns:auto 40%\"><div class=\"wp-block-media-text__content\">\n<h2 class=\"wp-block-heading\" style=\"padding-top:var(--wp--preset--spacing--40);padding-bottom:var(--wp--preset--spacing--40);font-size:25px;font-style:normal;font-weight:600;text-transform:capitalize\">Einfach einzurichten und zu verwenden<\/h2>\n\n\n\n<ul class=\"wp-block-list\">\n<li>Fits standard drywall thickness, so it&#8217;s easy to put up on walls and ceilings.\u00a0<\/li>\n\n\n\n<li>Verf\u00fcgt \u00fcber Verl\u00e4ngerungen mit L\u00f6chern, die es erm\u00f6glichen, dar\u00fcber zu verputzen und eine glatte Oberfl\u00e4che zu erzielen.<\/li>\n\n\n\n<li>Der einklappbare opalene Diffusor mildert und gleicht das Licht aus und verbirgt die LED-Punkte.\u00a0<\/li>\n\n\n\n<li>Sie k\u00f6nnen es vor Ort mit einer Gehrungss\u00e4ge auf die gew\u00fcnschte Gr\u00f6\u00dfe zuschneiden.<\/li>\n\n\n\n<li>Es funktioniert mit vielen LED-Bandlichtern, wie RGB, hohem CRI und dimmbaren Streifen.<\/li>\n<\/ul>\n<\/div><figure class=\"wp-block-media-text__media\"><img loading=\"lazy\" decoding=\"async\" width=\"500\" height=\"500\" src=\"https:\/\/tangooled.com\/wp-content\/uploads\/2025\/12\/dwp14-ins.webp\" alt=\"innerer 25mm breiter LED-Gipskarton-Eckprofil f\u00fcr nach unten gerichtete Beleuchtung\" class=\"wp-image-42904 size-full\" srcset=\"https:\/\/tangooled.com\/wp-content\/uploads\/2025\/12\/dwp14-ins.webp 500w, https:\/\/tangooled.com\/wp-content\/uploads\/2025\/12\/dwp14-ins-300x300.webp 300w, https:\/\/tangooled.com\/wp-content\/uploads\/2025\/12\/dwp14-ins-150x150.webp 150w\" sizes=\"auto, (max-width: 500px) 100vw, 500px\" \/><\/figure><\/div>\n<\/div>\n\n\n\n<div class=\"wp-block-group has-background\" style=\"background-color:#f1f1f1f2;padding-top:var(--wp--preset--spacing--80);padding-bottom:var(--wp--preset--spacing--80)\"><div class=\"wp-block-group__inner-container is-layout-constrained wp-block-group-is-layout-constrained\">\n<h2 class=\"wp-block-heading\" style=\"padding-top:var(--wp--preset--spacing--40);padding-bottom:var(--wp--preset--spacing--40);font-size:25px;font-style:normal;font-weight:600\">Wo k\u00f6nnen Sie dieses Profil verwenden?<\/h2>\n\n\n\n<ul class=\"wp-block-list\">\n<li>Wand-zu-Decke-Koven: Lichtlinien, die entlang der W\u00e4nde und Decken schweben, lassen die Decken h\u00f6her erscheinen.<\/li>\n\n\n\n<li>Vertikale Ecken: Beleuchtung, die vom Boden bis zur Decke in vertikalen Ecken reicht, macht den Raum sch\u00f6ner und interessanter.<\/li>\n\n\n\n<li>stairwells and hallways: Safe light that doesn&#8217;t produce glare for lengthy hallways and staircases.<\/li>\n\n\n\n<li>Einzelhandel und Gastgewerbe: Verwenden Sie sanfte Lichtakzente, um Aufmerksamkeit auf Auslagen und architektonische Details zu lenken.\u00a0<\/li>\n<\/ul>\n<\/div><\/div>\n\n\n\n<div class=\"wp-block-group is-vertical is-layout-flex wp-container-core-group-is-layout-d255d7c4 wp-block-group-is-layout-flex\" style=\"padding-top:var(--wp--preset--spacing--80);padding-bottom:var(--wp--preset--spacing--80)\">\n<h2 class=\"wp-block-heading\" style=\"padding-top:var(--wp--preset--spacing--40);padding-bottom:var(--wp--preset--spacing--40);font-size:25px;font-style:normal;font-weight:600;text-transform:capitalize\">Weitere Profile erkunden<\/h2>\n\n\n\n<ul class=\"wp-block-list\">\n<li>Schauen Sie sich unser an<mark style=\"background-color:rgba(0, 0, 0, 0)\" class=\"has-inline-color has-vivid-red-color\"> <a href=\"https:\/\/tangooled.com\/de\/product\/25x14m-surface-mounted-led-light-aluminum-profile\/\">25x14mm Oberfl\u00e4chen-mounted LED-Licht Aluminium-Profil<\/a><\/mark> f\u00fcr Oberfl\u00e4cheninstallationen.<\/li>\n\n\n\n<li>Brauchen Sie eine kleinere Gr\u00f6\u00dfe? Sehen Sie sich das <a href=\"https:\/\/tangooled.com\/de\/product\/18x9mm-led-tape-light-profile-for-surface-installation\/\"><mark style=\"background-color:rgba(0, 0, 0, 0)\" class=\"has-inline-color has-vivid-red-color\">18x9mm LED-Bandlichtprofil<\/mark><\/a> f\u00fcr kompakte Installationen an.<\/li>\n\n\n\n<li>F\u00fcr geneigte Beleuchtungsbed\u00fcrfnisse versuchen Sie unser <a href=\"https:\/\/tangooled.com\/de\/product\/aluminum-profile-with-60-degree-lens-led-diffuser\/\"><mark style=\"background-color:rgba(0, 0, 0, 0)\" class=\"has-inline-color has-vivid-red-color\">Aluminiumprofil mit 60-Grad-Linse LED-Diffusor<\/mark><\/a>.<\/li>\n<\/ul>\n<\/div>\n\n\n\n<div class=\"wp-block-group has-background\" style=\"background-color:#f1f1f1;padding-top:var(--wp--preset--spacing--80);padding-bottom:var(--wp--preset--spacing--80)\"><div class=\"wp-block-group__inner-container is-layout-constrained wp-block-group-is-layout-constrained\">\n<h2 class=\"wp-block-heading\" style=\"padding-top:var(--wp--preset--spacing--40);padding-bottom:var(--wp--preset--spacing--40);font-size:25px;font-style:normal;font-weight:600;text-transform:capitalize\">Zusammenfassung<\/h2>\n\n\n\n<p style=\"padding-right:var(--wp--preset--spacing--50);padding-left:var(--wp--preset--spacing--50)\">Unser inneres 25mm breites LED-Gipskarton-Eckprofil f\u00fcr nach unten gerichtete Beleuchtung ver\u00e4ndert, wie sich Ihr Raum anf\u00fchlt. Es l\u00e4sst alles von der architektonischen Beleuchtung zu Hause bis zu Einzelhandels- und Gastgewerbeinstallationen sauber und hell aussehen. Dies ist eine gro\u00dfartige Wahl f\u00fcr jede nahtlose Gipskartonbeleuchtungsinstallation, da es einfach zu montieren ist und lange h\u00e4lt.<\/p>\n<\/div><\/div>\n\n\n\n<p><\/p>","protected":false},"featured_media":13772,"template":"","meta":{"_acf_changed":true,"_seopress_robots_primary_cat":"none","_seopress_titles_title":"25mm Wide Drywall LED Profile | Downlight Corner Channel DWP14 | TANGOOLED","_seopress_titles_desc":"The DWP14 is a high-output 25mm inner width led drywall profile for down-direction corner lighting. Achieve a trimless, powerful linear glow at wall junctions with this wide aluminum channel.","_seopress_robots_index":""},"pcb-width":[230],"product-cat":[197],"class_list":{"0":"post-42649","1":"product","2":"type-product","3":"status-publish","4":"has-post-thumbnail","6":"pcb-width-20-25mm","7":"product-cat-plaster-in-profile"},"acf":[],"_links":{"self":[{"href":"https:\/\/tangooled.com\/de\/wp-json\/wp\/v2\/product\/42649","targetHints":{"allow":["GET"]}}],"collection":[{"href":"https:\/\/tangooled.com\/de\/wp-json\/wp\/v2\/product"}],"about":[{"href":"https:\/\/tangooled.com\/de\/wp-json\/wp\/v2\/types\/product"}],"wp:featuredmedia":[{"embeddable":true,"href":"https:\/\/tangooled.com\/de\/wp-json\/wp\/v2\/media\/13772"}],"wp:attachment":[{"href":"https:\/\/tangooled.com\/de\/wp-json\/wp\/v2\/media?parent=42649"}],"wp:term":[{"taxonomy":"pcb-width","embeddable":true,"href":"https:\/\/tangooled.com\/de\/wp-json\/wp\/v2\/pcb-width?post=42649"},{"taxonomy":"product-cat","embeddable":true,"href":"https:\/\/tangooled.com\/de\/wp-json\/wp\/v2\/product-cat?post=42649"}],"curies":[{"name":"wp","href":"https:\/\/api.w.org\/{rel}","templated":true}]}}