{"id":42647,"date":"2025-12-23T05:53:30","date_gmt":"2025-12-23T13:53:30","guid":{"rendered":"https:\/\/tangooled.com\/?post_type=product&#038;p=42647"},"modified":"2026-01-27T20:57:00","modified_gmt":"2026-01-28T04:57:00","slug":"inner-20mm-width-led-plaster-in-channel-profile","status":"publish","type":"product","link":"https:\/\/tangooled.com\/de\/product\/inner-20mm-width-led-plaster-in-channel-profile\/","title":{"rendered":"innere Breite von 20 mm LED Putzprofil"},"content":{"rendered":"<div class=\"wp-block-group is-vertical is-layout-flex wp-container-core-group-is-layout-d255d7c4 wp-block-group-is-layout-flex\" style=\"padding-top:var(--wp--preset--spacing--80);padding-bottom:var(--wp--preset--spacing--80)\">\n<p>Das 20 mm breite LED Putzprofil sorgt f\u00fcr sanftes, klares Licht. Dieses Produkt ist perfekt f\u00fcr ein modernes Aussehen, da es nahtlos in Trockenbau oder Gipskarton passt und ein sauberes, fugenloses Finish hinterl\u00e4sst. Dieses&nbsp;DWP13-Profil&nbsp;ist 23,1 mm hoch und 64,2 mm breit an den Flanschen. Das Innenteil hat eine Breite von 20 mm und kann&nbsp;typische LED-Streifen, die 9,8 mm tief sind, halten. Es funktioniert mit vielen verschiedenen LED-Streifen und gibt viel Licht ab, was es ideal f\u00fcr Wohnungen, B\u00fcros und Einzelh\u00e4ndler macht. Das Licht, das es abgibt, ist weich, aber stark, und es passt gut zur Architektur.<\/p>\n<\/div>\n\n\n\n<div class=\"wp-block-group has-background is-vertical is-layout-flex wp-container-core-group-is-layout-d255d7c4 wp-block-group-is-layout-flex\" style=\"background-color:#f1f1f1;padding-top:var(--wp--preset--spacing--80);padding-bottom:var(--wp--preset--spacing--80)\">\n<div class=\"wp-block-group is-vertical is-layout-flex wp-container-core-group-is-layout-8cf370e7 wp-block-group-is-layout-flex\">\n<h2 class=\"wp-block-heading\" style=\"padding-top:var(--wp--preset--spacing--40);padding-bottom:var(--wp--preset--spacing--40);font-size:25px;font-style:normal;font-weight:600;text-transform:capitalize\">Warum dieses LED Putzprofil w\u00e4hlen?<\/h2>\n\n\n\n<ul class=\"wp-block-list\">\n<li>Fugenlos und fl\u00e4chenb\u00fcndig: Der Kanal verl\u00e4uft unter dem Putz und sorgt f\u00fcr eine saubere, glatte Lichtlinie.<\/li>\n\n\n\n<li>20 mm innere Breite: F\u00fcr gro\u00dfe LED-Streifen, die brilliant, gleichm\u00e4\u00dfiges Licht abgeben.<\/li>\n\n\n\n<li>Geh\u00e4use aus langlebigem Aluminium: sch\u00fctzt die LEDs und l\u00e4sst W\u00e4rme leicht ab.<\/li>\n\n\n\n<li>Dotless light diffusion: The soft opal cover\u00a0gets rid of glare and hot spots.<\/li>\n\n\n\n<li>Einfach zu montieren: An Trockenbau-St\u00e4ndern anbringen, mit Putz versehen und dann in der gew\u00fcnschten Farbe streichen.<\/li>\n<\/ul>\n<\/div>\n<\/div>\n\n\n\n<div class=\"wp-block-group is-vertical is-layout-flex wp-container-core-group-is-layout-d255d7c4 wp-block-group-is-layout-flex\" style=\"padding-top:var(--wp--preset--spacing--80);padding-bottom:var(--wp--preset--spacing--80)\">\n<hr class=\"wp-block-separator has-alpha-channel-opacity\"\/>\n\n\n\n<div class=\"wp-block-media-text has-media-on-the-right is-stacked-on-mobile\" style=\"grid-template-columns:auto 40%\"><div class=\"wp-block-media-text__content\">\n<h2 class=\"wp-block-heading\" style=\"padding-top:var(--wp--preset--spacing--40);padding-bottom:var(--wp--preset--spacing--40);font-size:25px;font-style:normal;font-weight:600;text-transform:capitalize\">So richten Sie es ein<\/h2>\n\n\n\n<ul class=\"wp-block-list\">\n<li>Place the aluminum\u00a0profile in the drywall or plasterboard.<\/li>\n\n\n\n<li>Putz auf die Flansche auftragen, die L\u00f6cher haben.<\/li>\n\n\n\n<li>Verwenden Sie Schleifpapier, um es zu gl\u00e4tten, und streichen Sie es in der gleichen Farbe wie die Wand.<\/li>\n\n\n\n<li>Sie k\u00f6nnen LED-Bandlichter bis zu 20 mm Breite verwenden.<\/li>\n\n\n\n<li>Den Diffusor anbringen, um das Licht weicher zu machen.<\/li>\n\n\n\n<li>Abschlie\u00dfen mit den Endkappen.<\/li>\n<\/ul>\n<\/div><figure class=\"wp-block-media-text__media\"><img loading=\"lazy\" decoding=\"async\" width=\"500\" height=\"500\" src=\"https:\/\/tangooled.com\/wp-content\/uploads\/2025\/12\/dwp13-ins.webp\" alt=\"innere Breite von 20 mm LED Putzprofil\" class=\"wp-image-42876 size-full\" srcset=\"https:\/\/tangooled.com\/wp-content\/uploads\/2025\/12\/dwp13-ins.webp 500w, https:\/\/tangooled.com\/wp-content\/uploads\/2025\/12\/dwp13-ins-300x300.webp 300w, https:\/\/tangooled.com\/wp-content\/uploads\/2025\/12\/dwp13-ins-150x150.webp 150w\" sizes=\"auto, (max-width: 500px) 100vw, 500px\" \/><\/figure><\/div>\n<\/div>\n\n\n\n<div class=\"wp-block-group has-background is-vertical is-layout-flex wp-container-core-group-is-layout-b429018a wp-block-group-is-layout-flex\" style=\"background-color:#f1f1f1f2;padding-top:var(--wp--preset--spacing--70);padding-bottom:var(--wp--preset--spacing--70)\">\n<h2 class=\"wp-block-heading\" style=\"padding-top:var(--wp--preset--spacing--40);padding-bottom:var(--wp--preset--spacing--40);font-size:25px;font-style:normal;font-weight:600\">Wie Sie es nutzen k\u00f6nnen<\/h2>\n\n\n\n<p>Unser LED Putzprofil mit 20 mm innerer Breite kann viele Beleuchtungsbed\u00fcrfnisse erf\u00fcllen:<\/p>\n\n\n\n<ul class=\"wp-block-list\">\n<li>Beleuchtung f\u00fcr das Zuhause: K\u00fcchen (unter Schr\u00e4nken und hinter Mosaiken), Schlafzimmer, Flure und Wohnzimmer.<\/li>\n\n\n\n<li>Beleuchtung f\u00fcr Unternehmen, wie Einzelhandel, B\u00fcros, Hotel-Lobbys und Restaurants.<\/li>\n\n\n\n<li>Details der Architektur, einschlie\u00dflich Lichtnischen, Wandanwendungen oder Linien, die auf B\u00f6den und Decken herausragen.<\/li>\n\n\n\n<li>Arbeitsbeleuchtung: Lichter f\u00fcr Schreibtische, K\u00fcchenarbeitsplatten und Arbeitsbereiche.<\/li>\n\n\n\n<li>Individuelle Montagen: Machen Sie gerade, scharfe Lichtlinien, die perfekt in Putz- oder Trockenbauw\u00e4nde passen.<\/li>\n<\/ul>\n<\/div>\n\n\n\n<div class=\"wp-block-group is-vertical is-layout-flex wp-container-core-group-is-layout-d255d7c4 wp-block-group-is-layout-flex\" style=\"padding-top:var(--wp--preset--spacing--80);padding-bottom:var(--wp--preset--spacing--80)\">\n<h2 class=\"wp-block-heading\" style=\"padding-top:var(--wp--preset--spacing--40);padding-bottom:var(--wp--preset--spacing--40);font-size:25px;font-style:normal;font-weight:600;text-transform:capitalize\">\u00c4hnliche Produkte, die Ihnen gefallen k\u00f6nnten:<\/h2>\n\n\n\n<ul class=\"wp-block-list\">\n<li><a href=\"https:\/\/tangooled.com\/de\/product\/black-led-profile-with-black-diffuser-for-10mm-led-strip-light\/\"><mark style=\"background-color:rgba(0, 0, 0, 0)\" class=\"has-inline-color has-vivid-red-color\">Schwarzes LED-Profil mit schwarzem Diffusor f\u00fcr 10mm LED-Streifen<\/mark><\/a> \u2014 For slim, black finish lighting.<\/li>\n\n\n\n<li><mark style=\"background-color:rgba(0, 0, 0, 0)\" class=\"has-inline-color has-vivid-red-color\"><a href=\"https:\/\/tangooled.com\/de\/product\/surface-mount-led-profile-with-frosted-diffuser-for-10mm-rope-lights\/\">Oberfl\u00e4chenmontage-LED-Profil mit mattem Diffusor f\u00fcr 10mm Seillichter<\/a> <\/mark>\u2014 Easy surface mount option.<\/li>\n\n\n\n<li><a href=\"https:\/\/tangooled.com\/de\/product\/led-strip-light-channel-aluminum-profile-with-diffused-cover-6mm-height\/\"><mark style=\"background-color:rgba(0, 0, 0, 0)\" class=\"has-inline-color has-vivid-red-color\">LED-Streifenlicht-Kanal-Aluminiumprofil mit diffuser Abdeckung 6mm H\u00f6he<\/mark><\/a> \u2014 Low profile LED channel.<\/li>\n\n\n\n<li><a href=\"https:\/\/tangooled.com\/de\/product\/trimless-drywall-led-channel-for-15mm-led-strip-lights\/\"><mark style=\"background-color:rgba(0, 0, 0, 0)\" class=\"has-inline-color has-vivid-red-color\">Fugenloses Trockenbau-LED-Profil f\u00fcr 15 mm LED-Streifen<\/mark><\/a> \u2014 Wider channel for bigger LED tapes.<\/li>\n\n\n\n<li><a href=\"https:\/\/tangooled.com\/de\/product\/inner-20mm-width-led-plaster-in-channel-profile\/\"><mark style=\"background-color:rgba(0, 0, 0, 0)\" class=\"has-inline-color has-vivid-red-color\">Innere 20mm Breite LED Putzprofil<\/mark><\/a> \u2014 Exact match for this product&#8217;s specs.<\/li>\n<\/ul>\n<\/div>\n\n\n\n<div class=\"wp-block-group has-background\" style=\"background-color:#f1f1f1;padding-top:var(--wp--preset--spacing--80);padding-bottom:var(--wp--preset--spacing--80)\"><div class=\"wp-block-group__inner-container is-layout-constrained wp-block-group-is-layout-constrained\">\n<h2 class=\"wp-block-heading\" style=\"padding-top:var(--wp--preset--spacing--40);padding-bottom:var(--wp--preset--spacing--40);font-size:25px;font-style:normal;font-weight:600;text-transform:capitalize\">Zusammenfassung<\/h2>\n\n\n\n<p style=\"padding-right:var(--wp--preset--spacing--50);padding-left:var(--wp--preset--spacing--50)\">Our 20mm inner width led plaster in profile is an ideal option for clean, trimless linear LED illumination. It works with wide\u00a0LED strips, puts off smooth, dotless light, and fits right in with drywall or plasterboard. It has a robust anodized body that makes it last longer and keeps heat under control. Today, you can get professional-grade lighting that fits exactly and looks beautiful in homes, businesses, and stores.<\/p>\n<\/div><\/div>\n\n\n\n<p><\/p>","protected":false},"featured_media":13767,"template":"","meta":{"_acf_changed":true,"_seopress_robots_primary_cat":"none","_seopress_titles_title":"20mm Inner Width LED Plaster-in Profile DWP13 | TANGOOLED","_seopress_titles_desc":"The DWP13 is a 20mm inner width led plaster in profile designed for high-output lighting. Accommodates double-row or wide LED strips for a seamless, trimless finish in drywalls.","_seopress_robots_index":""},"pcb-width":[229],"product-cat":[197],"class_list":{"0":"post-42647","1":"product","2":"type-product","3":"status-publish","4":"has-post-thumbnail","6":"pcb-width-15-20mm","7":"product-cat-plaster-in-profile"},"acf":[],"_links":{"self":[{"href":"https:\/\/tangooled.com\/de\/wp-json\/wp\/v2\/product\/42647","targetHints":{"allow":["GET"]}}],"collection":[{"href":"https:\/\/tangooled.com\/de\/wp-json\/wp\/v2\/product"}],"about":[{"href":"https:\/\/tangooled.com\/de\/wp-json\/wp\/v2\/types\/product"}],"wp:featuredmedia":[{"embeddable":true,"href":"https:\/\/tangooled.com\/de\/wp-json\/wp\/v2\/media\/13767"}],"wp:attachment":[{"href":"https:\/\/tangooled.com\/de\/wp-json\/wp\/v2\/media?parent=42647"}],"wp:term":[{"taxonomy":"pcb-width","embeddable":true,"href":"https:\/\/tangooled.com\/de\/wp-json\/wp\/v2\/pcb-width?post=42647"},{"taxonomy":"product-cat","embeddable":true,"href":"https:\/\/tangooled.com\/de\/wp-json\/wp\/v2\/product-cat?post=42647"}],"curies":[{"name":"wp","href":"https:\/\/api.w.org\/{rel}","templated":true}]}}