{"id":42644,"date":"2025-12-23T05:49:56","date_gmt":"2025-12-23T13:49:56","guid":{"rendered":"https:\/\/tangooled.com\/?post_type=product&#038;p=42644"},"modified":"2026-01-27T20:48:59","modified_gmt":"2026-01-28T04:48:59","slug":"flush-mount-22mm-groove-use-aluminum-drywall-led-channel","status":"publish","type":"product","link":"https:\/\/tangooled.com\/de\/product\/flush-mount-22mm-groove-use-aluminum-drywall-led-channel\/","title":{"rendered":"Einbau 22mm Nut aus Aluminium f\u00fcr Trockenbau LED-Kanal"},"content":{"rendered":"<div class=\"wp-block-group is-vertical is-layout-flex wp-container-core-group-is-layout-d255d7c4 wp-block-group-is-layout-flex\" style=\"padding-top:var(--wp--preset--spacing--80);padding-bottom:var(--wp--preset--spacing--80)\">\n<p>Our 22mm groove drywall LED channel flush mount will add style and light to your room. The aluminum LED channel fits well into drywall grooves, making it seem clean and trimless. The flange is 64.4 mm wide, the inner channel is 20 mm deep, and the overall height is 23.3 mm. The interior cavity is 20mm wide and 20mm deep, which is just right for housing standard LED strips. Once it&#8217;s in place, the profile is completely covered in the drywall, and only the diffused light source can be seen. You can use it to make a modern, streamlined architectural light that fits within walls or ceilings. The light will cascade over the surface below, making any modern space look more elegant.<\/p>\n<\/div>\n\n\n\n<div class=\"wp-block-group has-background\" style=\"background-color:#f1f1f1;padding-top:var(--wp--preset--spacing--80);padding-bottom:var(--wp--preset--spacing--80)\"><div class=\"wp-block-group__inner-container is-layout-constrained wp-block-group-is-layout-constrained\">\n<div class=\"wp-block-group is-vertical is-layout-flex wp-container-core-group-is-layout-8cf370e7 wp-block-group-is-layout-flex\">\n<h2 class=\"wp-block-heading\" style=\"padding-top:var(--wp--preset--spacing--40);padding-bottom:var(--wp--preset--spacing--40);font-size:25px;font-style:normal;font-weight:600;text-transform:capitalize\">Warum sollten Sie unseren 22mm Nut Trockenbau LED-Kanal w\u00e4hlen?<\/h2>\n\n\n\n<ul class=\"wp-block-list\">\n<li>Einfache Installation: Die Flansche mit L\u00f6chern erm\u00f6glichen es Ihnen, sofort \u00fcber den Kanal zu verputzen. F\u00fcr eine Einbauinstallation wird er eins mit Ihrer Trockenbauwand, sodass kein Rahmen erforderlich ist.<\/li>\n\n\n\n<li>Cool Aluminum Body: Our profile is made of anodized aluminum, which helps keep LEDs\u00a0cool. This keeps your LED strips safe, which makes them last longer and shine brighter.<\/li>\n\n\n\n<li>Punktloser Lichteffekt: Verwenden Sie den gefrosteten Diffusor, um LED-Punkte zu verhindern. Erhalten Sie Licht, das durchgehend sanft und gleichm\u00e4\u00dfig ist.<\/li>\n\n\n\n<li>Compatible with regular LED strips: It can hold strips that are up to 20mm wide\u00a0in its 22mm groove.<\/li>\n\n\n\n<li>Einfach zu schneiden und zu installieren: Schneiden Sie das Profil einfach auf die Ma\u00dfe Ihres Projekts und verwenden Sie Schrauben, um es b\u00fcndig mit den Nuten in der Trockenbauwand zu verbinden.<\/li>\n\n\n\n<li>Kommt mit Endkappen: Die Endkappen, die mitgeliefert werden, sch\u00fctzen die Enden. Eine davon hat ein Loch, durch das Kabel gef\u00fchrt werden k\u00f6nnen, um es sauber zu halten.<\/li>\n<\/ul>\n<\/div>\n<\/div><\/div>\n\n\n\n<div class=\"wp-block-group is-vertical is-layout-flex wp-container-core-group-is-layout-d255d7c4 wp-block-group-is-layout-flex\" style=\"padding-top:var(--wp--preset--spacing--80);padding-bottom:var(--wp--preset--spacing--80)\">\n<hr class=\"wp-block-separator has-alpha-channel-opacity\"\/>\n\n\n\n<div class=\"wp-block-media-text has-media-on-the-right is-stacked-on-mobile\" style=\"grid-template-columns:auto 40%\"><div class=\"wp-block-media-text__content\">\n<h2 class=\"wp-block-heading\" style=\"padding-top:var(--wp--preset--spacing--40);padding-bottom:var(--wp--preset--spacing--40);font-size:25px;font-style:normal;font-weight:600;text-transform:capitalize\">So installieren Sie den Einbau 22mm Nut Trockenbau LED-Kanal<\/h2>\n\n\n\n<ul class=\"wp-block-list\">\n<li>Nut schneiden: Machen Sie eine 23mm breite Nut in Ihrer Trockenbauwand.<\/li>\n\n\n\n<li>Kanal befestigen: Verwenden Sie Schrauben, um den Aluminiumkanal so anzubringen, dass er mit der Nut eben ist.<\/li>\n\n\n\n<li>Flansche verputzen: Verwenden Sie Spachtelmasse oder Putz, um die Flansche, die L\u00f6cher haben, abzudecken. Lassen Sie es trocknen und schleifen Sie es dann glatt.<\/li>\n\n\n\n<li>LED-Streifen einlegen: Legen Sie Ihr LED-Streifenklebeband in den Kanal ein.<\/li>\n\n\n\n<li>Aufsnap-Diffusor: Verwenden Sie den gefrosteten Diffusor, um das Licht abzudecken und gleichm\u00e4\u00dfig zu machen.<\/li>\n<\/ul>\n<\/div><figure class=\"wp-block-media-text__media\"><img loading=\"lazy\" decoding=\"async\" width=\"500\" height=\"500\" src=\"https:\/\/tangooled.com\/wp-content\/uploads\/2025\/12\/dwp12-ins.webp\" alt=\"Einbau 22mm Nut aus Aluminium f\u00fcr Trockenbau LED-Kanal\" class=\"wp-image-42873 size-full\" srcset=\"https:\/\/tangooled.com\/wp-content\/uploads\/2025\/12\/dwp12-ins.webp 500w, https:\/\/tangooled.com\/wp-content\/uploads\/2025\/12\/dwp12-ins-300x300.webp 300w, https:\/\/tangooled.com\/wp-content\/uploads\/2025\/12\/dwp12-ins-150x150.webp 150w\" sizes=\"auto, (max-width: 500px) 100vw, 500px\" \/><\/figure><\/div>\n<\/div>\n\n\n\n<div class=\"wp-block-group has-background\" style=\"background-color:#f1f1f1f2;padding-top:var(--wp--preset--spacing--80);padding-bottom:var(--wp--preset--spacing--80)\"><div class=\"wp-block-group__inner-container is-layout-constrained wp-block-group-is-layout-constrained\">\n<h2 class=\"wp-block-heading\" style=\"padding-top:var(--wp--preset--spacing--40);padding-bottom:var(--wp--preset--spacing--40);font-size:25px;font-style:normal;font-weight:600\">Anwendungsf\u00e4lle f\u00fcr unseren 22mm Nut Trockenbau LED-Kanal<\/h2>\n\n\n\n<ul class=\"wp-block-list\">\n<li>Architektonische Beleuchtung: Ideal f\u00fcr W\u00e4nde und Decken mit klaren, modernen Linien.<\/li>\n\n\n\n<li>Nischen- und Deckenbeleuchtung: Licht in Decken- oder Wandnischen anbringen, um sanftes, indirektes Licht zu erhalten.<\/li>\n\n\n\n<li>Einzelhandels- und Gesch\u00e4ftsr\u00e4ume: Showrooms und B\u00fcros sehen mit schlanker, hochwertiger Beleuchtung besser aus.<\/li>\n\n\n\n<li>Akzentw\u00e4nde: Verwenden Sie punktloses Licht, um Aufmerksamkeit auf Kunstwerke, Nischen oder Designelemente zu lenken. Dieser Kanal liefert gleichm\u00e4\u00dfigen Lichtaussto\u00df und ein elegantes, minimalistisches Design f\u00fcr jedes Projekt.<\/li>\n<\/ul>\n<\/div><\/div>\n\n\n\n<div class=\"wp-block-group is-vertical is-layout-flex wp-container-core-group-is-layout-d255d7c4 wp-block-group-is-layout-flex\" style=\"padding-top:var(--wp--preset--spacing--80);padding-bottom:var(--wp--preset--spacing--80)\">\n<h2 class=\"wp-block-heading\" style=\"padding-top:var(--wp--preset--spacing--40);padding-bottom:var(--wp--preset--spacing--40);font-size:25px;font-style:normal;font-weight:600;text-transform:capitalize\">Verwandte Tangooled Produkte f\u00fcr Ihr Projekt<\/h2>\n\n\n\n<ul class=\"wp-block-list\">\n<li>Entdecken Sie das <a href=\"https:\/\/tangooled.com\/de\/product\/black-led-diffuser-aluminum-channel-for-12mm-tape-lights\/\"><mark style=\"background-color:rgba(0, 0, 0, 0)\" class=\"has-inline-color has-vivid-red-color\">schwarzes LED-Diffusor-Aluminiumprofil f\u00fcr 12mm LED-B\u00e4nder<\/mark><\/a> \u2013 perfect for matching black tape strips.<\/li>\n\n\n\n<li>Testen Sie das <a href=\"https:\/\/tangooled.com\/de\/product\/surface-mount-led-profile-with-frosted-diffuser-for-10mm-rope-lights\/\"><mark style=\"background-color:rgba(0, 0, 0, 0)\" class=\"has-inline-color has-vivid-red-color\">Oberfl\u00e4chenmontage LED-Profil mit satiniertem Diffusor f\u00fcr 10mm Seilschn\u00fcre <\/mark><\/a>f\u00fcr einfache Montage auf der Oberfl\u00e4che.<\/li>\n\n\n\n<li>Schauen Sie sich das an <a href=\"https:\/\/tangooled.com\/de\/product\/22mm-surface-led-aluminum-strip-channel-with-opal-diffuser\/\"><mark style=\"background-color:rgba(0, 0, 0, 0)\" class=\"has-inline-color has-vivid-red-color\">22mm unteres LED-Aluminiumstreifen-Kanal mit opalem Diffusor <\/mark><\/a>f\u00fcr eine b\u00fcndige, diffuse Lichtlinie.<\/li>\n\n\n\n<li>F\u00fcr kleinere Projekte, siehe die <a href=\"https:\/\/tangooled.com\/de\/product\/10mm-led-profile-aluminum-channel-for-8mm-led-tape-lights\/\"><mark style=\"background-color:rgba(0, 0, 0, 0)\" class=\"has-inline-color has-vivid-red-color\">10mm LED-Profil Aluminiumkanal f\u00fcr 8mm LED-Bandlichter<\/mark><\/a>.<\/li>\n\n\n\n<li>F\u00fcr Eckenbeleuchtung, erkunden Sie die <a href=\"https:\/\/tangooled.com\/de\/product\/corner-mount-right-angle-diffuser-aluminum-led-extrusion-profile-inner-12mm\/\"><mark style=\"background-color:rgba(0, 0, 0, 0)\" class=\"has-inline-color has-vivid-red-color\">Eckmontage 90-Grad-Diffusor Aluminium LED-Extrusionsprofil innen 12mm<\/mark><\/a>.<\/li>\n<\/ul>\n<\/div>\n\n\n\n<div class=\"wp-block-group has-background\" style=\"background-color:#f1f1f1;padding-top:var(--wp--preset--spacing--80);padding-bottom:var(--wp--preset--spacing--80)\"><div class=\"wp-block-group__inner-container is-layout-constrained wp-block-group-is-layout-constrained\">\n<h2 class=\"wp-block-heading\" style=\"padding-top:var(--wp--preset--spacing--40);padding-bottom:var(--wp--preset--spacing--40);font-size:25px;font-style:normal;font-weight:600;text-transform:capitalize\">Zusammenfassung<\/h2>\n\n\n\n<p style=\"padding-right:var(--wp--preset--spacing--50);padding-left:var(--wp--preset--spacing--50)\">Der Einbau 22mm Nut Trockenbau LED-Kanal ist eine gro\u00dfartige L\u00f6sung f\u00fcr professionelle, saubere und versenkte LED-Beleuchtung. Er besteht aus hochwertigem anodisiertem Aluminium und passt in die Nuten von Trockenbauw\u00e4nden. Er kann LED-Streifen halten, die bis zu 20 mm breit sind. Der verputzbare Flansch erleichtert das Verputzen, was den Wand- oder Deckenlichtern ein glattes Finish verleiht. Erfahren Sie, wie einfach es ist, das Aussehen Ihres Raums mit konsistenter linearer Beleuchtung, punktlosem Gl\u00fchen und robusten Extrusionen zu \u00e4ndern, die Ihre LEDs sch\u00fctzen und sich mit der Einrichtung Ihres Zuhauses verbinden. Klicken Sie auf die hier aufgef\u00fchrten Tangooled Aluminium-LED-Profile, um mehr \u00fcber das Produkt zu erfahren.<\/p>\n<\/div><\/div>\n\n\n\n<p><\/p>","protected":false},"featured_media":13762,"template":"","meta":{"_acf_changed":true,"_seopress_robots_primary_cat":"none","_seopress_titles_title":"22mm Groove Drywall LED Channel Plaster-in DWP12 | TANGOOLED","_seopress_titles_desc":"The DWP12 is a 22mm groove drywall led channel with a slim 10mm depth. Designed for wider linear light effects, this plaster-in aluminum profile integrates seamlessly into ceilings for a trimless finish.","_seopress_robots_index":""},"pcb-width":[229],"product-cat":[197],"class_list":{"0":"post-42644","1":"product","2":"type-product","3":"status-publish","4":"has-post-thumbnail","6":"pcb-width-15-20mm","7":"product-cat-plaster-in-profile"},"acf":[],"_links":{"self":[{"href":"https:\/\/tangooled.com\/de\/wp-json\/wp\/v2\/product\/42644","targetHints":{"allow":["GET"]}}],"collection":[{"href":"https:\/\/tangooled.com\/de\/wp-json\/wp\/v2\/product"}],"about":[{"href":"https:\/\/tangooled.com\/de\/wp-json\/wp\/v2\/types\/product"}],"wp:featuredmedia":[{"embeddable":true,"href":"https:\/\/tangooled.com\/de\/wp-json\/wp\/v2\/media\/13762"}],"wp:attachment":[{"href":"https:\/\/tangooled.com\/de\/wp-json\/wp\/v2\/media?parent=42644"}],"wp:term":[{"taxonomy":"pcb-width","embeddable":true,"href":"https:\/\/tangooled.com\/de\/wp-json\/wp\/v2\/pcb-width?post=42644"},{"taxonomy":"product-cat","embeddable":true,"href":"https:\/\/tangooled.com\/de\/wp-json\/wp\/v2\/product-cat?post=42644"}],"curies":[{"name":"wp","href":"https:\/\/api.w.org\/{rel}","templated":true}]}}