{"id":42642,"date":"2025-12-23T05:44:07","date_gmt":"2025-12-23T13:44:07","guid":{"rendered":"https:\/\/tangooled.com\/?post_type=product&#038;p=42642"},"modified":"2026-01-27T20:45:43","modified_gmt":"2026-01-28T04:45:43","slug":"10mm-deep-recessed-drywall-led-strip-channel","status":"publish","type":"product","link":"https:\/\/tangooled.com\/de\/product\/10mm-deep-recessed-drywall-led-strip-channel\/","title":{"rendered":"10mm tiefes, versenktes Trockenbau-LED-Profil"},"content":{"rendered":"<div class=\"wp-block-group is-vertical is-layout-flex wp-container-core-group-is-layout-d255d7c4 wp-block-group-is-layout-flex\" style=\"padding-top:var(--wp--preset--spacing--80);padding-bottom:var(--wp--preset--spacing--80)\">\n<p>Our 10mm deep drywall LED channel is perfect for modern, stylish lighting that fits perfectly against drywall walls and ceilings. This high-quality profile fits flawlessly inside drywall or plasterboard, whether it&#8217;s recessed or &#8220;plaster-in.&#8221; It generates light that is smooth and lovely, with no hard shadows or framing that is easy to see. It can hold LED strips that are up to 20mm wide and works well with both COB and standard SMD LED tapes. The recessed drywall LED strip channel keeps the LED tape safe, and the smooth PC frost diffuser that comes with it spreads the light evenly and without glare.<\/p>\n<\/div>\n\n\n\n<div class=\"wp-block-group has-background is-vertical is-layout-flex wp-container-core-group-is-layout-d255d7c4 wp-block-group-is-layout-flex\" style=\"background-color:#f1f1f1;padding-top:var(--wp--preset--spacing--80);padding-bottom:var(--wp--preset--spacing--80)\">\n<div class=\"wp-block-group is-vertical is-layout-flex wp-container-core-group-is-layout-8cf370e7 wp-block-group-is-layout-flex\">\n<h2 class=\"wp-block-heading\" style=\"padding-top:var(--wp--preset--spacing--40);padding-bottom:var(--wp--preset--spacing--40);font-size:25px;font-style:normal;font-weight:600;text-transform:capitalize\">Warum sollten Sie unser 10mm tiefes Trockenbau-LED-Profil w\u00e4hlen?<\/h2>\n\n\n\n<ul class=\"wp-block-list\">\n<li>Sie profitieren von einem K\u00fchlk\u00f6rper-Effekt mit hochwertigem Aluminiumpressprofil, das Ihre LED-Streifen sch\u00fctzt.<\/li>\n\n\n\n<li>Das lackierbare Geh\u00e4use erm\u00f6glicht eine vollst\u00e4ndige Integration mit der Farbe Ihrer Wand oder Decke.<\/li>\n\n\n\n<li>Der PC-Diffusor sorgt f\u00fcr eine makellose Lichtstreuung ohne helle Punkte.<\/li>\n\n\n\n<li>Ideal f\u00fcr architektonische Lichtdesigns, die nach einem trimmlosen versenkten LED-Kanal suchen.<\/li>\n\n\n\n<li>Erm\u00f6glicht eine einfache Installation in Neubauten und Renovierungen, perfekt f\u00fcr allgemeine Bauunternehmerprojekte oder DIY.<\/li>\n<\/ul>\n<\/div>\n<\/div>\n\n\n\n<div class=\"wp-block-group is-vertical is-layout-flex wp-container-core-group-is-layout-d255d7c4 wp-block-group-is-layout-flex\" style=\"padding-top:var(--wp--preset--spacing--80);padding-bottom:var(--wp--preset--spacing--80)\">\n<hr class=\"wp-block-separator has-alpha-channel-opacity\"\/>\n\n\n\n<div class=\"wp-block-media-text has-media-on-the-right is-stacked-on-mobile\" style=\"grid-template-columns:auto 40%\"><div class=\"wp-block-media-text__content\">\n<h2 class=\"wp-block-heading\" style=\"padding-top:var(--wp--preset--spacing--40);padding-bottom:var(--wp--preset--spacing--40);font-size:25px;font-style:normal;font-weight:600;text-transform:capitalize\">So verwenden Sie diesen versenkten Plaster-in-Kanal DWP11<\/h2>\n\n\n\n<ul class=\"wp-block-list\">\n<li>\u00dcberpr\u00fcfen Sie, ob der Schlitz in Ihrem Gipskarton oder Trockenbau die richtige Tiefe hat (10mm).<\/li>\n\n\n\n<li>Platzieren Sie den Aluminiumkanal in dem Schlitz und stellen Sie sicher, dass er richtig an den St\u00e4ndern oder der R\u00fcckwand befestigt ist.<\/li>\n\n\n\n<li>Verwenden Sie Spachtelmasse oder Gips, um die L\u00f6cher in den Flanschen zu f\u00fcllen und die Oberfl\u00e4che ebenm\u00e4\u00dfig zu gestalten.<\/li>\n\n\n\n<li>Um eine glatte Oberfl\u00e4che zu schaffen, die die Leuchte vollst\u00e4ndig versteckt, schleifen und streichen Sie den Trockenbau.<\/li>\n\n\n\n<li>Platzieren Sie das LED-Streifenlicht im Kanal und klicken Sie den frosted Diffusor ab, um sicherzustellen, dass das Licht gleichm\u00e4\u00dfig verteilt wird.<\/li>\n<\/ul>\n<\/div><figure class=\"wp-block-media-text__media\"><img loading=\"lazy\" decoding=\"async\" width=\"500\" height=\"500\" src=\"https:\/\/tangooled.com\/wp-content\/uploads\/2025\/12\/dwp11-ins.webp\" alt=\"10mm tiefes, versenktes Trockenbau-LED-Profil\" class=\"wp-image-42866 size-full\" srcset=\"https:\/\/tangooled.com\/wp-content\/uploads\/2025\/12\/dwp11-ins.webp 500w, https:\/\/tangooled.com\/wp-content\/uploads\/2025\/12\/dwp11-ins-300x300.webp 300w, https:\/\/tangooled.com\/wp-content\/uploads\/2025\/12\/dwp11-ins-150x150.webp 150w\" sizes=\"auto, (max-width: 500px) 100vw, 500px\" \/><\/figure><\/div>\n<\/div>\n\n\n\n<div class=\"wp-block-group has-background\" style=\"background-color:#f1f1f1f2;padding-top:var(--wp--preset--spacing--80);padding-bottom:var(--wp--preset--spacing--80)\"><div class=\"wp-block-group__inner-container is-layout-constrained wp-block-group-is-layout-constrained\">\n<h2 class=\"wp-block-heading\" style=\"padding-top:var(--wp--preset--spacing--40);padding-bottom:var(--wp--preset--spacing--40);font-size:25px;font-style:normal;font-weight:600\">Reale Anwendungsszenarien<\/h2>\n\n\n\n<ul class=\"wp-block-list\">\n<li>Helle \u00dcbergangslinien zwischen Wand und Decke, die ansprechend wirken und verschwinden, wenn das Licht aus ist.<\/li>\n\n\n\n<li>Moderne Deckenakzentlichter lassen den Raum warm und einladend wirken.<\/li>\n\n\n\n<li>Sichere und stilvolle Beleuchtung f\u00fcr Treppen und Flure.<\/li>\n\n\n\n<li>Saubere und professionell aussehende Umgebungsbeleuchtung f\u00fcr Unternehmen, Hotels und Restaurants.<\/li>\n\n\n\n<li>Das ist das, was sowohl Fachleute als auch Heimwerker verwenden, um perfektes LED-Licht auf Gipskarton zu erzielen.<\/li>\n<\/ul>\n<\/div><\/div>\n\n\n\n<div class=\"wp-block-group is-vertical is-layout-flex wp-container-core-group-is-layout-d255d7c4 wp-block-group-is-layout-flex\" style=\"padding-top:var(--wp--preset--spacing--80);padding-bottom:var(--wp--preset--spacing--80)\">\n<h2 class=\"wp-block-heading\" style=\"padding-top:var(--wp--preset--spacing--40);padding-bottom:var(--wp--preset--spacing--40);font-size:25px;font-style:normal;font-weight:600;text-transform:capitalize\">Verwandte Produkte, die Ihnen gefallen k\u00f6nnten<\/h2>\n\n\n\n<ul class=\"wp-block-list\">\n<li><a href=\"https:\/\/tangooled.com\/de\/product\/black-led-profile-with-black-diffuser-for-10mm-led-strip-light\/\"><mark style=\"background-color:rgba(0, 0, 0, 0)\" class=\"has-inline-color has-vivid-red-color\">Schwarzes LED-Profil mit schwarzem Diffusor f\u00fcr 10mm LED-Streifen<\/mark><\/a><\/li>\n\n\n\n<li><a href=\"https:\/\/tangooled.com\/de\/product\/surface-mount-led-profile-with-frosted-diffuser-for-10mm-rope-lights\/\"><mark style=\"background-color:rgba(0, 0, 0, 0)\" class=\"has-inline-color has-vivid-red-color\">Oberfl\u00e4chenmontierter LED-Profil mit mattiertem Diffusor f\u00fcr 10 mm LED-Lichterketten<\/mark><\/a><\/li>\n\n\n\n<li><a href=\"https:\/\/tangooled.com\/de\/product\/led-light-diffuser-channel-aluminum-15x12mm-for-10mm-led-strips\/\"><mark style=\"background-color:rgba(0, 0, 0, 0)\" class=\"has-inline-color has-vivid-red-color\">LED-Lichtdiffusor-Kanal aus Aluminium 15x12mm f\u00fcr 10mm LED-Streifen<\/mark><\/a><\/li>\n\n\n\n<li><a href=\"https:\/\/tangooled.com\/de\/product\/recessed-led-strip-lighting-channel-17x15mm-for-10mm-tape-lights\/\"><mark style=\"background-color:rgba(0, 0, 0, 0)\" class=\"has-inline-color has-vivid-red-color\">Versenktes LED-Aluprofil 17x15mm f\u00fcr 10mm Bandleuchten<\/mark><\/a><\/li>\n<\/ul>\n<\/div>\n\n\n\n<div class=\"wp-block-group has-background\" style=\"background-color:#f1f1f1;padding-top:var(--wp--preset--spacing--80);padding-bottom:var(--wp--preset--spacing--80)\"><div class=\"wp-block-group__inner-container is-layout-constrained wp-block-group-is-layout-constrained\">\n<h2 class=\"wp-block-heading\" style=\"padding-top:var(--wp--preset--spacing--40);padding-bottom:var(--wp--preset--spacing--40);font-size:25px;font-style:normal;font-weight:600;text-transform:capitalize\">Zusammenfassung: Perfekt f\u00fcr modernes, trimmloses Licht<\/h2>\n\n\n\n<p style=\"padding-right:var(--wp--preset--spacing--50);padding-left:var(--wp--preset--spacing--50)\">Unser 10mm tiefes, versenktes Trockenbau-LED-Profil ist das beste extrudierte Aluminiumprofil f\u00fcr die Installation von LED-Profilen, die b\u00fcndig mit der Wand oder eingepflastert sind. Es gibt eine Vielzahl von Oberfl\u00e4chen und sorgt f\u00fcr geradlinige Beleuchtung ohne Flecken. Es kann COB- und SMD-LED-Streifen aufnehmen, die bis zu 20mm breit sind. Dieser Kanal er\u00f6ffnet eine ganz neue Welt architektonischer LED-Streifenbeleuchtungsoptionen f\u00fcr Wohnh\u00e4user, B\u00fcros, Einzelhandel und Hotels.<\/p>\n<\/div><\/div>\n\n\n\n<p><\/p>","protected":false},"featured_media":13757,"template":"","meta":{"_acf_changed":true,"_seopress_robots_primary_cat":"none","_seopress_titles_title":"10mm Deep Drywall LED Channel | Recessed Plaster-in DWP11 | TANGOOLED","_seopress_titles_desc":"The DWP11 is a 10mm deep drywall led channel designed for a seamless plaster-in finish. Optimized for recessed installation in ceilings and walls, this slim aluminum profile creates a clean linear light path.","_seopress_robots_index":""},"pcb-width":[229],"product-cat":[197],"class_list":{"0":"post-42642","1":"product","2":"type-product","3":"status-publish","4":"has-post-thumbnail","6":"pcb-width-15-20mm","7":"product-cat-plaster-in-profile"},"acf":[],"_links":{"self":[{"href":"https:\/\/tangooled.com\/de\/wp-json\/wp\/v2\/product\/42642","targetHints":{"allow":["GET"]}}],"collection":[{"href":"https:\/\/tangooled.com\/de\/wp-json\/wp\/v2\/product"}],"about":[{"href":"https:\/\/tangooled.com\/de\/wp-json\/wp\/v2\/types\/product"}],"wp:featuredmedia":[{"embeddable":true,"href":"https:\/\/tangooled.com\/de\/wp-json\/wp\/v2\/media\/13757"}],"wp:attachment":[{"href":"https:\/\/tangooled.com\/de\/wp-json\/wp\/v2\/media?parent=42642"}],"wp:term":[{"taxonomy":"pcb-width","embeddable":true,"href":"https:\/\/tangooled.com\/de\/wp-json\/wp\/v2\/pcb-width?post=42642"},{"taxonomy":"product-cat","embeddable":true,"href":"https:\/\/tangooled.com\/de\/wp-json\/wp\/v2\/product-cat?post=42642"}],"curies":[{"name":"wp","href":"https:\/\/api.w.org\/{rel}","templated":true}]}}