{"id":42637,"date":"2025-12-23T05:39:57","date_gmt":"2025-12-23T13:39:57","guid":{"rendered":"https:\/\/tangooled.com\/?post_type=product&#038;p=42637"},"modified":"2026-02-01T22:31:35","modified_gmt":"2026-02-02T06:31:35","slug":"drywall-led-channel-with-outer-square-diffuser-inner-width-12mm","status":"publish","type":"product","link":"https:\/\/tangooled.com\/de\/product\/drywall-led-channel-with-outer-square-diffuser-inner-width-12mm\/","title":{"rendered":"Trockenbau-LED-Kanal mit \u00e4u\u00dferem quadratischen Diffusor und innerer Breite von 12 mm"},"content":{"rendered":"<div class=\"wp-block-group is-vertical is-layout-flex wp-container-core-group-is-layout-d255d7c4 wp-block-group-is-layout-flex\" style=\"padding-top:var(--wp--preset--spacing--80);padding-bottom:var(--wp--preset--spacing--80)\">\n<p>Unser DWP10 Trockenbau-LED-Kanal wird Ihren Raum mit klarem, sanftem Licht heller machen. Dieses Design eignet sich f\u00fcr moderne, randlose architektonische Beleuchtung und passt ordentlich in Decken aus Gipskarton oder Trockenbau. Der Kanal ist 56,2 mm breit und 23,1 mm tief, sodass LED-Streifen bis zu 12 mm Breite passen. Der quadratische Diffusor auf der Au\u00dfenseite verteilt das Licht gleichm\u00e4\u00dfig und sch\u00f6n, sodass es aussieht, als k\u00e4me es direkt von der Decke. Dieses Profil ist f\u00fcr hochwertige H\u00e4user und Unternehmen geeignet.<\/p>\n<\/div>\n\n\n\n<div class=\"wp-block-group has-background is-vertical is-layout-flex wp-container-core-group-is-layout-d255d7c4 wp-block-group-is-layout-flex\" style=\"background-color:#f1f1f1;padding-top:var(--wp--preset--spacing--80);padding-bottom:var(--wp--preset--spacing--80)\">\n<div class=\"wp-block-group\"><div class=\"wp-block-group__inner-container is-layout-constrained wp-block-group-is-layout-constrained\">\n<h2 class=\"wp-block-heading\" style=\"padding-top:var(--wp--preset--spacing--40);padding-bottom:var(--wp--preset--spacing--40);font-size:25px;font-style:normal;font-weight:600;text-transform:capitalize\">Warum sollten Sie unseren DWP10 Trockenbau-LED-Kanal w\u00e4hlen?<\/h2>\n\n\n\n<ul class=\"wp-block-list\">\n<li>Eine glatte, b\u00fcndige Oberfl\u00e4che, die alle Kanten im Trockenbau verbirgt.<\/li>\n\n\n\n<li>Hergestellt aus starkem, eloxiertem Aluminium, das eine gute W\u00e4rmeableitung erm\u00f6glicht und die Lebensdauer der LEDs verl\u00e4ngert.<\/li>\n\n\n\n<li>Funktioniert mit allen g\u00e4ngigen 12 mm breiten LED-Streifen, wie COB, RGBW und einstellbaren wei\u00dfen Streifen.<\/li>\n\n\n\n<li>Ein quadratischer \u00e4u\u00dferer Diffusor verleiht ihm ein mutiges, modernes Aussehen und verbirgt Hotspots.&nbsp;<\/li>\n\n\n\n<li>Wird mit Endkappen und Schrauben f\u00fcr eine ordentliche, professionelle Ausf\u00fchrung geliefert.<\/li>\n\n\n\n<li>L\u00e4sst sich einfach mit bereits perforierten Flanschen einputzen.<\/li>\n<\/ul>\n<\/div><\/div>\n<\/div>\n\n\n\n<div class=\"wp-block-group is-vertical is-layout-flex wp-container-core-group-is-layout-d255d7c4 wp-block-group-is-layout-flex\" style=\"padding-top:var(--wp--preset--spacing--80);padding-bottom:var(--wp--preset--spacing--80)\">\n<hr class=\"wp-block-separator has-alpha-channel-opacity\"\/>\n\n\n\n<div class=\"wp-block-media-text has-media-on-the-right is-stacked-on-mobile\" style=\"grid-template-columns:auto 40%\"><div class=\"wp-block-media-text__content\">\n<h2 class=\"wp-block-heading\" style=\"padding-top:var(--wp--preset--spacing--40);padding-bottom:var(--wp--preset--spacing--40);font-size:25px;font-style:normal;font-weight:600;text-transform:capitalize\">Installation<\/h2>\n\n\n\n<ul class=\"wp-block-list\">\n<li>Verwenden Sie Schrauben durch den perforierten Flansch, um den Kanal an der Rahmen- oder Trockenbauunterkonstruktion zu befestigen.<\/li>\n\n\n\n<li>Bringen Sie den Trockenbau so an, dass er zu den Kanten des Kanals passt.<\/li>\n\n\n\n<li>Geben Sie Gips oder Fugenmasse \u00fcber die Flansche und schleifen Sie sie glatt.<\/li>\n\n\n\n<li>F\u00fcr ein sauberes Erscheinungsbild, streichen Sie Ihre Wand.<\/li>\n\n\n\n<li>Platzieren Sie Ihren 12 mm breiten LED-Streifen im Kanal.<\/li>\n\n\n\n<li>Stecken Sie die Verkabelung zusammen und dr\u00fccken Sie den quadratischen Diffusor auf.<\/li>\n<\/ul>\n<\/div><figure class=\"wp-block-media-text__media\"><img loading=\"lazy\" decoding=\"async\" width=\"500\" height=\"500\" src=\"https:\/\/tangooled.com\/wp-content\/uploads\/2025\/12\/dwp10-ins.webp\" alt=\"Trockenbau-LED-Kanal mit \u00e4u\u00dferem quadratischen Diffusor und innerer Breite von 12 mm\" class=\"wp-image-42863 size-full\" srcset=\"https:\/\/tangooled.com\/wp-content\/uploads\/2025\/12\/dwp10-ins.webp 500w, https:\/\/tangooled.com\/wp-content\/uploads\/2025\/12\/dwp10-ins-300x300.webp 300w, https:\/\/tangooled.com\/wp-content\/uploads\/2025\/12\/dwp10-ins-150x150.webp 150w\" sizes=\"auto, (max-width: 500px) 100vw, 500px\" \/><\/figure><\/div>\n<\/div>\n\n\n\n<div class=\"wp-block-group has-background is-vertical is-layout-flex wp-container-core-group-is-layout-b429018a wp-block-group-is-layout-flex\" style=\"background-color:#f1f1f1f2;padding-top:var(--wp--preset--spacing--70);padding-bottom:var(--wp--preset--spacing--70)\">\n<h2 class=\"wp-block-heading\" style=\"padding-top:var(--wp--preset--spacing--40);padding-bottom:var(--wp--preset--spacing--40);font-size:25px;font-style:normal;font-weight:600\">Gro\u00dfartig f\u00fcr viele Beleuchtungsbed\u00fcrfnisse<\/h2>\n\n\n\n<p>Unser Trockenbau-LED-Kanal mit einem \u00e4u\u00dferen quadratischen Diffusor und einer inneren Breite von 12 mm eignet sich f\u00fcr viele verschiedene Projekte, wie:<\/p>\n\n\n\n<ul class=\"wp-block-list\">\n<li>Beleuchtung, die in die Wand und Decke eingearbeitet ist, f\u00fcr eine glatte Lichtlinie.&nbsp;<\/li>\n\n\n\n<li>Moderne K\u00fcchen und Wohnbereiche, die Akzentlichter ohne Leisten ben\u00f6tigen.<\/li>\n\n\n\n<li>Einzelhandels- und Gesch\u00e4ftsr\u00e4ume, die professionelle architektonische Beleuchtung erfordern.<\/li>\n\n\n\n<li>Cove-Beleuchtung und Lichtlinien von Fu\u00dfboden bis Decke f\u00fcr einen dramatischen Effekt.<\/li>\n<\/ul>\n<\/div>\n\n\n\n<div class=\"wp-block-group is-vertical is-layout-flex wp-container-core-group-is-layout-d255d7c4 wp-block-group-is-layout-flex\" style=\"padding-top:var(--wp--preset--spacing--80);padding-bottom:var(--wp--preset--spacing--80)\">\n<h2 class=\"wp-block-heading\" style=\"padding-top:var(--wp--preset--spacing--40);padding-bottom:var(--wp--preset--spacing--40);font-size:25px;font-style:normal;font-weight:600;text-transform:capitalize\">Verwandte Produkte, die Sie ben\u00f6tigen k\u00f6nnten<\/h2>\n\n\n\n<ul class=\"wp-block-list\">\n<li>Entdecken Sie unser <a href=\"https:\/\/tangooled.com\/de\/product\/black-led-diffuser-aluminum-channel-for-12mm-tape-lights\/\"><mark style=\"background-color:rgba(0, 0, 0, 0)\" class=\"has-inline-color has-vivid-red-color\">schwarzes LED-Diffusor-Aluminiumprofil f\u00fcr 12mm LED-B\u00e4nder<\/mark><\/a> f\u00fcr eine elegante, moderne schwarze Oberfl\u00e4che.<\/li>\n\n\n\n<li>Testen Sie das <a href=\"https:\/\/tangooled.com\/de\/product\/led-strip-light-channel-aluminum-profile-with-diffused-cover-6mm-height\/\"><mark style=\"background-color:rgba(0, 0, 0, 0)\" class=\"has-inline-color has-vivid-red-color\">Aluminiumprofil f\u00fcr LED-Streifen mit diffundierender Abdeckung, H\u00f6he 6 mm<\/mark><\/a> wenn Sie ein schlanker Profil w\u00fcnschen.<\/li>\n\n\n\n<li>F\u00fcr Oberfl\u00e4chenmontageoptionen, \u00fcberpr\u00fcfen Sie die <a href=\"https:\/\/tangooled.com\/de\/product\/surface-mount-led-profile-with-frosted-diffuser-for-10mm-rope-lights\/\"><mark style=\"background-color:rgba(0, 0, 0, 0)\" class=\"has-inline-color has-vivid-red-color\">Oberfl\u00e4chenmontage LED-Profil mit satiniertem Diffusor f\u00fcr 10mm Seilschn\u00fcre<\/mark><\/a>.<\/li>\n<\/ul>\n<\/div>\n\n\n\n<div class=\"wp-block-group is-vertical is-layout-flex wp-container-core-group-is-layout-d255d7c4 wp-block-group-is-layout-flex\" style=\"padding-top:var(--wp--preset--spacing--80);padding-bottom:var(--wp--preset--spacing--80)\">\n<h2 class=\"wp-block-heading\" style=\"padding-top:var(--wp--preset--spacing--40);padding-bottom:var(--wp--preset--spacing--40);font-size:25px;font-style:normal;font-weight:600;text-transform:capitalize\">Zusammenfassung<\/h2>\n\n\n\n<p>Our drywall led channel, featuring an outside square diffuser and an inner width of 12mm, provides you with a lighting solution that is completely hidden and doesn&#8217;t need any trim. It is robust, simple to set up, and works with a variety of 12mm LED strips. Its square diffuser gives off gentle, even light, which is great for both home and business projects.<\/p>\n<\/div>\n\n\n\n<p><\/p>","protected":false},"featured_media":13752,"template":"","meta":{"_acf_changed":true,"_seopress_robots_primary_cat":"none","_seopress_titles_title":"Square Diffuser Plaster-in LED Profile | 12mm Inner Width DWP10","_seopress_titles_desc":"The DWP10 is a unique plaster-in led profile featuring an outer square diffuser for a wider light beam. With a 12mm inner width, this aluminum channel provides a modern architectural look for ceilings and drywalls.","_seopress_robots_index":""},"pcb-width":[228],"product-cat":[197],"class_list":{"0":"post-42637","1":"product","2":"type-product","3":"status-publish","4":"has-post-thumbnail","6":"pcb-width-6-12mm","7":"product-cat-plaster-in-profile"},"acf":[],"_links":{"self":[{"href":"https:\/\/tangooled.com\/de\/wp-json\/wp\/v2\/product\/42637","targetHints":{"allow":["GET"]}}],"collection":[{"href":"https:\/\/tangooled.com\/de\/wp-json\/wp\/v2\/product"}],"about":[{"href":"https:\/\/tangooled.com\/de\/wp-json\/wp\/v2\/types\/product"}],"wp:featuredmedia":[{"embeddable":true,"href":"https:\/\/tangooled.com\/de\/wp-json\/wp\/v2\/media\/13752"}],"wp:attachment":[{"href":"https:\/\/tangooled.com\/de\/wp-json\/wp\/v2\/media?parent=42637"}],"wp:term":[{"taxonomy":"pcb-width","embeddable":true,"href":"https:\/\/tangooled.com\/de\/wp-json\/wp\/v2\/pcb-width?post=42637"},{"taxonomy":"product-cat","embeddable":true,"href":"https:\/\/tangooled.com\/de\/wp-json\/wp\/v2\/product-cat?post=42637"}],"curies":[{"name":"wp","href":"https:\/\/api.w.org\/{rel}","templated":true}]}}