{"id":42634,"date":"2025-12-23T05:35:09","date_gmt":"2025-12-23T13:35:09","guid":{"rendered":"https:\/\/tangooled.com\/?post_type=product&#038;p=42634"},"modified":"2026-02-01T22:21:38","modified_gmt":"2026-02-02T06:21:38","slug":"20mm-deep-mud-in-drywall-led-profile-for-10mm-tape-light","status":"publish","type":"product","link":"https:\/\/tangooled.com\/de\/product\/20mm-deep-mud-in-drywall-led-profile-for-10mm-tape-light\/","title":{"rendered":"20 mm tiefer F\u00fcllauftrag f\u00fcr Trockenbau-LED-Profil f\u00fcr 10 mm Tape-Licht"},"content":{"rendered":"<div class=\"wp-block-group is-vertical is-layout-flex wp-container-core-group-is-layout-d255d7c4 wp-block-group-is-layout-flex\" style=\"padding-top:var(--wp--preset--spacing--80);padding-bottom:var(--wp--preset--spacing--80)\">\n<p>Unser DWP09 20 mm tiefes Trockenbau-LED-Profil ist f\u00fcr F\u00fcllauftr\u00e4ge in Gipskartonplatten konzipiert. Es erzeugt glatte, saubere Lichtlinien ohne sichtbare Rahmen oder R\u00e4nder. Das Profil ist 56,6 mm breit und hat eine eingebaute Kanaltiefe von 23,2 mm und eine innere H\u00f6he von 20,0 mm. Es besteht aus langlebigem anodisiertem Aluminium 6063-T5. Die innere Breite von 12,2 mm ist genau richtig f\u00fcr 10 mm LED-Streifen, einschlie\u00dflich normaler einreihiger, RGB- und COB-Versionen. Das starke Material wirkt als W\u00e4rmeleitk\u00f6rper, der Ihr Tape-Licht k\u00fchl h\u00e4lt und seine Lebensdauer verl\u00e4ngert.<\/p>\n<\/div>\n\n\n\n<div class=\"wp-block-group has-background is-vertical is-layout-flex wp-container-core-group-is-layout-d255d7c4 wp-block-group-is-layout-flex\" style=\"background-color:#f1f1f1;padding-top:var(--wp--preset--spacing--80);padding-bottom:var(--wp--preset--spacing--80)\">\n<div class=\"wp-block-group is-vertical is-layout-flex wp-container-core-group-is-layout-8cf370e7 wp-block-group-is-layout-flex\">\n<h2 class=\"wp-block-heading\" style=\"padding-top:var(--wp--preset--spacing--40);padding-bottom:var(--wp--preset--spacing--40);font-size:25px;font-style:normal;font-weight:600;text-transform:capitalize\">Warum sollten Sie dieses 20 mm tiefe Trockenbau-LED-Profil w\u00e4hlen?<\/h2>\n\n\n\n<ul class=\"wp-block-list\">\n<li>Flush-Finish: Die Kanten haben kleine L\u00f6cher (perforierte Flansche), die M\u00f6rtel haften lassen. Es sieht aus wie ein Teil Ihrer Wand, wenn es trocknet.<\/li>\n\n\n\n<li>Starker W\u00e4rmeleitk\u00f6rper: Die Metallh\u00fclle h\u00e4lt die LED-Streifen k\u00fchl, was deren Lebensdauer verl\u00e4ngert.<\/li>\n\n\n\n<li>Licht ohne Punkte: Es wird mit einer opalen Diffusorkappe geliefert, die aufgeklickt werden kann. Dies verteilt das Licht gleichm\u00e4\u00dfig und sanft, ohne Punkte oder Hotspots.<\/li>\n\n\n\n<li>Fits perfectly: Made for regular drywall (1\/2&#8243; or 5\/8&#8243;) to make sure it stays in place.<\/li>\n\n\n\n<li>Sch\u00fctzt LED-B\u00e4nder: H\u00e4lt Staub und Sch\u00e4den fern und erleichtert die Installation.<\/li>\n\n\n\n<li>trim to size: You may get it in 1 or 2 meters and it&#8217;s easy to trim to the right length.<\/li>\n<\/ul>\n<\/div>\n<\/div>\n\n\n\n<div class=\"wp-block-group\" style=\"padding-top:var(--wp--preset--spacing--80);padding-bottom:var(--wp--preset--spacing--80)\"><div class=\"wp-block-group__inner-container is-layout-constrained wp-block-group-is-layout-constrained\">\n<div class=\"wp-block-media-text has-media-on-the-right is-stacked-on-mobile\" style=\"grid-template-columns:auto 40%\"><div class=\"wp-block-media-text__content\">\n<h2 class=\"wp-block-heading\" style=\"padding-top:var(--wp--preset--spacing--40);padding-bottom:var(--wp--preset--spacing--40);font-size:25px;font-style:normal;font-weight:600;text-transform:capitalize\">Wie verwendet man es?<\/h2>\n\n\n\n<ul class=\"wp-block-list\">\n<li>Befestigen Sie das Aluminiumprofil an der Wand oder am Deckenrahmen.<\/li>\n\n\n\n<li>Tragen Sie Trockenbaustuck auf die Fl\u00fcgel auf, die L\u00f6cher haben.<\/li>\n\n\n\n<li>Warten Sie, bis der M\u00f6rtel getrocknet ist, und schleifen Sie ihn dann ab.<\/li>\n\n\n\n<li>Legen Sie das 10 mm Tape-Licht in den Kanal.<\/li>\n\n\n\n<li>Befestigen Sie den Diffusor f\u00fcr sanftes und punktfreies Licht.<\/li>\n\n\n\n<li>Schlie\u00dfen Sie das LED-Band an das Strom- und Steuerungssystem an.<\/li>\n<\/ul>\n<\/div><figure class=\"wp-block-media-text__media\"><img loading=\"lazy\" decoding=\"async\" width=\"500\" height=\"500\" src=\"https:\/\/tangooled.com\/wp-content\/uploads\/2025\/12\/dwp09-ins.webp\" alt=\"20 mm tiefer F\u00fcllauftrag f\u00fcr Trockenbau-LED-Profil f\u00fcr 10 mm Tape-Licht\" class=\"wp-image-42811 size-full\" srcset=\"https:\/\/tangooled.com\/wp-content\/uploads\/2025\/12\/dwp09-ins.webp 500w, https:\/\/tangooled.com\/wp-content\/uploads\/2025\/12\/dwp09-ins-300x300.webp 300w, https:\/\/tangooled.com\/wp-content\/uploads\/2025\/12\/dwp09-ins-150x150.webp 150w\" sizes=\"auto, (max-width: 500px) 100vw, 500px\" \/><\/figure><\/div>\n<\/div><\/div>\n\n\n\n<div class=\"wp-block-group has-background\" style=\"background-color:#f1f1f1f2;padding-top:var(--wp--preset--spacing--80);padding-bottom:var(--wp--preset--spacing--80)\"><div class=\"wp-block-group__inner-container is-layout-constrained wp-block-group-is-layout-constrained\">\n<h2 class=\"wp-block-heading\" style=\"padding-top:var(--wp--preset--spacing--40);padding-bottom:var(--wp--preset--spacing--40);font-size:25px;font-style:normal;font-weight:600;text-transform:capitalize\">Wo k\u00f6nnen Sie dieses punktfreie F\u00fcllprofil verwenden?<\/h2>\n\n\n\n<ul class=\"wp-block-list\">\n<li>Einbauleuchten in der Wand oder Decke, um Lichtlinien ohne Ecken zu erstellen.<\/li>\n\n\n\n<li>Beleuchtung hinter Schr\u00e4nken oder Regalen in K\u00fcchen oder Arbeitspl\u00e4tzen.<\/li>\n\n\n\n<li>Beleuchtung f\u00fcr Architektur und Dekoration, die Formen und R\u00e4ume hervorhebt.<\/li>\n\n\n\n<li>Moderne LED-Streifen f\u00fcr Werkst\u00e4tten, Freizeitr\u00e4ume und kreative Vorhaben.<\/li>\n<\/ul>\n<\/div><\/div>\n\n\n\n<div class=\"wp-block-group is-vertical is-layout-flex wp-container-core-group-is-layout-d255d7c4 wp-block-group-is-layout-flex\" style=\"padding-top:var(--wp--preset--spacing--80);padding-bottom:var(--wp--preset--spacing--80)\">\n<h2 class=\"wp-block-heading\" style=\"padding-top:var(--wp--preset--spacing--40);padding-bottom:var(--wp--preset--spacing--40);font-size:25px;font-style:normal;font-weight:600;text-transform:capitalize\">Verwandte Produkte<\/h2>\n\n\n\n<ul class=\"wp-block-list\">\n<li>Entdecken <a href=\"https:\/\/tangooled.com\/de\/product\/surface-mount-led-profile-with-frosted-diffuser-for-10mm-rope-lights\/\"><mark style=\"background-color:rgba(0, 0, 0, 0)\" class=\"has-inline-color has-vivid-red-color\">Oberfl\u00e4chenmontierter LED-Profil mit mattiertem Diffusor f\u00fcr 10 mm LED-Lichterketten<\/mark><\/a> f\u00fcr einfache Oberfl\u00e4chenmontagesysteme.<\/li>\n\n\n\n<li>\u00dcberpr\u00fcfen <a href=\"https:\/\/tangooled.com\/de\/product\/led-light-diffuser-channel-aluminum-15x12mm-for-10mm-led-strips\/\"><mark style=\"background-color:rgba(0, 0, 0, 0)\" class=\"has-inline-color has-vivid-red-color\">LED-Lichtdiffusor-Kanal aus Aluminium 15x12mm f\u00fcr 10mm LED-Streifen<\/mark><\/a> wenn Sie ein schlanker Profil w\u00fcnschen.<\/li>\n\n\n\n<li>Finden <a href=\"https:\/\/tangooled.com\/de\/product\/recessed-aluminum-channel-with-ceiling-buckle-for-led-10mm-strip-light\/\"><mark style=\"background-color:rgba(0, 0, 0, 0)\" class=\"has-inline-color has-vivid-red-color\">Einbau-LED-Aluminiumprofil mit Deckenanker<\/mark><\/a> wenn Sie Kan\u00e4le schnell an Decken befestigen m\u00fcssen.<\/li>\n<\/ul>\n<\/div>\n\n\n\n<div class=\"wp-block-group has-background\" style=\"background-color:#f1f1f1;padding-top:var(--wp--preset--spacing--80);padding-bottom:var(--wp--preset--spacing--80)\"><div class=\"wp-block-group__inner-container is-layout-constrained wp-block-group-is-layout-constrained\">\n<p>Unser 20 mm tiefes Trockenbau-LED-Profil ist die perfekte Wahl f\u00fcr saubere, ordentliche und professionelle LED-Streifeninstallationen. Hergestellt aus hochwertigen Materialien und f\u00fcr nahtlose F\u00fcllauftr\u00e4ge im Trockenbau konzipiert, sorgt dieses Profil daf\u00fcr, dass Ihr 10 mm Tape-Licht sanft, gleichm\u00e4\u00dfig und langlebig f\u00fcr Jahre leuchtet.<\/p>\n<\/div><\/div>\n\n\n\n<p><\/p>","protected":false},"featured_media":13743,"template":"","meta":{"_acf_changed":true,"_seopress_robots_primary_cat":"none","_seopress_titles_title":"20mm Deep Drywall LED Profile | Dot-Free Mud-in Channel DWP09","_seopress_titles_desc":"The DWP09 is a professional 20mm deep drywall led profile designed for 10mm tape lights. Its deep-recessed design ensures a dot-free, seamless linear light finish in plasterboards.","_seopress_robots_index":""},"pcb-width":[228],"product-cat":[197],"class_list":{"0":"post-42634","1":"product","2":"type-product","3":"status-publish","4":"has-post-thumbnail","6":"pcb-width-6-12mm","7":"product-cat-plaster-in-profile"},"acf":[],"_links":{"self":[{"href":"https:\/\/tangooled.com\/de\/wp-json\/wp\/v2\/product\/42634","targetHints":{"allow":["GET"]}}],"collection":[{"href":"https:\/\/tangooled.com\/de\/wp-json\/wp\/v2\/product"}],"about":[{"href":"https:\/\/tangooled.com\/de\/wp-json\/wp\/v2\/types\/product"}],"wp:featuredmedia":[{"embeddable":true,"href":"https:\/\/tangooled.com\/de\/wp-json\/wp\/v2\/media\/13743"}],"wp:attachment":[{"href":"https:\/\/tangooled.com\/de\/wp-json\/wp\/v2\/media?parent=42634"}],"wp:term":[{"taxonomy":"pcb-width","embeddable":true,"href":"https:\/\/tangooled.com\/de\/wp-json\/wp\/v2\/pcb-width?post=42634"},{"taxonomy":"product-cat","embeddable":true,"href":"https:\/\/tangooled.com\/de\/wp-json\/wp\/v2\/product-cat?post=42634"}],"curies":[{"name":"wp","href":"https:\/\/api.w.org\/{rel}","templated":true}]}}