{"id":42633,"date":"2025-12-23T05:29:47","date_gmt":"2025-12-23T13:29:47","guid":{"rendered":"https:\/\/tangooled.com\/?post_type=product&#038;p=42633"},"modified":"2026-01-27T20:11:23","modified_gmt":"2026-01-28T04:11:23","slug":"inside-corner-tile-trim-led-aluminum-profile-for-12mm-strips","status":"publish","type":"product","link":"https:\/\/tangooled.com\/de\/product\/inside-corner-tile-trim-led-aluminum-profile-for-12mm-strips\/","title":{"rendered":"LED-Aluminiumprofil f\u00fcr Innen-Eckfliesenverkleidungen f\u00fcr 12 mm Streifen"},"content":{"rendered":"<div class=\"wp-block-group is-vertical is-layout-flex wp-container-core-group-is-layout-d255d7c4 wp-block-group-is-layout-flex\" style=\"padding-top:var(--wp--preset--spacing--80);padding-bottom:var(--wp--preset--spacing--80)\">\n<p>Unser DWP08 Innen-Eckfliesenverkleidungs-LED-Profil sorgt daf\u00fcr, dass die Ecken Ihrer Fliesen hell und ordentlich aussehen. Dieses professionelle, anodisierte Aluminiumprofil ist speziell f\u00fcr die Verwendung in Putz oder Fliesen in Innen-Ecken mit 90 Grad konzipiert. Es ist 58 mm breit und hat Putzflansche von 25 mm oder 36 mm. Es kann sicher und unsichtbar 12 mm LED-Streifen halten. Die robuste Konstruktion sch\u00fctzt die LEDs und fungiert als K\u00fchlk\u00f6rper, wodurch sichergestellt wird, dass sie lange halten. F\u00fcr trimmloses, nahtloses Licht in K\u00fcchen, Badezimmern, Duschen und anderen gefliesten Bereichen verwenden Sie es.<\/p>\n<\/div>\n\n\n\n<div class=\"wp-block-group has-background is-vertical is-layout-flex wp-container-core-group-is-layout-d255d7c4 wp-block-group-is-layout-flex\" style=\"background-color:#f1f1f1;padding-top:var(--wp--preset--spacing--80);padding-bottom:var(--wp--preset--spacing--80)\">\n<div class=\"wp-block-group is-vertical is-layout-flex wp-container-core-group-is-layout-8cf370e7 wp-block-group-is-layout-flex\">\n<h2 class=\"wp-block-heading\" style=\"padding-top:var(--wp--preset--spacing--40);padding-bottom:var(--wp--preset--spacing--40);font-size:25px;font-style:normal;font-weight:600;text-transform:capitalize\">Warum unser Innen-Eckfliesenverkleidungs-LED-Profil w\u00e4hlen?<\/h2>\n\n\n\n<ul class=\"wp-block-list\">\n<li>Funktioniert gut mit 12 mm LED-Streifenlichtern, wie den bekannten COB- und SMD-Bandlichtern.<\/li>\n\n\n\n<li>Hergestellt aus anodisiertem Aluminium 6063-T5, das stark ist und W\u00e4rme entweichen l\u00e4sst.<\/li>\n\n\n\n<li>Lieferung mit einem satinierten oder opalen Diffusor, der das Licht weich und punktfrei macht.\u00a0<\/li>\n\n\n\n<li>Der Montageschenkel hat L\u00f6cher, die es erm\u00f6glichen, das Profil fest an Fugenm\u00f6rtel oder D\u00fcnnbett zu befestigen. Sie k\u00f6nnen es in Silber, Schwarz oder Wei\u00df erhalten, um zu Ihrer Einrichtung zu passen.<\/li>\n\n\n\n<li>Erh\u00e4ltlich in L\u00e4ngen von 1 m, 2 m oder 3 m und einfach f\u00fcr jedes Projekt zuzuschneiden.<\/li>\n\n\n\n<li>Wird mit Endkappen geliefert, um die Enden ordentlich zu halten und das Durchf\u00fchren von Kabeln zu erleichtern.<\/li>\n<\/ul>\n<\/div>\n<\/div>\n\n\n\n<div class=\"wp-block-group is-vertical is-layout-flex wp-container-core-group-is-layout-d255d7c4 wp-block-group-is-layout-flex\" style=\"padding-top:var(--wp--preset--spacing--80);padding-bottom:var(--wp--preset--spacing--80)\">\n<hr class=\"wp-block-separator has-alpha-channel-opacity\"\/>\n\n\n\n<div class=\"wp-block-media-text has-media-on-the-right is-stacked-on-mobile\" style=\"grid-template-columns:auto 40%\"><div class=\"wp-block-media-text__content\">\n<h2 class=\"wp-block-heading\" style=\"padding-top:var(--wp--preset--spacing--40);padding-bottom:var(--wp--preset--spacing--40);font-size:25px;font-style:normal;font-weight:600;text-transform:capitalize\">Wie man das Innen-Eckfliesenverkleidungs-LED-Profil verwendet<\/h2>\n\n\n\n<ul class=\"wp-block-list\">\n<li>Platzieren Sie die perforierte Flansch in D\u00fcnnbettm\u00f6rtel oder Fliesenkleber.<\/li>\n\n\n\n<li>Um eine glatte Oberfl\u00e4che zu erhalten, stellen Sie sicher, dass die Kanten der Fliesen eben mit dem Profil sind.<\/li>\n\n\n\n<li>F\u00fcr scharfes, gleichm\u00e4\u00dfiges Licht in den Ecken setzen Sie Ihren 12 mm LED-Streifen ein.<\/li>\n\n\n\n<li>Um ein gleichm\u00e4\u00dfiges Licht zu erhalten, setzen Sie die satinierte Diffusorabdeckung oben auf.<\/li>\n<\/ul>\n<\/div><figure class=\"wp-block-media-text__media\"><img loading=\"lazy\" decoding=\"async\" width=\"500\" height=\"500\" src=\"https:\/\/tangooled.com\/wp-content\/uploads\/2025\/12\/dwp08-ins.webp\" alt=\"inside corner tile trim led aluminum profile for 12mm strips\" class=\"wp-image-42807 size-full\" srcset=\"https:\/\/tangooled.com\/wp-content\/uploads\/2025\/12\/dwp08-ins.webp 500w, https:\/\/tangooled.com\/wp-content\/uploads\/2025\/12\/dwp08-ins-300x300.webp 300w, https:\/\/tangooled.com\/wp-content\/uploads\/2025\/12\/dwp08-ins-150x150.webp 150w\" sizes=\"auto, (max-width: 500px) 100vw, 500px\" \/><\/figure><\/div>\n<\/div>\n\n\n\n<div class=\"wp-block-group has-background\" style=\"background-color:#f1f1f1f2;padding-top:var(--wp--preset--spacing--80);padding-bottom:var(--wp--preset--spacing--80)\"><div class=\"wp-block-group__inner-container is-layout-constrained wp-block-group-is-layout-constrained\">\n<h2 class=\"wp-block-heading\" style=\"padding-top:var(--wp--preset--spacing--40);padding-bottom:var(--wp--preset--spacing--40);font-size:25px;font-style:normal;font-weight:600\">Top-Anwendungen f\u00fcr das Innen-Eckfliesenverkleidungs-LED-Profil<\/h2>\n\n\n\n<ul class=\"wp-block-list\">\n<li>K\u00fcchenr\u00fcckw\u00e4nde: Verwenden Sie helles Arbeits- oder Akzentlicht, um die Ecken Ihrer Arbeitsplatte hervorzuheben.<\/li>\n\n\n\n<li>Flure und Treppen: Beleuchtete Linien entlang von Stufen und Ecken machen sie sicherer und moderner.<\/li>\n\n\n\n<li>Cove-Beleuchtung an Decken und W\u00e4nden: Verwenden Sie indirektes Ecklicht, um die Decken h\u00f6her wirken zu lassen.<\/li>\n\n\n\n<li>Wechsel zwischen W\u00e4nden und B\u00f6den: Erstellen Sie beleuchtete Sockelleisten oder -verkleidungen.<\/li>\n\n\n\n<li>Einzelhandels- und Gesch\u00e4ftsauslagen: Verwenden Sie Beleuchtung, um Regale, Auslagen und architektonische Kanten hervorzuheben.<\/li>\n<\/ul>\n<\/div><\/div>\n\n\n\n<div class=\"wp-block-group is-vertical is-layout-flex wp-container-core-group-is-layout-d255d7c4 wp-block-group-is-layout-flex\" style=\"padding-top:var(--wp--preset--spacing--80);padding-bottom:var(--wp--preset--spacing--80)\">\n<h2 class=\"wp-block-heading\" style=\"font-size:25px;font-style:normal;font-weight:600;text-transform:capitalize\">Verwandte Produkte, die Ihnen gefallen k\u00f6nnten<\/h2>\n\n\n\n<ul class=\"wp-block-list\">\n<li><a href=\"https:\/\/tangooled.com\/de\/product\/black-led-diffuser-aluminum-channel-for-12mm-tape-lights\/\"><mark style=\"background-color:rgba(0, 0, 0, 0)\" class=\"has-inline-color has-vivid-red-color\">Schwarzes LED-Diffusor-Aluminiumprofil f\u00fcr 12 mm Tape-Lights<\/mark><\/a> \u2014 Perfect match for dark designs.<\/li>\n\n\n\n<li><a href=\"https:\/\/tangooled.com\/de\/product\/18x18mm-led-strip-corner-profile-for-12mm-led-strips\/\"><mark style=\"background-color:rgba(0, 0, 0, 0)\" class=\"has-inline-color has-vivid-red-color\">18x18 mm LED-Streifen-Eckprofil f\u00fcr 12 mm LED-Streifen<\/mark><\/a> \u2014 Great for sharp corner lighting.<\/li>\n\n\n\n<li><a href=\"https:\/\/tangooled.com\/de\/product\/led-profile-under-cabinet-corner-lighting-for-led-strip-12mm\/\"><mark style=\"background-color:rgba(0, 0, 0, 0)\" class=\"has-inline-color has-vivid-red-color\">LED-Profil f\u00fcr Unterbau-Eckenbeleuchtung f\u00fcr 12 mm LED-Streifen<\/mark><\/a> \u2014 Ideal for kitchen under cabinet corners.<\/li>\n<\/ul>\n<\/div>\n\n\n\n<p><\/p>","protected":false},"featured_media":13738,"template":"","meta":{"_acf_changed":true,"_seopress_robots_primary_cat":"none","_seopress_titles_title":"Inside Corner Tile Trim LED Profile | 12mm Internal Corner DWP08 | TANGOOLED","_seopress_titles_desc":"The DWP08 is a specialized inside corner tile trim led profile for 12mm strips. Perfect for creating ambient lighting in tile corners of bathrooms and showers while providing a clean trim finish.","_seopress_robots_index":""},"pcb-width":[228],"product-cat":[197],"class_list":{"0":"post-42633","1":"product","2":"type-product","3":"status-publish","4":"has-post-thumbnail","6":"pcb-width-6-12mm","7":"product-cat-plaster-in-profile"},"acf":[],"_links":{"self":[{"href":"https:\/\/tangooled.com\/de\/wp-json\/wp\/v2\/product\/42633","targetHints":{"allow":["GET"]}}],"collection":[{"href":"https:\/\/tangooled.com\/de\/wp-json\/wp\/v2\/product"}],"about":[{"href":"https:\/\/tangooled.com\/de\/wp-json\/wp\/v2\/types\/product"}],"wp:featuredmedia":[{"embeddable":true,"href":"https:\/\/tangooled.com\/de\/wp-json\/wp\/v2\/media\/13738"}],"wp:attachment":[{"href":"https:\/\/tangooled.com\/de\/wp-json\/wp\/v2\/media?parent=42633"}],"wp:term":[{"taxonomy":"pcb-width","embeddable":true,"href":"https:\/\/tangooled.com\/de\/wp-json\/wp\/v2\/pcb-width?post=42633"},{"taxonomy":"product-cat","embeddable":true,"href":"https:\/\/tangooled.com\/de\/wp-json\/wp\/v2\/product-cat?post=42633"}],"curies":[{"name":"wp","href":"https:\/\/api.w.org\/{rel}","templated":true}]}}