{"id":42628,"date":"2025-12-23T05:26:22","date_gmt":"2025-12-23T13:26:22","guid":{"rendered":"https:\/\/tangooled.com\/?post_type=product&#038;p=42628"},"modified":"2026-01-27T20:09:10","modified_gmt":"2026-01-28T04:09:10","slug":"outside-corner-tile-led-strip-profile-for-12mm-light-tape","status":"publish","type":"product","link":"https:\/\/tangooled.com\/de\/product\/outside-corner-tile-led-strip-profile-for-12mm-light-tape\/","title":{"rendered":"Au\u00dfen-Eckfliesen LED-Profil f\u00fcr 12 mm Lichtband"},"content":{"rendered":"<div class=\"wp-block-group is-vertical is-layout-flex wp-container-core-group-is-layout-d255d7c4 wp-block-group-is-layout-flex\" style=\"padding-top:var(--wp--preset--spacing--80);padding-bottom:var(--wp--preset--spacing--80)\">\n<p>Our DWP07 Outside corner tile LED profile will make your tiled corners glow. This high-quality aluminum\u00a0profile is made to hold and protect your 12mm light tape while making the corners of your outdoor tiles seem clean and smooth. It is 46.8mm broad and 21.5mm deep. The profile is made of durable anodized aluminum, which functions as a heat sink to keep your LEDs cool and safe. The inbuilt opal diffuser makes the light gentle and dot-free, which makes it great for kitchens, baths, staircases, and other tiled areas.<\/p>\n<\/div>\n\n\n\n<div class=\"wp-block-group has-background is-vertical is-layout-flex wp-container-core-group-is-layout-d255d7c4 wp-block-group-is-layout-flex\" style=\"background-color:#f1f1f1;padding-top:var(--wp--preset--spacing--80);padding-bottom:var(--wp--preset--spacing--80)\">\n<div class=\"wp-block-group is-vertical is-layout-flex wp-container-core-group-is-layout-8cf370e7 wp-block-group-is-layout-flex\">\n<h2 class=\"wp-block-heading\" style=\"padding-top:var(--wp--preset--spacing--40);padding-bottom:var(--wp--preset--spacing--40);font-size:25px;font-style:normal;font-weight:600;text-transform:capitalize\">Warum Sie dieses Au\u00dfen-Eckfliesen LED-Profil ben\u00f6tigen<\/h2>\n\n\n\n<ul class=\"wp-block-list\">\n<li>Verhindert, dass Fliesenecken abplatzen und rei\u00dfen.<\/li>\n\n\n\n<li>Verleiht Ihren Lichtkanten einen modernen, eleganten Look.<\/li>\n\n\n\n<li>Die perforierte Flansch haftet effektiv im Fliesenkleber, was sie sehr robust macht.<\/li>\n\n\n\n<li>Kann sowohl in nassen als auch in trockenen Bereichen verwendet werden.<\/li>\n\n\n\n<li>L\u00e4sst die Beleuchtung in Ihrem Badezimmer, Ihrer K\u00fcche, Ihrem Treppenhaus oder an der Wand scharf und brillant aussehen.<\/li>\n\n\n\n<li>Funktioniert mit vielen SMD- oder COB-LED-B\u00e4ndern, um ein leuchtendes Ergebnis ohne Punkte zu erzielen.<\/li>\n<\/ul>\n<\/div>\n<\/div>\n\n\n\n<div class=\"wp-block-group is-vertical is-layout-flex wp-container-core-group-is-layout-d255d7c4 wp-block-group-is-layout-flex\" style=\"padding-top:var(--wp--preset--spacing--80);padding-bottom:var(--wp--preset--spacing--80)\">\n<hr class=\"wp-block-separator has-alpha-channel-opacity\"\/>\n\n\n\n<div class=\"wp-block-media-text has-media-on-the-right is-stacked-on-mobile\" style=\"grid-template-columns:auto 40%\"><div class=\"wp-block-media-text__content\">\n<h2 class=\"wp-block-heading\" style=\"padding-top:var(--wp--preset--spacing--40);padding-bottom:var(--wp--preset--spacing--40);font-size:25px;font-style:normal;font-weight:600;text-transform:capitalize\">Installation<\/h2>\n\n\n\n<ul class=\"wp-block-list\">\n<li>Stellen Sie sicher, dass die Ecke der Fliese sauber und trocken ist.<\/li>\n\n\n\n<li>Verwenden Sie Fliesenkleber oder D\u00fcnnbettm\u00f6rtel, um die perforierte Flansch an Ort und Stelle zu installieren.<\/li>\n\n\n\n<li>Warten Sie, bis der Kleber trocken ist, bevor Sie das LED-Band in den Kanal einsetzen.<\/li>\n\n\n\n<li>Setzen Sie den opalen Diffusor auf das Profil, indem Sie ihn einrasten.<\/li>\n\n\n\n<li>Verwenden Sie die Endkappen, um die Enden zu sichern. Wenn der Bereich feucht ist, verwenden Sie Silikon, um die Kanten abzudichten.<\/li>\n\n\n\n<li>Schlie\u00dfen Sie die LED-B\u00e4nder an die Stromversorgung an und nutzen Sie Dimmer oder Smart-Controls f\u00fcr optimale Ergebnisse.<\/li>\n<\/ul>\n<\/div><figure class=\"wp-block-media-text__media\"><img loading=\"lazy\" decoding=\"async\" width=\"500\" height=\"500\" src=\"https:\/\/tangooled.com\/wp-content\/uploads\/2025\/12\/dwp07-ins.webp\" alt=\"outside corner tile led strip profile for 12mm light tape\" class=\"wp-image-42805 size-full\" srcset=\"https:\/\/tangooled.com\/wp-content\/uploads\/2025\/12\/dwp07-ins.webp 500w, https:\/\/tangooled.com\/wp-content\/uploads\/2025\/12\/dwp07-ins-300x300.webp 300w, https:\/\/tangooled.com\/wp-content\/uploads\/2025\/12\/dwp07-ins-150x150.webp 150w\" sizes=\"auto, (max-width: 500px) 100vw, 500px\" \/><\/figure><\/div>\n<\/div>\n\n\n\n<div class=\"wp-block-group has-background is-vertical is-layout-flex wp-container-core-group-is-layout-b429018a wp-block-group-is-layout-flex\" style=\"background-color:#f1f1f1f2;padding-top:var(--wp--preset--spacing--70);padding-bottom:var(--wp--preset--spacing--70)\">\n<h2 class=\"wp-block-heading\" style=\"padding-top:var(--wp--preset--spacing--40);padding-bottom:var(--wp--preset--spacing--40);font-size:25px;font-style:normal;font-weight:600\">Wo Sie das Au\u00dfen-Eckfliesen LED-Profil verwenden k\u00f6nnen<\/h2>\n\n\n\n<p>Sie k\u00f6nnen dieses Au\u00dfen-Eckfliesen LED-Profil in vielen Bereichen verwenden, wo Fliese und Licht aufeinandertreffen:<\/p>\n\n\n\n<ul class=\"wp-block-list\">\n<li>Nassr\u00e4ume und Duschen: F\u00fcgen Sie Licht zu den Ecken Ihrer Duschw\u00e4nde oder Nischen hinzu.<\/li>\n\n\n\n<li>K\u00fcchen-R\u00fcckw\u00e4nde: F\u00fcgen Sie Licht zu den R\u00e4ndern der R\u00fcckwand hinzu.<\/li>\n\n\n\n<li>Geflieste Stufen: Bringen Sie sie an den Seiten der Treppen an, um sie sicherer und ansprechender zu gestalten.<\/li>\n\n\n\n<li>Wandakzente und Nischen: Pr\u00e4sentieren Sie geflieste Ecken an W\u00e4nden oder zeigen Sie Nischen.<\/li>\n\n\n\n<li>Sockelleisten und Fu\u00dfleisten: Lassen Sie die R\u00e4nder der Fliesen dort leuchten, wo sie auf den Boden oder die Wand treffen.<\/li>\n<\/ul>\n<\/div>\n\n\n\n<div class=\"wp-block-group is-vertical is-layout-flex wp-container-core-group-is-layout-d255d7c4 wp-block-group-is-layout-flex\" style=\"padding-top:var(--wp--preset--spacing--80);padding-bottom:var(--wp--preset--spacing--80)\">\n<h2 class=\"wp-block-heading\" style=\"padding-top:var(--wp--preset--spacing--40);padding-bottom:var(--wp--preset--spacing--40);font-size:25px;font-style:normal;font-weight:600;text-transform:capitalize\">Verwandte Produkte und weitere Informationen<\/h2>\n\n\n\n<ul class=\"wp-block-list\">\n<li><a href=\"https:\/\/tangooled.com\/de\/product\/black-led-diffuser-aluminum-channel-for-12mm-tape-lights\/\"><mark style=\"background-color:rgba(0, 0, 0, 0)\" class=\"has-inline-color has-vivid-red-color\">Schwarzer LED-Diffusor Aluminiumkanal f\u00fcr 12 mm Lichtb\u00e4nder<\/mark><\/a>- perfekt f\u00fcr elegante schwarze Oberfl\u00e4chen.<\/li>\n\n\n\n<li><a href=\"https:\/\/tangooled.com\/de\/product\/18x18mm-led-strip-corner-profile-for-12mm-led-strips\/\"><mark style=\"background-color:rgba(0, 0, 0, 0)\" class=\"has-inline-color has-vivid-red-color\">18x18 mm LED-Streifen-Eckprofil f\u00fcr 12 mm Lichtband<\/mark><\/a>- eine weitere gro\u00dfartige Option.<\/li>\n\n\n\n<li><a href=\"https:\/\/tangooled.com\/de\/product\/aluminum-drywall-led-skirting-profile-for-12mm-tape-light\/\"><mark style=\"background-color:rgba(0, 0, 0, 0)\" class=\"has-inline-color has-vivid-red-color\">Aluminium-Drywall LED Sockelleistenprofil f\u00fcr 12 mm Lichtband<\/mark><\/a> \u2013 for use around drywall edges.<\/li>\n\n\n\n<li><a href=\"https:\/\/tangooled.com\/de\/product\/led-profile-under-cabinet-corner-lighting-for-led-strip-12mm\/\"><mark style=\"background-color:rgba(0, 0, 0, 0)\" class=\"has-inline-color has-vivid-red-color\">LED-Profil f\u00fcr untere Schrank-Ecken-Beleuchtung f\u00fcr LED-Streifen 12 mm<\/mark><\/a> \u2013 good for kitchen cabinet accent lighting.<\/li>\n<\/ul>\n<\/div>\n\n\n\n<div class=\"wp-block-group has-background\" style=\"background-color:#f1f1f1;padding-top:var(--wp--preset--spacing--80);padding-bottom:var(--wp--preset--spacing--80)\"><div class=\"wp-block-group__inner-container is-layout-constrained wp-block-group-is-layout-constrained\">\n<h2 class=\"wp-block-heading\" style=\"padding-top:var(--wp--preset--spacing--40);padding-bottom:var(--wp--preset--spacing--40);font-size:25px;font-style:normal;font-weight:600;text-transform:capitalize\">Zusammenfassung<\/h2>\n\n\n\n<p style=\"padding-right:var(--wp--preset--spacing--50);padding-left:var(--wp--preset--spacing--50)\">Dieses Au\u00dfen-Eckfliesen LED-Profil f\u00fcr 12 mm Lichtband ist der beste Weg, um Fliesenecken ordentlich und dauerhaft zu beleuchten. Es sch\u00fctzt Fliesen, verbessert die Leistung der LEDs und sieht sowohl in Wohnh\u00e4usern als auch in Unternehmen hervorragend aus. Die Installation ist dank des robusten Aluminiumgeh\u00e4uses, des glatten Diffusors und des fliesenfreundlichen Flansches einfach und langlebig. Verwenden Sie es f\u00fcr die besten Ergebnisse mit hochwertigen LED-Streifenlichtern und achten Sie darauf, es in nassen Bereichen gut abzudichten.<\/p>\n<\/div><\/div>\n\n\n\n<p><\/p>","protected":false},"featured_media":13733,"template":"","meta":{"_acf_changed":true,"_seopress_robots_primary_cat":"none","_seopress_titles_title":"Outside Corner Tile LED Profile | 12mm LED Tile Trim Channel DWP07 | TANGOOLED","_seopress_titles_desc":"The DWP07 is a premium outside corner tile led profile designed for 12mm light tapes. This aluminum tile trim profile protects tile edges while providing seamless corner lighting in bathrooms and kitchens.","_seopress_robots_index":""},"pcb-width":[228],"product-cat":[197],"class_list":{"0":"post-42628","1":"product","2":"type-product","3":"status-publish","4":"has-post-thumbnail","6":"pcb-width-6-12mm","7":"product-cat-plaster-in-profile"},"acf":[],"_links":{"self":[{"href":"https:\/\/tangooled.com\/de\/wp-json\/wp\/v2\/product\/42628","targetHints":{"allow":["GET"]}}],"collection":[{"href":"https:\/\/tangooled.com\/de\/wp-json\/wp\/v2\/product"}],"about":[{"href":"https:\/\/tangooled.com\/de\/wp-json\/wp\/v2\/types\/product"}],"wp:featuredmedia":[{"embeddable":true,"href":"https:\/\/tangooled.com\/de\/wp-json\/wp\/v2\/media\/13733"}],"wp:attachment":[{"href":"https:\/\/tangooled.com\/de\/wp-json\/wp\/v2\/media?parent=42628"}],"wp:term":[{"taxonomy":"pcb-width","embeddable":true,"href":"https:\/\/tangooled.com\/de\/wp-json\/wp\/v2\/pcb-width?post=42628"},{"taxonomy":"product-cat","embeddable":true,"href":"https:\/\/tangooled.com\/de\/wp-json\/wp\/v2\/product-cat?post=42628"}],"curies":[{"name":"wp","href":"https:\/\/api.w.org\/{rel}","templated":true}]}}