{"id":42606,"date":"2025-12-23T02:20:43","date_gmt":"2025-12-23T10:20:43","guid":{"rendered":"https:\/\/tangooled.com\/?post_type=product&#038;p=42606"},"modified":"2026-02-01T22:12:19","modified_gmt":"2026-02-02T06:12:19","slug":"ceiling-plaster-in-led-profile-for-9mm-deep-groove","status":"publish","type":"product","link":"https:\/\/tangooled.com\/de\/product\/ceiling-plaster-in-led-profile-for-9mm-deep-groove\/","title":{"rendered":"Deckenputz in LED-Profil f\u00fcr 9 mm tiefe Nut"},"content":{"rendered":"<div class=\"wp-block-group is-vertical is-layout-flex wp-container-core-group-is-layout-d255d7c4 wp-block-group-is-layout-flex\" style=\"padding-top:var(--wp--preset--spacing--80);padding-bottom:var(--wp--preset--spacing--80)\">\n<p>Our 9mm deep plaster in LED profile is aimed to make ceilings look clean and modern by adding lighting that doesn&#8217;t have seams or trim. The profile is 56.6mm wide and 13.1mm deep, so it fits well into walls and plasterboard and entirely covers the fixture. It is composed of high-quality anodized aluminum 6063-T5 and has a wide flange so it may be flush-mounted. It also helps keep LED strips cool and makes them last longer by acting as a heat sink. The opal diffuser softens the light and removes dots, making it great for usage in architecture.<\/p>\n<\/div>\n\n\n\n<div class=\"wp-block-group has-background is-vertical is-layout-flex wp-container-core-group-is-layout-d255d7c4 wp-block-group-is-layout-flex\" style=\"background-color:#f1f1f1;padding-top:var(--wp--preset--spacing--80);padding-bottom:var(--wp--preset--spacing--80)\">\n<div class=\"wp-block-group is-vertical is-layout-flex wp-container-core-group-is-layout-8cf370e7 wp-block-group-is-layout-flex\">\n<h2 class=\"wp-block-heading\" style=\"padding-top:var(--wp--preset--spacing--40);padding-bottom:var(--wp--preset--spacing--40);font-size:25px;font-style:normal;font-weight:600;text-transform:capitalize\">Warum sollten Sie unser 9 mm tiefes Putz-In-LED-Profil w\u00e4hlen?<\/h2>\n\n\n\n<ul class=\"wp-block-list\">\n<li>Funktioniert perfekt mit Rigips oder Trockenbau, um den Effekt zu verbergen.<\/li>\n\n\n\n<li>Eloxiertes Aluminium hilft, W\u00e4rme besser zu halten.<\/li>\n\n\n\n<li>Kommt mit Endkappen f\u00fcr ein sauberes Aussehen.<\/li>\n\n\n\n<li>Kann mit COB-LED-Streifen, gew\u00f6hnlichen LED-Streifen und Hochleistungs-LED-Streifen bis zu 12 mm Breite verwendet werden.<\/li>\n\n\n\n<li>Funktioniert mit RGB+W und dimmbaren Technologien, sodass Sie die Stimmung mit Ihren Lichtern \u00e4ndern k\u00f6nnen.<\/li>\n\n\n\n<li>Wird gut f\u00fcr Ambient-, Arbeits- und Akzentbeleuchtung verwendet.<\/li>\n<\/ul>\n<\/div>\n<\/div>\n\n\n\n<div class=\"wp-block-group is-vertical is-layout-flex wp-container-core-group-is-layout-d255d7c4 wp-block-group-is-layout-flex\" style=\"padding-top:var(--wp--preset--spacing--80);padding-bottom:var(--wp--preset--spacing--80)\">\n<hr class=\"wp-block-separator has-alpha-channel-opacity\"\/>\n\n\n\n<div class=\"wp-block-media-text has-media-on-the-right is-stacked-on-mobile\" style=\"grid-template-columns:auto 40%\"><div class=\"wp-block-media-text__content\">\n<h2 class=\"wp-block-heading\" style=\"padding-top:var(--wp--preset--spacing--40);padding-bottom:var(--wp--preset--spacing--40);font-size:25px;font-style:normal;font-weight:600;text-transform:capitalize\">Wie dieser schlanke Decken-Nutkanal funktioniert<\/h2>\n\n\n\n<p>Dieser schlanke Decken-Nutkanal hat Fl\u00fcgel mit L\u00f6chern, die in Putz- oder Spachtelschichten eindringen. Dies erleichtert es, den Putz bis zum Rand zu f\u00fchren, was Ihnen ein fugenloses, b\u00fcndig montiertes Finish ohne L\u00fccken oder sichtbare Kanten gibt. Er arbeitet mit dem opalen LED-Diffusor zusammen, um gleichm\u00e4\u00dfige, punktfreie LED-Lichtlinien zu liefern, die ideal f\u00fcr moderne architektonische Beleuchtung sind. Er passt gut zu Lichtleisten, Wandverlaufseffekten und anderen Arten der indirekten Beleuchtung.<\/p>\n<\/div><figure class=\"wp-block-media-text__media\"><img loading=\"lazy\" decoding=\"async\" width=\"500\" height=\"500\" src=\"https:\/\/tangooled.com\/wp-content\/uploads\/2025\/12\/dwp06-ins.webp\" alt=\"ceiling plaster in led profile for 9mm deep groove\" class=\"wp-image-42784 size-full\" srcset=\"https:\/\/tangooled.com\/wp-content\/uploads\/2025\/12\/dwp06-ins.webp 500w, https:\/\/tangooled.com\/wp-content\/uploads\/2025\/12\/dwp06-ins-300x300.webp 300w, https:\/\/tangooled.com\/wp-content\/uploads\/2025\/12\/dwp06-ins-150x150.webp 150w\" sizes=\"auto, (max-width: 500px) 100vw, 500px\" \/><\/figure><\/div>\n<\/div>\n\n\n\n<div class=\"wp-block-group has-background is-vertical is-layout-flex wp-container-core-group-is-layout-b429018a wp-block-group-is-layout-flex\" style=\"background-color:#f1f1f1f2;padding-top:var(--wp--preset--spacing--70);padding-bottom:var(--wp--preset--spacing--70)\">\n<h2 class=\"wp-block-heading\" style=\"padding-top:var(--wp--preset--spacing--40);padding-bottom:var(--wp--preset--spacing--40);font-size:25px;font-style:normal;font-weight:600\">Ideale Nutzungsszenarien<\/h2>\n\n\n\n<p>Unser 9 mm tiefes Putz-in-LED-Profil ist perfekt f\u00fcr viele Beleuchtungsprojekte, wie:<\/p>\n\n\n\n<ul class=\"wp-block-list\">\n<li>Minimalistische Decken- und Wandbeleuchtung: Schaffen Sie elegante, verborgene Lichtlinien in Wohn- und Arbeitsr\u00e4umen.<\/li>\n\n\n\n<li>\u00dcberg\u00e4nge von Wand zu Decke: Ideal f\u00fcr Lichtleisten und schwebende Deckeneffekte.<\/li>\n\n\n\n<li>Einzelhandels- und Gewerbefl\u00e4chen: Nutzen Sie architektonische Beleuchtung, um Gesch\u00e4fte und Ausstellungsr\u00e4ume ansprechender zu gestalten.<\/li>\n\n\n\n<li>Akzentbeleuchtung: Verwenden Sie sanftes, sauberes Licht, um Nischen, Deckenverkleidungen oder Regale hervorzuheben.<\/li>\n\n\n\n<li>Arbeitsbeleuchtung: Verwenden Sie es \u00fcber K\u00fccheninseln oder Arbeitsbereichen, um helles, aber nicht zu grelles Licht zu erhalten.<\/li>\n<\/ul>\n<\/div>\n\n\n\n<div class=\"wp-block-group is-vertical is-layout-flex wp-container-core-group-is-layout-d255d7c4 wp-block-group-is-layout-flex\" style=\"padding-top:var(--wp--preset--spacing--80);padding-bottom:var(--wp--preset--spacing--80)\">\n<h2 class=\"wp-block-heading\" style=\"padding-top:var(--wp--preset--spacing--40);padding-bottom:var(--wp--preset--spacing--40);font-size:25px;font-style:normal;font-weight:600;text-transform:capitalize\">Verwandte Tangooled-Produkte<\/h2>\n\n\n\n<ul class=\"wp-block-list\">\n<li>Schlankes Putz-in-LED-Deckenprofil f\u00fcr 8 mm LED-Streifen<\/li>\n\n\n\n<li>Rigips-LED-Profil f\u00fcr 12 mm Decken-Nut<\/li>\n\n\n\n<li>18x9mm LED-Bandprofil f\u00fcr die Oberfl\u00e4chenmontage<\/li>\n\n\n\n<li>Schwarzes LED-Profil mit schwarzem Diffusor f\u00fcr 10mm LED-Streifen<\/li>\n<\/ul>\n<\/div>\n\n\n\n<div class=\"wp-block-group has-background\" style=\"background-color:#f1f1f1;padding-top:var(--wp--preset--spacing--80);padding-bottom:var(--wp--preset--spacing--80)\"><div class=\"wp-block-group__inner-container is-layout-constrained wp-block-group-is-layout-constrained\">\n<h2 class=\"wp-block-heading\" style=\"padding-top:var(--wp--preset--spacing--40);padding-bottom:var(--wp--preset--spacing--40);font-size:25px;font-style:normal;font-weight:600;text-transform:capitalize\">Zusammenfassung<\/h2>\n\n\n\n<p style=\"padding-right:var(--wp--preset--spacing--50);padding-left:var(--wp--preset--spacing--50)\">Dieses 9 mm tiefe Putz-in-LED-Profil ist der beste Weg, um LED-Lichter in Decken und W\u00e4nden ohne Leisten zu installieren. Mit seinem Aluminiumprofil, dem opalen Diffusor und der einfachen Installation k\u00f6nnen Sie wundersch\u00f6ne architektonische Beleuchtung schaffen. Dieses Profil eignet sich gut f\u00fcr Decken aus Trockenbau, Rigipsplatten oder Gips und kann LED-Streifen in verschiedenen Farben und Typen tragen.<\/p>\n<\/div><\/div>\n\n\n\n<p><\/p>","protected":false},"featured_media":13728,"template":"","meta":{"_acf_changed":true,"_seopress_robots_primary_cat":"none","_seopress_titles_title":"9mm Deep Plaster-in LED Profile | Slim Ceiling Groove Channel DWP06","_seopress_titles_desc":"The DWP06 is a slim 9mm deep plaster in led profile designed for shallow ceiling grooves. This trimless aluminum channel provides a seamless finish in thin plasterboards without structural interference.","_seopress_robots_index":""},"pcb-width":[228],"product-cat":[197],"class_list":{"0":"post-42606","1":"product","2":"type-product","3":"status-publish","4":"has-post-thumbnail","6":"pcb-width-6-12mm","7":"product-cat-plaster-in-profile"},"acf":[],"_links":{"self":[{"href":"https:\/\/tangooled.com\/de\/wp-json\/wp\/v2\/product\/42606","targetHints":{"allow":["GET"]}}],"collection":[{"href":"https:\/\/tangooled.com\/de\/wp-json\/wp\/v2\/product"}],"about":[{"href":"https:\/\/tangooled.com\/de\/wp-json\/wp\/v2\/types\/product"}],"wp:featuredmedia":[{"embeddable":true,"href":"https:\/\/tangooled.com\/de\/wp-json\/wp\/v2\/media\/13728"}],"wp:attachment":[{"href":"https:\/\/tangooled.com\/de\/wp-json\/wp\/v2\/media?parent=42606"}],"wp:term":[{"taxonomy":"pcb-width","embeddable":true,"href":"https:\/\/tangooled.com\/de\/wp-json\/wp\/v2\/pcb-width?post=42606"},{"taxonomy":"product-cat","embeddable":true,"href":"https:\/\/tangooled.com\/de\/wp-json\/wp\/v2\/product-cat?post=42606"}],"curies":[{"name":"wp","href":"https:\/\/api.w.org\/{rel}","templated":true}]}}