{"id":42605,"date":"2025-12-23T02:16:16","date_gmt":"2025-12-23T10:16:16","guid":{"rendered":"https:\/\/tangooled.com\/?post_type=product&#038;p=42605"},"modified":"2026-01-27T20:02:09","modified_gmt":"2026-01-28T04:02:09","slug":"inner-12mm-width-single-flange-led-plasterboard-profile","status":"publish","type":"product","link":"https:\/\/tangooled.com\/de\/product\/inner-12mm-width-single-flange-led-plasterboard-profile\/","title":{"rendered":"innere 12 mm breite Einflansch-LED-Gipskartonprofil"},"content":{"rendered":"<div class=\"wp-block-group is-vertical is-layout-flex wp-container-core-group-is-layout-d255d7c4 wp-block-group-is-layout-flex\" style=\"padding-top:var(--wp--preset--spacing--80);padding-bottom:var(--wp--preset--spacing--80)\">\n<p>Unser DWP05 Inner 12mm Width Einflansch-LED-Gipskartonprofil eignet sich hervorragend f\u00fcr die Schaffung von sanften, rahmenlosen Lichtlinien an W\u00e4nden und Decken. Dieses Aluminiumprofil ist f\u00fcr die Verkleidung vorgesehen, sodass der Kanal unter der Trockenbauwand verborgen bleibt und einen sauberen, modernen Effekt erzielt. Mit einer Breite von 36,0 mm und einer Tiefe von 11,3 mm passt der 12,2 mm breite innere Kanal perfekt f\u00fcr LED-Streifen bis zu 12 mm Breite. Das einzigartige Einflanschdesign erm\u00f6glicht es Ihnen, bis zur Licht\u00f6ffnung zu verputzen, um eine b\u00fcndige Oberfl\u00e4chenfinish zu erreichen. Hergestellt aus langlebigem 6063-T5 eloxiertem Aluminium gew\u00e4hrleistet es eine hervorragende W\u00e4rmeableitung und beinhaltet einen matten Diffusor f\u00fcr eine sanfte Lichtlinie.<\/p>\n<\/div>\n\n\n\n<div class=\"wp-block-group has-background is-vertical is-layout-flex wp-container-core-group-is-layout-d255d7c4 wp-block-group-is-layout-flex\" style=\"background-color:#f1f1f1;padding-top:var(--wp--preset--spacing--80);padding-bottom:var(--wp--preset--spacing--80)\">\n<div class=\"wp-block-group is-vertical is-layout-flex wp-container-core-group-is-layout-8cf370e7 wp-block-group-is-layout-flex\">\n<h2 class=\"wp-block-heading\" style=\"padding-top:var(--wp--preset--spacing--40);padding-bottom:var(--wp--preset--spacing--40);font-size:25px;font-style:normal;font-weight:600;text-transform:capitalize\">Warum dieses innere 12 mm LED-Gipskartonprofil w\u00e4hlen?<\/h2>\n\n\n\n<ul class=\"wp-block-list\">\n<li>Nahtlose Integrationsbeleuchtung: Das Aluminiumprofil, das in den Putz eingeht, ist vollst\u00e4ndig verborgen, sodass keine sichtbaren R\u00e4nder vorhanden sind.<\/li>\n\n\n\n<li>LED-Leuchten ohne Punkte: Verwenden Sie es mit hochdichten LED-Streifen, um sanftes, gleichm\u00e4\u00dfiges Licht zu erhalten.<\/li>\n\n\n\n<li>Stark und hitzeresistent: Der extrudierte Aluminiumkanal dient als K\u00fchlk\u00f6rper, damit die LEDs l\u00e4nger halten.<\/li>\n\n\n\n<li>Einfach zusammenzubauen: Schrauben Sie es einfach ein oder befestigen Sie es an der Trockenbauwand, decken Sie den Flansch mit Putz ab und streichen Sie. Als N\u00e4chstes setzen Sie den LED-Streifen ein und klicken den Diffusor auf.<\/li>\n\n\n\n<li>Minimalistisches Aussehen: Gro\u00dfartig f\u00fcr moderne Innenr\u00e4ume, die ein glattes, sauberes Finish ohne gro\u00dfe Verkleidungen erfordern.<\/li>\n\n\n\n<li>Ideal f\u00fcr Wandwaschprofile und Lichtkanaldesigns.<\/li>\n<\/ul>\n<\/div>\n<\/div>\n\n\n\n<div class=\"wp-block-group is-vertical is-layout-flex wp-container-core-group-is-layout-d255d7c4 wp-block-group-is-layout-flex\" style=\"padding-top:var(--wp--preset--spacing--80);padding-bottom:var(--wp--preset--spacing--80)\">\n<hr class=\"wp-block-separator has-alpha-channel-opacity\"\/>\n\n\n\n<div class=\"wp-block-media-text has-media-on-the-right is-stacked-on-mobile\" style=\"grid-template-columns:auto 40%\"><div class=\"wp-block-media-text__content\">\n<h2 class=\"wp-block-heading\" style=\"padding-top:var(--wp--preset--spacing--40);padding-bottom:var(--wp--preset--spacing--40);font-size:25px;font-style:normal;font-weight:600;text-transform:capitalize\">Wie man das 12 mm Innere Breite LED-Gipskartonprofil verwendet<\/h2>\n\n\n\n<ul class=\"wp-block-list\">\n<li>Schneiden Sie die Aluminiumextrusion auf die richtige L\u00e4nge.<\/li>\n\n\n\n<li>Befestigen Sie den Einflansch an der Trockenbauwand oder dem Gipskarton.<\/li>\n\n\n\n<li>Put plaster over the perforated flange to make the LED extrusion look like it&#8217;s flush.<\/li>\n\n\n\n<li>Schmirgeln Sie die Oberfl\u00e4che glatt und streichen Sie sie, um das Profil zu verdecken.<\/li>\n\n\n\n<li>Setzen Sie Ihren LED-Streifen (bis zu 12 mm Breite) in den Kanal ein.<\/li>\n\n\n\n<li>Befestigen Sie den opalen Diffusor an der Leuchte, um eine gleichm\u00e4\u00dfige Verteilung zu erzielen und einen sch\u00f6nen Glanz zu erzeugen.<\/li>\n<\/ul>\n<\/div><figure class=\"wp-block-media-text__media\"><img loading=\"lazy\" decoding=\"async\" width=\"500\" height=\"500\" src=\"https:\/\/tangooled.com\/wp-content\/uploads\/2025\/12\/dwp05-ins.webp\" alt=\"innere 12 mm breite Einflansch-LED-Gipskartonprofil\" class=\"wp-image-42781 size-full\" srcset=\"https:\/\/tangooled.com\/wp-content\/uploads\/2025\/12\/dwp05-ins.webp 500w, https:\/\/tangooled.com\/wp-content\/uploads\/2025\/12\/dwp05-ins-300x300.webp 300w, https:\/\/tangooled.com\/wp-content\/uploads\/2025\/12\/dwp05-ins-150x150.webp 150w\" sizes=\"auto, (max-width: 500px) 100vw, 500px\" \/><\/figure><\/div>\n<\/div>\n\n\n\n<div class=\"wp-block-group has-background is-vertical is-layout-flex wp-container-core-group-is-layout-b429018a wp-block-group-is-layout-flex\" style=\"background-color:#f1f1f1f2;padding-top:var(--wp--preset--spacing--70);padding-bottom:var(--wp--preset--spacing--70)\">\n<h2 class=\"wp-block-heading\" style=\"padding-top:var(--wp--preset--spacing--40);padding-bottom:var(--wp--preset--spacing--40);font-size:25px;font-style:normal;font-weight:600\">Wo kann es verwendet werden?<\/h2>\n\n\n\n<ul class=\"wp-block-list\">\n<li>Beleuchtung, die in W\u00e4nden und Decken integriert ist.<\/li>\n\n\n\n<li>Erstellen von Schattenfalzprofilen oder rahmenlosen LED-Profilen.&nbsp;<\/li>\n\n\n\n<li>Hintergrundbeleuchtung und Akzentbeleuchtung in Wohn- und Gesch\u00e4ftsr\u00e4umen.<\/li>\n\n\n\n<li>Moderne, professionelle Beleuchtung im B\u00fcro, Hotel und Gesch\u00e4ft.&nbsp;<\/li>\n\n\n\n<li>Nahtlose lineare LED-Profile f\u00fcr Wandwasch- und indirekte Ambientebeleuchtung.<\/li>\n<\/ul>\n<\/div>\n\n\n\n<div class=\"wp-block-group is-vertical is-layout-flex wp-container-core-group-is-layout-d255d7c4 wp-block-group-is-layout-flex\" style=\"padding-top:var(--wp--preset--spacing--80);padding-bottom:var(--wp--preset--spacing--80)\">\n<h2 class=\"wp-block-heading\" style=\"padding-top:var(--wp--preset--spacing--40);padding-bottom:var(--wp--preset--spacing--40);font-size:25px;font-style:normal;font-weight:600;text-transform:capitalize\">Verwandte Produkte, die Ihnen gefallen k\u00f6nnten<\/h2>\n\n\n\n<p>Entdecken Sie \u00e4hnliche Beleuchtungsprofile und Zubeh\u00f6r aus unserer Kollektion:<\/p>\n\n\n\n<ul class=\"wp-block-list\">\n<li><a href=\"https:\/\/tangooled.com\/de\/product\/black-led-diffuser-aluminum-channel-for-12mm-tape-lights\/\"><mark style=\"background-color:rgba(0, 0, 0, 0)\" class=\"has-inline-color has-vivid-red-color\">Schwarzes LED-Diffusor-Aluminiumprofil f\u00fcr 12 mm LED-Band<\/mark><\/a><\/li>\n\n\n\n<li><a href=\"https:\/\/tangooled.com\/de\/product\/aluminum-profile-with-60-degree-lens-led-diffuser\/\"><mark style=\"background-color:rgba(0, 0, 0, 0)\" class=\"has-inline-color has-vivid-red-color\">Aluminiumprofil mit 60-Grad-Linsendiffusor<\/mark>r<\/a><\/li>\n\n\n\n<li><a href=\"https:\/\/tangooled.com\/de\/product\/18x18mm-led-strip-corner-profile-for-12mm-led-strips\/\"><mark style=\"background-color:rgba(0, 0, 0, 0)\" class=\"has-inline-color has-vivid-red-color\">18x18mm LED-Streifen-Eckprofil f\u00fcr 12mm LED-Streifen<\/mark><\/a><\/li>\n<\/ul>\n<\/div>\n\n\n\n<div class=\"wp-block-group has-background\" style=\"background-color:#f1f1f1;padding-top:var(--wp--preset--spacing--80);padding-bottom:var(--wp--preset--spacing--80)\"><div class=\"wp-block-group__inner-container is-layout-constrained wp-block-group-is-layout-constrained\">\n<h2 class=\"wp-block-heading\" style=\"padding-top:var(--wp--preset--spacing--40);padding-bottom:var(--wp--preset--spacing--40);font-size:25px;font-style:normal;font-weight:600;text-transform:capitalize\">Zusammenfassung<\/h2>\n\n\n\n<p style=\"padding-right:var(--wp--preset--spacing--50);padding-left:var(--wp--preset--spacing--50)\">Architekten, Designer und Bauherren, die rahmenlose Einbauleuchten suchen, lieben unser inneres 12 mm breites Einflansch-LED-Gipskartonprofil. Es funktioniert hervorragend mit 12 mm LED-Streifen, l\u00e4sst W\u00e4rme entweichen und hinterl\u00e4sst ein sauberes, glattes Oberfl\u00e4chenfinish, das einfach zu installieren ist. Verwenden Sie es, um Ihre W\u00e4nde zu waschen, Ihren Kordon zu beleuchten oder jedes andere lineare LED-Projekt durchzuf\u00fchren, um Ihr Zuhause modern und modisch aussehen zu lassen.<\/p>\n<\/div><\/div>\n\n\n\n<p><\/p>","protected":false},"featured_media":13723,"template":"","meta":{"_acf_changed":true,"_seopress_robots_primary_cat":"none","_seopress_titles_title":"12mm Inner Width LED Plasterboard Profile | Single Flange DWP05","_seopress_titles_desc":"The DWP05 is a professional single flange led plasterboard profile featuring a 12mm inner width. Designed for edge installations and corner accents, this trimless aluminum channel fits 12mm LED strips perfectly.","_seopress_robots_index":""},"pcb-width":[228],"product-cat":[197],"class_list":{"0":"post-42605","1":"product","2":"type-product","3":"status-publish","4":"has-post-thumbnail","6":"pcb-width-6-12mm","7":"product-cat-plaster-in-profile"},"acf":[],"_links":{"self":[{"href":"https:\/\/tangooled.com\/de\/wp-json\/wp\/v2\/product\/42605","targetHints":{"allow":["GET"]}}],"collection":[{"href":"https:\/\/tangooled.com\/de\/wp-json\/wp\/v2\/product"}],"about":[{"href":"https:\/\/tangooled.com\/de\/wp-json\/wp\/v2\/types\/product"}],"wp:featuredmedia":[{"embeddable":true,"href":"https:\/\/tangooled.com\/de\/wp-json\/wp\/v2\/media\/13723"}],"wp:attachment":[{"href":"https:\/\/tangooled.com\/de\/wp-json\/wp\/v2\/media?parent=42605"}],"wp:term":[{"taxonomy":"pcb-width","embeddable":true,"href":"https:\/\/tangooled.com\/de\/wp-json\/wp\/v2\/pcb-width?post=42605"},{"taxonomy":"product-cat","embeddable":true,"href":"https:\/\/tangooled.com\/de\/wp-json\/wp\/v2\/product-cat?post=42605"}],"curies":[{"name":"wp","href":"https:\/\/api.w.org\/{rel}","templated":true}]}}