{"id":42603,"date":"2025-12-23T02:13:31","date_gmt":"2025-12-23T10:13:31","guid":{"rendered":"https:\/\/tangooled.com\/?post_type=product&#038;p=42603"},"modified":"2026-01-27T19:51:59","modified_gmt":"2026-01-28T03:51:59","slug":"led-plaster-profile-inside-corner-led-channel","status":"publish","type":"product","link":"https:\/\/tangooled.com\/de\/product\/led-plaster-profile-inside-corner-led-channel\/","title":{"rendered":"LED Gipsprofil f\u00fcr Innen-Ecken LED-Kanal-DWP04"},"content":{"rendered":"<div class=\"wp-block-group is-vertical is-layout-flex wp-container-core-group-is-layout-d255d7c4 wp-block-group-is-layout-flex\" style=\"padding-top:var(--wp--preset--spacing--80);padding-bottom:var(--wp--preset--spacing--80)\">\n<p>Unser LED Gipsprofil f\u00fcr Innen-Ecken ist einer der besten Aluminiumkan\u00e4le f\u00fcr die Installation von Gips in Trockenbau- und Gipskarton-Innenecken. Dieser b\u00fcndige Innen-Eckenkanal DWP04 verbirgt alle hardware- und beleuchtungsteile und sorgt f\u00fcr einen sauberen Lichtstrahl ohne sichtbare Kanten oder Abdeckungen. Der Querschnitt zeigt eine unregelm\u00e4\u00dfige V-Form, die gut in eine 90-Grad-Ecke passt. Die Hauptspezifikationen sind 46 mm breit, 25,5 mm tief und 9,7 mm breit f\u00fcr die Befestigung des Innenstreifens. Es wird intelligent genutzt, um den Punkt zu beleuchten, an dem sich zwei W\u00e4nde treffen, und sendet einen sanften, indirekten Lichtstrahl, der die W\u00e4nde darunter ausleuchtet. Dieses Design eignet sich hervorragend, um sanfte Lichteffekte an Geb\u00e4uden hinzuzuf\u00fcgen.<\/p>\n<\/div>\n\n\n\n<div class=\"wp-block-group has-background is-vertical is-layout-flex wp-container-core-group-is-layout-d255d7c4 wp-block-group-is-layout-flex\" style=\"background-color:#f1f1f1;padding-top:var(--wp--preset--spacing--80);padding-bottom:var(--wp--preset--spacing--80)\">\n<div class=\"wp-block-group is-vertical is-layout-flex wp-container-core-group-is-layout-8cf370e7 wp-block-group-is-layout-flex\">\n<h2 class=\"wp-block-heading\" style=\"padding-top:var(--wp--preset--spacing--40);padding-bottom:var(--wp--preset--spacing--40);font-size:25px;font-style:normal;font-weight:600;text-transform:capitalize\">Warum unser LED Gipsprofil f\u00fcr Innen-Ecken w\u00e4hlen?<\/h2>\n\n\n\n<ul class=\"wp-block-list\">\n<li>B\u00fcndig und Versenkt: Der Putz \u00fcber den L\u00f6chern in den Flanschen verleiht dem Profil ein sauberes, modernes Aussehen.<\/li>\n\n\n\n<li>Perfect Inside Corners: Made just for 90\u00b0 internal drywall corners, these are great for walls that meet ceilings or walls that meet walls.<\/li>\n\n\n\n<li>Licht ohne Punkte: Der opale PC-Diffusor macht das Licht weicher und beseitigt helle Flecken, wodurch es gleichm\u00e4\u00dfiger wird.<\/li>\n\n\n\n<li>Starkes Aluminium: Es sch\u00fctzt Ihre LED-Streifen, indem es als K\u00fchlk\u00f6rper fungiert und die Lebensdauer verl\u00e4ngert.<\/li>\n\n\n\n<li>Einfach zusammenzubauen: Bringen Sie es einfach am Trockenbau an, decken Sie es mit Putz ab und f\u00fcgen Sie dann die LED-Streifen und den Diffusor hinzu.<\/li>\n<\/ul>\n<\/div>\n<\/div>\n\n\n\n<div class=\"wp-block-group is-vertical is-layout-flex wp-container-core-group-is-layout-d255d7c4 wp-block-group-is-layout-flex\" style=\"padding-top:var(--wp--preset--spacing--80);padding-bottom:var(--wp--preset--spacing--80)\">\n<hr class=\"wp-block-separator has-alpha-channel-opacity\"\/>\n\n\n\n<div class=\"wp-block-media-text has-media-on-the-right is-stacked-on-mobile\" style=\"grid-template-columns:auto 40%\"><div class=\"wp-block-media-text__content\">\n<h2 class=\"wp-block-heading\" style=\"padding-top:var(--wp--preset--spacing--40);padding-bottom:var(--wp--preset--spacing--40);font-size:25px;font-style:normal;font-weight:600;text-transform:capitalize\">Wie man Ihr LED Gipsprofil f\u00fcr Innen-Ecken installiert<\/h2>\n\n\n\n<ul class=\"wp-block-list\">\n<li>Befestigen Sie den Aluminiumkanal mit Schrauben fest an der Innenecke Ihres Trockenbaus.<\/li>\n\n\n\n<li>Verputzen Sie vorsichtig die Flansche und verwenden Sie Fugenmasse, um die Kanten zu gl\u00e4tten, damit sie mit der Wand harmonieren.<\/li>\n\n\n\n<li>Sobald der Putz trocken und sauber ist, setzen Sie Ihren LED-Streifen in den Kanal ein.<\/li>\n\n\n\n<li>Setzen Sie den opalen Diffusor ein und stellen Sie sicher, dass der Lichteffekt perfekt und punktlos ist.<\/li>\n<\/ul>\n<\/div><figure class=\"wp-block-media-text__media\"><img loading=\"lazy\" decoding=\"async\" width=\"500\" height=\"500\" src=\"https:\/\/tangooled.com\/wp-content\/uploads\/2025\/12\/dwp04-ins.webp\" alt=\"led plaster profile inside corner led channel\" class=\"wp-image-42779 size-full\" srcset=\"https:\/\/tangooled.com\/wp-content\/uploads\/2025\/12\/dwp04-ins.webp 500w, https:\/\/tangooled.com\/wp-content\/uploads\/2025\/12\/dwp04-ins-300x300.webp 300w, https:\/\/tangooled.com\/wp-content\/uploads\/2025\/12\/dwp04-ins-150x150.webp 150w\" sizes=\"auto, (max-width: 500px) 100vw, 500px\" \/><\/figure><\/div>\n<\/div>\n\n\n\n<div class=\"wp-block-group has-background is-vertical is-layout-flex wp-container-core-group-is-layout-b429018a wp-block-group-is-layout-flex\" style=\"background-color:#f1f1f1f2;padding-top:var(--wp--preset--spacing--70);padding-bottom:var(--wp--preset--spacing--70)\">\n<h2 class=\"wp-block-heading\" style=\"padding-top:var(--wp--preset--spacing--40);padding-bottom:var(--wp--preset--spacing--40);font-size:25px;font-style:normal;font-weight:600\">Ideale Anwendungen des Trimless Innen-Ecken DWP04<\/h2>\n\n\n\n<ul class=\"wp-block-list\">\n<li>Architektonische Ecken: F\u00fcr einen modernen Look, heben Sie saubere Ecken an der Innenseite von W\u00e4nden oder Decken hervor.<\/li>\n\n\n\n<li>Flure und Wohnzimmer: Sorgen Sie f\u00fcr ambient Licht entlang von Linien, die von Wand zu Wand oder Wand zu Decke f\u00fchren.<\/li>\n\n\n\n<li>K\u00fcchen und Schr\u00e4nke: Nutzen Sie die Innenecken f\u00fcr Beleuchtung unter den Schr\u00e4nken oder am Fu\u00dfboden.<\/li>\n\n\n\n<li>Einzelhandel und kommerziell: Verwenden Sie helles, gleichm\u00e4\u00dfiges Licht, um Anzeigebereiche hervorzuheben.<\/li>\n\n\n\n<li>Hotel-Lobbys und Gastgewerbe: F\u00fcgen Sie hochwertige, unauff\u00e4llige Lichtelemente in den Innenbereichen des Hotels hinzu.<\/li>\n<\/ul>\n<\/div>\n\n\n\n<div class=\"wp-block-group is-vertical is-layout-flex wp-container-core-group-is-layout-d255d7c4 wp-block-group-is-layout-flex\" style=\"padding-top:var(--wp--preset--spacing--80);padding-bottom:var(--wp--preset--spacing--80)\">\n<h2 class=\"wp-block-heading\" style=\"padding-top:var(--wp--preset--spacing--40);padding-bottom:var(--wp--preset--spacing--40);font-size:25px;font-style:normal;font-weight:600;text-transform:capitalize\">Verwandte Produkte und L\u00f6sungen<\/h2>\n\n\n\n<ul class=\"wp-block-list\">\n<li> Entdecken <a href=\"https:\/\/tangooled.com\/de\/product\/black-led-diffuser-aluminum-channel-for-12mm-tape-lights\/\"><mark style=\"background-color:rgba(0, 0, 0, 0)\" class=\"has-inline-color has-vivid-red-color\">Schwarzes LED-Diffusor-Aluminiumprofil f\u00fcr 12 mm Tape-Lights<\/mark><\/a> f\u00fcr eine passende Oberfl\u00e4chenveredelung in Schwarz.<\/li>\n\n\n\n<li>Sehen Sie unsere <a href=\"https:\/\/tangooled.com\/de\/product\/led-strip-light-channel-aluminum-profile-with-diffused-cover-6mm-height\/\"><mark style=\"background-color:rgba(0, 0, 0, 0)\" class=\"has-inline-color has-vivid-red-color\">LED-Streifenlicht-Kanal-Aluminiumprofil mit diffuser Abdeckung 6mm H\u00f6he<\/mark><\/a> f\u00fcr koordinierende flache Profile.<\/li>\n\n\n\n<li>Schauen Sie sich das an<a href=\"https:\/\/tangooled.com\/de\/product\/plasterboard-led-profile-for-12mm-ceiling-slot\/\"> <mark style=\"background-color:rgba(0, 0, 0, 0)\" class=\"has-inline-color has-vivid-red-color\">Gipskarton-LED-Profil f\u00fcr 12 mm Decken-Nut <\/mark><\/a>f\u00fcr Optionen mit Deckenr\u00fcckwand.<\/li>\n\n\n\n<li>Finden Sie Innen- <a href=\"https:\/\/tangooled.com\/de\/product\/inside-corner-tile-trim-led-aluminum-profile-for-12mm-strips\/\"><mark style=\"background-color:rgba(0, 0, 0, 0)\" class=\"has-inline-color has-vivid-red-color\">Eckenfliesen-Dekor LED-Aluminium-Profil f\u00fcr 12 mm Streifen<\/mark><\/a> f\u00fcr Beleuchtungsbed\u00fcrfnisse am Fliesenrand.<\/li>\n<\/ul>\n<\/div>\n\n\n\n<div class=\"wp-block-group\" style=\"padding-top:var(--wp--preset--spacing--80);padding-bottom:var(--wp--preset--spacing--80)\"><div class=\"wp-block-group__inner-container is-layout-constrained wp-block-group-is-layout-constrained\">\n<p style=\"font-size:20px\">Mit unserem Inner Corner LED Gipsprofil k\u00f6nnen Sie ein professionelles, modernes Design mit versteckter Beleuchtung schaffen, das gut mit Ihren W\u00e4nden und Decken harmoniert. Dies ist eine ideale Option f\u00fcr Personen, die eine LED-Kanal-L\u00f6sung ohne Verkleidung und mit punktlosem, diffusa Licht f\u00fcr architektonische Beleuchtung und Innenarchitekturprojekte w\u00fcnschen.&nbsp;<\/p>\n<\/div><\/div>\n\n\n\n<p><\/p>","protected":false},"featured_media":13718,"template":"","meta":{"_acf_changed":true,"_seopress_robots_primary_cat":"none","_seopress_titles_title":"Inside Corner LED Plaster Profile | Trimless Internal Corner DWP04","_seopress_titles_desc":"The DWP04 is a professional led plaster profile for inside corner applications. This trimless internal corner channel hides the LED source within wall junctions for a seamless upward or downward glow.","_seopress_robots_index":""},"pcb-width":[228],"product-cat":[197],"class_list":{"0":"post-42603","1":"product","2":"type-product","3":"status-publish","4":"has-post-thumbnail","6":"pcb-width-6-12mm","7":"product-cat-plaster-in-profile"},"acf":[],"_links":{"self":[{"href":"https:\/\/tangooled.com\/de\/wp-json\/wp\/v2\/product\/42603","targetHints":{"allow":["GET"]}}],"collection":[{"href":"https:\/\/tangooled.com\/de\/wp-json\/wp\/v2\/product"}],"about":[{"href":"https:\/\/tangooled.com\/de\/wp-json\/wp\/v2\/types\/product"}],"wp:featuredmedia":[{"embeddable":true,"href":"https:\/\/tangooled.com\/de\/wp-json\/wp\/v2\/media\/13718"}],"wp:attachment":[{"href":"https:\/\/tangooled.com\/de\/wp-json\/wp\/v2\/media?parent=42603"}],"wp:term":[{"taxonomy":"pcb-width","embeddable":true,"href":"https:\/\/tangooled.com\/de\/wp-json\/wp\/v2\/pcb-width?post=42603"},{"taxonomy":"product-cat","embeddable":true,"href":"https:\/\/tangooled.com\/de\/wp-json\/wp\/v2\/product-cat?post=42603"}],"curies":[{"name":"wp","href":"https:\/\/api.w.org\/{rel}","templated":true}]}}