{"id":42600,"date":"2025-12-23T02:08:14","date_gmt":"2025-12-23T10:08:14","guid":{"rendered":"https:\/\/tangooled.com\/?post_type=product&#038;p=42600"},"modified":"2026-01-27T19:51:57","modified_gmt":"2026-01-28T03:51:57","slug":"plasterboard-led-profile-out-corner-lighting-channel","status":"publish","type":"product","link":"https:\/\/tangooled.com\/de\/product\/plasterboard-led-profile-out-corner-lighting-channel\/","title":{"rendered":"Gipskarton-LED-Profil f\u00fcr \u00e4u\u00dfere Ecken"},"content":{"rendered":"<div class=\"wp-block-group is-vertical is-layout-flex wp-container-core-group-is-layout-d255d7c4 wp-block-group-is-layout-flex\" style=\"padding-top:var(--wp--preset--spacing--80);padding-bottom:var(--wp--preset--spacing--80)\">\n<p>Want to light up your space with clean, modern style? Our plasterboard LED profile (DWP03) is designed to light the corners of buildings that are 90 degrees outside. This aluminum profile works like a corner bead. It goes straight into your drywall or plasterboard, protecting the edge and keeping your LED strip light in place. Completing this profile is totally &#8220;mudded in.&#8221; It is 46mm wide at its widest point, with a 12.3mm light aperture, and has plaster flanges that are 21mm and 10mm broad. This method gives your wall a smooth, trim-free finish with no visible screws or trim\u2014just a line of light that becomes an integral part of the wall.<\/p>\n<\/div>\n\n\n\n<div class=\"wp-block-group has-background is-vertical is-layout-flex wp-container-core-group-is-layout-d255d7c4 wp-block-group-is-layout-flex\" style=\"background-color:#f1f1f1;padding-top:var(--wp--preset--spacing--80);padding-bottom:var(--wp--preset--spacing--80)\">\n<div class=\"wp-block-group is-vertical is-layout-flex wp-container-core-group-is-layout-8cf370e7 wp-block-group-is-layout-flex\">\n<h2 class=\"wp-block-heading\" style=\"padding-top:var(--wp--preset--spacing--40);padding-bottom:var(--wp--preset--spacing--40);font-size:25px;font-style:normal;font-weight:600;text-transform:capitalize\">Warum unser Gipskarton-LED-Profil f\u00fcr \u00e4u\u00dfere Ecken w\u00e4hlen?<\/h2>\n\n\n\n<ul class=\"wp-block-list\">\n<li>Robust und Langlebig: Das strapazierf\u00e4hige 6063-T5 eloxierte Aluminium sch\u00fctzt Ihre Ecken vor Besch\u00e4digungen.<\/li>\n\n\n\n<li>Keine N\u00e4hte oder Verkleidungen: Die perforierten Flansche erleichtern das Haften des Putzes, sodass Sie eine sch\u00f6ne, b\u00fcndige Oberfl\u00e4che erhalten.<\/li>\n\n\n\n<li>W\u00e4rmeableiter f\u00fcr Ihre LEDs: Der Aluminium-W\u00e4rmeleiter zieht die W\u00e4rme von Ihrem LED-Band weg, was die Lebensdauer der Lichter verl\u00e4ngert.<\/li>\n\n\n\n<li>Keine Punkte: Der PC&nbsp;opal Diffusor sorgt f\u00fcr ein sanfteres Licht, das gleichm\u00e4\u00dfig leuchtet, ohne Punkte.<\/li>\n\n\n\n<li>Kompatibel mit vielen LED-B\u00e4ndern: Er kann Lichtb\u00e4nder bis zu 12mm Breite halten, wie z.B. COB-B\u00e4nder.<\/li>\n<\/ul>\n<\/div>\n<\/div>\n\n\n\n<div class=\"wp-block-group is-vertical is-layout-flex wp-container-core-group-is-layout-d255d7c4 wp-block-group-is-layout-flex\" style=\"padding-top:var(--wp--preset--spacing--80);padding-bottom:var(--wp--preset--spacing--80)\">\n<hr class=\"wp-block-separator has-alpha-channel-opacity\"\/>\n\n\n\n<div class=\"wp-block-media-text has-media-on-the-right is-stacked-on-mobile\" style=\"grid-template-columns:auto 40%\"><div class=\"wp-block-media-text__content\">\n<h2 class=\"wp-block-heading\" style=\"padding-top:var(--wp--preset--spacing--40);padding-bottom:var(--wp--preset--spacing--40);font-size:25px;font-style:normal;font-weight:600;text-transform:capitalize\">So verwenden Sie den trimmlosen Au\u00dfeneckkanal dWP03<\/h2>\n\n\n\n<ul class=\"wp-block-list\">\n<li>Profil befestigen: Befestigen Sie den Aluminiumkanal am Eckrahmen Ihrer Trockenbauwand.<\/li>\n\n\n\n<li>Verputzen: Decken Sie die Flansche mit Putz ab, bis sie glatt und auf gleicher H\u00f6he mit der Wand sind.<\/li>\n\n\n\n<li>Schleifen und Streichen: Beenden Sie Ihre Wand wie gewohnt.<\/li>\n\n\n\n<li>LEDs einsetzen: Legen Sie Ihr LED-Band in den Kanal.<\/li>\n\n\n\n<li>Diffusor einsetzen: Clipsen Sie den opalen Deckel auf, um ein sanftes, gleichm\u00e4\u00dfiges Licht zu erhalten.<\/li>\n<\/ul>\n<\/div><figure class=\"wp-block-media-text__media\"><img loading=\"lazy\" decoding=\"async\" width=\"500\" height=\"500\" src=\"https:\/\/tangooled.com\/wp-content\/uploads\/2025\/12\/dwp03-ins.webp\" alt=\"plasterboard led profile out corner lighting channel\" class=\"wp-image-42774 size-full\" srcset=\"https:\/\/tangooled.com\/wp-content\/uploads\/2025\/12\/dwp03-ins.webp 500w, https:\/\/tangooled.com\/wp-content\/uploads\/2025\/12\/dwp03-ins-300x300.webp 300w, https:\/\/tangooled.com\/wp-content\/uploads\/2025\/12\/dwp03-ins-150x150.webp 150w\" sizes=\"auto, (max-width: 500px) 100vw, 500px\" \/><\/figure><\/div>\n<\/div>\n\n\n\n<div class=\"wp-block-group has-background is-vertical is-layout-flex wp-container-core-group-is-layout-b429018a wp-block-group-is-layout-flex\" style=\"background-color:#f1f1f1f2;padding-top:var(--wp--preset--spacing--70);padding-bottom:var(--wp--preset--spacing--70)\">\n<h2 class=\"wp-block-heading\" style=\"padding-top:var(--wp--preset--spacing--40);padding-bottom:var(--wp--preset--spacing--40);font-size:25px;font-style:normal;font-weight:600\">Die besten Einsatzorte f\u00fcr dieses Profil<\/h2>\n\n\n\n<ul class=\"wp-block-list\">\n<li>Wand- und S\u00e4ulenkanten: Beleuchten Sie die Ecken von W\u00e4nden und S\u00e4ulen in Wohnr\u00e4umen und B\u00fcros.<\/li>\n\n\n\n<li>Soffitte und Abhangdecken: Verwenden Sie glatte Linien, um die R\u00e4nder der Decke hervorzuheben.<\/li>\n\n\n\n<li>Rezessierte Regale und Nischen: Richten Sie Lichtbereiche ein und betonen Sie sie.<\/li>\n\n\n\n<li>F\u00fcr gesch\u00e4ftliche und private Nutzung: Ideal f\u00fcr stilvolle Wohnzimmer, K\u00fcchen, Flure und Empfangsbereiche am Arbeitsplatz.<\/li>\n<\/ul>\n<\/div>\n\n\n\n<div class=\"wp-block-group is-vertical is-layout-flex wp-container-core-group-is-layout-d255d7c4 wp-block-group-is-layout-flex\" style=\"padding-top:var(--wp--preset--spacing--80);padding-bottom:var(--wp--preset--spacing--80)\">\n<h2 class=\"wp-block-heading\" style=\"padding-top:var(--wp--preset--spacing--40);padding-bottom:var(--wp--preset--spacing--40);font-size:25px;font-style:normal;font-weight:600;text-transform:capitalize\">Verwandte Produkte, die Ihnen gefallen k\u00f6nnten<\/h2>\n\n\n\n<ul class=\"wp-block-list\">\n<li><a href=\"https:\/\/tangooled.com\/de\/product\/black-led-diffuser-aluminum-channel-for-12mm-tape-lights\/\"><mark style=\"background-color:rgba(0, 0, 0, 0)\" class=\"has-inline-color has-vivid-red-color\">Schwarzes LED-Diffusor-Aluminiumprofil f\u00fcr 12 mm LED-Band<\/mark><\/a><\/li>\n\n\n\n<li><a href=\"https:\/\/tangooled.com\/de\/product\/surface-mount-led-profile-with-frosted-diffuser-for-10mm-rope-lights\/\"><mark style=\"background-color:rgba(0, 0, 0, 0)\" class=\"has-inline-color has-vivid-red-color\">Oberfl\u00e4chenmontierter LED-Profil mit mattiertem Diffusor f\u00fcr 10 mm LED-Lichterketten<\/mark><\/a><\/li>\n\n\n\n<li><a href=\"https:\/\/tangooled.com\/de\/product\/18x18mm-led-strip-corner-profile-for-12mm-led-strips\/\"><mark style=\"background-color:rgba(0, 0, 0, 0)\" class=\"has-inline-color has-vivid-red-color\">18x18mm LED-Streifen-Eckprofil f\u00fcr 12mm LED-Streifen<\/mark><\/a><\/li>\n\n\n\n<li><a href=\"https:\/\/tangooled.com\/de\/product\/recessed-aluminum-profile-17x8mm-for-led-strip-lighting\/\"><mark style=\"background-color:rgba(0, 0, 0, 0)\" class=\"has-inline-color has-vivid-red-color\">Versenkbares Aluminiumprofil 17x8mm f\u00fcr LED-Streifenbeleuchtung<\/mark><\/a><\/li>\n\n\n\n<li><a href=\"https:\/\/tangooled.com\/de\/product\/plasterboard-led-profile-out-corner-lighting-channel\/\"><mark style=\"background-color:rgba(0, 0, 0, 0)\" class=\"has-inline-color has-vivid-red-color\">Gipskarton-LED-Profil f\u00fcr \u00e4u\u00dfere Eckenbeleuchtung<\/mark><\/a><\/li>\n<\/ul>\n<\/div>\n\n\n\n<div class=\"wp-block-group\"><div class=\"wp-block-group__inner-container is-layout-constrained wp-block-group-is-layout-constrained\">\n<p style=\"font-size:20px\">Dieses \u00e4u\u00dfere Gipskarton-LED-Profil bringt Ihre W\u00e4nde zum Leben und bietet Ihnen ein ideales, trimmloses, versenktes Aluminiumprofil f\u00fcr die Beleuchtung. Bestellen Sie heute Ihr eigenes, um eine sch\u00f6ne, architektonische Eckbeleuchtung f\u00fcr Ihr Zuhause zu schaffen, die langlebig ist und gut aussieht!<\/p>\n<\/div><\/div>\n\n\n\n<p><\/p>","protected":false},"featured_media":13713,"template":"","meta":{"_acf_changed":true,"_seopress_robots_primary_cat":"none","_seopress_titles_title":"Plasterboard LED Profile for Out Corners | Trimless External Corner DWP03 | TANGOOLED","_seopress_titles_desc":"This DWP03 is a specialized plasterboard led profile for out corner installations. This trimless external corner channel creates a seamless vertical or horizontal light at wall edges.","_seopress_robots_index":""},"pcb-width":[228],"product-cat":[197],"class_list":{"0":"post-42600","1":"product","2":"type-product","3":"status-publish","4":"has-post-thumbnail","6":"pcb-width-6-12mm","7":"product-cat-plaster-in-profile"},"acf":[],"_links":{"self":[{"href":"https:\/\/tangooled.com\/de\/wp-json\/wp\/v2\/product\/42600","targetHints":{"allow":["GET"]}}],"collection":[{"href":"https:\/\/tangooled.com\/de\/wp-json\/wp\/v2\/product"}],"about":[{"href":"https:\/\/tangooled.com\/de\/wp-json\/wp\/v2\/types\/product"}],"wp:featuredmedia":[{"embeddable":true,"href":"https:\/\/tangooled.com\/de\/wp-json\/wp\/v2\/media\/13713"}],"wp:attachment":[{"href":"https:\/\/tangooled.com\/de\/wp-json\/wp\/v2\/media?parent=42600"}],"wp:term":[{"taxonomy":"pcb-width","embeddable":true,"href":"https:\/\/tangooled.com\/de\/wp-json\/wp\/v2\/pcb-width?post=42600"},{"taxonomy":"product-cat","embeddable":true,"href":"https:\/\/tangooled.com\/de\/wp-json\/wp\/v2\/product-cat?post=42600"}],"curies":[{"name":"wp","href":"https:\/\/api.w.org\/{rel}","templated":true}]}}