{"id":42599,"date":"2025-12-23T02:05:38","date_gmt":"2025-12-23T10:05:38","guid":{"rendered":"https:\/\/tangooled.com\/?post_type=product&#038;p=42599"},"modified":"2026-01-27T19:53:31","modified_gmt":"2026-01-28T03:53:31","slug":"plasterboard-led-profile-for-12mm-ceiling-slot","status":"publish","type":"product","link":"https:\/\/tangooled.com\/de\/product\/plasterboard-led-profile-for-12mm-ceiling-slot\/","title":{"rendered":"Gipskarton-LED-Profil f\u00fcr 12mm Deckenfassung"},"content":{"rendered":"<div class=\"wp-block-group is-vertical is-layout-flex wp-container-core-group-is-layout-d255d7c4 wp-block-group-is-layout-flex\" style=\"padding-top:var(--wp--preset--spacing--80);padding-bottom:var(--wp--preset--spacing--80)\">\n<p>Our DWP02 plasterboard LED profile for 12mm ceiling slot lets you have seamless architectural illumination. This high-quality aluminum extrusion is made to fit well into plasterboard and drywall, giving it a trimless look. This profile is 53mm wide and 13mm deep, and it is made for a 12mm ceiling slot installation as a plasterboard LED profile. The 12.5 mm light opening\u00a0gives a focused downlight, and the wide\u00a0mounting flanges make it easy and safe to install.<\/p>\n\n\n\n<p>Unser Gipskarton-LED-Profil f\u00fcr 12mm Deckenfassung eignet sich hervorragend, um elegante, moderne Lichtlinien in Ihrem Zuhause oder Gesch\u00e4ft zu schaffen. Es passt gut in 12.5mm Gipskarton (Trockenbau), sodass Sie die Lichtquelle in Ihrer Decke oder den W\u00e4nden verbergen k\u00f6nnen. Dieses Produkt tr\u00e4gt dazu bei, dass Ihre LED-Streifenlichter sauber und attraktiv aussehen.<\/p>\n<\/div>\n\n\n\n<div class=\"wp-block-group has-background is-vertical is-layout-flex wp-container-core-group-is-layout-d255d7c4 wp-block-group-is-layout-flex\" style=\"background-color:#f1f1f1;padding-top:var(--wp--preset--spacing--80);padding-bottom:var(--wp--preset--spacing--80)\">\n<div class=\"wp-block-group is-vertical is-layout-flex wp-container-core-group-is-layout-8cf370e7 wp-block-group-is-layout-flex\">\n<h2 class=\"wp-block-heading\" style=\"padding-top:var(--wp--preset--spacing--40);padding-bottom:var(--wp--preset--spacing--40);font-size:25px;font-style:normal;font-weight:600;text-transform:capitalize\">Was macht dieses Gipskarton-LED-Profil f\u00fcr 12mm Deckenfassung so gro\u00dfartig?<\/h2>\n\n\n\n<ul class=\"wp-block-list\">\n<li>Rahmenloses und randloses Design: Es passt b\u00fcndig in den Trockenbau, ohne offensichtliche Kanten oder Rahmen.<\/li>\n\n\n\n<li>Robustes Aluminium-Material: Hergestellt aus hochwertigem 6063-T5 eloxiertem Aluminium. H\u00e4lt Ihre LEDs k\u00fchl und verl\u00e4ngert ihre Lebensdauer, indem es als K\u00fchlk\u00f6rper fungiert.<\/li>\n\n\n\n<li>Passt zu 12mm LED-Streifen: Dies funktioniert mit LED-Streifen, die bis zu 12mm breit sind, was ideal f\u00fcr viele regul\u00e4re und hochdichte LED-Leuchten ist.<\/li>\n\n\n\n<li>Glatter Diffusorabdeckung: Die Abdeckung besteht aus opalem PMMA oder Polycarbonat. Diese erzeugt ein sanftes und stetiges Licht ohne helle Flecken.<\/li>\n\n\n\n<li>Einfach zu montieren: Es wurde entwickelt, um \u00fcberputzt zu werden, um ein glattes, verborgenes Aussehen zu erzielen.<\/li>\n\n\n\n<li>Verf\u00fcgbare L\u00e4ngen: Sie k\u00f6nnen es in L\u00e4ngen von&nbsp;2m oder 3m kaufen. Kann nach Bedarf gek\u00fcrzt werden.<\/li>\n\n\n\n<li>Komplettes Set: Wird mit einem Aluminiumprofil, einem Diffusor und zwei Endkappen geliefert (eine mit einem Loch f\u00fcr einen Draht).<\/li>\n<\/ul>\n<\/div>\n<\/div>\n\n\n\n<div class=\"wp-block-group is-vertical is-layout-flex wp-container-core-group-is-layout-d255d7c4 wp-block-group-is-layout-flex\" style=\"padding-top:var(--wp--preset--spacing--80);padding-bottom:var(--wp--preset--spacing--80)\">\n<hr class=\"wp-block-separator has-alpha-channel-opacity\"\/>\n\n\n\n<div class=\"wp-block-media-text has-media-on-the-right is-stacked-on-mobile\" style=\"grid-template-columns:auto 40%\"><div class=\"wp-block-media-text__content\">\n<h2 class=\"wp-block-heading\" style=\"padding-top:var(--wp--preset--spacing--40);padding-bottom:var(--wp--preset--spacing--40);font-size:25px;font-style:normal;font-weight:600;text-transform:capitalize\">Einfaches Installationshandbuch<\/h2>\n\n\n\n<ul class=\"wp-block-list\">\n<li>Erstellen Sie einen 12mm breiten Schlitz in Gipskarton (f\u00fcr die Decke oder Wand).<\/li>\n\n\n\n<li>Verwenden Sie Schrauben oder Montageklammern, um das Aluminiumprofil im Schlitz zu halten.<\/li>\n\n\n\n<li>Tragen Sie Putz oder eine Spachtelschicht an den R\u00e4ndern des Gipskartons und des Profils auf.<\/li>\n\n\n\n<li>Legen Sie Ihren 12mm LED-Streifen in die Nut.<\/li>\n\n\n\n<li>Snap die Abdeckung f\u00fcr den Diffusor \u00fcber das Profil.<\/li>\n\n\n\n<li>Stecken Sie den LED-Streifen ein und genie\u00dfen Sie eine glatte und rahmenlose Beleuchtung!&nbsp;<\/li>\n<\/ul>\n<\/div><figure class=\"wp-block-media-text__media\"><img loading=\"lazy\" decoding=\"async\" width=\"500\" height=\"500\" src=\"https:\/\/tangooled.com\/wp-content\/uploads\/2025\/12\/dwp02-ins.webp\" alt=\"Gipskarton-LED-Profil f\u00fcr 12mm Deckenfassung\" class=\"wp-image-42769 size-full\" srcset=\"https:\/\/tangooled.com\/wp-content\/uploads\/2025\/12\/dwp02-ins.webp 500w, https:\/\/tangooled.com\/wp-content\/uploads\/2025\/12\/dwp02-ins-300x300.webp 300w, https:\/\/tangooled.com\/wp-content\/uploads\/2025\/12\/dwp02-ins-150x150.webp 150w\" sizes=\"auto, (max-width: 500px) 100vw, 500px\" \/><\/figure><\/div>\n<\/div>\n\n\n\n<div class=\"wp-block-group has-background is-vertical is-layout-flex wp-container-core-group-is-layout-b429018a wp-block-group-is-layout-flex\" style=\"background-color:#f1f1f1f2;padding-top:var(--wp--preset--spacing--70);padding-bottom:var(--wp--preset--spacing--70)\">\n<h2 class=\"wp-block-heading\" style=\"padding-top:var(--wp--preset--spacing--40);padding-bottom:var(--wp--preset--spacing--40);font-size:25px;font-style:normal;font-weight:600;text-transform:capitalize\">Wie verwende ich dieses rahmenlose Profil?<\/h2>\n\n\n\n<p>Unser Gipskarton-LED-Profil f\u00fcr 12mm Deckenfassung eignet sich hervorragend f\u00fcr:<\/p>\n\n\n\n<ul class=\"wp-block-list\">\n<li>Moderne lineare Beleuchtung an Decken und W\u00e4nden&nbsp;<\/li>\n\n\n\n<li>Gestaltung von architektonischen Nischen und eingelassenen Lichtschlitzen<\/li>\n\n\n\n<li>Deckenleuchten f\u00fcr K\u00fcchen und B\u00e4der&nbsp;<\/li>\n\n\n\n<li>Stilvolle Lichter f\u00fcr Hotel- und Gesch\u00e4ftsg\u00e4nge&nbsp;<\/li>\n<\/ul>\n<\/div>\n\n\n\n<div class=\"wp-block-group is-vertical is-layout-flex wp-container-core-group-is-layout-d255d7c4 wp-block-group-is-layout-flex\" style=\"padding-top:var(--wp--preset--spacing--80);padding-bottom:var(--wp--preset--spacing--80)\">\n<h2 class=\"wp-block-heading\" style=\"padding-top:var(--wp--preset--spacing--40);padding-bottom:var(--wp--preset--spacing--40);font-size:25px;font-style:normal;font-weight:600;text-transform:capitalize\">Verwandte Produkte aus unserem Sortiment<\/h2>\n\n\n\n<ul class=\"wp-block-list\">\n<li> <a href=\"https:\/\/tangooled.com\/de\/product\/black-led-diffuser-aluminum-channel-for-12mm-tape-lights\/\"><mark style=\"background-color:rgba(0, 0, 0, 0)\" class=\"has-inline-color has-vivid-red-color\">Schwarzes LED-Diffusor-Aluminiumprofil f\u00fcr 12 mm Tape-Lights<\/mark><\/a> \u2013 Stylish black finish alternative for 12mm strips.<\/li>\n\n\n\n<li> <a href=\"https:\/\/tangooled.com\/de\/product\/led-strip-light-channel-aluminum-profile-with-diffused-cover-6mm-height\/\"><mark style=\"background-color:rgba(0, 0, 0, 0)\" class=\"has-inline-color has-vivid-red-color\">LED-Streifenlicht-Kanal-Aluminiumprofil mit diffuser Abdeckung 6mm H\u00f6he<\/mark><\/a> \u2013 Slim profile option for low height ceilings.<\/li>\n\n\n\n<li><a href=\"https:\/\/tangooled.com\/de\/product\/18x18mm-led-strip-corner-profile-for-12mm-led-strips\/\"><mark style=\"background-color:rgba(0, 0, 0, 0)\" class=\"has-inline-color has-vivid-red-color\">18x18 mm LED-Streifen-Eckprofil f\u00fcr 12 mm LED-Streifen<\/mark><\/a> \u2013 Perfect for corner lighting with 12mm LED tape.<\/li>\n\n\n\n<li><a href=\"https:\/\/tangooled.com\/de\/product\/plasterboard-led-profile-for-12mm-ceiling-slot\/\"><mark style=\"background-color:rgba(0, 0, 0, 0)\" class=\"has-inline-color has-vivid-red-color\">Gipskarton-LED-Profil f\u00fcr 12 mm Decken-Nut<\/mark><\/a> \u2013 Our key product for amazing recessed plasterboard lighting<\/li>\n<\/ul>\n<\/div>\n\n\n\n<div class=\"wp-block-group\" style=\"padding-top:var(--wp--preset--spacing--80);padding-bottom:var(--wp--preset--spacing--80)\"><div class=\"wp-block-group__inner-container is-layout-constrained wp-block-group-is-layout-constrained\">\n<p style=\"font-size:20px\">W\u00e4hlen Sie unser Gipskarton-LED-Profil f\u00fcr 12mm Deckenfassung f\u00fcr elegante, versteckte und saubere lineare Beleuchtung. Es ist die perfekte Erg\u00e4nzung zu Ihrer Trockenbau-LED-Aluminiumprofilanordnung und bietet Ihnen eine eingebaute LED-L\u00f6sung, die Architekten und Designer lieben.<\/p>\n<\/div><\/div>\n\n\n\n<p><\/p>","protected":false},"featured_media":13708,"template":"","meta":{"_acf_changed":true,"_seopress_robots_primary_cat":"none","_seopress_titles_title":"Plasterboard LED Profile for 12mm Ceiling Slot | Trimless DWP02","_seopress_titles_desc":"This DWP02 plasterboard led profile designed for a 12mm ceiling slot. Achieve a seamless, trimless finish with this aluminum profile optimized for 12mm strips.","_seopress_robots_index":""},"pcb-width":[228],"product-cat":[197],"class_list":{"0":"post-42599","1":"product","2":"type-product","3":"status-publish","4":"has-post-thumbnail","6":"pcb-width-6-12mm","7":"product-cat-plaster-in-profile"},"acf":[],"_links":{"self":[{"href":"https:\/\/tangooled.com\/de\/wp-json\/wp\/v2\/product\/42599","targetHints":{"allow":["GET"]}}],"collection":[{"href":"https:\/\/tangooled.com\/de\/wp-json\/wp\/v2\/product"}],"about":[{"href":"https:\/\/tangooled.com\/de\/wp-json\/wp\/v2\/types\/product"}],"wp:featuredmedia":[{"embeddable":true,"href":"https:\/\/tangooled.com\/de\/wp-json\/wp\/v2\/media\/13708"}],"wp:attachment":[{"href":"https:\/\/tangooled.com\/de\/wp-json\/wp\/v2\/media?parent=42599"}],"wp:term":[{"taxonomy":"pcb-width","embeddable":true,"href":"https:\/\/tangooled.com\/de\/wp-json\/wp\/v2\/pcb-width?post=42599"},{"taxonomy":"product-cat","embeddable":true,"href":"https:\/\/tangooled.com\/de\/wp-json\/wp\/v2\/product-cat?post=42599"}],"curies":[{"name":"wp","href":"https:\/\/api.w.org\/{rel}","templated":true}]}}