{"id":42421,"date":"2025-12-22T02:04:24","date_gmt":"2025-12-22T10:04:24","guid":{"rendered":"https:\/\/tangooled.com\/?post_type=product&#038;p=42421"},"modified":"2026-02-02T02:05:22","modified_gmt":"2026-02-02T10:05:22","slug":"large-size-led-ring-profile-with-round-diffuser-made-by-100x80-profile","status":"publish","type":"product","link":"https:\/\/tangooled.com\/de\/product\/large-size-led-ring-profile-with-round-diffuser-made-by-100x80-profile\/","title":{"rendered":"LED-Ringprofil in gro\u00dfer Gr\u00f6\u00dfe mit rundem Diffusor aus 100\u00d780-Profil"},"content":{"rendered":"<div class=\"wp-block-group is-vertical is-layout-flex wp-container-core-group-is-layout-d255d7c4 wp-block-group-is-layout-flex\" style=\"padding-top:var(--wp--preset--spacing--80);padding-bottom:var(--wp--preset--spacing--80)\">\n<p>Das 100x80 mm gro\u00dfe LED-Ringprofil wurde entwickelt, um Ihrem Raum ein modernes Aussehen mit weichem, gleichm\u00e4\u00dfigem Licht zu verleihen. Hergestellt aus robustem Aluminium, ist dieses Profilsystem ideal zur Unterbringung von LED-Streifen in einer Schleife. Aufgrund seiner Gr\u00f6\u00dfe ist es perfekt geeignet f\u00fcr Hotel-Lobbys oder gewerbliche Atrien, die hochwertige Umgebung Beleuchtung ben\u00f6tigen.<\/p>\n\n\n\n<p>Sie k\u00f6nnen den Durchmesser dieser gro\u00dfen runden Leuchte von 600 mm auf 3000 mm \u00e4ndern. Sie k\u00f6nnen sogar die Farbe der Au\u00dfenseite des Profils \u00e4ndern, um genau auf das Innere Ihres Hauses abzustimmen. Das TG-C10080 bietet Ihnen helles, hochwertiges und elegantes Licht, das gut in gro\u00dfen Umgebungen funktioniert.<\/p>\n<\/div>\n\n\n\n<div class=\"wp-block-group has-background is-vertical is-layout-flex wp-container-core-group-is-layout-d255d7c4 wp-block-group-is-layout-flex\" style=\"background-color:#f1f1f1;padding-top:var(--wp--preset--spacing--80);padding-bottom:var(--wp--preset--spacing--80)\">\n<div class=\"wp-block-group is-vertical is-layout-flex wp-container-core-group-is-layout-8cf370e7 wp-block-group-is-layout-flex\">\n<h2 class=\"wp-block-heading\" style=\"padding-top:var(--wp--preset--spacing--40);padding-bottom:var(--wp--preset--spacing--40);font-size:25px;font-style:normal;font-weight:600;text-transform:capitalize\">Warum unser TG-C10080 gro\u00dfes LED-Ringprofil w\u00e4hlen?<\/h2>\n\n\n\n<ul class=\"wp-block-list\">\n<li>Hergestellt aus robustem Aluminium-Extrusion, das lange h\u00e4lt.<\/li>\n\n\n\n<li>Verf\u00fcgt \u00fcber einen runden Diffusor aus Polycarbonat, um ein sanftes, gleichm\u00e4\u00dfiges Licht zu erzeugen.<\/li>\n\n\n\n<li>Funktioniert gut mit LED-Streifen bis zu 30 mm und kann mit dimmbaren Treibern wie DALI oder 0-10V verwendet werden.<\/li>\n\n\n\n<li>Erh\u00e4ltlich mit eloxierten Silber- oder pulverbeschichteten Oberfl\u00e4chen in vielen Farben.<\/li>\n\n\n\n<li>Kann mithilfe von Flugkabeln oder fl\u00e4chenmontiert aufgeh\u00e4ngt werden.<\/li>\n\n\n\n<li>Ma\u00dfgeschneiderter Durchmesser bis zu 5 Metern.<\/li>\n\n\n\n<li>Ideal f\u00fcr gewerbliche Beleuchtung, architektonische Beleuchtung und wundersch\u00f6ne Akzentbeleuchtung.<\/li>\n<\/ul>\n<\/div>\n<\/div>\n\n\n\n<div class=\"wp-block-group is-vertical is-layout-flex wp-container-core-group-is-layout-d255d7c4 wp-block-group-is-layout-flex\" style=\"padding-top:var(--wp--preset--spacing--80);padding-bottom:var(--wp--preset--spacing--80)\">\n<h2 class=\"wp-block-heading\" style=\"padding-top:var(--wp--preset--spacing--40);padding-bottom:var(--wp--preset--spacing--40);font-size:25px;font-style:normal;font-weight:600;text-transform:capitalize\">Verwenden Sie dieses gro\u00dfe LED-Ringprofil an vielen Orten<\/h2>\n\n\n\n<p>Unser gro\u00dfes LED-Ringprofil sieht toll aus in:<\/p>\n\n\n\n<ul class=\"wp-block-list\">\n<li>Unternehmenszentrale und B\u00fcro-Lobbys<\/li>\n\n\n\n<li>Hotellobby und Veranstaltungsr\u00e4ume<\/li>\n\n\n\n<li>Showrooms und Einzelhandelsr\u00e4ume wie Einkaufszentren\u00a0<\/li>\n\n\n\n<li>Universit\u00e4ten und Konferenzr\u00e4ume\u00a0<\/li>\n\n\n\n<li>Moderne Wohnzimmer mit hohen Decken<\/li>\n<\/ul>\n<\/div>\n\n\n\n<div class=\"wp-block-group has-background is-vertical is-layout-flex wp-container-core-group-is-layout-b429018a wp-block-group-is-layout-flex\" style=\"background-color:#f1f1f1f2;padding-top:var(--wp--preset--spacing--70);padding-bottom:var(--wp--preset--spacing--70)\">\n<h2 class=\"wp-block-heading\" style=\"padding-top:var(--wp--preset--spacing--40);padding-bottom:var(--wp--preset--spacing--40);font-size:25px;font-style:normal;font-weight:600\">Zusammenfassung<\/h2>\n\n\n\n<p style=\"padding-right:var(--wp--preset--spacing--50);padding-left:var(--wp--preset--spacing--50)\">The TG-C10080 large LED ring profile is a modern LED light accessory\u00a0that provides architectural lighting a fresh look. The strong aluminum housing makes it seem professional and makes it durable. This type of light gives off gentle, steady light that is easy to put up, whether you need a statement light in a lobby or ambient light in a showroom.<\/p>\n<\/div>\n\n\n\n<p><\/p>","protected":false},"featured_media":20012,"template":"","meta":{"_acf_changed":true,"_seopress_robots_primary_cat":"none","_seopress_titles_title":"100x80mm Large LED Ring Profile Light Body C10080 | TANGOOLED","_seopress_titles_desc":"The 100x80mm aluminum channel is used to make custom diameter large LED ring profile for LED circular lighting.","_seopress_robots_index":""},"pcb-width":[233],"product-cat":[202],"class_list":{"0":"post-42421","1":"product","2":"type-product","3":"status-publish","4":"has-post-thumbnail","6":"pcb-width-50-90mm","7":"product-cat-circular-profile"},"acf":[],"_links":{"self":[{"href":"https:\/\/tangooled.com\/de\/wp-json\/wp\/v2\/product\/42421","targetHints":{"allow":["GET"]}}],"collection":[{"href":"https:\/\/tangooled.com\/de\/wp-json\/wp\/v2\/product"}],"about":[{"href":"https:\/\/tangooled.com\/de\/wp-json\/wp\/v2\/types\/product"}],"wp:featuredmedia":[{"embeddable":true,"href":"https:\/\/tangooled.com\/de\/wp-json\/wp\/v2\/media\/20012"}],"wp:attachment":[{"href":"https:\/\/tangooled.com\/de\/wp-json\/wp\/v2\/media?parent=42421"}],"wp:term":[{"taxonomy":"pcb-width","embeddable":true,"href":"https:\/\/tangooled.com\/de\/wp-json\/wp\/v2\/pcb-width?post=42421"},{"taxonomy":"product-cat","embeddable":true,"href":"https:\/\/tangooled.com\/de\/wp-json\/wp\/v2\/product-cat?post=42421"}],"curies":[{"name":"wp","href":"https:\/\/api.w.org\/{rel}","templated":true}]}}