{"id":42395,"date":"2025-12-22T02:01:44","date_gmt":"2025-12-22T10:01:44","guid":{"rendered":"https:\/\/tangooled.com\/?post_type=product&#038;p=42395"},"modified":"2026-02-02T02:04:52","modified_gmt":"2026-02-02T10:04:52","slug":"custom-circular-ring-light-shape-by-50x80mm-aluminum-profile","status":"publish","type":"product","link":"https:\/\/tangooled.com\/de\/product\/custom-circular-ring-light-shape-by-50x80mm-aluminum-profile\/","title":{"rendered":"Personalisierte runde Ringlichtform aus 50x80mm Aluminiumprofil"},"content":{"rendered":"<div class=\"wp-block-group is-vertical is-layout-flex wp-container-core-group-is-layout-d255d7c4 wp-block-group-is-layout-flex\" style=\"padding-top:var(--wp--preset--spacing--80);padding-bottom:var(--wp--preset--spacing--80)\">\n<p>Unsere ma\u00dfgeschneiderte 50x80mm Profilringlichtform ist ideal f\u00fcr Unternehmen, Architekten und Designer, die fortschrittlichere Beleuchtungsoptionen w\u00fcnschen. Dieses hochwertige Ringprofil besteht aus robustem, leichten 6063-T5-Strangpressaluminium. Sie k\u00f6nnen diese Leuchte auf viele Arten anpassen. Zum Beispiel k\u00f6nnen Sie den Durchmesser von 600mm auf 3000mm \u00e4ndern, um Ihren Raum anzupassen. Sie k\u00f6nnen auch die Farbe der Au\u00dfenseite \u00e4ndern, um Ihren Marken- oder Designbed\u00fcrfnissen zu entsprechen. Wir gestalten es genau nach Ihren W\u00fcnschen f\u00fcr B\u00fcros, Hotels, Gesch\u00e4fte und andere gesch\u00e4ftliche Initiativen.<\/p>\n<\/div>\n\n\n\n<div class=\"wp-block-group has-background is-vertical is-layout-flex wp-container-core-group-is-layout-d255d7c4 wp-block-group-is-layout-flex\" style=\"background-color:#f1f1f1;padding-top:var(--wp--preset--spacing--80);padding-bottom:var(--wp--preset--spacing--80)\">\n<div class=\"wp-block-group is-vertical is-layout-flex wp-container-core-group-is-layout-8cf370e7 wp-block-group-is-layout-flex\">\n<h2 class=\"wp-block-heading\" style=\"padding-top:var(--wp--preset--spacing--40);padding-bottom:var(--wp--preset--spacing--40);font-size:25px;font-style:normal;font-weight:600;text-transform:capitalize\">Warum sollten Sie unsere ma\u00dfgeschneiderte 50x80mm Profilringlichtform w\u00e4hlen?<\/h2>\n\n\n\n<ul class=\"wp-block-list\">\n<li>Hergestellt mit einem robusten Aluminiumgeh\u00e4use, das 50mm breit und 80mm hoch ist, sodass es in viele R\u00e4ume passt.<\/li>\n\n\n\n<li>Die runde LED-Pendelleuchte kann auf jede Gr\u00f6\u00dfe von 600mm bis \u00fcber 5000mm im Durchmesser angepasst werden.<\/li>\n\n\n\n<li>Verwendet SMD2835 LED-PCB-Boards, die sehr effizient sind, mit einem mattierten Polycarbonat-Diffusor, um das Licht sanft und gleichm\u00e4\u00dfig zu machen.&nbsp;<\/li>\n\n\n\n<li>Es wird mit einer dreij\u00e4hrigen Garantie geliefert, sodass Sie sicher sein k\u00f6nnen, dass es funktioniert.<\/li>\n\n\n\n<li>Ideal f\u00fcr Unternehmen und Haushalte, wie Arbeitspl\u00e4tze, Lobbys, Galerien und Restaurants.<\/li>\n<\/ul>\n<\/div>\n<\/div>\n\n\n\n<div class=\"wp-block-group is-vertical is-layout-flex wp-container-core-group-is-layout-d255d7c4 wp-block-group-is-layout-flex\" style=\"padding-top:var(--wp--preset--spacing--80);padding-bottom:var(--wp--preset--spacing--80)\">\n<h2 class=\"wp-block-heading\" style=\"padding-top:var(--wp--preset--spacing--40);padding-bottom:var(--wp--preset--spacing--40);font-size:25px;font-style:normal;font-weight:600;text-transform:capitalize\">Anwendungen f\u00fcr die ma\u00dfgeschneiderte 50x80mm Profilringlichtform<\/h2>\n\n\n\n<ul class=\"wp-block-list\">\n<li>B\u00fcrobeleuchtung f\u00fcr Unternehmen: ein modernes und elegantes Design f\u00fcr offene Arbeitsbereiche und Konferenzr\u00e4ume.<\/li>\n\n\n\n<li>Beleuchtung in der Hotellobby: eine stilvolle, sph\u00e4rische H\u00e4ngeleuchte, um G\u00e4ste zu begr\u00fc\u00dfen.<\/li>\n\n\n\n<li>Licht f\u00fcr Schaufenster: Verwenden Sie starkes, klares Licht, um Aufmerksamkeit zu erregen.<\/li>\n\n\n\n<li>Restaurants und Bars: Verwenden Sie warmwei\u00dfes Licht, um den Raum gem\u00fctlich wirken zu lassen, oder k\u00fchlwei\u00dfes Licht, um ihn lebhaft zu gestalten.<\/li>\n\n\n\n<li>Moderne Esszimmer und gro\u00dfe R\u00e4ume mit hohen Decken f\u00fcr einen starken Eindruck.<\/li>\n\n\n\n<li>\u00d6ffentliche und institutionelle R\u00e4ume: Sie eignen sich gut f\u00fcr Universit\u00e4tslobbys, Museen und Flugh\u00e4fen.<\/li>\n<\/ul>\n<\/div>\n\n\n\n<div class=\"wp-block-group has-background is-vertical is-layout-flex wp-container-core-group-is-layout-b429018a wp-block-group-is-layout-flex\" style=\"background-color:#f1f1f1f2;padding-top:var(--wp--preset--spacing--70);padding-bottom:var(--wp--preset--spacing--70)\">\n<h2 class=\"wp-block-heading\" style=\"padding-top:var(--wp--preset--spacing--40);padding-bottom:var(--wp--preset--spacing--40);font-size:25px;font-style:normal;font-weight:600\">Verwandte Produkte, die Ihnen gefallen k\u00f6nnten<\/h2>\n\n\n\n<ul class=\"wp-block-list\">\n<li>Schauen Sie sich unser an <a href=\"https:\/\/tangooled.com\/de\/product\/black-led-profile-with-black-diffuser-for-10mm-led-strip-light\/\"><mark style=\"background-color:rgba(0, 0, 0, 0)\" class=\"has-inline-color has-vivid-red-color\">schwarzes LED-Profil mit schwarzem Diffusor f\u00fcr 10mm LED-Streifen<\/mark><\/a>, ideal f\u00fcr lineare Installationen.<\/li>\n\n\n\n<li>F\u00fcr die Oberfl\u00e4chenmontage siehe die <a href=\"https:\/\/tangooled.com\/de\/product\/surface-mount-led-profile-with-frosted-diffuser-for-10mm-rope-lights\/\"><mark style=\"background-color:rgba(0, 0, 0, 0)\" class=\"has-inline-color has-vivid-red-color\">Oberfl\u00e4chenmontage LED-Profil mit satiniertem Diffusor f\u00fcr 10mm Seilschn\u00fcre<\/mark><\/a> mit sanfter Lichtstreuung.<\/li>\n\n\n\n<li>Entdecken Sie das <a href=\"https:\/\/tangooled.com\/de\/product\/18x9mm-led-tape-light-profile-for-surface-installation\/\"><mark style=\"background-color:rgba(0, 0, 0, 0)\" class=\"has-inline-color has-vivid-red-color\">18x9mm LED-Bandprofil f\u00fcr die Oberfl\u00e4chenmontage<\/mark><\/a> f\u00fcr kompakte Beleuchtungsbed\u00fcrfnisse.<\/li>\n\n\n\n<li>F\u00fcr einen eleganten Look probieren Sie die <a href=\"https:\/\/tangooled.com\/de\/product\/aluminum-profile-with-60-degree-lens-led-diffuser\/\"><mark style=\"background-color:rgba(0, 0, 0, 0)\" class=\"has-inline-color has-vivid-red-color\">Aluminiumprofil mit 60-Grad-Linse LED-Diffusor <\/mark><\/a>f\u00fcr fokussierte Lichtstrahlen.<\/li>\n<\/ul>\n<\/div>\n\n\n\n<div class=\"wp-block-group\" style=\"padding-top:var(--wp--preset--spacing--80);padding-bottom:var(--wp--preset--spacing--80)\"><div class=\"wp-block-group__inner-container is-layout-constrained wp-block-group-is-layout-constrained\">\n<p>W\u00e4hlen Sie unsere 50x80mm Profilringlichtform, um einen Raum stilvoll, kraftvoll und strahlend zu beleuchten. F\u00fcgen Sie hochfarbige LEDs hinzu, um moderne Beleuchtung f\u00fcr jede Umgebung zu erzeugen. Um zu beginnen, kontaktieren Sie uns bitte umgehend!<\/p>\n<\/div><\/div>\n\n\n\n<p><\/p>","protected":false},"featured_media":20013,"template":"","meta":{"_acf_changed":true,"_seopress_robots_primary_cat":"none","_seopress_titles_title":"Custom 50x80mm Profile Ring Light Shape | Large Halo Body C5080","_seopress_titles_desc":"This C5080 channel is used to make any custom profile ring light shape of different diameters for grand-scale pendants. Features a massive 80mm depth for superior heat sink performance and internal driver storage.","_seopress_robots_index":""},"pcb-width":[231],"product-cat":[202],"class_list":{"0":"post-42395","1":"product","2":"type-product","3":"status-publish","4":"has-post-thumbnail","6":"pcb-width-25-35mm","7":"product-cat-circular-profile"},"acf":[],"_links":{"self":[{"href":"https:\/\/tangooled.com\/de\/wp-json\/wp\/v2\/product\/42395","targetHints":{"allow":["GET"]}}],"collection":[{"href":"https:\/\/tangooled.com\/de\/wp-json\/wp\/v2\/product"}],"about":[{"href":"https:\/\/tangooled.com\/de\/wp-json\/wp\/v2\/types\/product"}],"wp:featuredmedia":[{"embeddable":true,"href":"https:\/\/tangooled.com\/de\/wp-json\/wp\/v2\/media\/20013"}],"wp:attachment":[{"href":"https:\/\/tangooled.com\/de\/wp-json\/wp\/v2\/media?parent=42395"}],"wp:term":[{"taxonomy":"pcb-width","embeddable":true,"href":"https:\/\/tangooled.com\/de\/wp-json\/wp\/v2\/pcb-width?post=42395"},{"taxonomy":"product-cat","embeddable":true,"href":"https:\/\/tangooled.com\/de\/wp-json\/wp\/v2\/product-cat?post=42395"}],"curies":[{"name":"wp","href":"https:\/\/api.w.org\/{rel}","templated":true}]}}